{"id":29273,"date":"2024-05-27T12:03:48","date_gmt":"2024-05-27T10:03:48","guid":{"rendered":"https:\/\/huskybearpoppers.eu\/product\/sin-city-3x-mix-paket-popersov\/"},"modified":"2024-05-27T12:03:48","modified_gmt":"2024-05-27T10:03:48","slug":"sin-city-3x-mix-paket-popersov","status":"publish","type":"product","link":"https:\/\/huskybearpoppers.eu\/sl\/izdelek\/sin-city-3x-mix-paket-popersov\/","title":{"rendered":"Sin City 3x-Mix Paket Popersov"},"content":{"rendered":"","protected":false},"excerpt":{"rendered":"<p><strong>Vro\u010di Sin City 3x-Mix Paket Popersov<\/strong> ti prina\u0161a tri premium izdelke po bolj\u0161i ceni!<\/p>\n<p>Ta paket vklju\u010duje:<\/p>\n<ul>\n<li><strong>1x <a href=\"https:\/\/huskybearpoppers.eu\/product\/poppers-highrise-extreme-formula-30ml\/\">Poppers Highrise Extreme Formula 30ml<\/a> &#8211; Pentyl Nitrite,<\/strong><\/li>\n<li><strong>1x <a href=\"https:\/\/huskybearpoppers.eu\/product\/poppers-highrise-tall-30ml\/\">Poppers Highrise Tall 30ml<\/a> &#8211; Pentyl Nitrite,<\/strong><\/li>\n<li><strong>1x <a href=\"https:\/\/huskybearpoppers.eu\/product\/poppers-highrise-city-hexyl-30ml\/\">Poppers Highrise City Hexyl 30ml<\/a> &#8211; Hexyl Nitrite.<\/strong><\/li>\n<\/ul>\n<p>Izkoristite prilo\u017enost za prihranek in u\u017eivajte v mo\u010dnih u\u010dinkih teh priljubljenih popperjev.<\/p>\n<p><span style=\"color: #ff0000;\">Me\u0161ani paket \u0161teje kot en izdelek pri koli\u010dinskem popustu!<\/span><\/p>\n","protected":false},"featured_media":22424,"comment_status":"open","ping_status":"closed","template":"","meta":[],"product_brand":[],"product_cat":[9866,10232,806,805,10138],"product_tag":[11094,11215,2932,2989,11212,11214,11209,11213,11210,11216,11211],"class_list":{"0":"post-29273","1":"product","2":"type-product","3":"status-publish","4":"has-post-thumbnail","6":"product_cat-3x-poppers-mix-paketi","7":"product_cat-ec-951-169-0","8":"product_cat-mesani-poppers-paketi","9":"product_cat-poppers-paketi","10":"product_cat-v300-a06s-k00v-g02p","11":"product_tag-3x-mesani-paket","12":"product_tag-dostava-po-evropi","13":"product_tag-husky-bear-poppers-sl","14":"product_tag-mocan-poppers","15":"product_tag-mocna-formula","16":"product_tag-mocne-sobne-arome","17":"product_tag-novi-poppers","18":"product_tag-paket-poppers-z-popustom","19":"product_tag-sin-city-poppers","20":"product_tag-spain-poppers","21":"product_tag-visoko-mocne-arome","23":"first","24":"instock","25":"sale","26":"taxable","27":"shipping-taxable","28":"purchasable","29":"product-type-simple"},"_links":{"self":[{"href":"https:\/\/huskybearpoppers.eu\/sl\/wp-json\/wp\/v2\/product\/29273","targetHints":{"allow":["GET"]}}],"collection":[{"href":"https:\/\/huskybearpoppers.eu\/sl\/wp-json\/wp\/v2\/product"}],"about":[{"href":"https:\/\/huskybearpoppers.eu\/sl\/wp-json\/wp\/v2\/types\/product"}],"replies":[{"embeddable":true,"href":"https:\/\/huskybearpoppers.eu\/sl\/wp-json\/wp\/v2\/comments?post=29273"}],"version-history":[{"count":0,"href":"https:\/\/huskybearpoppers.eu\/sl\/wp-json\/wp\/v2\/product\/29273\/revisions"}],"wp:featuredmedia":[{"embeddable":true,"href":"https:\/\/huskybearpoppers.eu\/sl\/wp-json\/wp\/v2\/media\/22424"}],"wp:attachment":[{"href":"https:\/\/huskybearpoppers.eu\/sl\/wp-json\/wp\/v2\/media?parent=29273"}],"wp:term":[{"taxonomy":"product_brand","embeddable":true,"href":"https:\/\/huskybearpoppers.eu\/sl\/wp-json\/wp\/v2\/product_brand?post=29273"},{"taxonomy":"product_cat","embeddable":true,"href":"https:\/\/huskybearpoppers.eu\/sl\/wp-json\/wp\/v2\/product_cat?post=29273"},{"taxonomy":"product_tag","embeddable":true,"href":"https:\/\/huskybearpoppers.eu\/sl\/wp-json\/wp\/v2\/product_tag?post=29273"}],"curies":[{"name":"wp","href":"https:\/\/api.w.org\/{rel}","templated":true}]}}