{"id":29258,"date":"2024-05-27T12:03:48","date_gmt":"2024-05-27T10:03:48","guid":{"rendered":"https:\/\/huskybearpoppers.eu\/product\/steamy-orgy-nights-3x-mix-paket-poppers\/"},"modified":"2024-05-27T12:03:48","modified_gmt":"2024-05-27T10:03:48","slug":"steamy-orgy-nights-3x-mix-paket-poppers","status":"publish","type":"product","link":"https:\/\/huskybearpoppers.eu\/sl\/izdelek\/steamy-orgy-nights-3x-mix-paket-poppers\/","title":{"rendered":"Steamy Orgy Nights 3x-Mix Paket Poppers"},"content":{"rendered":"","protected":false},"excerpt":{"rendered":"<p><strong>Steamy Orgy Nights 3x-Mix Paket Poppers<\/strong> ti ponuja tri premium izdelke po bolj\u0161i ceni!<\/p>\n<p>Ta paket vklju\u010duje:<\/p>\n<ul>\n<li><strong>1x <a href=\"https:\/\/huskybearpoppers.eu\/sl\/izdelek\/amyl-poppers-10ml\/\">Amyl Poppers 10ml<\/a> &#8211; Amyl Nitrite,<\/strong><\/li>\n<li><strong>1x <a href=\"https:\/\/huskybearpoppers.eu\/sl\/izdelek\/super-rush-black-label-poppers-24ml-ali-25ml\/\">Super Rush Black Label Poppers 24ml<\/a> &#8211; Amyl Nitrite,<\/strong><\/li>\n<li><strong>1x <a href=\"https:\/\/huskybearpoppers.eu\/product\/bb-amyl-poppers-10ml\/\">BB Amyl Poppers 10ml<\/a> &#8211; Amyl Nitrite.<\/strong><\/li>\n<\/ul>\n<p>Izkoristite prilo\u017enost za prihranek in u\u017eivajte v mo\u010dnih u\u010dinkih teh priljubljenih popperjev.<\/p>\n<p><span style=\"color: #ff0000;\">Me\u0161ani paket \u0161teje kot en izdelek pri koli\u010dinskem popustu!<\/span><\/p>\n","protected":false},"featured_media":22425,"comment_status":"open","ping_status":"closed","template":"","meta":[],"product_brand":[],"product_cat":[9866,9817,806,805],"product_tag":[11094,11158,11157,11156,11160,11154,11155,11153,11159],"class_list":{"0":"post-29258","1":"product","2":"type-product","3":"status-publish","4":"has-post-thumbnail","6":"product_cat-3x-poppers-mix-paketi","7":"product_cat-mg7t-f0q9-800v-n20t","8":"product_cat-mesani-poppers-paketi","9":"product_cat-poppers-paketi","10":"product_tag-3x-mesani-paket","11":"product_tag-husky-bear-favoriti","12":"product_tag-intenzivne-sobne-arome","13":"product_tag-poppers-na-debelo-evropa","14":"product_tag-poppers-za-orgije","15":"product_tag-poppers-za-zabavno-intenzivnost","16":"product_tag-steamy-orgy-3x","17":"product_tag-steamy-orgy-nights","18":"product_tag-trojni-paket-moci","20":"first","21":"instock","22":"sale","23":"taxable","24":"shipping-taxable","25":"purchasable","26":"product-type-simple"},"_links":{"self":[{"href":"https:\/\/huskybearpoppers.eu\/sl\/wp-json\/wp\/v2\/product\/29258","targetHints":{"allow":["GET"]}}],"collection":[{"href":"https:\/\/huskybearpoppers.eu\/sl\/wp-json\/wp\/v2\/product"}],"about":[{"href":"https:\/\/huskybearpoppers.eu\/sl\/wp-json\/wp\/v2\/types\/product"}],"replies":[{"embeddable":true,"href":"https:\/\/huskybearpoppers.eu\/sl\/wp-json\/wp\/v2\/comments?post=29258"}],"version-history":[{"count":0,"href":"https:\/\/huskybearpoppers.eu\/sl\/wp-json\/wp\/v2\/product\/29258\/revisions"}],"wp:featuredmedia":[{"embeddable":true,"href":"https:\/\/huskybearpoppers.eu\/sl\/wp-json\/wp\/v2\/media\/22425"}],"wp:attachment":[{"href":"https:\/\/huskybearpoppers.eu\/sl\/wp-json\/wp\/v2\/media?parent=29258"}],"wp:term":[{"taxonomy":"product_brand","embeddable":true,"href":"https:\/\/huskybearpoppers.eu\/sl\/wp-json\/wp\/v2\/product_brand?post=29258"},{"taxonomy":"product_cat","embeddable":true,"href":"https:\/\/huskybearpoppers.eu\/sl\/wp-json\/wp\/v2\/product_cat?post=29258"},{"taxonomy":"product_tag","embeddable":true,"href":"https:\/\/huskybearpoppers.eu\/sl\/wp-json\/wp\/v2\/product_tag?post=29258"}],"curies":[{"name":"wp","href":"https:\/\/api.w.org\/{rel}","templated":true}]}}