{"id":29238,"date":"2024-05-27T12:03:49","date_gmt":"2024-05-27T10:03:49","guid":{"rendered":"https:\/\/huskybearpoppers.eu\/product\/strong-zero-3x-mix-paket-poppers\/"},"modified":"2024-05-27T12:03:49","modified_gmt":"2024-05-27T10:03:49","slug":"strong-zero-3x-mix-paket-poppers","status":"publish","type":"product","link":"https:\/\/huskybearpoppers.eu\/sl\/izdelek\/strong-zero-3x-mix-paket-poppers\/","title":{"rendered":"Strong Zero 3x-Mix Paket Poppers"},"content":{"rendered":"","protected":false},"excerpt":{"rendered":"<p><strong>Strong Zero 3x-Mix Paket Poppers<\/strong> vam ponuja tri premium izdelke po bolj\u0161i ceni!<br \/>\nTa paket vklju\u010duje:<\/p>\n<ul>\n<li><strong>1x <a href=\"https:\/\/huskybearpoppers.eu\/sl\/izdelek\/poppers-rush-zero-25ml\/\">Poppers Rush Zero 25ml<\/a> &#8211; Amyl Propyl Mix Nitrite,<\/strong><\/li>\n<li><strong>1x <a href=\"https:\/\/huskybearpoppers.eu\/product\/poppers-rush-zero-10ml\/\">Poppers Rush Zero 10ml<\/a> &#8211; Amyl Propyl Nitrite Mix,<\/strong><\/li>\n<li><strong>1x <a href=\"https:\/\/huskybearpoppers.eu\/product\/juice-zero-poppers-25ml\/\">Juice Zero Poppers 25ml<\/a> &#8211; Amyl Propyl Nitrite Mix.<\/strong><\/li>\n<\/ul>\n<p>Izkoristite prilo\u017enost za prihranek in u\u017eivajte v mo\u010dnih u\u010dinkih teh priljubljenih popperjev.<br \/>\n<\/p>\n<p style=\"\" color:=\"\"> Me\u0161ani paket \u0161teje kot en izdelek pri koli\u010dinskem popustu!<\/p>\n","protected":false},"featured_media":22426,"comment_status":"open","ping_status":"closed","template":"","meta":[],"product_brand":[],"product_cat":[9866,9974,806,805],"product_tag":[],"class_list":{"0":"post-29238","1":"product","2":"type-product","3":"status-publish","4":"has-post-thumbnail","6":"product_cat-3x-poppers-mix-paketi","7":"product_cat-h95d-qjdc-510e-g4w2","8":"product_cat-mesani-poppers-paketi","9":"product_cat-poppers-paketi","11":"first","12":"instock","13":"sale","14":"taxable","15":"shipping-taxable","16":"purchasable","17":"product-type-simple"},"_links":{"self":[{"href":"https:\/\/huskybearpoppers.eu\/sl\/wp-json\/wp\/v2\/product\/29238","targetHints":{"allow":["GET"]}}],"collection":[{"href":"https:\/\/huskybearpoppers.eu\/sl\/wp-json\/wp\/v2\/product"}],"about":[{"href":"https:\/\/huskybearpoppers.eu\/sl\/wp-json\/wp\/v2\/types\/product"}],"replies":[{"embeddable":true,"href":"https:\/\/huskybearpoppers.eu\/sl\/wp-json\/wp\/v2\/comments?post=29238"}],"version-history":[{"count":0,"href":"https:\/\/huskybearpoppers.eu\/sl\/wp-json\/wp\/v2\/product\/29238\/revisions"}],"wp:featuredmedia":[{"embeddable":true,"href":"https:\/\/huskybearpoppers.eu\/sl\/wp-json\/wp\/v2\/media\/22426"}],"wp:attachment":[{"href":"https:\/\/huskybearpoppers.eu\/sl\/wp-json\/wp\/v2\/media?parent=29238"}],"wp:term":[{"taxonomy":"product_brand","embeddable":true,"href":"https:\/\/huskybearpoppers.eu\/sl\/wp-json\/wp\/v2\/product_brand?post=29238"},{"taxonomy":"product_cat","embeddable":true,"href":"https:\/\/huskybearpoppers.eu\/sl\/wp-json\/wp\/v2\/product_cat?post=29238"},{"taxonomy":"product_tag","embeddable":true,"href":"https:\/\/huskybearpoppers.eu\/sl\/wp-json\/wp\/v2\/product_tag?post=29238"}],"curies":[{"name":"wp","href":"https:\/\/api.w.org\/{rel}","templated":true}]}}