{"id":29224,"date":"2024-05-27T12:03:50","date_gmt":"2024-05-27T10:03:50","guid":{"rendered":"https:\/\/huskybearpoppers.eu\/product\/total-devotion-3x-mix-paket-poppers\/"},"modified":"2024-05-27T12:03:50","modified_gmt":"2024-05-27T10:03:50","slug":"total-devotion-3x-mix-paket-poppers","status":"publish","type":"product","link":"https:\/\/huskybearpoppers.eu\/sl\/izdelek\/total-devotion-3x-mix-paket-poppers\/","title":{"rendered":"Total Devotion 3x-Mix Paket Poppers"},"content":{"rendered":"","protected":false},"excerpt":{"rendered":"<p><strong>Total Devotion 3x-Mix Paket Poppers<\/strong> ti ponuja tri premium izdelke po bolj\u0161i ceni!<\/p>\n<p>Ta paket vklju\u010duje:<\/p>\n<ul>\n<li><strong>1x <a href=\"https:\/\/huskybearpoppers.eu\/product\/ecstasy-poppers-pop-13-ml\/\">Ecstasy Poppers Pop 13 ml<\/a> &#8211; Amyl Nitrite,<\/strong><\/li>\n<li><strong>1x <a href=\"https:\/\/huskybearpoppers.eu\/sl\/izdelek\/top-twink-poppers-25-ml\/\">Top Twink Poppers 25 ml<\/a> &#8211; Amyl Nitrite,<\/strong><\/li>\n<li><strong>1x <a href=\"https:\/\/huskybearpoppers.eu\/sl\/izdelek\/poppers-play-hard-10-ml\/\">Poppers Play Hard 10 ml<\/a> &#8211; Amyl Nitrite.<\/strong><\/li>\n<\/ul>\n<p>Izkoristite prilo\u017enost za prihranek in u\u017eivajte v mo\u010dnih u\u010dinkih teh priljubljenih popperjev.<\/p>\n<p><span style=\"color: #ff0000;\">Me\u0161ani paket \u0161teje kot en izdelek pri koli\u010dinskem popustu!<\/span><\/p>\n","protected":false},"featured_media":22429,"comment_status":"open","ping_status":"closed","template":"","meta":[],"product_brand":[],"product_cat":[9866,806,805,9908],"product_tag":[11094,11097,11100,11101,11096,11098,11095,11102,11099,11093],"class_list":{"0":"post-29224","1":"product","2":"type-product","3":"status-publish","4":"has-post-thumbnail","6":"product_cat-3x-poppers-mix-paketi","7":"product_cat-mesani-poppers-paketi","8":"product_cat-poppers-paketi","9":"product_cat-qjyt-29pr-9003-8akx","10":"product_tag-3x-mesani-paket","11":"product_tag-evropska-trgovina-s-poppers","12":"product_tag-husky-bear-ekskluzive","13":"product_tag-mocni-poppers","14":"product_tag-najmocnejsi-paket-poppers","15":"product_tag-paket-poppers-s-popustom-2","16":"product_tag-premium-nitriti","17":"product_tag-raznovrstni-paket-sobnih-arom","18":"product_tag-total-devotion-3x","19":"product_tag-total-devotion-poppers","21":"first","22":"instock","23":"sale","24":"taxable","25":"shipping-taxable","26":"purchasable","27":"product-type-simple"},"_links":{"self":[{"href":"https:\/\/huskybearpoppers.eu\/sl\/wp-json\/wp\/v2\/product\/29224","targetHints":{"allow":["GET"]}}],"collection":[{"href":"https:\/\/huskybearpoppers.eu\/sl\/wp-json\/wp\/v2\/product"}],"about":[{"href":"https:\/\/huskybearpoppers.eu\/sl\/wp-json\/wp\/v2\/types\/product"}],"replies":[{"embeddable":true,"href":"https:\/\/huskybearpoppers.eu\/sl\/wp-json\/wp\/v2\/comments?post=29224"}],"version-history":[{"count":0,"href":"https:\/\/huskybearpoppers.eu\/sl\/wp-json\/wp\/v2\/product\/29224\/revisions"}],"wp:featuredmedia":[{"embeddable":true,"href":"https:\/\/huskybearpoppers.eu\/sl\/wp-json\/wp\/v2\/media\/22429"}],"wp:attachment":[{"href":"https:\/\/huskybearpoppers.eu\/sl\/wp-json\/wp\/v2\/media?parent=29224"}],"wp:term":[{"taxonomy":"product_brand","embeddable":true,"href":"https:\/\/huskybearpoppers.eu\/sl\/wp-json\/wp\/v2\/product_brand?post=29224"},{"taxonomy":"product_cat","embeddable":true,"href":"https:\/\/huskybearpoppers.eu\/sl\/wp-json\/wp\/v2\/product_cat?post=29224"},{"taxonomy":"product_tag","embeddable":true,"href":"https:\/\/huskybearpoppers.eu\/sl\/wp-json\/wp\/v2\/product_tag?post=29224"}],"curies":[{"name":"wp","href":"https:\/\/api.w.org\/{rel}","templated":true}]}}