{"id":29210,"date":"2024-05-27T12:03:51","date_gmt":"2024-05-27T10:03:51","guid":{"rendered":"https:\/\/huskybearpoppers.eu\/product\/surge-storm-3x-mix-paket-poppers\/"},"modified":"2024-05-27T12:03:51","modified_gmt":"2024-05-27T10:03:51","slug":"surge-storm-3x-mix-paket-poppers","status":"publish","type":"product","link":"https:\/\/huskybearpoppers.eu\/sl\/izdelek\/surge-storm-3x-mix-paket-poppers\/","title":{"rendered":"Surge Storm 3x-Mix Paket Poppers"},"content":{"rendered":"","protected":false},"excerpt":{"rendered":"<p><strong>Surge Storm 3x-Mix Paket Poppers<\/strong> ti ponuja tri vrhunske izdelke po bolj\u0161i ceni!<\/p>\n<p>Ta paket vklju\u010duje:<\/p>\n<ul>\n<li><strong>1x <a href=\"https:\/\/huskybearpoppers.eu\/product\/poppers-amyl-double-black-ultra-strong-24ml\/\">Poppers Amyl Double Black Ultra Strong 24ml<\/a> &#8211; Amyl Nitrite,<\/strong><\/li>\n<li><strong>1x <a href=\"https:\/\/huskybearpoppers.eu\/product\/amyl-poppers-30ml\/\">Amyl Poppers 30ml<\/a> &#8211; Amyl Nitrite,<\/strong><\/li>\n<li><strong>1x <a href=\"https:\/\/huskybearpoppers.eu\/product\/bb-amyl-poppers-24ml\/\">BB Amyl Poppers 24ml<\/a> &#8211; Amyl Nitrite.<\/strong><\/li>\n<\/ul>\n<p>Izkoristite prilo\u017enost za prihranek in u\u017eivajte v mo\u010dnih u\u010dinkih teh priljubljenih popperjev.<\/p>\n<p><span style=\"color: #ff0000;\">Me\u0161ani paket \u0161teje kot en izdelek pri koli\u010dinskem popustu!<\/span><\/p>\n","protected":false},"featured_media":22427,"comment_status":"open","ping_status":"closed","template":"","meta":[],"product_brand":[],"product_cat":[9866,9817,806,805],"product_tag":[2932,11029,11030,11031,11028,11027,11032,11034,11033],"class_list":{"0":"post-29210","1":"product","2":"type-product","3":"status-publish","4":"has-post-thumbnail","6":"product_cat-3x-poppers-mix-paketi","7":"product_cat-mg7t-f0q9-800v-n20t","8":"product_cat-mesani-poppers-paketi","9":"product_cat-poppers-paketi","10":"product_tag-husky-bear-poppers-sl","11":"product_tag-mesani-paket-poppersov","12":"product_tag-mocni-poppers-evropa","13":"product_tag-paket-poppers-s-popustom","14":"product_tag-storm-poppers","15":"product_tag-surge-poppers","16":"product_tag-surge-storm-3x","17":"product_tag-visoko-ucinkoviti-poppers","18":"product_tag-vrhunske-sobne-arome","20":"first","21":"instock","22":"sale","23":"taxable","24":"shipping-taxable","25":"purchasable","26":"product-type-simple"},"_links":{"self":[{"href":"https:\/\/huskybearpoppers.eu\/sl\/wp-json\/wp\/v2\/product\/29210","targetHints":{"allow":["GET"]}}],"collection":[{"href":"https:\/\/huskybearpoppers.eu\/sl\/wp-json\/wp\/v2\/product"}],"about":[{"href":"https:\/\/huskybearpoppers.eu\/sl\/wp-json\/wp\/v2\/types\/product"}],"replies":[{"embeddable":true,"href":"https:\/\/huskybearpoppers.eu\/sl\/wp-json\/wp\/v2\/comments?post=29210"}],"version-history":[{"count":0,"href":"https:\/\/huskybearpoppers.eu\/sl\/wp-json\/wp\/v2\/product\/29210\/revisions"}],"wp:featuredmedia":[{"embeddable":true,"href":"https:\/\/huskybearpoppers.eu\/sl\/wp-json\/wp\/v2\/media\/22427"}],"wp:attachment":[{"href":"https:\/\/huskybearpoppers.eu\/sl\/wp-json\/wp\/v2\/media?parent=29210"}],"wp:term":[{"taxonomy":"product_brand","embeddable":true,"href":"https:\/\/huskybearpoppers.eu\/sl\/wp-json\/wp\/v2\/product_brand?post=29210"},{"taxonomy":"product_cat","embeddable":true,"href":"https:\/\/huskybearpoppers.eu\/sl\/wp-json\/wp\/v2\/product_cat?post=29210"},{"taxonomy":"product_tag","embeddable":true,"href":"https:\/\/huskybearpoppers.eu\/sl\/wp-json\/wp\/v2\/product_tag?post=29210"}],"curies":[{"name":"wp","href":"https:\/\/api.w.org\/{rel}","templated":true}]}}