{"id":29163,"date":"2024-05-27T12:03:54","date_gmt":"2024-05-27T10:03:54","guid":{"rendered":"https:\/\/huskybearpoppers.eu\/product\/wild-playtime-3x-mix-paket-poppers\/"},"modified":"2024-05-27T12:03:54","modified_gmt":"2024-05-27T10:03:54","slug":"wild-playtime-3x-mix-paket-poppers","status":"publish","type":"product","link":"https:\/\/huskybearpoppers.eu\/sl\/izdelek\/wild-playtime-3x-mix-paket-poppers\/","title":{"rendered":"Wild Playtime 3x-Mix Paket Poppers"},"content":{"rendered":"","protected":false},"excerpt":{"rendered":"<p><strong>Wild Playtime 3x-Mix Paket Poppers<\/strong> ti ponuja tri premium izdelke po bolj\u0161i ceni!<\/p>\n<p>Ta paket vklju\u010duje:<\/p>\n<ul>\n<li><strong>1x <a href=\"https:\/\/huskybearpoppers.eu\/product\/fing-prince-gold-label-poppers-30ml\/\">F**ing Prince Gold Label Poppers 30ml<\/a> &#8211; Pentyl Nitrite,<\/strong><\/li>\n<li><strong>1x <a href=\"https:\/\/huskybearpoppers.eu\/product\/poppers-jacked-30ml\/\">Poppers Jacked 30ml<\/a> &#8211; Hexyl Nitrite,<\/strong><\/li>\n<li><strong>1x <a href=\"https:\/\/huskybearpoppers.eu\/sl\/izdelek\/fing-prince-poppers-30ml\/\">F**ing Prince Poppers 30ml<\/a> &#8211; Amyl Nitrite.<\/strong><\/li>\n<\/ul>\n<p>Izkoristite prilo\u017enost za prihranek in u\u017eivajte v mo\u010dnih u\u010dinkih teh priljubljenih popperjev.<\/p>\n<p><span style=\"color: #ff0000;\">Me\u0161ani paket \u0161teje kot en izdelek pri koli\u010dinskem popustu!<\/span><\/p>\n","protected":false},"featured_media":22433,"comment_status":"open","ping_status":"closed","template":"","meta":[],"product_brand":[],"product_cat":[9866,806,805,9908,10124,10138],"product_tag":[],"class_list":{"0":"post-29163","1":"product","2":"type-product","3":"status-publish","4":"has-post-thumbnail","6":"product_cat-3x-poppers-mix-paketi","7":"product_cat-mesani-poppers-paketi","8":"product_cat-poppers-paketi","9":"product_cat-qjyt-29pr-9003-8akx","10":"product_cat-qndc-qapf-5107-awq7","11":"product_cat-v300-a06s-k00v-g02p","13":"first","14":"instock","15":"sale","16":"taxable","17":"shipping-taxable","18":"purchasable","19":"product-type-simple"},"_links":{"self":[{"href":"https:\/\/huskybearpoppers.eu\/sl\/wp-json\/wp\/v2\/product\/29163","targetHints":{"allow":["GET"]}}],"collection":[{"href":"https:\/\/huskybearpoppers.eu\/sl\/wp-json\/wp\/v2\/product"}],"about":[{"href":"https:\/\/huskybearpoppers.eu\/sl\/wp-json\/wp\/v2\/types\/product"}],"replies":[{"embeddable":true,"href":"https:\/\/huskybearpoppers.eu\/sl\/wp-json\/wp\/v2\/comments?post=29163"}],"version-history":[{"count":0,"href":"https:\/\/huskybearpoppers.eu\/sl\/wp-json\/wp\/v2\/product\/29163\/revisions"}],"wp:featuredmedia":[{"embeddable":true,"href":"https:\/\/huskybearpoppers.eu\/sl\/wp-json\/wp\/v2\/media\/22433"}],"wp:attachment":[{"href":"https:\/\/huskybearpoppers.eu\/sl\/wp-json\/wp\/v2\/media?parent=29163"}],"wp:term":[{"taxonomy":"product_brand","embeddable":true,"href":"https:\/\/huskybearpoppers.eu\/sl\/wp-json\/wp\/v2\/product_brand?post=29163"},{"taxonomy":"product_cat","embeddable":true,"href":"https:\/\/huskybearpoppers.eu\/sl\/wp-json\/wp\/v2\/product_cat?post=29163"},{"taxonomy":"product_tag","embeddable":true,"href":"https:\/\/huskybearpoppers.eu\/sl\/wp-json\/wp\/v2\/product_tag?post=29163"}],"curies":[{"name":"wp","href":"https:\/\/api.w.org\/{rel}","templated":true}]}}