{"id":28745,"date":"2025-05-08T18:38:59","date_gmt":"2025-05-08T16:38:59","guid":{"rendered":"https:\/\/huskybearpoppers.eu\/product\/el-toro-poppers-mix-paket\/"},"modified":"2026-05-01T12:37:04","modified_gmt":"2026-05-01T10:37:04","slug":"el-toro-poppers-mix-paket","status":"publish","type":"product","link":"https:\/\/huskybearpoppers.eu\/sl\/izdelek\/el-toro-poppers-mix-paket\/","title":{"rendered":"El Toro Poppers Mix Paket"},"content":{"rendered":"<p><a href=\"https:\/\/huskybearpoppers.eu\/wp-content\/uploads\/2025\/05\/EL-Toro-Pack-850x250-1-300x88.jpg\"><img loading=\"lazy\" decoding=\"async\" class=\"alignnone wp-image-13479\" src=\"https:\/\/huskybearpoppers.eu\/wp-content\/uploads\/2025\/05\/EL-Toro-Pack-850x250-1-300x88.jpg\" alt=\"\" width=\"1387\" height=\"407\" srcset=\"https:\/\/huskybearpoppers.eu\/wp-content\/uploads\/2025\/05\/EL-Toro-Pack-850x250-1-300x88.jpg 300w, https:\/\/huskybearpoppers.eu\/wp-content\/uploads\/2025\/05\/EL-Toro-Pack-850x250-1-800x235.jpg 800w, https:\/\/huskybearpoppers.eu\/wp-content\/uploads\/2025\/05\/EL-Toro-Pack-850x250-1-768x226.jpg 768w, https:\/\/huskybearpoppers.eu\/wp-content\/uploads\/2025\/05\/EL-Toro-Pack-850x250-1.jpg 850w\" sizes=\"auto, (max-width: 1387px) 100vw, 1387px\" \/><\/a><\/p>\n","protected":false},"excerpt":{"rendered":"<p><strong>Zmogljiv trio vrhunskih \u010distilnih sredstev za usnje za intenzivnost, vzdr\u017eljivost in \u010distost \u2013 samo za tebe.<\/strong><\/p>\n<p>Ta paket treh \u010distilcev El Toro smo ustvarili samo za tebe, ker mislimo, da si ga zaslu\u017ei\u0161. El Toro Poppers Mix Paket je idealna izbira za izku\u0161ene uporabnike, ki hrepenijo po raznolikosti in mo\u010dnih, dolgotrajnih u\u010dinkih. Izdelan v Franciji pod zaupanja vredno blagovno znamko Funline, vsaka stekleni\u010dka ponuja visokokakovostno delovanje, zanesljivo mo\u010d in zna\u010dilen karakter.  <\/p>\n<p>Ne glede na to, ali i\u0161\u010de\u0161 izjemno mo\u010dno \u010distilno izku\u0161njo ali drzno in globoko novo formulo, ima ta El Toro Poppers Mix Paket vse.<\/p>\n<p><strong>Vsebuje:<\/strong><\/p>\n<ul>\n<li><a href=\"https:\/\/huskybearpoppers.eu\/sl\/izdelek\/el-toro-premium-poppers-25ml\/\">1x El Toro Premium Poppers 25ml<\/a> \u2013<strong> Pentil nitrit<\/strong>. Ta klasi\u010dna vrhunska formula zagotavlja gladko in intenzivno \u010di\u0161\u010denje, kar jo naredi idealno za redne uporabnike, ki cenijo dosledno mo\u010d. <\/li>\n<li><a href=\"https:\/\/huskybearpoppers.eu\/product\/el-toro-strong-poppers-25ml\/\">1x El Toro Strong Poppers 25ml<\/a> \u2013 <strong>me\u0161anica amil in propil nitrita<\/strong>. Robustna formula, ustvarjena za tiste, ki \u017eelijo mo\u010dnej\u0161i in dolgotrajnej\u0161i u\u010dinek. <\/li>\n<li><a href=\"https:\/\/huskybearpoppers.eu\/product\/el-toro-black-label-poppers-25ml\/\">1x El Toro Black Label Poppers 25ml <\/a>\u2013 <strong>Pentil nitrit<\/strong>. Najnovej\u0161i dodatek v ponudbi El Toro, Black Label ponuja drzno \u010di\u0161\u010denje z bolj pre\u010di\u0161\u010deno formulo. Zasnovan je za napredne uporabnike, ki i\u0161\u010dejo nekaj izjemno mo\u010dnega in brez kompromisov.  <\/li>\n<\/ul>\n<p>Vsi trije \u010distilci v tem paketu so<strong> izdelani v Franciji<\/strong> pod ugledno <strong>blagovno znamko Funline<\/strong>, kar zagotavlja vrhunske proizvodne standarde in kemi\u010dno \u010distost. <strong>Vsaka stekleni\u010dka vsebuje 25 ml potentne formule<\/strong>, idealne za ve\u010d \u010distilnih seans ali skupinsko uporabo.<strong> Intenzivnost v celotnem obsegu je ocenjena s 5\/5<\/strong>, kar odra\u017ea njihove mo\u010dne u\u010dinke in doslednost. \u010ceprav vsaka razli\u010dica ponuja svojo edinstveno formulo, so vse zasnovane tako, da nudijo zadovoljive \u010distilne izku\u0161nje za spolne igra\u010de. Ta paket mix je odli\u010den na\u010din za raziskovanje razli\u010dnih jakosti in u\u010dinkov, hkrati pa ostaja znotraj zaupanja vredne blagovne znamke El Toro.   <\/p>\n","protected":false},"featured_media":13525,"comment_status":"open","ping_status":"closed","template":"","meta":[],"product_brand":[],"product_cat":[9866,806,805,10124,9967],"product_tag":[7746,2988,10894,7951,7987,10891,10887,10889,10890,8008,8009,10886,10892,2989,10893,7989,10888,10491,2098],"class_list":{"0":"post-28745","1":"product","2":"type-product","3":"status-publish","4":"has-post-thumbnail","6":"product_cat-3x-poppers-mix-paketi","7":"product_cat-mesani-poppers-paketi","8":"product_cat-poppers-paketi","9":"product_cat-qndc-qapf-5107-awq7","10":"product_cat-uqka-7jqn-t109-3x2j","11":"product_tag-25ml-poppers-sl","12":"product_tag-amil-nitrit-sl","13":"product_tag-aromaterapevtska-cistila","14":"product_tag-black-label-poppers-sl","15":"product_tag-cistilo-za-usnje","16":"product_tag-el-toro-black-label","17":"product_tag-el-toro-poppers","18":"product_tag-el-toro-premium","19":"product_tag-el-toro-strong","20":"product_tag-francoski-poppers","21":"product_tag-funline-poppers-sl","22":"product_tag-intenzivni-poppers","23":"product_tag-mesani-paket-poppers","24":"product_tag-mocan-poppers","25":"product_tag-osvezilec-prostora","26":"product_tag-pentyl-nitrite-sl","27":"product_tag-poppers-mix-pack","28":"product_tag-ugodni-paket","29":"product_tag-visoke-moci-poppers","31":"first","32":"instock","33":"sale","34":"taxable","35":"shipping-taxable","36":"purchasable","37":"product-type-simple"},"_links":{"self":[{"href":"https:\/\/huskybearpoppers.eu\/sl\/wp-json\/wp\/v2\/product\/28745","targetHints":{"allow":["GET"]}}],"collection":[{"href":"https:\/\/huskybearpoppers.eu\/sl\/wp-json\/wp\/v2\/product"}],"about":[{"href":"https:\/\/huskybearpoppers.eu\/sl\/wp-json\/wp\/v2\/types\/product"}],"replies":[{"embeddable":true,"href":"https:\/\/huskybearpoppers.eu\/sl\/wp-json\/wp\/v2\/comments?post=28745"}],"version-history":[{"count":0,"href":"https:\/\/huskybearpoppers.eu\/sl\/wp-json\/wp\/v2\/product\/28745\/revisions"}],"wp:featuredmedia":[{"embeddable":true,"href":"https:\/\/huskybearpoppers.eu\/sl\/wp-json\/wp\/v2\/media\/13525"}],"wp:attachment":[{"href":"https:\/\/huskybearpoppers.eu\/sl\/wp-json\/wp\/v2\/media?parent=28745"}],"wp:term":[{"taxonomy":"product_brand","embeddable":true,"href":"https:\/\/huskybearpoppers.eu\/sl\/wp-json\/wp\/v2\/product_brand?post=28745"},{"taxonomy":"product_cat","embeddable":true,"href":"https:\/\/huskybearpoppers.eu\/sl\/wp-json\/wp\/v2\/product_cat?post=28745"},{"taxonomy":"product_tag","embeddable":true,"href":"https:\/\/huskybearpoppers.eu\/sl\/wp-json\/wp\/v2\/product_tag?post=28745"}],"curies":[{"name":"wp","href":"https:\/\/api.w.org\/{rel}","templated":true}]}}