{"id":28442,"date":"2026-04-24T12:57:27","date_gmt":"2026-04-24T10:57:27","guid":{"rendered":"https:\/\/huskybearpoppers.eu\/?post_type=product&p=28442"},"modified":"2026-04-24T12:57:27","modified_gmt":"2026-04-24T10:57:27","slug":"the-summit-kit-pamitex-mazivo-100ml-everest-hard-fist-poppers-24ml-144-kondomov","status":"publish","type":"product","link":"https:\/\/huskybearpoppers.eu\/sl\/izdelek\/the-summit-kit-pamitex-mazivo-100ml-everest-hard-fist-poppers-24ml-144-kondomov\/","title":{"rendered":"The Summit Kit \u2013 Pamitex Mazivo 100ml, Everest Hard Fist Poppers 24ml &amp; 144 Kondomov"},"content":{"rendered":"<h2>The Summit Kit \u2013 Pamitex Mazivo, Everest Hard Fist poppers &amp; 144 Kondomov<\/h2>\n<p>Nekatere no\u010di zahtevajo pravo pripravo. The Summit Kit ti jo dostavi: \u010disti amil nitrit poppers za tiste, ki zahtevajo maksimalno intenzivnost, \u010disto pH uravnote\u017eeno mazivo brez nepotrebnih dodatkov in 144 rde\u010dih kondomov, ki priprava postane del do\u017eivetja. <\/p>\n<h3><a href=\"https:\/\/huskybearpoppers.eu\/sl\/izdelek\/everest-hard-fist-poppers-24ml\/\">Everest Hard Fist poppers 24ml <\/a>\u2014 \u010cisti Amil Nitrit, Maksimalna Intenzivnost<\/h3>\n<p>Izdelan s strani Indigo Diffusion v Franciji v 24ml aluminijasti stekleni\u010dki, Everest Hard Fist poppers deluje na \u010disti amil nitrit \u2014 me\u0161ani izomeri z 1-butanolom, 3-metil. Ocenjen 5\/5 ultra-mo\u010dan. Opisan kot ena najintenzivnej\u0161ih formul na voljo in zasnovan to\u010dno za tiste, ki to zahtevajo.  <\/p>\n<h3><a href=\"https:\/\/huskybearpoppers.eu\/sl\/izdelek\/pamitex-lubrikant-na-vodni-osnovi-100-ml\/\">Pamitex Mazivo na Vodni Osnovi 100ml <\/a>\u2014 \u010cisto, Brez Parabenov, Brez Glicerina<\/h3>\n<p>Gel brez vonja, brez okusa, pH uravnote\u017een, brez lepljivih ostankov. Brez parabenov in glicerina, kar ga naredi eno \u010distej\u0161ih mo\u017enosti za ob\u010dutljiva tkiva. Enostavno \u010di\u0161\u010denje, varno z lateks kondomi in vsemi sex igra\u010dami. Zanesljivo mazivo, ki podpira karkoli pride naslednje, ne da bi bilo v napoto.   <\/p>\n<h3><a href=\"https:\/\/huskybearpoppers.eu\/product\/pamitex-super-red-condoms-144-pack\/\">Pamitex Super Red Kondomi 144 Pakiranje<\/a> \u2014 144 Razlogov da si Pripravljen<\/h3>\n<p>Premium lateks, CE certificirani, srednja velikost (200mm \u00d7 53mm). Rde\u010da dodaja namen \u2014 to so kondomi, ki jih spakirate, ko je resno. Gladka tekstura, zanesljivo prileganje in 144 jih pomeni, da zaloga zdr\u017ei ve\u010d kot samo nocoj.  <\/p>\n<ul>\n<li>Everest Hard Fist poppers 24ml \u2014 \u010disti amil nitrit, ultra-mo\u010dan 5\/5, Indigo Diffusion Francija, aluminijasta stekleni\u010dka<\/li>\n<li>Pamitex Mazivo na Vodni Osnovi 100ml \u2014 na vodni osnovi, brez parabenov, brez glicerina, pH uravnote\u017eeno, brez vonja<\/li>\n<li>Pamitex Super Red Kondomi 144 pakiranje \u2014 srednji (200mm \u00d7 53mm), premium lateks, CE certificirani<\/li>\n<li>Brezpla\u010dna dostava po EU pri naro\u010dilih nad \u20ac69<\/li>\n<\/ul>\n<p>Na\u010drtuj temeljito. Izvedi ustrezno. Dodaj The Summit Kit v ko\u0161arico in prispej na vrh. <\/p>\n","protected":false},"excerpt":{"rendered":"<p>Za tiste, ki na\u010drtujejo temeljito in izvedejo ustrezno.<\/p>\n<p><a href=\"https:\/\/huskybearpoppers.eu\/sl\/izdelek\/everest-hard-fist-poppers-24ml\/\">Everest Hard Fist poppers 24ml <\/a>\u2014 \u010disti amil nitrit, ultra-mo\u010dan 5\/5, izdelan s strani Indigo Diffusion Francija.<\/p>\n<p>V paru s <a href=\"https:\/\/huskybearpoppers.eu\/sl\/izdelek\/pamitex-lubrikant-na-vodni-osnovi-100-ml\/\">Pamitex Mazivo na Vodni Osnovi 100ml <\/a>(brez parabenov, brez glicerina, pH uravnote\u017eeno) in <a href=\"https:\/\/huskybearpoppers.eu\/product\/pamitex-super-red-condoms-144-pack\/\">144 Pamitex Super Red Kondomi.<\/a><\/p>\n<p>Vse za vrh.<\/p>\n","protected":false},"featured_media":28412,"comment_status":"open","ping_status":"closed","template":"","meta":[],"product_brand":[],"product_cat":[10166],"product_tag":[783,5029,10650,3201,8043,10652,2989,10611,10651,10573],"class_list":{"0":"post-28442","1":"product","2":"type-product","3":"status-publish","4":"has-post-thumbnail","6":"product_cat-ufi-amil-nitrit","7":"product_tag-amyl-poppers-sl","8":"product_tag-durex-sl","9":"product_tag-everest-poppers","10":"product_tag-fist-poppers-sl","11":"product_tag-hard-fist-poppers-sl","12":"product_tag-mazivo-na-vodni-osnovi","13":"product_tag-mocan-poppers","14":"product_tag-pamitex","15":"product_tag-rdeci-kondomi","16":"product_tag-velik-poppers-2","18":"first","19":"instock","20":"sale","21":"taxable","22":"shipping-taxable","23":"purchasable","24":"product-type-simple"},"_links":{"self":[{"href":"https:\/\/huskybearpoppers.eu\/sl\/wp-json\/wp\/v2\/product\/28442","targetHints":{"allow":["GET"]}}],"collection":[{"href":"https:\/\/huskybearpoppers.eu\/sl\/wp-json\/wp\/v2\/product"}],"about":[{"href":"https:\/\/huskybearpoppers.eu\/sl\/wp-json\/wp\/v2\/types\/product"}],"replies":[{"embeddable":true,"href":"https:\/\/huskybearpoppers.eu\/sl\/wp-json\/wp\/v2\/comments?post=28442"}],"version-history":[{"count":0,"href":"https:\/\/huskybearpoppers.eu\/sl\/wp-json\/wp\/v2\/product\/28442\/revisions"}],"wp:featuredmedia":[{"embeddable":true,"href":"https:\/\/huskybearpoppers.eu\/sl\/wp-json\/wp\/v2\/media\/28412"}],"wp:attachment":[{"href":"https:\/\/huskybearpoppers.eu\/sl\/wp-json\/wp\/v2\/media?parent=28442"}],"wp:term":[{"taxonomy":"product_brand","embeddable":true,"href":"https:\/\/huskybearpoppers.eu\/sl\/wp-json\/wp\/v2\/product_brand?post=28442"},{"taxonomy":"product_cat","embeddable":true,"href":"https:\/\/huskybearpoppers.eu\/sl\/wp-json\/wp\/v2\/product_cat?post=28442"},{"taxonomy":"product_tag","embeddable":true,"href":"https:\/\/huskybearpoppers.eu\/sl\/wp-json\/wp\/v2\/product_tag?post=28442"}],"curies":[{"name":"wp","href":"https:\/\/api.w.org\/{rel}","templated":true}]}}