{"id":27446,"date":"2024-05-27T12:03:53","date_gmt":"2024-05-27T10:03:53","guid":{"rendered":"https:\/\/huskybearpoppers.eu\/product\/ultra-iron-fist-3x-mix-poppers-paket\/"},"modified":"2024-05-27T12:03:53","modified_gmt":"2024-05-27T10:03:53","slug":"ultra-iron-fist-3x-mix-poppers-paket","status":"publish","type":"product","link":"https:\/\/huskybearpoppers.eu\/sl\/izdelek\/ultra-iron-fist-3x-mix-poppers-paket\/","title":{"rendered":"Ultra Iron Fist 3x-Mix Poppers Paket"},"content":{"rendered":"","protected":false},"excerpt":{"rendered":"<p>Ultra Iron Fist 3x-Mix Poppers Paket ti prina\u0161a tri premium izdelke po bolj\u0161i ceni!<\/p>\n<p>Ta paket vklju\u010duje:<\/p>\n<ul>\n<li><strong>1x <a href=\"https:\/\/huskybearpoppers.eu\/sl\/izdelek\/iron-fist-no-limit-butanol-poppers-24ml\/\">Iron Fist No Limit Butanol Poppers 24ml<\/a> &#8211; Pentil Nitrit,<\/strong><\/li>\n<li><strong>1x <a href=\"https:\/\/huskybearpoppers.eu\/product\/iron-fist-black-label-poppers-24ml\/\">Iron Fist Black Label Poppers 24ml<\/a> &#8211; Pentil Nitrit,<\/strong><\/li>\n<li><strong>1x <a href=\"https:\/\/huskybearpoppers.eu\/sl\/izdelek\/iron-fist-starlight-poppers-24ml\/\">Iron Fist Starlight Poppers 24ml<\/a> &#8211; Amil Nitrit.<\/strong><\/li>\n<\/ul>\n<p>Izkoristite prilo\u017enost za prihranek in u\u017eivajte v mo\u010dnih u\u010dinkih teh priljubljenih popperjev.<\/p>\n<p>Me\u0161ani paket \u0161teje kot en izdelek pri koli\u010dinskem popustu!<\/p>\n","protected":false},"featured_media":22431,"comment_status":"open","ping_status":"closed","template":"","meta":[],"product_brand":[],"product_cat":[9866,9810,9817,9838],"product_tag":[3206,2988,10495,3053,10490,10496,10497,10493,10499,10492,10498,7989,10494,10491],"class_list":{"0":"post-27446","1":"product","2":"type-product","3":"status-publish","4":"has-post-thumbnail","6":"product_cat-3x-poppers-mix-paketi","7":"product_cat-aq1e-jftn-v001-xca2","8":"product_cat-mg7t-f0q9-800v-n20t","9":"product_cat-u59n-jvw8-c60h-9n71","10":"product_tag-24ml-poppers-sl","11":"product_tag-amil-nitrit-sl","12":"product_tag-butil-nitrit","13":"product_tag-iron-fist-sl","14":"product_tag-iron-fist-black-label","15":"product_tag-iron-fist-no-limit","16":"product_tag-iron-fist-starlight","17":"product_tag-mix-paket","18":"product_tag-paket-3-kosov","19":"product_tag-paket-poppers","20":"product_tag-paket-s-popustom","21":"product_tag-pentyl-nitrite-sl","22":"product_tag-poppers-bundle","23":"product_tag-ugodni-paket","25":"first","26":"instock","27":"sale","28":"taxable","29":"shipping-taxable","30":"purchasable","31":"product-type-simple"},"_links":{"self":[{"href":"https:\/\/huskybearpoppers.eu\/sl\/wp-json\/wp\/v2\/product\/27446","targetHints":{"allow":["GET"]}}],"collection":[{"href":"https:\/\/huskybearpoppers.eu\/sl\/wp-json\/wp\/v2\/product"}],"about":[{"href":"https:\/\/huskybearpoppers.eu\/sl\/wp-json\/wp\/v2\/types\/product"}],"replies":[{"embeddable":true,"href":"https:\/\/huskybearpoppers.eu\/sl\/wp-json\/wp\/v2\/comments?post=27446"}],"version-history":[{"count":0,"href":"https:\/\/huskybearpoppers.eu\/sl\/wp-json\/wp\/v2\/product\/27446\/revisions"}],"wp:featuredmedia":[{"embeddable":true,"href":"https:\/\/huskybearpoppers.eu\/sl\/wp-json\/wp\/v2\/media\/22431"}],"wp:attachment":[{"href":"https:\/\/huskybearpoppers.eu\/sl\/wp-json\/wp\/v2\/media?parent=27446"}],"wp:term":[{"taxonomy":"product_brand","embeddable":true,"href":"https:\/\/huskybearpoppers.eu\/sl\/wp-json\/wp\/v2\/product_brand?post=27446"},{"taxonomy":"product_cat","embeddable":true,"href":"https:\/\/huskybearpoppers.eu\/sl\/wp-json\/wp\/v2\/product_cat?post=27446"},{"taxonomy":"product_tag","embeddable":true,"href":"https:\/\/huskybearpoppers.eu\/sl\/wp-json\/wp\/v2\/product_tag?post=27446"}],"curies":[{"name":"wp","href":"https:\/\/api.w.org\/{rel}","templated":true}]}}