{"id":26990,"date":"2025-08-08T12:46:32","date_gmt":"2025-08-08T10:46:32","guid":{"rendered":"https:\/\/huskybearpoppers.eu\/product\/play-hard-popprs-25-ml\/"},"modified":"2026-03-31T21:37:16","modified_gmt":"2026-03-31T19:37:16","slug":"play-hard-popprs-25-ml","status":"publish","type":"product","link":"https:\/\/huskybearpoppers.eu\/sl\/izdelek\/play-hard-popprs-25-ml\/","title":{"rendered":"Play Hard Popprs 25 ml"},"content":{"rendered":"","protected":false},"excerpt":{"rendered":"<p>25ml za igralce, ki se nikoli ne vdajo. Ta \u010distilo za usnje za spolne igra\u010de je za tiste, ki gredo do konca. Po \u010di\u0161\u010denju svojih igra\u010d se pripravi na seje, kjer se testirajo meje, premikajo ovire in trda igra postane tvoja stvar.  <\/p>\n","protected":false},"featured_media":16746,"comment_status":"open","ping_status":"closed","template":"","meta":[],"product_brand":[],"product_cat":[766,779,10062,743,10047,10020,9908,749,10064],"product_tag":[9684,783,7987,8008,8009,8063,9686,9685,9687,10285],"class_list":{"0":"post-26990","1":"product","2":"type-product","3":"status-publish","4":"has-post-thumbnail","6":"product_cat-5-5-ultra-mocen-poppers","7":"product_cat-amil-nitrit-poppers","8":"product_cat-edge-and-hypno-poppers","9":"product_cat-funline-poppers","10":"product_cat-globoki-in-mocni-poppersi","11":"product_cat-leather-pride-poppers","12":"product_cat-qjyt-29pr-9003-8akx","13":"product_cat-velik-poppers","14":"product_cat-zabava-in-klub-poppersi","15":"product_tag-25-ml-steklenicka","16":"product_tag-amyl-poppers-sl","17":"product_tag-cistilo-za-usnje","18":"product_tag-francoski-poppers","19":"product_tag-funline-poppers-sl","20":"product_tag-moc-5-od-5","21":"product_tag-podaljsane-seje","22":"product_tag-srednja-steklenicka-poppers","23":"product_tag-vonj-prostora","24":"product_tag-znamka-play-hard","26":"first","27":"instock","28":"taxable","29":"shipping-taxable","30":"purchasable","31":"product-type-simple"},"_links":{"self":[{"href":"https:\/\/huskybearpoppers.eu\/sl\/wp-json\/wp\/v2\/product\/26990","targetHints":{"allow":["GET"]}}],"collection":[{"href":"https:\/\/huskybearpoppers.eu\/sl\/wp-json\/wp\/v2\/product"}],"about":[{"href":"https:\/\/huskybearpoppers.eu\/sl\/wp-json\/wp\/v2\/types\/product"}],"replies":[{"embeddable":true,"href":"https:\/\/huskybearpoppers.eu\/sl\/wp-json\/wp\/v2\/comments?post=26990"}],"version-history":[{"count":1,"href":"https:\/\/huskybearpoppers.eu\/sl\/wp-json\/wp\/v2\/product\/26990\/revisions"}],"predecessor-version":[{"id":26993,"href":"https:\/\/huskybearpoppers.eu\/sl\/wp-json\/wp\/v2\/product\/26990\/revisions\/26993"}],"wp:featuredmedia":[{"embeddable":true,"href":"https:\/\/huskybearpoppers.eu\/sl\/wp-json\/wp\/v2\/media\/16746"}],"wp:attachment":[{"href":"https:\/\/huskybearpoppers.eu\/sl\/wp-json\/wp\/v2\/media?parent=26990"}],"wp:term":[{"taxonomy":"product_brand","embeddable":true,"href":"https:\/\/huskybearpoppers.eu\/sl\/wp-json\/wp\/v2\/product_brand?post=26990"},{"taxonomy":"product_cat","embeddable":true,"href":"https:\/\/huskybearpoppers.eu\/sl\/wp-json\/wp\/v2\/product_cat?post=26990"},{"taxonomy":"product_tag","embeddable":true,"href":"https:\/\/huskybearpoppers.eu\/sl\/wp-json\/wp\/v2\/product_tag?post=26990"}],"curies":[{"name":"wp","href":"https:\/\/api.w.org\/{rel}","templated":true}]}}