{"id":26969,"date":"2025-08-08T12:46:33","date_gmt":"2025-08-08T10:46:33","guid":{"rendered":"https:\/\/huskybearpoppers.eu\/product\/poppers-top-twink-10-ml\/"},"modified":"2025-08-08T12:46:33","modified_gmt":"2025-08-08T10:46:33","slug":"poppers-top-twink-10-ml","status":"publish","type":"product","link":"https:\/\/huskybearpoppers.eu\/sl\/izdelek\/poppers-top-twink-10-ml\/","title":{"rendered":"Poppers Top Twink 10 ml"},"content":{"rendered":"","protected":false},"excerpt":{"rendered":"<p>Twinki na vrhu spremenijo igro z 10ml mo\u010di amilnitrita. To \u010distilo za usnje in spolne igra\u010de pomaga vitkim fantom dominirati. Ultra-mo\u010dna formula pomeni, da ti tvoje o\u010di\u0161\u010dene igra\u010de pomagajo vladat kot \u0161ef &#8211; globoki sunki, popoln nadzor in vzdr\u017eljivost, ki vse preseneti.  <\/p>\n","protected":false},"featured_media":16468,"comment_status":"open","ping_status":"closed","template":"","meta":[],"product_brand":[],"product_cat":[766,779,743,10057,742,10027,9908,10061,10063],"product_tag":[8064,783,7987,8008,8009,8063,8065,8066,9688,9687],"class_list":{"0":"post-26969","1":"product","2":"type-product","3":"status-publish","4":"has-post-thumbnail","6":"product_cat-5-5-ultra-mocen-poppers","7":"product_cat-amil-nitrit-poppers","8":"product_cat-funline-poppers","9":"product_cat-hitri-in-direktni-poppersi","10":"product_cat-mali-poppers","11":"product_cat-pup-play-poppers","12":"product_cat-qjyt-29pr-9003-8akx","13":"product_cat-vecer-za-pare-poppersi","14":"product_cat-za-zacetnike-poppersi","15":"product_tag-10-ml-steklenicka","16":"product_tag-amyl-poppers-sl","17":"product_tag-cistilo-za-usnje","18":"product_tag-francoski-poppers","19":"product_tag-funline-poppers-sl","20":"product_tag-moc-5-od-5","21":"product_tag-poppers-zepne-velikosti","22":"product_tag-primerno-za-potovanja","23":"product_tag-top-twink-znamka","24":"product_tag-vonj-prostora","26":"first","27":"instock","28":"taxable","29":"shipping-taxable","30":"purchasable","31":"product-type-simple"},"_links":{"self":[{"href":"https:\/\/huskybearpoppers.eu\/sl\/wp-json\/wp\/v2\/product\/26969","targetHints":{"allow":["GET"]}}],"collection":[{"href":"https:\/\/huskybearpoppers.eu\/sl\/wp-json\/wp\/v2\/product"}],"about":[{"href":"https:\/\/huskybearpoppers.eu\/sl\/wp-json\/wp\/v2\/types\/product"}],"replies":[{"embeddable":true,"href":"https:\/\/huskybearpoppers.eu\/sl\/wp-json\/wp\/v2\/comments?post=26969"}],"version-history":[{"count":0,"href":"https:\/\/huskybearpoppers.eu\/sl\/wp-json\/wp\/v2\/product\/26969\/revisions"}],"wp:featuredmedia":[{"embeddable":true,"href":"https:\/\/huskybearpoppers.eu\/sl\/wp-json\/wp\/v2\/media\/16468"}],"wp:attachment":[{"href":"https:\/\/huskybearpoppers.eu\/sl\/wp-json\/wp\/v2\/media?parent=26969"}],"wp:term":[{"taxonomy":"product_brand","embeddable":true,"href":"https:\/\/huskybearpoppers.eu\/sl\/wp-json\/wp\/v2\/product_brand?post=26969"},{"taxonomy":"product_cat","embeddable":true,"href":"https:\/\/huskybearpoppers.eu\/sl\/wp-json\/wp\/v2\/product_cat?post=26969"},{"taxonomy":"product_tag","embeddable":true,"href":"https:\/\/huskybearpoppers.eu\/sl\/wp-json\/wp\/v2\/product_tag?post=26969"}],"curies":[{"name":"wp","href":"https:\/\/api.w.org\/{rel}","templated":true}]}}