{"id":26960,"date":"2025-08-08T12:46:34","date_gmt":"2025-08-08T10:46:34","guid":{"rendered":"https:\/\/huskybearpoppers.eu\/product\/poppers-bad-boys-13-ml\/"},"modified":"2026-03-31T20:53:11","modified_gmt":"2026-03-31T18:53:11","slug":"poppers-bad-boys-13-ml","status":"publish","type":"product","link":"https:\/\/huskybearpoppers.eu\/sl\/izdelek\/poppers-bad-boys-13-ml\/","title":{"rendered":"Poppers Bad Boys 13 ml"},"content":{"rendered":"","protected":false},"excerpt":{"rendered":"<p>Bad Boys prihaja v 13ml steklenicah \u010distega odnosa. To \u010distilo za usnje za seksualne igra\u010de ustreza tvoji reputaciji. Ultra-mo\u010den amil nitrit pomeni, da ti tvoja o\u010di\u0161\u010dena oprema pomaga ostati bad &#8211; trda igra, brez opravi\u010dil in u\u017eitek, ki kr\u0161i pravila.  <\/p>\n","protected":false},"featured_media":16687,"comment_status":"open","ping_status":"closed","template":"","meta":[],"product_brand":[],"product_cat":[766,779,10013,10058,10062,743,742,9908,10064],"product_tag":[783,7987,8008,8009,10276,8063,10275,10274,9687,10277],"class_list":{"0":"post-26960","1":"product","2":"type-product","3":"status-publish","4":"has-post-thumbnail","6":"product_cat-5-5-ultra-mocen-poppers","7":"product_cat-amil-nitrit-poppers","8":"product_cat-bear-brotherhood-poppers","9":"product_cat-dolgotrajni-in-stabilni-poppersi","10":"product_cat-edge-and-hypno-poppers","11":"product_cat-funline-poppers","12":"product_cat-mali-poppers","13":"product_cat-qjyt-29pr-9003-8akx","14":"product_cat-zabava-in-klub-poppersi","15":"product_tag-amyl-poppers-sl","16":"product_tag-cistilo-za-usnje","17":"product_tag-francoski-poppers","18":"product_tag-funline-poppers-sl","19":"product_tag-izdelki-za-odrasle","20":"product_tag-moc-5-od-5","21":"product_tag-poppersi-unikatna-velikost","22":"product_tag-steklenicka-13-ml","23":"product_tag-vonj-prostora","24":"product_tag-znamka-bad-boys","26":"first","27":"instock","28":"taxable","29":"shipping-taxable","30":"purchasable","31":"product-type-simple"},"_links":{"self":[{"href":"https:\/\/huskybearpoppers.eu\/sl\/wp-json\/wp\/v2\/product\/26960","targetHints":{"allow":["GET"]}}],"collection":[{"href":"https:\/\/huskybearpoppers.eu\/sl\/wp-json\/wp\/v2\/product"}],"about":[{"href":"https:\/\/huskybearpoppers.eu\/sl\/wp-json\/wp\/v2\/types\/product"}],"replies":[{"embeddable":true,"href":"https:\/\/huskybearpoppers.eu\/sl\/wp-json\/wp\/v2\/comments?post=26960"}],"version-history":[{"count":1,"href":"https:\/\/huskybearpoppers.eu\/sl\/wp-json\/wp\/v2\/product\/26960\/revisions"}],"predecessor-version":[{"id":26961,"href":"https:\/\/huskybearpoppers.eu\/sl\/wp-json\/wp\/v2\/product\/26960\/revisions\/26961"}],"wp:featuredmedia":[{"embeddable":true,"href":"https:\/\/huskybearpoppers.eu\/sl\/wp-json\/wp\/v2\/media\/16687"}],"wp:attachment":[{"href":"https:\/\/huskybearpoppers.eu\/sl\/wp-json\/wp\/v2\/media?parent=26960"}],"wp:term":[{"taxonomy":"product_brand","embeddable":true,"href":"https:\/\/huskybearpoppers.eu\/sl\/wp-json\/wp\/v2\/product_brand?post=26960"},{"taxonomy":"product_cat","embeddable":true,"href":"https:\/\/huskybearpoppers.eu\/sl\/wp-json\/wp\/v2\/product_cat?post=26960"},{"taxonomy":"product_tag","embeddable":true,"href":"https:\/\/huskybearpoppers.eu\/sl\/wp-json\/wp\/v2\/product_tag?post=26960"}],"curies":[{"name":"wp","href":"https:\/\/api.w.org\/{rel}","templated":true}]}}