{"id":26916,"date":"2025-08-08T12:46:39","date_gmt":"2025-08-08T10:46:39","guid":{"rendered":"https:\/\/huskybearpoppers.eu\/product\/blue-boy-poppers-25-ml\/"},"modified":"2025-08-08T12:46:39","modified_gmt":"2025-08-08T10:46:39","slug":"blue-boy-poppers-25-ml","status":"publish","type":"product","link":"https:\/\/huskybearpoppers.eu\/sl\/izdelek\/blue-boy-poppers-25-ml\/","title":{"rendered":"Blue Boy Poppers 25 ml"},"content":{"rendered":"","protected":false},"excerpt":{"rendered":"<p>Canadian Blue Boy ponuja 25 ml izjemno mo\u010dnega pentilnitrita. \u010cistilo za usnje za spolne pripomo\u010dke znamke Lockerroom prina\u0161a tisto zna\u010dilno severnoameri\u0161ko drznost. Po \u010di\u0161\u010denju in su\u0161enju vam bodo va\u0161i pripomo\u010dki pomagali, da se popolnoma sprostite \u2013 globlje, mo\u010dneje in dlje, kot pri obi\u010dajnem ve\u010dernem u\u017eivanju med tednom.  <\/p>\n","protected":false},"featured_media":16671,"comment_status":"open","ping_status":"closed","template":"","meta":[],"product_brand":[],"product_cat":[771,10013,10058,10232,803,765,10061,749,10063,10064],"product_tag":[9684,10250,10249,10251,10247,3204,9686,10248,9685,10252],"class_list":{"0":"post-26916","1":"product","2":"type-product","3":"status-publish","4":"has-post-thumbnail","6":"product_cat-4-5-zelo-mocen-poppers","7":"product_cat-bear-brotherhood-poppers","8":"product_cat-dolgotrajni-in-stabilni-poppersi","9":"product_cat-ec-951-169-0","10":"product_cat-lockerroom-poppers","11":"product_cat-pentil-nitrit-poppers","12":"product_cat-vecer-za-pare-poppersi","13":"product_cat-velik-poppers","14":"product_cat-za-zacetnike-poppersi","15":"product_cat-zabava-in-klub-poppersi","16":"product_tag-25-ml-steklenicka","17":"product_tag-4-od-5-moci","18":"product_tag-blagovna-znamka-blue-boy","19":"product_tag-kanadski-poppers","20":"product_tag-modri-poppers","21":"product_tag-pentil-poppers-sl","22":"product_tag-podaljsane-seje","23":"product_tag-poppers-v-garderobi","24":"product_tag-srednja-steklenicka-poppers","25":"product_tag-vrhunska-kakovost","27":"first","28":"instock","29":"sale","30":"taxable","31":"shipping-taxable","32":"purchasable","33":"product-type-simple"},"_links":{"self":[{"href":"https:\/\/huskybearpoppers.eu\/sl\/wp-json\/wp\/v2\/product\/26916","targetHints":{"allow":["GET"]}}],"collection":[{"href":"https:\/\/huskybearpoppers.eu\/sl\/wp-json\/wp\/v2\/product"}],"about":[{"href":"https:\/\/huskybearpoppers.eu\/sl\/wp-json\/wp\/v2\/types\/product"}],"replies":[{"embeddable":true,"href":"https:\/\/huskybearpoppers.eu\/sl\/wp-json\/wp\/v2\/comments?post=26916"}],"version-history":[{"count":0,"href":"https:\/\/huskybearpoppers.eu\/sl\/wp-json\/wp\/v2\/product\/26916\/revisions"}],"wp:featuredmedia":[{"embeddable":true,"href":"https:\/\/huskybearpoppers.eu\/sl\/wp-json\/wp\/v2\/media\/16671"}],"wp:attachment":[{"href":"https:\/\/huskybearpoppers.eu\/sl\/wp-json\/wp\/v2\/media?parent=26916"}],"wp:term":[{"taxonomy":"product_brand","embeddable":true,"href":"https:\/\/huskybearpoppers.eu\/sl\/wp-json\/wp\/v2\/product_brand?post=26916"},{"taxonomy":"product_cat","embeddable":true,"href":"https:\/\/huskybearpoppers.eu\/sl\/wp-json\/wp\/v2\/product_cat?post=26916"},{"taxonomy":"product_tag","embeddable":true,"href":"https:\/\/huskybearpoppers.eu\/sl\/wp-json\/wp\/v2\/product_tag?post=26916"}],"curies":[{"name":"wp","href":"https:\/\/api.w.org\/{rel}","templated":true}]}}