{"id":21064,"date":"2025-08-08T12:46:34","date_gmt":"2025-08-08T10:46:34","guid":{"rendered":"https:\/\/huskybearpoppers.eu\/product\/top-twink-poppers-25-ml\/"},"modified":"2025-12-02T10:22:21","modified_gmt":"2025-12-02T08:22:21","slug":"top-twink-poppers-25-ml","status":"publish","type":"product","link":"https:\/\/huskybearpoppers.eu\/sl\/izdelek\/top-twink-poppers-25-ml\/","title":{"rendered":"Top Twink Poppers 25 ml"},"content":{"rendered":"","protected":false},"excerpt":{"rendered":"<p>25 ml twink power, ki podira vsa pravila. Ta \u010distilo za usnje za spolne igra\u010de daje manj\u0161im fantom prednost. Ultra mo\u010dan amil nitrit pomeni, da si po \u010di\u0161\u010denju opreme pripravljen, da nadvlada\u0161 kogarkoli &#8211; medvede, daddije, vsi spoznajo, da twinki tudi znajo dati.  <\/p>\n","protected":false},"featured_media":16758,"comment_status":"open","ping_status":"closed","template":"","meta":[],"product_brand":[],"product_cat":[766,779,743,10057,10027,9908,10061,749,10063],"product_tag":[9684,783,7987,8008,8009,8063,9686,9685,9688,9687],"class_list":{"0":"post-21064","1":"product","2":"type-product","3":"status-publish","4":"has-post-thumbnail","6":"product_cat-5-5-ultra-mocen-poppers","7":"product_cat-amil-nitrit-poppers","8":"product_cat-funline-poppers","9":"product_cat-hitri-in-direktni-poppersi","10":"product_cat-pup-play-poppers","11":"product_cat-qjyt-29pr-9003-8akx","12":"product_cat-vecer-za-pare-poppersi","13":"product_cat-velik-poppers","14":"product_cat-za-zacetnike-poppersi","15":"product_tag-25-ml-steklenicka","16":"product_tag-amyl-poppers-sl","17":"product_tag-cistilo-za-usnje","18":"product_tag-francoski-poppers","19":"product_tag-funline-poppers-sl","20":"product_tag-moc-5-od-5","21":"product_tag-podaljsane-seje","22":"product_tag-srednja-steklenicka-poppers","23":"product_tag-top-twink-znamka","24":"product_tag-vonj-prostora","26":"first","27":"instock","28":"taxable","29":"shipping-taxable","30":"purchasable","31":"product-type-simple"},"_links":{"self":[{"href":"https:\/\/huskybearpoppers.eu\/sl\/wp-json\/wp\/v2\/product\/21064","targetHints":{"allow":["GET"]}}],"collection":[{"href":"https:\/\/huskybearpoppers.eu\/sl\/wp-json\/wp\/v2\/product"}],"about":[{"href":"https:\/\/huskybearpoppers.eu\/sl\/wp-json\/wp\/v2\/types\/product"}],"replies":[{"embeddable":true,"href":"https:\/\/huskybearpoppers.eu\/sl\/wp-json\/wp\/v2\/comments?post=21064"}],"version-history":[{"count":0,"href":"https:\/\/huskybearpoppers.eu\/sl\/wp-json\/wp\/v2\/product\/21064\/revisions"}],"wp:featuredmedia":[{"embeddable":true,"href":"https:\/\/huskybearpoppers.eu\/sl\/wp-json\/wp\/v2\/media\/16758"}],"wp:attachment":[{"href":"https:\/\/huskybearpoppers.eu\/sl\/wp-json\/wp\/v2\/media?parent=21064"}],"wp:term":[{"taxonomy":"product_brand","embeddable":true,"href":"https:\/\/huskybearpoppers.eu\/sl\/wp-json\/wp\/v2\/product_brand?post=21064"},{"taxonomy":"product_cat","embeddable":true,"href":"https:\/\/huskybearpoppers.eu\/sl\/wp-json\/wp\/v2\/product_cat?post=21064"},{"taxonomy":"product_tag","embeddable":true,"href":"https:\/\/huskybearpoppers.eu\/sl\/wp-json\/wp\/v2\/product_tag?post=21064"}],"curies":[{"name":"wp","href":"https:\/\/api.w.org\/{rel}","templated":true}]}}