{"id":21045,"date":"2023-08-08T12:46:40","date_gmt":"2023-08-08T10:46:40","guid":{"rendered":"https:\/\/huskybearpoppers.eu\/product\/poppers-black-tiger-10-ml\/"},"modified":"2025-12-02T10:22:26","modified_gmt":"2025-12-02T08:22:26","slug":"poppers-black-tiger-10-ml","status":"publish","type":"product","link":"https:\/\/huskybearpoppers.eu\/sl\/izdelek\/poppers-black-tiger-10-ml\/","title":{"rendered":"Poppers Black Tiger 10 ml"},"content":{"rendered":"","protected":false},"excerpt":{"rendered":"<p>Postanite divji z 10 ml mo\u010di propil nitrita Black Tiger. Push izdeluje to mo\u010dno sredstvo za \u010di\u0161\u010denje usnja za spolne pripomo\u010dke za tiste, ki lovijo u\u017eitek. O\u010distite svojo opremo, pustite, da se posu\u0161i, nato sko\u010dite &#8211; va\u0161i pripomo\u010dki postanejo del va\u0161e \u017eivalske strani in vam pomagajo dose\u010di zadovoljstvo, ki ga i\u0161\u010dete.  <\/p>\n","protected":false},"featured_media":16678,"comment_status":"open","ping_status":"closed","template":"","meta":[],"product_brand":[],"product_cat":[744,742,10059,741,10027,804,10061,10180,10063],"product_tag":[8064,7951,8302,8008,9668,8065,8066,9667,9670,9669],"class_list":{"0":"post-21045","1":"product","2":"type-product","3":"status-publish","4":"has-post-thumbnail","6":"product_cat-3-5-mocen-poppers","7":"product_cat-mali-poppers","8":"product_cat-nezni-in-enostavni-poppersi","9":"product_cat-propil-nitrit-poppers","10":"product_cat-pup-play-poppers","11":"product_cat-push-poppers","12":"product_cat-vecer-za-pare-poppersi","13":"product_cat-ufi-propil-nitrit","14":"product_cat-za-zacetnike-poppersi","15":"product_tag-10-ml-steklenicka","16":"product_tag-black-label-poppers-sl","17":"product_tag-ekstra-mocen-poppers","18":"product_tag-francoski-poppers","19":"product_tag-moc-3-od-5","20":"product_tag-poppers-zepne-velikosti","21":"product_tag-primerno-za-potovanja","22":"product_tag-propil-poppersi","23":"product_tag-push-poppersi","24":"product_tag-znamka-black-tiger","26":"first","27":"outofstock","28":"taxable","29":"shipping-taxable","30":"purchasable","31":"product-type-simple"},"_links":{"self":[{"href":"https:\/\/huskybearpoppers.eu\/sl\/wp-json\/wp\/v2\/product\/21045","targetHints":{"allow":["GET"]}}],"collection":[{"href":"https:\/\/huskybearpoppers.eu\/sl\/wp-json\/wp\/v2\/product"}],"about":[{"href":"https:\/\/huskybearpoppers.eu\/sl\/wp-json\/wp\/v2\/types\/product"}],"replies":[{"embeddable":true,"href":"https:\/\/huskybearpoppers.eu\/sl\/wp-json\/wp\/v2\/comments?post=21045"}],"version-history":[{"count":0,"href":"https:\/\/huskybearpoppers.eu\/sl\/wp-json\/wp\/v2\/product\/21045\/revisions"}],"wp:featuredmedia":[{"embeddable":true,"href":"https:\/\/huskybearpoppers.eu\/sl\/wp-json\/wp\/v2\/media\/16678"}],"wp:attachment":[{"href":"https:\/\/huskybearpoppers.eu\/sl\/wp-json\/wp\/v2\/media?parent=21045"}],"wp:term":[{"taxonomy":"product_brand","embeddable":true,"href":"https:\/\/huskybearpoppers.eu\/sl\/wp-json\/wp\/v2\/product_brand?post=21045"},{"taxonomy":"product_cat","embeddable":true,"href":"https:\/\/huskybearpoppers.eu\/sl\/wp-json\/wp\/v2\/product_cat?post=21045"},{"taxonomy":"product_tag","embeddable":true,"href":"https:\/\/huskybearpoppers.eu\/sl\/wp-json\/wp\/v2\/product_tag?post=21045"}],"curies":[{"name":"wp","href":"https:\/\/api.w.org\/{rel}","templated":true}]}}