{"id":19635,"date":"2024-03-21T19:01:02","date_gmt":"2024-03-21T17:01:02","guid":{"rendered":"https:\/\/huskybearpoppers.eu\/product\/pamitex-lubrikant-na-vodni-osnovi-100-ml\/"},"modified":"2024-03-21T19:01:02","modified_gmt":"2024-03-21T17:01:02","slug":"pamitex-lubrikant-na-vodni-osnovi-100-ml","status":"publish","type":"product","link":"https:\/\/huskybearpoppers.eu\/sl\/izdelek\/pamitex-lubrikant-na-vodni-osnovi-100-ml\/","title":{"rendered":"Pamitex lubrikant na vodni osnovi 100 ml"},"content":{"rendered":"<h2><strong>Pamitex lubrikant na vodni osnovi 100 ml \u2013 Vrhunska udobnost in u\u017eitek<\/strong><\/h2>\n<p>Ko vas prevzame strast, si zaslu\u017eite lubrikant, ki izbolj\u0161a va\u0161o izku\u0161njo brez motenj. Pamitex lubrikant na vodni osnovi je zasnovan za svileno gladko drsenje, ki zagotavlja naraven u\u017eitek in brezhibno udobje. Ne glede na to, ali se prepu\u0161\u010date samostojni igri ali delite intimne trenutke s partnerjem, ta lubrikant zagotavlja, da se po\u010dutite dobro ob vsakem dotiku, vsakem gibu, vsaki sekundi. Je najbolj\u0161i spremljevalec za va\u0161e najbolj strastne trenutke.  <\/p>\n<h3>Zakaj uporabljati Pamitex lubrikant na vodni osnovi?<\/h3>\n<p>Lubrikanti so prava sprememba pri izbolj\u0161evanju va\u0161ih intimnih trenutkov. Zmanj\u0161ujejo trenje, kar pove\u010duje spolni u\u017eitek in udobje. \u010ce ste kdaj imeli nesre\u010dno izku\u0161njo, ko je trenje prekinilo va\u0161 potek, veste, kako mo\u010dno lahko to vpliva na va\u0161 u\u017eitek. Pamitex lubrikant na vodni osnovi je tukaj, da odpravi to te\u017eavo in zagotovi gladko, neprekinjeno u\u017eivanje. Prav tako zmanj\u0161uje tveganje za spolno prenosljive oku\u017ebe, saj zagotavlja, da kondom deluje po najbolj\u0161ih mo\u010deh, in izbolj\u0161uje u\u010dinkovitost kondoma s prepre\u010devanjem raztrganin.    <\/p>\n<p>Najbolj\u0161i del? Ta lubrikant lahko varno uporabljate tudi z vibratorji in drugimi spolnimi pripomo\u010dki, kar vam daje neskon\u010dne mo\u017enosti za raziskovanje novih vi\u0161in u\u017eitka.<\/p>\n<h2><strong>Zakaj izbrati lubrikant na vodni osnovi?<\/strong><\/h2>\n<p>Ko gre za lubrikacijo, je lubrikant na vodni osnovi pogosto najbolj priljubljena izbira. Zakaj? Ker ni lepljiv in se enostavno spere, ne pu\u0161\u010da ostankov. Je tudi varen za telo in pH uravnote\u017een, kar ga dela ne\u017enega do va\u0161e ko\u017ee in spo\u0161tuje va\u0161o intimno ravnovesje. Z vsestranskostjo uporabe je popoln za vaginalno, oralno in analno igro. Ne glede na to, ali se lotevate posla ali popestrujete stvari, Pamitex lubrikant na vodni osnovi vam stoji ob strani.    <\/p>\n<p>Ne zagotavlja le dolgotrajne hidratacije, ki pomaga zmanj\u0161ati suhost in pove\u010duje udobje, ampak je tudi brez vonja in okusa, tako da lahko u\u017eivate v izku\u0161nji brez motenj, ki se osredoto\u010da zgolj na u\u017eitek. Lahka gelna tekstura lubrikanta zagotavlja enostavno nana\u0161anje in daje naravno gladek ob\u010dutek, tako da vam ni treba skrbeti za neprijetno lepljivost ali odve\u010dne ostanke. To ste samo vi in va\u0161 partner, s popolnim drsenjem, ki ohranja strast.  <\/p>\n<h3><strong>Brezhibno u\u017eivanje kadarkoli<\/strong><\/h3>\n<p>Ne glede na to, ali u\u017eivate v samostojnih trenutkih ali raziskujete s partnerjem, Pamitex lubrikant na vodni osnovi zagotavlja popolno drsenje za pove\u010dan u\u017eitek.<\/p>\n<p>Je gladek, svilnat in vse se zdi kot brezhibno potovanje do u\u017eitka. Enostavno nana\u0161anje zagotavlja, da se lahko popolnoma osredoto\u010dite na trenutek brez motenj. Le nekaj kapljic in pripravljeni ste \u2013 ne glede na to, ali eksperimentirate z novimi pripomo\u010dki, raziskujete razli\u010dne polo\u017eaje ali se preprosto prepu\u0161\u010date dodatnemu udobju. Pamitex zagotavlja, da se po\u010dutite, kot da ste zdrsnili na popolnoma novo raven intimnosti.   <\/p>\n<h3><strong>Pamitex lubrikant na vodni osnovi vam bo zagotovil varnost in zdru\u017eljivost<\/strong><\/h3>\n<p>Ko gre za intimno igro, je varnost nujna. Pamitex lubrikant na vodni osnovi je primeren za kondome in pripomo\u010dke, popolnoma deluje z lateks kondomi in vsemi vrstami spolnih pripomo\u010dkov. To pomeni, da vam ni treba skrbeti glede zdru\u017eljivosti \u2013 preprosto prijemite svoje najljub\u0161e pripomo\u010dke ali kondome in pripravljeni ste. Poleg tega se neverjetno enostavno \u010disti. Formula, topna v vodi, se zlahka spere in ne pu\u0161\u010da lepljivih ostankov, tako da se lahko sprostite in u\u017eivate brez skrbi.  <\/p>\n<p>\u0160e bolje, Pamitex lubrikant na vodni osnovi ne vsebuje agresivnih dodatkov, kot so parabeni, glicerin in umetne di\u0161ave, kar zagotavlja, da se va\u0161e ko\u017ee dotika le \u010disti u\u017eitek. To pomeni, da lahko vedno zaupate v Pamitex, da zagotovi popolno in varno drsenje, ne glede na to, ali se ukvarjate z dolgimi sejami ali le nekaterimi hitrim trenutki intimnosti. <\/p>\n<p>Intimnost bi morala biti vedno prijetna in brezskrbna izku\u0161nja, lubrikanti na vodni osnovi pa so popolna izbira za zagotavljanje tega. Za razliko od silikonskih ali olj na osnovi olj lubrikanti na vodni osnovi zagotavljajo gladek in naraven ob\u010dutek, zaradi katerega se ne boste po\u010dutili lepljive. Ne le, da omogo\u010dajo prijetnej\u0161i \u010das v postelji, ampak bo va\u0161a ko\u017ea s svojimi dodatnimi vla\u017eilnimi koristmi tudi hvale\u017ena!  <\/p>\n<p>Zato naslednji\u010d, ko se \u017eelite intimno zbli\u017eati s partnerjem, razmislite o izbiri Pamitex lubrikanta na vodni osnovi \u2013 zagotovo bo izbolj\u0161al izku\u0161njo. Za \u0161e bolj\u0161o izku\u0161njo priporo\u010damo, da na\u0161 lubrikant preizkusite z nekaterimi posebnimi kondomi za dodatni u\u017eitek in za\u0161\u010dito: <\/p>\n<ul>\n<li><a href=\"https:\/\/huskybearpoppers.eu\/product\/pamitex-super-red-condoms-144-pack\/\" target=\"_blank\" rel=\"noopener\">Pamitex Super Red kondomi \u2013 pakiranje 144 kosov<\/a><\/li>\n<li><a href=\"https:\/\/huskybearpoppers.eu\/sl\/izdelek\/pamitex-sadni-okusni-kondomi-paket-144-kosov\/\" target=\"_blank\" rel=\"noopener\">Pamitex sadni okusni kondomi \u2013 paket 144 kosov<\/a><\/li>\n<li><a href=\"https:\/\/huskybearpoppers.eu\/product\/pamitex-banana-flavored-condoms-144-pack\/\" target=\"_blank\" rel=\"noopener\">Pamitex bananini okusni kondomi \u2013 paket 144 kosov<\/a><\/li>\n<\/ul>\n","protected":false},"excerpt":{"rendered":"<p data-pm-slice=\"1 1 []\">Sprostite svoje najbolj divje sanje s Pamitex lubrikantom na vodni osnovi.<\/p>\n<p data-pm-slice=\"1 1 []\">Ta nelepljiv lubrikant brez vonja in okusa pove\u010duje u\u017eitek in hkrati zagotavlja najve\u010djo udobnost.<\/p>\n<p data-pm-slice=\"1 1 []\">Popoln za vaginalno, oralno in analno igro, ohranja vsak intimen trenutek gladek in \u010duten.<\/p>\n","protected":false},"featured_media":15779,"comment_status":"open","ping_status":"closed","template":"","meta":[],"product_brand":[],"product_cat":[8589,9898],"product_tag":[7622,7625,7614,7620,7613,7628,7624,7627,7610,7623,7612,7611,7626,7615,7616,7621,7619,7618,7617],"class_list":{"0":"post-19635","1":"product","2":"type-product","3":"status-publish","4":"has-post-thumbnail","6":"product_cat-lubrikant-kondomi-in-vec","7":"product_cat-lubrikanti","8":"product_tag-brez-disave","9":"product_tag-enostavno-pranje","10":"product_tag-gladka-igra","11":"product_tag-igra-za-pare","12":"product_tag-intimna-nega","13":"product_tag-klasicni-lubrikant","14":"product_tag-lajsanje-vaginalne-suhoce","15":"product_tag-lubricant-sl","16":"product_tag-lubrikant-na-vodni-osnovi","17":"product_tag-nelepljiv","18":"product_tag-osebni-lubrikant","19":"product_tag-pamitex-lubrikant-sl","20":"product_tag-pamitex-lubrikant-na-vodni-osnovi","21":"product_tag-ph-uravnotezen","22":"product_tag-primeren-za-pripomocke","23":"product_tag-samostojni-uzitek","24":"product_tag-svilnat-obcutek","25":"product_tag-udobna-intimnost","26":"product_tag-varen-lubrikant","28":"first","29":"instock","30":"sale","31":"taxable","32":"shipping-taxable","33":"purchasable","34":"product-type-simple"},"_links":{"self":[{"href":"https:\/\/huskybearpoppers.eu\/sl\/wp-json\/wp\/v2\/product\/19635","targetHints":{"allow":["GET"]}}],"collection":[{"href":"https:\/\/huskybearpoppers.eu\/sl\/wp-json\/wp\/v2\/product"}],"about":[{"href":"https:\/\/huskybearpoppers.eu\/sl\/wp-json\/wp\/v2\/types\/product"}],"replies":[{"embeddable":true,"href":"https:\/\/huskybearpoppers.eu\/sl\/wp-json\/wp\/v2\/comments?post=19635"}],"version-history":[{"count":0,"href":"https:\/\/huskybearpoppers.eu\/sl\/wp-json\/wp\/v2\/product\/19635\/revisions"}],"wp:featuredmedia":[{"embeddable":true,"href":"https:\/\/huskybearpoppers.eu\/sl\/wp-json\/wp\/v2\/media\/15779"}],"wp:attachment":[{"href":"https:\/\/huskybearpoppers.eu\/sl\/wp-json\/wp\/v2\/media?parent=19635"}],"wp:term":[{"taxonomy":"product_brand","embeddable":true,"href":"https:\/\/huskybearpoppers.eu\/sl\/wp-json\/wp\/v2\/product_brand?post=19635"},{"taxonomy":"product_cat","embeddable":true,"href":"https:\/\/huskybearpoppers.eu\/sl\/wp-json\/wp\/v2\/product_cat?post=19635"},{"taxonomy":"product_tag","embeddable":true,"href":"https:\/\/huskybearpoppers.eu\/sl\/wp-json\/wp\/v2\/product_tag?post=19635"}],"curies":[{"name":"wp","href":"https:\/\/api.w.org\/{rel}","templated":true}]}}