{"id":18676,"date":"2024-03-21T19:01:02","date_gmt":"2024-03-21T17:01:02","guid":{"rendered":"https:\/\/huskybearpoppers.eu\/product\/super-silhouette-xl-tutti-frutti-kondomi-144-kosov\/"},"modified":"2024-03-21T19:01:02","modified_gmt":"2024-03-21T17:01:02","slug":"super-silhouette-xl-tutti-frutti-kondomi-144-kosov","status":"publish","type":"product","link":"https:\/\/huskybearpoppers.eu\/sl\/izdelek\/super-silhouette-xl-tutti-frutti-kondomi-144-kosov\/","title":{"rendered":"Super Silhouette XL Tutti Frutti kondomi \u2013 144 kosov"},"content":{"rendered":"<h2>Super Silhouette XL Tutti Frutti kondomi \u2013 Za mo\u0161ke, ki se igrajo na veliko<\/h2>\n<p>Ko je velikost pomembna, potrebujete kondom, ki se popolnoma prilega.<strong> Super Silhouette XL Tutti Frutti kondomi so narejeni za mo\u0161ke<\/strong>, ki imajo ve\u010d in \u017eelijo do\u017eiveti vrhunsko udobje, varnost ter najve\u010dje u\u017eitek. <strong>Brez stiskanja, brez neudobja<\/strong> \u2013 samo naraven ob\u010dutek in dolgotrajna vzdr\u017eljivost, ki vas ohrani v akciji toliko \u010dasa, kolikor si \u017eelite.  <\/p>\n<h3>Udarite kot kladivo \u2013 brez omejitev, brez prekinitev<\/h3>\n<p>Ste se kdaj po\u010dutili neudobno zaradi tesnega kondoma, ki vas je oviral? S Super Silhouette XL Tutti Frutti kondomi je to preteklost! <strong>Posebna lateksna formula se raztegne in prilagodi va\u0161i velikosti ter zagotovi<\/strong>, da ni nobrega\u0161\u010dipanja ali drgnjenja \u2013 samo \u010disti u\u017eitek. Ti kondomi so narejeni za mo\u0161ke, ki zahtevajo popolno udobje in popolno delovanje.   <\/p>\n<h3>Dolgotrajna vzdr\u017eljivost \u2013 ostanite v igri s Tutti Frutti kondomi<\/h3>\n<p>Ko vstopite v igro, \u017eelite, da traja. S temi Tutti Frutti kondomi lahko ohranjate ritem toliko \u010dasa, kolikor si \u017eelite. Pro\u017een, mo\u010dan lateks zagotavlja,<strong> da lahko greste celo no\u010d brez skrbi.<\/strong> To so kondomi, narejeni za prave mo\u0161ke<strong>, ki se nikoli ne ustavijo pri samo eni rundi.<\/strong>   <\/p>\n<h3>Eksplozija okusa in ob\u010dutkov<\/h3>\n<p>Zakaj bi se zadovoljili z obi\u010dajnim, ko lahko dodate nekaj sladkega? Z ne\u017eno<strong> tutti frutti aromo<\/strong> postane vsak trenutek bolj igriv in vabljiv. Brez prevladujo\u010dih okusov, brez umetnih vonjav \u2013 samo lahek, privla\u010den pridih, zaradi katerega va\u0161 partner \u017eeli \u0161e ve\u010d.  <\/p>\n<h3>Diskretna dostava \u2013 va\u0161a skrivnost, va\u0161a mo\u010d<\/h3>\n<p>Nih\u010de ne potrebuje vedeti, kaj se dogaja v va\u0161i spalnici. Zato <strong>Super Silhouette XL Tutti Frutti kondomi<\/strong> prispejo v popolnoma diskretni embala\u017ei. Brez nerodno nelagodnih trenutkov, brez nepotrebne pozornosti \u2013 samo vi in va\u0161ih 144 razlogov za nepozabne no\u010di. Tutti Frutti kondomi zmorejo vse to!   <\/p>\n<h3>Zakaj izbrati Super Silhouette Tutti Frutti kondome XL?<\/h3>\n<p>Velikost \u0161teje, prav tako pa tudi u\u017eitek! Z izjemno <strong>dol\u017eino 210 mm <\/strong>je ve\u010d prostora za akcijo, kar zagotavlja, da se ni\u010d ne po\u010duti omejeno. <strong>Izjemno \u0161irok dizajn 60 mm<\/strong> pomeni brez neprijetnega stiskanja \u2013 samo popoln, naraven ob\u010dutek, ki vam omogo\u010da, da se osredoto\u010dite na zabavo! Narejeni iz <strong>vrhunskega lateksa<\/strong> so ti<strong> kondomi ultra pro\u017eni in narejeni za premagovanje tudi va\u0161ih najbolj divjih no\u010di.<\/strong> <strong>Gladka tekstura z obi\u010dajnim lubrikantom<\/strong> ohranja stvari brez napora drsne, tako da lahko drsite brez zapletov. In ne pozabimo sladkega pridih \u2013<strong> tutti frutti aroma<\/strong> naredi vsak sre\u010danje malce bolj okusno. Najbolje od vsega je, da dobite <strong>144 kondomov v enem paketu <\/strong>\u2013 <strong>ker kdo rad zmanjka, ko se no\u010d \u0161ele dobro za\u010dne?<\/strong>      <\/p>\n<h3>SEDAJ si predstavljajte to\u2026<\/h3>\n<p>Strast nara\u0161\u010da. Pogledi se sre\u010dajo, telesa gorijo od \u017eelje. Vro\u010dina se stopnjuje in ni ve\u010d vrnitve nazaj. Ko se stvari resno za\u010dnejo, se\u017eenete za va\u0161e Super Tutti Frutti kondome.    <strong>Prileganje je popolno, drsenje je brez napora in ob\u010dutek je eksploziven. Va\u0161 partner stoka od u\u017eitka. <\/strong> Nasmehnete se \u2013 veste, da bo to no\u010d za spomin.<\/p>\n<h3>Ne dovolite, da vas napa\u010den kondom ovira. Izberite Tutti Frutti kondome! <\/h3>\n<p>Velikost \u0161teje. Udobje je klju\u010dno. Vzdr\u017eljivost je vse. Nikoli ne delajte kompromisov, ko gre za va\u0161 u\u017eitek. <strong>Super Silhouette XL Tutti Frutti kondomi<\/strong> so narejeni za mo\u0161ke, kot ste vi \u2013 samozavestne, mo\u010dne in pripravljene za dolge, vro\u010de no\u010di. <strong>Trg je poln ponaredkov kondomov, ki lahko pokvarijo trenutek in ogrozijo va\u0161o varnost.<\/strong> Ne tvegajte s cenimi imitacijami \u2013<strong> izberite certificirano kakovost, resni\u010dno za\u0161\u010dito in vrhunski u\u017eitek<\/strong>. S <strong>Super Silhouette X<\/strong>L dobite <strong>popolno prileganje, vrhunski lateks in brezkompromisno izku\u0161njo vsaki\u010d.<\/strong>   <\/p>\n<h3>Ste pripravljeni? Naro\u010dite zdaj! In za\u010dnite trdo igro!  <\/h3>\n<p>Odkrijte vrhunsko<strong> Pamitex Silhouette <\/strong>linijo kondomov, zasnovano za tiste, ki zahtevajo tako udobje kot kakovost. Razi\u0161\u010dite na\u0161e<a href=\"https:\/\/huskybearpoppers.eu\/sl\/izdelek\/silhouette-jagodni-kondomi-paket-144-kosov\/\" target=\"_blank\" rel=\"noopener\"> Silhouette jagodni kondomi <\/a>\u2013 144 kosov in ne \u010dakajte na u\u017eitek \u2013 prevzemite nadzor! <\/p>\n<p><strong>Dobite svoje Silhouette kondome <\/strong>zdaj in bodite pripravljeni na akcijo kadarkoli, kjerkoli.<strong> Prava velikost pomeni popolno prileganje, najbolj\u0161i ob\u010dutek in vrhunski u\u017eitek<\/strong>. \u010cas je, da povzdignete svojo igro z orodjem! <\/p>\n","protected":false},"excerpt":{"rendered":"<p class=\"\" data-start=\"122\" data-end=\"191\"><strong data-start=\"122\" data-end=\"189\">Ko gre za va\u0161o velikost in trdoto, smo tu za vas!<\/strong><\/p>\n<p class=\"\" data-start=\"193\" data-end=\"338\"><strong data-start=\"202\" data-end=\"246\">Z na\u0161imi Super Silhouette XL Tutti Frutti kondomi <\/strong>se vam ne bo treba skrbeti za tesno prileganje ali neudobje okoli va\u0161ega popolno velikega penisa!<\/p>\n<p class=\"\" data-start=\"340\" data-end=\"687\">Ti kondomi so zasnovani za mo\u0161ke, ki potrebujejo dodatni prostor in udobje, kar vam omogo\u010da, da vzdr\u017eite dlje in ob\u010dutite vse! Narejeni iz visokokakovostnega lateksa so prozorni, ultra gladki in imajo obi\u010dajno lubrifikacijo za naraven ob\u010dutek. Pre\u017eeti z \u010dudovito tutti frutti aromo dodajajo igriv in \u010duten pridih va\u0161im intimnim trenutkom.  <\/p>\n<p class=\"\" data-start=\"689\" data-end=\"886\"><strong data-start=\"697\" data-end=\"747\">Z XL velikostjo 210 mm v dol\u017eino in 60 mm v \u0161irino zagotavljajo <\/strong>popolno prileganje za pove\u010dan u\u017eitek. Vsak paket vsebuje <strong data-start=\"817\" data-end=\"832\">144 kondomov<\/strong>, tako da ste vedno pripravljeni na strast brez meja. <\/p>\n<p class=\"\" data-start=\"888\" data-end=\"990\"><strong data-start=\"888\" data-end=\"988\">Sedaj se je \u017eelja odprla za vas s Super XL Frutti kondomi \u2013 seks bo okusil \u0161e bolje!<\/strong><\/p>\n","protected":false},"featured_media":12294,"comment_status":"open","ping_status":"closed","template":"","meta":[],"product_brand":[],"product_cat":[9897,8589],"product_tag":[7050,7399,7393,7401,7402,7404,7068,7394,7396,7398,7403,7293,7405,7294,7400,7406,7397,7395,7391,7390,7297,7392],"class_list":{"0":"post-18676","1":"product","2":"type-product","3":"status-publish","4":"has-post-thumbnail","6":"product_cat-kondomi","7":"product_cat-lubrikant-kondomi-in-vec","8":"product_tag-144-kosov-kondomov","9":"product_tag-izjemno-siroki-kondomi","10":"product_tag-izjemno-veliki-kondomi","11":"product_tag-izjemno-vzdrzljivi-kondomi","12":"product_tag-kondomi-s-sadnimi-aromami","13":"product_tag-kondomi-z-dodatnim-prostorom","14":"product_tag-kondomi-z-naravnim-obcutkom","15":"product_tag-kondomi-z-naravnim-obcutkom-sl","16":"product_tag-kondomi-z-vonjem-po-sadju","17":"product_tag-kondomi-za-udobno-prileganje","18":"product_tag-najboljsi-kondomi-za-moske","19":"product_tag-pamitex-kondomi","20":"product_tag-pamitex-silhouette-linija-kondomov","21":"product_tag-sadni-kondomi","22":"product_tag-silhouette-xl-kondomi","23":"product_tag-super-silhouette-xl-tutti-frutti-kondomi","24":"product_tag-svilnato-gladki-kondomi","25":"product_tag-tutti-frutti-kondomi","26":"product_tag-varen-seks","27":"product_tag-visokokakovostni-kondomi","28":"product_tag-vrhunski-eroticni-kondomi","29":"product_tag-xl-kondomi","31":"first","32":"instock","33":"sale","34":"taxable","35":"shipping-taxable","36":"purchasable","37":"product-type-simple"},"_links":{"self":[{"href":"https:\/\/huskybearpoppers.eu\/sl\/wp-json\/wp\/v2\/product\/18676","targetHints":{"allow":["GET"]}}],"collection":[{"href":"https:\/\/huskybearpoppers.eu\/sl\/wp-json\/wp\/v2\/product"}],"about":[{"href":"https:\/\/huskybearpoppers.eu\/sl\/wp-json\/wp\/v2\/types\/product"}],"replies":[{"embeddable":true,"href":"https:\/\/huskybearpoppers.eu\/sl\/wp-json\/wp\/v2\/comments?post=18676"}],"version-history":[{"count":0,"href":"https:\/\/huskybearpoppers.eu\/sl\/wp-json\/wp\/v2\/product\/18676\/revisions"}],"wp:featuredmedia":[{"embeddable":true,"href":"https:\/\/huskybearpoppers.eu\/sl\/wp-json\/wp\/v2\/media\/12294"}],"wp:attachment":[{"href":"https:\/\/huskybearpoppers.eu\/sl\/wp-json\/wp\/v2\/media?parent=18676"}],"wp:term":[{"taxonomy":"product_brand","embeddable":true,"href":"https:\/\/huskybearpoppers.eu\/sl\/wp-json\/wp\/v2\/product_brand?post=18676"},{"taxonomy":"product_cat","embeddable":true,"href":"https:\/\/huskybearpoppers.eu\/sl\/wp-json\/wp\/v2\/product_cat?post=18676"},{"taxonomy":"product_tag","embeddable":true,"href":"https:\/\/huskybearpoppers.eu\/sl\/wp-json\/wp\/v2\/product_tag?post=18676"}],"curies":[{"name":"wp","href":"https:\/\/api.w.org\/{rel}","templated":true}]}}