{"id":3419,"date":"2024-07-23T12:32:53","date_gmt":"2024-07-23T10:32:53","guid":{"rendered":"https:\/\/huskybearpoppers.eu\/politika-zasebnosti-in-piskotkov\/"},"modified":"2026-01-23T12:24:54","modified_gmt":"2026-01-23T10:24:54","slug":"politika-zasebnosti-in-piskotkov","status":"publish","type":"page","link":"https:\/\/huskybearpoppers.eu\/sl\/politika-zasebnosti-in-piskotkov\/","title":{"rendered":"Politika Zasebnosti in Pi\u0161kotkov"},"content":{"rendered":"\n<h2 class=\"wp-block-heading\">Politika zasebnosti in pi\u0161kotkov &#8211; Husky Bear Poppers<\/h2>\n\n<p>V podjetju Husky Bear Poppers, ki ga upravlja dru\u017eba International Scalpers d.o.o. , dajemo prednost zasebnosti svojih uporabnikov in z njihovimi osebnimi podatki ravnamo zelo skrbno. V skladu z veljavnimi zakoni o varstvu podatkov si prizadevamo zagotoviti varstvo vseh osebnih podatkov, ki so nam zaupani. <\/p>\n\n<h2 class=\"wp-block-heading\">Podatki, ki zbiramo<\/h2>\n\n<p>Za zagotavljanje na\u0161ih storitev zbiramo in obdelujemo naslednje uporabni\u0161ke podatke:<\/p>\n\n<ul class=\"wp-block-list\">\n<li>Polno ime<\/li>\n\n\n\n<li>Naslov za dostavo<\/li>\n\n\n\n<li>Ime podjetja (\u010de je primerno)<\/li>\n\n\n\n<li>Dav\u010dna identifikacijska \u0161tevilka (\u010de je primerno)<\/li>\n\n\n\n<li>E-po\u0161tni naslov (uporabljen kot uporabni\u0161ko ime)<\/li>\n\n\n\n<li>Telefonska \u0161tevilka<\/li>\n\n\n\n<li>Dr\u017eava bivanja<\/li>\n\n\n\n<li>Dodatne informacije, prostovoljno vnesene v obrazce<\/li>\n<\/ul>\n\n<p>Prosimo, upo\u0161tevajte, da nismo odgovorni za to\u010dnost ali veljavnost posredovanih podatkov.<\/p>\n\n<h2 class=\"wp-block-heading\">Uporaba Pi\u0161kotkov<\/h2>\n\n<p>Pi\u0161kotke uporabljamo za izbolj\u0161anje va\u0161e nakupovalne izku\u0161nje. To vklju\u010duje: <\/p>\n\n<ul class=\"wp-block-list\">\n<li>Sejne pi\u0161kotke za upravljanje va\u0161e nakupovalne ko\u0161arice<\/li>\n\n\n\n<li>Trajne pi\u0161kotke za pomnjenje va\u0161ih nastavitev<\/li>\n\n\n\n<li>Pi\u0161kotke Google Analytics za analizo prometa na spletni strani<\/li>\n<\/ul>\n\n<h2 class=\"wp-block-heading\">Shranjevanje in Uporaba Podatkov<\/h2>\n\n<p>Uporabni\u0161ki podatki, razen pi\u0161kotkov, so varno shranjeni na na\u0161ih stre\u017enikih. Sejni pi\u0161kotki so za\u010dasni in se po dolo\u010denem \u010dasu neaktivnosti izbri\u0161ejo, trajni pi\u0161kotki pa ostanejo v va\u0161i napravi. Anonimizirane podatke lahko uporabimo za statisti\u010dno analizo, da bi izbolj\u0161ali na\u0161e storitve.  <\/p>\n\n<h2 class=\"wp-block-heading\">Deljenje Informacij<\/h2>\n\n<p>Va\u0161i osebni podatki nikoli ne bodo posredovani nepoobla\u0161\u010denim osebam. Bistvene podatke razkrijemo le dostavnim podjetjem, da zagotovimo nemoteno dostavo va\u0161ih naro\u010dil. <\/p>\n\n<h2 class=\"wp-block-heading\">Komunikacija<\/h2>\n\n<p>Z vami bomo stopili v stik samo, \u010de ste se odlo\u010dili za prejemanje na\u0161ih sporo\u010dil.<\/p>\n\n<h2 class=\"wp-block-heading\">Va\u0161e Pravice<\/h2>\n\n<p>Imate pravico do dostopa, popravka in izbrisa svojih osebnih podatkov. Prav tako lahko kadar koli ugovarjate obdelavi svojih podatkov in prekli\u010dete svoje soglasje. <\/p>\n\n<p>Z uporabo na\u0161ega spletnega mesta se strinjate z zbiranjem in uporabo va\u0161ih podatkov, kot je opisano v tej politiki. \u010ce imate kakr\u0161na koli vpra\u0161anja ali pomisleke, nas prosimo kontaktirajte na <a href=\"mailto:info@huskybearpoppers.eu\">info@huskybearpoppers.eu<\/a> . <\/p>\n\n<h2 class=\"wp-block-heading\">Izjava o varovanju in zbiranju osebnih podatkov<\/h2>\n\n<p>Zavezujemo se zagotoviti za\u0161\u010dito osebnih podatkov strank na tak na\u010din, da zbiramo samo potrebne, osnovne informacije o strankah\/uporabnikih, ki so potrebne za izpolnitev na\u0161ih obveznosti; Obve\u0161\u010damo stranke o tem, kako se zbrani podatki uporabljajo, redno dajemo strankam mo\u017enost izbire glede uporabe njihovih podatkov, vklju\u010dno z mo\u017enostjo odlo\u010ditve, ali \u017eelijo ali ne, da se njihovo ime odstrani s seznamov, ki se uporabljajo za marketin\u0161ke kampanje.<\/p>\n\n<p>Vsi uporabni\u0161ki podatki so strogo hranjeni in so na voljo samo zaposlenim, ki te informacije potrebujejo za opravljanje svojega dela. Vsi na\u0161i zaposleni in poslovni partnerji so odgovorni za spo\u0161tovanje na\u010del varstva zasebnosti. <\/p>\n\n<h2 class=\"wp-block-heading\">Za\u0161\u010dita Otrok<\/h2>\n\n<p>Dobro po\u010dutje otrok je na\u0161a najvi\u0161ja prioriteta, zato se dr\u017eimo naslednjih na\u010del:<\/p>\n\n<ul class=\"wp-block-list\">\n<li>Jasno in lo\u010deno prikazovanje oglasov od iger in tekmovanj, ob upo\u0161tevanju starosti otroka.<\/li>\n\n\n\n<li>Starostno primerna komunikacija, ki ne izkori\u0161\u010da otrokovega zaupanja, neizku\u0161enosti ali ob\u010dutka lojalnosti.<\/li>\n\n\n\n<li>Za sprejemanje naro\u010dil ali zbiranje osebnih podatkov o otrocih je potrebno soglasje star\u0161ev ali skrbnikov.<\/li>\n\n\n\n<li>Informacije, pridobljene od otrok, niso razkrite tretjim osebam, razen njihovim star\u0161em ali skrbnikom.<\/li>\n\n\n\n<li>Otrokom ne dovoljujemo neomejenega dostopa do izdelkov ali storitev, ki bi jim lahko \u0161kodovali.<\/li>\n<\/ul>\n\n<p>Zavezani smo k zagotavljanju varnega in za\u0161\u010ditenega spletnega okolja za vse uporabnike, \u0161e posebej za otroke.<\/p>\n\n<h2 class=\"wp-block-heading\">Razkritje Osebnih Podatkov<\/h2>\n\n<p>Informacije, ki jih zbira in obdeluje Husky Bear Poppers, bodo ostale zaupne in ne bodo posredovane tretjim osebam, razen v naslednjih omejenih okoli\u0161\u010dinah:<\/p>\n\n<ul class=\"wp-block-list\">\n<li>Ko smo zakonsko obvezani to storiti, na primer v primeru sodnega naloga ali druge pravne obveznosti.<\/li>\n\n\n\n<li>Ko je to potrebno za za\u0161\u010dito pravic, lastnine ali varnosti podjetja Husky Bear Poppers, njegovih uporabnikov ali drugih. To vklju\u010duje, vendar ni omejeno na preiskovanje goljufij, odzivanje na pravne zahtevke ali za\u0161\u010dito pred morebitno \u0161kodo. <\/li>\n<\/ul>\n\n<p>Zavezani smo k transparentnosti in vas bomo obvestili, \u010de bo va\u0161e osebne podatke treba razkriti v teh izjemnih okoli\u0161\u010dinah, razen \u010de to prepoveduje zakon ali sodni nalog.<\/p>\n\n<h2 class=\"wp-block-heading\">Va\u0161a Pravica do Informacij in Upravljanja<\/h2>\n\n<p>Kot na\u0161a cenjena stranka imate polno pravico do dostopa, spreminjanja ali odstranitve va\u0161ih osebnih podatkov, ki jih hranimo. \u010ce imate kakr\u0161na koli vpra\u0161anja ali zahteve glede va\u0161ih podatkov, nas prosimo obvestite na <a href=\"mailto:info@huskybearpoppers.eu\">info@huskybearpoppers.eu<\/a>. <\/p>\n\n<h2 class=\"wp-block-heading\">Obvestila o Naro\u010dilu<\/h2>\n\n<p>Za va\u0161o priro\u010dnost lahko uporabimo telefonsko \u0161tevilko, ki ste jo navedli, da vas obvestimo o statusu po\u0161iljanja in dostave va\u0161ega naro\u010dila.<\/p>\n\n<h2 class=\"wp-block-heading\">Slike Izdelkov<\/h2>\n\n<p>Prosimo, upo\u0161tevajte, da so slike izdelkov, predstavljene na na\u0161i spletni strani, samo za ilustrativne namene in morda ne vklju\u010dujejo vseh specifi\u010dnih zna\u010dilnosti izdelka.<\/p>\n\n<h2 class=\"wp-block-heading\">Promocijska E-Po\u0161tna Sporo\u010dila<\/h2>\n\n<p>Z navedbo va\u0161ega e-po\u0161tnega naslova nam dajete dovoljenje za po\u0161iljanje promocijskih e-sporo\u010dil od Husky Bear Poppers. \u010ce ne \u017eelite ve\u010d prejemati teh sporo\u010dil, lahko to storite s klikom na povezavo &#8220;Odjava&#8221; na dnu e-sporo\u010dil ali tako, da nas kontaktirate na <a href=\"mailto:info@huskybearpoppers.eu\">info@huskybearpoppers.eu<\/a>. <\/p>\n\n<h2 class=\"wp-block-heading\">Va\u0161e Pravice v Skladu s Splo\u0161no Uredbo o Varstvu Podatkov (GDPR)<\/h2>\n\n<p>GDPR vam daje naslednje pravice:<\/p>\n\n<ul class=\"wp-block-list\">\n<li>Pravica do dostopa do va\u0161ih osebnih podatkov in prejema celovitih informacij o njihovi obdelavi.<\/li>\n\n\n\n<li>Pravica do popravka neto\u010dnih osebnih podatkov.<\/li>\n\n\n\n<li>Pravica do omejitve obdelave va\u0161ih osebnih podatkov.<\/li>\n\n\n\n<li>Pravica do izbrisa (&#8220;pravica do pozabe&#8221;), \u010de so izpolnjeni dolo\u010deni pogoji.<\/li>\n\n\n\n<li>Pravica do prenosljivosti podatkov, ki vam omogo\u010da, da prejmete svoje podatke v strukturirani, strojno berljivi obliki.<\/li>\n\n\n\n<li>Pravica do ugovora obdelavi va\u0161ih osebnih podatkov za namene neposrednega tr\u017eenja.<\/li>\n\n\n\n<li>Pravica, da niste predmet avtomatiziranega odlo\u010danja, vklju\u010dno s profiliranjem, razen \u010de veljajo dolo\u010deni pogoji.<\/li>\n\n\n\n<li>Pravica do vlo\u017eitve prito\u017ebe pri nadzornem organu, \u010de menite, da so bile kr\u0161ene va\u0161e pravice do varstva podatkov.<\/li>\n<\/ul>\n\n<p>\u010ce \u017eelite uveljavljati katero koli od teh pravic ali pridobiti dodatne informacije, nas prosimo kontaktirajte na <a href=\"mailto:info@huskybearpoppers.eu\">info@huskybearpoppers.eu<\/a>.<\/p>\n\n<p>Pomembne Opombe:<\/p>\n\n<ul class=\"wp-block-list\">\n<li>Za dodatne kopije va\u0161ih osebnih podatkov lahko zahtevamo razumno pla\u010dilo.<\/li>\n\n\n\n<li>Morda bomo morali preveriti va\u0161o identiteto, preden izpolnimo va\u0161o zahtevo.<\/li>\n\n\n\n<li>Zavezani smo, da se odzovemo na va\u0161o zahtevo v roku, dolo\u010denem z zakonom.<\/li>\n<\/ul>\n\n<h2 class=\"wp-block-heading\">Postopek za Uveljavljanje Va\u0161ih Pravic<\/h2>\n\n<p>Potrjujem, da lahko vse zahteve glede uveljavljanja svojih pravic v zvezi z osebnimi podatki po\u0161ljem pisno upravljavcu podatkov po e-po\u0161ti na <a href=\"mailto:info@huskybearpoppers.eu\">info@huskybearpoppers.eu<\/a>.<\/p>\n\n<p>Razumem, da lahko upravljavec za namene preverjanja moje identitete pri uveljavljanju mojih pravic do varstva podatkov od mene zahteva dodatne informacije. Upravljavec lahko zavrne ukrepanje na podlagi moje zahteve samo, \u010de doka\u017ee, da me ne more zanesljivo identificirati. <\/p>\n\n<p>Zavedam se, da je upravljavec dol\u017ean odgovoriti na mojo zahtevo, s katero uveljavljam svoje pravice glede zgoraj omenjenih osebnih podatkov, takoj in najkasneje v enem mesecu od datuma prejema moje zahteve.<\/p>\n\n<h2 class=\"wp-block-heading\">Razumevanje Pi\u0161kotkov in Njihovega Pomena<\/h2>\n\n<p>Pi\u0161kotki so majhne besedilne datoteke, ki jih spletno mesto po\u0161lje va\u0161emu spletnemu brskalniku, ko ga obi\u0161\u010dete. Te datoteke omogo\u010dajo spletni strani, da vas prepozna, si zapomni podrobnosti o va\u0161i seji brskanja in na koncu izbolj\u0161a va\u0161o spletno izku\u0161njo. Z uporabo pi\u0161kotkov lahko prilagodimo vsebino, ki jo vidite na na\u0161i spletni strani, ohranimo va\u0161e nastavitve in sledimo va\u0161im obiskom na\u0161e spletne trgovine.  <\/p>\n\n<p>Omogo\u010danje pi\u0161kotkov v nastavitvah va\u0161ega brskalnika omogo\u010da bolj priro\u010dno, u\u010dinkovito in poenostavljeno izku\u0161njo brskanja v na\u0161i spletni trgovini. Odlo\u010ditev o tem, ali dovolite shranjevanje pi\u0161kotkov v va\u0161i napravi, je popolnoma va\u0161a, pri \u010demer imate mo\u017enost spreminjanja nastavitev pi\u0161kotkov v va\u0161em spletnem brskalniku. <\/p>\n\n<p>Za navodila o prilagajanju nastavitev pi\u0161kotkov se obrnite na dokumentacijo va\u0161ega spletnega brskalnika:<\/p>\n\n<ul class=\"wp-block-list\">\n<li>Chrome<\/li>\n\n\n\n<li>Firefox<\/li>\n\n\n\n<li>Opera<\/li>\n\n\n\n<li>Internet Explorer 9<\/li>\n\n\n\n<li>Internet Explorer 7 and 8<\/li>\n\n\n\n<li>Microsoft Edge<\/li>\n\n\n\n<li>Safari<\/li>\n<\/ul>\n\n<p>Prosimo, upo\u0161tevajte, da \u010de spremenite ali izbri\u0161ete pi\u0161kotke v svojem brskalniku ali \u010de nadgradite ali zamenjate svoj brskalnik ali napravo, boste morda morali znova onemogo\u010diti pi\u0161kotke. Postopek upravljanja in brisanja pi\u0161kotkov se razlikuje glede na brskalnik, ki ga uporabljate. \u010ce potrebujete pomo\u010d, poi\u0161\u010dite navodila v razdelku za podporo uporabnikom va\u0161ega brskalnika.  <\/p>\n\n<p>Poleg tega imate mo\u017enost odjave od sledenja Google Analytics s klikom na to <a href=\"https:\/\/chromewebstore.google.com\/detail\/google-analytics-opt-out\/fllaojicojecljbmefodhfapmkghcbnh?hl=en\" target=\"_blank\" rel=\"noopener\">povezavo.<\/a><\/p>\n\n<p>Podroben seznam pi\u0161kotkov, uporabljenih na tej spletni strani, je naveden spodaj. <\/p>\n\n<p>Z uporabo na\u0161e spletne strani se strinjate s to politiko zasebnosti in pi\u0161kotkov.<\/p>\n\n<figure class=\"wp-block-table\"><table><tbody><tr><td><strong>Ime Pi\u0161kotka<\/strong><\/td><td><strong>Podjetje<\/strong><\/td><td><strong>Namen<\/strong><\/td><\/tr><tr><td>_ga<\/td><td>Google Analytics<\/td><td>Uporablja se za razlikovanje uporabnikov in sledenje prometu na spletnem mestu.<\/td><\/tr><tr><td>_gid<\/td><td>Google Analytics<\/td><td>Uporablja se za razlikovanje uporabnikov in sledenje prometu na spletnem mestu.<\/td><\/tr><tr><td>_gat<\/td><td>Google Analytics<\/td><td>Uporablja se za omejitev \u0161tevila zahtevkov.<\/td><\/tr><tr><td>PHPSESSID<\/td><td>Internal<\/td><td>Ohranja stanje uporabni\u0161ke seje med zahtevami strani.<\/td><\/tr><tr><td>woocommerce_cart_hash<\/td><td>WooCommerce<\/td><td>Shranjuje informacije o celotnem vozi\u010dku.<\/td><\/tr><tr><td>woocommerce_items_in_cart<\/td><td>WooCommerce<\/td><td>Shranjuje informacije o celotnem vozi\u010dku.<\/td><\/tr><tr><td>wp_woocommerce_session_*<\/td><td>WooCommerce<\/td><td>Vsebuje edinstveno kodo za vsako stranko za iskanje podatkov o ko\u0161arici v zbirki podatkov.<\/td><\/tr><tr><td>cookie_notice_accepted<\/td><td>Internal<\/td><td>Zapomni si, ali je bilo obvestilo o pi\u0161kotkih sprejeto.<\/td><\/tr><\/tbody><\/table><figcaption class=\"wp-element-caption\">Seznam pi\u0161kotkov<\/figcaption><\/figure>\n","protected":false},"excerpt":{"rendered":"<p>Politika zasebnosti in pi\u0161kotkov &#8211; Husky Bear Poppers V podjetju Husky Bear Poppers, ki ga upravlja dru\u017eba International Scalpers d.o.o. , dajemo prednost zasebnosti svojih uporabnikov in z njihovimi osebnimi podatki ravnamo zelo skrbno. V skladu z veljavnimi zakoni o varstvu podatkov si prizadevamo zagotoviti varstvo vseh osebnih podatkov, ki so nam zaupani. Podatki, ki [&hellip;]<\/p>\n","protected":false},"author":1,"featured_media":0,"parent":0,"menu_order":0,"comment_status":"closed","ping_status":"closed","template":"","meta":{"footnotes":""},"class_list":["post-3419","page","type-page","status-publish","hentry"],"blocksy_meta":[],"_links":{"self":[{"href":"https:\/\/huskybearpoppers.eu\/sl\/wp-json\/wp\/v2\/pages\/3419","targetHints":{"allow":["GET"]}}],"collection":[{"href":"https:\/\/huskybearpoppers.eu\/sl\/wp-json\/wp\/v2\/pages"}],"about":[{"href":"https:\/\/huskybearpoppers.eu\/sl\/wp-json\/wp\/v2\/types\/page"}],"author":[{"embeddable":true,"href":"https:\/\/huskybearpoppers.eu\/sl\/wp-json\/wp\/v2\/users\/1"}],"replies":[{"embeddable":true,"href":"https:\/\/huskybearpoppers.eu\/sl\/wp-json\/wp\/v2\/comments?post=3419"}],"version-history":[{"count":0,"href":"https:\/\/huskybearpoppers.eu\/sl\/wp-json\/wp\/v2\/pages\/3419\/revisions"}],"wp:attachment":[{"href":"https:\/\/huskybearpoppers.eu\/sl\/wp-json\/wp\/v2\/media?parent=3419"}],"curies":[{"name":"wp","href":"https:\/\/api.w.org\/{rel}","templated":true}]}}