{"id":3415,"date":"2024-07-22T18:56:49","date_gmt":"2024-07-22T16:56:49","guid":{"rendered":"https:\/\/huskybearpoppers.eu\/narocanje-in-vracila\/"},"modified":"2026-04-03T11:44:36","modified_gmt":"2026-04-03T09:44:36","slug":"narocanje-in-vracila","status":"publish","type":"page","link":"https:\/\/huskybearpoppers.eu\/sl\/narocanje-in-vracila\/","title":{"rendered":"Naro\u010danje in Vra\u010dila"},"content":{"rendered":"\n<h2 class=\"wp-block-heading\"><strong>Kako oddati naro\u010dilo pri Husky Bear Poppers<\/strong><\/h2>\n\n<p><strong>1.Naro\u010dila na spletni strani (<a href=\"https:\/\/huskybearpoppers.eu\/sl\/\">huskybearpoppers.eu<\/a>):<\/strong><\/p>\n\n<ul class=\"wp-block-list\">\n<li><strong>Brskajte in Izberite:<\/strong> Preglejte na\u0161o ponudbo izdelkov in dodajte \u017eelene izdelke v ko\u0161arico s klikom na &#8220;Dodaj v ko\u0161arico&#8221;.<\/li>\n\n\n\n<li><strong>Pregled Nakupovalne Ko\u0161arice:<\/strong> Prilagodite koli\u010dine, odstranite elemente ali uporabite kode za popuste v ko\u0161arici.<\/li>\n\n\n\n<li><strong>Preidite na Blagajno<\/strong>: Za nadaljevanje naro\u010dila kliknite &#8220;Proceed to Checkout&#8221;.<\/li>\n\n\n\n<li><strong>Vnesite svoje podatke:<\/strong> Vnesite svoje kontaktne podatke in podatke o dostavi. \u010ce je ra\u010dunski naslov druga\u010den, ozna\u010dite ustrezno polje. <\/li>\n\n\n\n<li><strong>Izberite Na\u010din Dostave<\/strong>: Na\u0161o prednostno storitev dostave se samodejno izbere in pristojbina za dostavo se izra\u010duna glede na va\u0161o dr\u017eavo med prijavo na blagajno.<\/li>\n\n\n\n<li><strong>Potrdite svoje naro\u010dilo<\/strong>: Dvakrat preverite podrobnosti naro\u010dila in kliknite &#8220;Potrdi naro\u010dilo&#8221;. Prejeli boste potrditveno e-po\u0161tno sporo\u010dilo. Po \u017eelji se lahko naro\u010dite na na\u0161e novice za ekskluzivne ponudbe.  <\/li>\n\n\n\n<li><strong>Sporazum:<\/strong> Z oddajo naro\u010dila se strinjate z na\u0161imi <a href=\"https:\/\/huskybearpoppers.eu\/sl\/pogoji-in-dolocila\/\"><strong>pogoji in dolo\u010dili.<\/strong><\/a><\/li>\n<\/ul>\n\n<p>Za podrobne informacije o stro\u0161kih dostave in pragovih brezpla\u010dne dostave obi\u0161\u010dite na\u0161o stran z<a href=\"https:\/\/huskybearpoppers.eu\/sl\/informacije-o-dostavi\/\"><strong> Informacijami o Dostavi.<\/strong><\/a><\/p>\n\n<p><strong>2. Naro\u010danje prek e-po\u0161te, dru\u017eabnih medijev ali telefona:<\/strong><\/p>\n\n<ul class=\"wp-block-list\">\n<li><strong>Po\u0161ljite svoje podatke:<\/strong> Po\u0161ljite svoje ime, naslov za dostavo, telefonsko \u0161tevilko in izdelke, ki jih \u017eelite kupiti, na<a> info@huskybearpoppers.eu<\/a> ali nas kontaktirajte prek Facebooka, WhatsAppa ali Instagrama.<\/li>\n\n\n\n<li><strong>Pridobite Pomo\u010d:<\/strong> Na\u0161a ekipa za podporo strankam vam bo pomagala med celotnim postopkom nakupa.<\/li>\n<\/ul>\n\n<h3 class=\"wp-block-heading\"><strong>Va\u0161a Pravica do Preklica<\/strong><\/h3>\n\n<ul class=\"wp-block-list\">\n<li><strong>14-dnevna odpoved:<\/strong> V 14 dneh po prejemu izdelka lahko prekli\u010dete naro\u010dilo, ne da bi vam bilo treba navesti razlog. \u010ce niste zadovoljni, lahko zahtevate vra\u010dilo denarja ali zamenjavo. To morate storiti v zakonsko dolo\u010denem 14-dnevnem roku, ki se za\u010dne, ko vi ali dolo\u010dena oseba (ki ni prevoznik) prevzamete blago.  <\/li>\n\n\n\n<li><strong>Pogoj za vra\u010dila:<\/strong> Vrnjeni izdelki morajo biti nepo\u0161kodovani, v originalni embala\u017ei, z vso pripadajo\u010do dodatno opremo. \u010ce je izdelek ali embala\u017ea po\u0161kodovana ali preve\u010d uporabljena, lahko zahtevamo od\u0161kodnino za zmanj\u0161ano vrednost. Ko se odlo\u010dite za preklic, izdelka ne uporabljajte ve\u010d.  <\/li>\n\n\n\n<li><strong>Kako nas obvestite:<\/strong> V 14 dneh po prejemu izdelka nam po\u0161ljite e-po\u0161to na naslov <a>info@huskybearpoppers.eu<\/a> in navedite \u0161tevilko naro\u010dila. Vklju\u010dite svoje ime in priimek ter ime izdelka. Ko nas obvestite, nam v 14 dneh vrnite paket na na\u0161 naslov, vklju\u010dno z evropskim standardnim obrazcem za odstop od pogodbe, ki ga je treba natisniti, izpolniti, podpisati in poslati skupaj z izdelkom. Priporo\u010damo, da uporabite storitev po\u0161iljanja, ki ji je mogo\u010de slediti. Stro\u0161ke povratnega po\u0161iljanja krijete sami, paketov s pla\u010dilom po povzetju ne sprejemamo.    <\/li>\n\n\n\n<li><strong>Vra\u010dila:<\/strong> Ko bo na\u0161 oddelek za reklamacije prejel in pregledal va\u0161e vra\u010dilo, vam bomo v 14 dneh poslali zamenjavo ali vrnili denar. Vra\u010dila bodo obdelana na prvotno uporabljen na\u010din pla\u010dila, vklju\u010dno s stro\u0161ki po\u0161iljanja. <\/li>\n<\/ul>\n\n<p><strong>Pomembno:<\/strong> Prepri\u010dajte se, da je izdelek kupljen v na\u0161i trgovini in da ga je mogo\u010de vrniti. Ne odgovarjamo za vra\u010dila izdelkov, ki niso bili kupljeni pri nas, ali izdelkov, ki jih ni mogo\u010de vrniti. <\/p>\n\n<h3 class=\"wp-block-heading\"><strong>Izjeme od Pravilnika o Vra\u010danju<\/strong><\/h3>\n\n<ul class=\"wp-block-list\">\n<li><strong>Higienski Izdelki<\/strong>: Odprte stekleni\u010dke \u010distil za usnje in druge podobne izdelke, ki se prodajajo v zaprti embala\u017ei, je mogo\u010de vrniti le, \u010de so neodprti in v originalni, nepo\u0161kodovani embala\u017ei.<\/li>\n\n\n\n<li><strong>Me\u0161ani Izdelki: <\/strong>predmetov, ki so bili pome\u0161ani z drugimi predmeti (npr. kompleti), ni mogo\u010de vrniti.<\/li>\n<\/ul>\n\n<h3 class=\"wp-block-heading\"><strong>Obravnava Prito\u017eb<\/strong><\/h3>\n\n<p><strong>Te\u017eave z Dostavo:<\/strong><\/p>\n\n<ul class=\"wp-block-list\">\n<li><strong>Po\u0161kodovani ali Nepravilni Predmeti:<\/strong> \u010ce izdelek prispe po\u0161kodovan ali prejmete napa\u010den izdelek, nam v 48 urah po dostavi pi\u0161ite na <a>info@huskybearpoppers.eu<\/a>. Prilo\u017eite fotografije paketa in izdelka(-ov), da pospe\u0161ite re\u0161evanje. <\/li>\n<\/ul>\n\n<p><strong>Te\u017eave z Izdelki:<\/strong><\/p>\n\n<ul class=\"wp-block-list\">\n<li><strong>Napa\u010dno Delujo\u010di Izdelki: <\/strong>\u010ce izdelek ne deluje pravilno, nam pi\u0161ite na <a>info@huskybearpoppers.eu<\/a> in nam posredujte videoposnetek, ki prikazuje te\u017eavo. \u010ce te\u017eava ni jasna, lahko zahtevamo, da izdelek vrnete v pregled. Stro\u0161ki po\u0161iljanja izdelka nazaj so va\u0161a odgovornost.  <\/li>\n<\/ul>\n\n<h3 class=\"wp-block-heading\"><strong>Re\u0161evanje Sporov<\/strong><\/h3>\n\n<p>\u010ce z na\u0161o re\u0161itvijo niste zadovoljni in ne morete dose\u010di dogovora, prito\u017ebo predlo\u017eite<strong> odboru za re\u0161evanje sporov prek platforme za evropsko re\u0161evanje sporov<\/strong> &#8211; <a href=\"http:\/\/ec.europa.eu\/consumers\/odr\/\" target=\"_blank\" rel=\"noopener\"><strong>tukaj<\/strong><\/a>.<\/p>\n\n<p>Pozitivno bodo re\u0161eni le zahtevki, ki izpolnjujejo vse pogoje.<\/p>\n\n<p>Za ve\u010d podrobnosti o na\u0161ih pogojih, dolo\u010dilih in drugih pravilih preverite povezave na dnu strani.<\/p>\n","protected":false},"excerpt":{"rendered":"<p>Kako oddati naro\u010dilo pri Husky Bear Poppers 1.Naro\u010dila na spletni strani (huskybearpoppers.eu): Za podrobne informacije o stro\u0161kih dostave in pragovih brezpla\u010dne dostave obi\u0161\u010dite na\u0161o stran z Informacijami o Dostavi. 2. Naro\u010danje prek e-po\u0161te, dru\u017eabnih medijev ali telefona: Va\u0161a Pravica do Preklica Pomembno: Prepri\u010dajte se, da je izdelek kupljen v na\u0161i trgovini in da ga je [&hellip;]<\/p>\n","protected":false},"author":1,"featured_media":25778,"parent":0,"menu_order":0,"comment_status":"closed","ping_status":"closed","template":"","meta":{"footnotes":""},"class_list":["post-3415","page","type-page","status-publish","has-post-thumbnail","hentry"],"blocksy_meta":[],"_links":{"self":[{"href":"https:\/\/huskybearpoppers.eu\/sl\/wp-json\/wp\/v2\/pages\/3415","targetHints":{"allow":["GET"]}}],"collection":[{"href":"https:\/\/huskybearpoppers.eu\/sl\/wp-json\/wp\/v2\/pages"}],"about":[{"href":"https:\/\/huskybearpoppers.eu\/sl\/wp-json\/wp\/v2\/types\/page"}],"author":[{"embeddable":true,"href":"https:\/\/huskybearpoppers.eu\/sl\/wp-json\/wp\/v2\/users\/1"}],"replies":[{"embeddable":true,"href":"https:\/\/huskybearpoppers.eu\/sl\/wp-json\/wp\/v2\/comments?post=3415"}],"version-history":[{"count":0,"href":"https:\/\/huskybearpoppers.eu\/sl\/wp-json\/wp\/v2\/pages\/3415\/revisions"}],"wp:featuredmedia":[{"embeddable":true,"href":"https:\/\/huskybearpoppers.eu\/sl\/wp-json\/wp\/v2\/media\/25778"}],"wp:attachment":[{"href":"https:\/\/huskybearpoppers.eu\/sl\/wp-json\/wp\/v2\/media?parent=3415"}],"curies":[{"name":"wp","href":"https:\/\/api.w.org\/{rel}","templated":true}]}}