{"id":3375,"date":"2024-07-25T14:16:34","date_gmt":"2024-07-25T12:16:34","guid":{"rendered":"https:\/\/huskybearpoppers.eu\/diskreten-paket\/"},"modified":"2026-04-03T11:44:29","modified_gmt":"2026-04-03T09:44:29","slug":"diskreten-paket","status":"publish","type":"page","link":"https:\/\/huskybearpoppers.eu\/sl\/diskreten-paket\/","title":{"rendered":"Diskreten Paket"},"content":{"rendered":"\n<p><strong>Va\u0161a Zasebnost je Na\u0161a Prednostna Naloga<\/strong><\/p>\n\n<p>Na spletni strani Husky Bear Poppers zavedamo, da je pri nakupu poppers pomembna diskretnost. Vemo, da je zasebnost pomembna, zato smo oblikovali diskretno embala\u017eo, ki zagotavlja, da va\u0161e osebne \u017eelje ostanejo zaupne. Z na\u0161im diskretnim paketom lahko nakupujete z zaupanjem, saj veste, da bo va\u0161e naro\u010dilo prispelo varno in brez razkritja vsebine.  <\/p>\n\n<div class=\"wp-block-rank-math-toc-block\" id=\"rank-math-toc\"><h2>Table of Contents<\/h2><nav><ul><li><a href=\"#1-why-choose-our-discrete-package\">1. Zakaj Izbrati Na\u0161 Diskretni Paket?<\/a><\/li><li><a href=\"#2-detailed-packaging-process\">2. Podroben Postopek Pakiranja<\/a><ul><li><a href=\"#2-1-unmarked-brown-boxes\">2.1 Neozna\u010dene Rjave \u0160katle<\/a><\/li><li><a href=\"#2-2-secure-and-tamper-evident-sealing\">2.2 Varno in Zape\u010dateno z Dokazom o Posegu<\/a><\/li><\/ul><\/li><li><a href=\"#3-labeling-and-privacy\">3. Ozna\u010devanje in Zasebnost<\/a><ul><li><a href=\"#3-1-non-descriptive-shipping-labels\">3.1 Neopisne Dobavne Etikete<\/a><\/li><li><a href=\"#3-2-generic-return-address\">3.2 Splo\u0161ni Povratni Naslov<\/a><\/li><\/ul><\/li><li><a href=\"#4-shipping-across-europe\">4. Po\u0161iljanje po Evropi<\/a><ul><li><a href=\"#4-1-fast-and-reliable-delivery\">4.1 Hitra in Zanesljiva Dostava<\/a><\/li><li><a href=\"#4-2-expedited-shipping-options\">4.2 Mo\u017enosti Hitrega Po\u0161iljanja<\/a><\/li><li><a href=\"#4-3-wide-european-coverage\">4.3 \u0160iroka Evropska Pokritost<\/a><\/li><li><a href=\"#4-4-shipping-partners\">4.4 Dostavni Partnerji<\/a><\/li><\/ul><\/li><li><a href=\"#5-customer-privacy-assurance\">5. Zagotavljanje Zasebnosti Strank<\/a><ul><li><a href=\"#5-1-secure-payment-methods\">5.1 Varni Na\u010dini Pla\u010dila<\/a><\/li><li><a href=\"#5-2-data-protection-policies\">5.2 Politike Varstva Podatkov<\/a><\/li><\/ul><\/li><li><a href=\"#6-packaging-standards\">6. Standardi Pakiranja<\/a><\/li><li><a href=\"#7-conclusion\">7. Zaklju\u010dek<\/a><\/li><\/ul><\/nav><\/div>\n\n<h2 class=\"wp-block-heading\" id=\"1-why-choose-our-discrete-package\">1. Zakaj Izbrati Na\u0161 Diskretni Paket?<\/h2>\n\n<p>Ko izberete Husky Bear Poppers, se odlo\u010dite za zasebnost, varnost in du\u0161evni mir.\nNa\u0161 diskretni paket ponuja ve\u010d ugodnosti, ki zagotavljajo va\u0161e zadovoljstvo: <\/p>\n\n<ol class=\"wp-block-list\">\n<li><strong>Brez oznake Embala\u017ea:<\/strong>\n<ul class=\"wp-block-list\">\n<li><strong>Navadne rjave \u0161katle:<\/strong> Vsa naro\u010dila so poslana v navadnih, neozna\u010denih rjavih \u0161katlah. Na zunanji strani ni logotipov, imen podjetij ali podrobnosti o izdelku. <\/li>\n\n\n\n<li><strong>Neopisne oznake:<\/strong> Na povratnem naslovu paketa je navedeno &#8220;International Scalpers l.l.c.&#8221;, kar zagotavlja, da vsebina ostane zaupna.<\/li>\n<\/ul>\n<\/li>\n\n\n\n<li><strong>Brez Navedbe Vsebine:<\/strong>\n<ul class=\"wp-block-list\">\n<li><strong>Brez Opisov Izdelkov:<\/strong> Znotraj ni nobenih opisov ali imen izdelkov, kar zagotavlja popolno zasebnost<\/li>\n\n\n\n<li><strong>Splo\u0161ni Naslov za Nra\u010danje:<\/strong> Na\u0161 povratni naslov je splo\u0161en in ne ozna\u010duje narave va\u0161ega nakupa.<\/li>\n<\/ul>\n<\/li>\n\n\n\n<li><strong>Varno Tesnjenje:<\/strong>\n<ul class=\"wp-block-list\">\n<li><strong>Zape\u010dateno z Dokazom o Posegu:<\/strong> Uporabljamo visokokakovostne metode pe\u010datenja z dokazom o posegu, da zagotovimo, da va\u0161 paket prispe nepo\u0161kodovan in neodprt<\/li>\n\n\n\n<li><strong>Prepre\u010devanje \u0160kode:<\/strong> Vsaka stekleni\u010dka je skrbno zavita in oblazinjena, da se med prevozom ne bi razbila ali pu\u0161\u010dala.<\/li>\n<\/ul>\n<\/li>\n<\/ol>\n\n<figure class=\"wp-block-gallery has-nested-images columns-3 is-cropped wp-block-gallery-1 is-layout-flex wp-block-gallery-is-layout-flex\">\n<figure class=\"wp-block-image size-large\"><img loading=\"lazy\" decoding=\"async\" width=\"576\" height=\"1024\" data-id=\"1607\" src=\"https:\/\/huskybearpoppers.eu\/wp-content\/uploads\/2024\/07\/Discreet-package-example-1-576x1024.jpg\" alt=\"\" class=\"wp-image-1607\" srcset=\"https:\/\/huskybearpoppers.eu\/wp-content\/uploads\/2024\/07\/Discreet-package-example-1-576x1024.jpg 576w, https:\/\/huskybearpoppers.eu\/wp-content\/uploads\/2024\/07\/Discreet-package-example-1-800x1422.jpg 800w, https:\/\/huskybearpoppers.eu\/wp-content\/uploads\/2024\/07\/Discreet-package-example-1-169x300.jpg 169w, https:\/\/huskybearpoppers.eu\/wp-content\/uploads\/2024\/07\/Discreet-package-example-1-768x1365.jpg 768w, https:\/\/huskybearpoppers.eu\/wp-content\/uploads\/2024\/07\/Discreet-package-example-1-864x1536.jpg 864w, https:\/\/huskybearpoppers.eu\/wp-content\/uploads\/2024\/07\/Discreet-package-example-1.jpg 900w\" sizes=\"auto, (max-width: 576px) 100vw, 576px\" \/><\/figure>\n\n\n\n<figure class=\"wp-block-image size-large\"><img loading=\"lazy\" decoding=\"async\" width=\"576\" height=\"1024\" data-id=\"1606\" src=\"https:\/\/huskybearpoppers.eu\/wp-content\/uploads\/2024\/07\/Discreet-package-example-2-576x1024.jpg\" alt=\"\" class=\"wp-image-1606\" srcset=\"https:\/\/huskybearpoppers.eu\/wp-content\/uploads\/2024\/07\/Discreet-package-example-2-576x1024.jpg 576w, https:\/\/huskybearpoppers.eu\/wp-content\/uploads\/2024\/07\/Discreet-package-example-2-800x1422.jpg 800w, https:\/\/huskybearpoppers.eu\/wp-content\/uploads\/2024\/07\/Discreet-package-example-2-169x300.jpg 169w, https:\/\/huskybearpoppers.eu\/wp-content\/uploads\/2024\/07\/Discreet-package-example-2-768x1365.jpg 768w, https:\/\/huskybearpoppers.eu\/wp-content\/uploads\/2024\/07\/Discreet-package-example-2-864x1536.jpg 864w, https:\/\/huskybearpoppers.eu\/wp-content\/uploads\/2024\/07\/Discreet-package-example-2.jpg 900w\" sizes=\"auto, (max-width: 576px) 100vw, 576px\" \/><\/figure>\n\n\n\n<figure class=\"wp-block-image size-large\"><img loading=\"lazy\" decoding=\"async\" width=\"576\" height=\"1024\" data-id=\"1605\" src=\"https:\/\/huskybearpoppers.eu\/wp-content\/uploads\/2024\/07\/Discreet-package-example-3-576x1024.jpg\" alt=\"\" class=\"wp-image-1605\" srcset=\"https:\/\/huskybearpoppers.eu\/wp-content\/uploads\/2024\/07\/Discreet-package-example-3-576x1024.jpg 576w, https:\/\/huskybearpoppers.eu\/wp-content\/uploads\/2024\/07\/Discreet-package-example-3-800x1422.jpg 800w, https:\/\/huskybearpoppers.eu\/wp-content\/uploads\/2024\/07\/Discreet-package-example-3-169x300.jpg 169w, https:\/\/huskybearpoppers.eu\/wp-content\/uploads\/2024\/07\/Discreet-package-example-3-768x1365.jpg 768w, https:\/\/huskybearpoppers.eu\/wp-content\/uploads\/2024\/07\/Discreet-package-example-3-864x1536.jpg 864w, https:\/\/huskybearpoppers.eu\/wp-content\/uploads\/2024\/07\/Discreet-package-example-3.jpg 900w\" sizes=\"auto, (max-width: 576px) 100vw, 576px\" \/><\/figure>\n<\/figure>\n\n<h2 class=\"wp-block-heading\" id=\"2-detailed-packaging-process\">2. Podroben Postopek Pakiranja<\/h2>\n\n<p>Na\u0161 podroben postopek pakiranja zagotavlja, da je va\u0161e naro\u010dilo varno in zasebno. Vsako naro\u010dilo je skrbno zapakirano v trpe\u017ene, rjave \u0161katle. Uporabljamo visokokakovostne embala\u017ene materiale, da zavarujemo va\u0161e izdelke in prepre\u010dimo kakr\u0161no koli po\u0161kodbo med prevozom. Embala\u017ea je zasnovana tako, da omogo\u010da zaznavanje posega, kar pomeni, da bo vsak poskus odpiranja opazen, s \u010dimer zagotovimo, da va\u0161e naro\u010dilo ostane nepo\u0161kodovano in zaupno.   <\/p>\n\n<h3 class=\"wp-block-heading\" id=\"2-1-unmarked-brown-boxes\">2.1 Neozna\u010dene Rjave \u0160katle<\/h3>\n\n<p>Zavedamo se pomena diskretnosti, zato za vse po\u0161iljke uporabljamo navadne, neozna\u010dene rjave \u0161katle. Te \u0161katle na zunanji strani nimajo nobenih logotipov, imen podjetij ali podrobnosti o izdelku. To zagotavlja, da je va\u0161a zasebnost ohranjena od trenutka, ko va\u0161e naro\u010dilo zapusti na\u0161 obrat, do trenutka, ko prispe do va\u0161ih vrat.  <\/p>\n\n<h3 class=\"wp-block-heading\" id=\"2-2-secure-and-tamper-evident-sealing\">2.2 Varno in Zape\u010dateno z Dokazom o Posegu<\/h3>\n\n<p>Da bi \u0161e bolj zagotovili va\u0161o zasebnost in celovitost va\u0161ega naro\u010dila, uporabljamo metode zape\u010datenja, ki jih ni mogo\u010de po\u0161kodovati. Na\u0161i paketi so varno zape\u010dateni in vsak poskus njihovega odpiranja bo o\u010diten. Tako ste lahko prepri\u010dani, da va\u0161e naro\u010dilo med po\u0161iljanjem ni bilo po\u0161kodovano.  <\/p>\n\n<h2 class=\"wp-block-heading\" id=\"3-labeling-and-privacy\">3. Ozna\u010devanje in Zasebnost<\/h2>\n\n<p>Sprejemamo dodatne ukrepe za zagotavljanje va\u0161e zasebnosti.\nPo\u0161iljateljska nalepka ni opisna in vsebuje le potrebne podatke o dostavi.\nIme po\u0161iljatelja je navedeno kot &#8220;International Scalpers l.l.c.&#8221;, brez navedbe Husky Bear Poppers ali izdelkov v notranjosti.\nTako je va\u0161a zasebnost ohranjena od trenutka, ko va\u0161e naro\u010dilo zapusti na\u0161 obrat, do trenutka, ko prispe na va\u0161a vrata.   <\/p>\n\n<figure class=\"wp-block-image size-full\"><img loading=\"lazy\" decoding=\"async\" width=\"582\" height=\"693\" src=\"https:\/\/huskybearpoppers.eu\/wp-content\/uploads\/2024\/08\/dhl-shipping-lable.png\" alt=\"\" class=\"wp-image-2990\" srcset=\"https:\/\/huskybearpoppers.eu\/wp-content\/uploads\/2024\/08\/dhl-shipping-lable.png 582w, https:\/\/huskybearpoppers.eu\/wp-content\/uploads\/2024\/08\/dhl-shipping-lable-252x300.png 252w\" sizes=\"auto, (max-width: 582px) 100vw, 582px\" \/><\/figure>\n\n<h3 class=\"wp-block-heading\" id=\"3-1-non-descriptive-shipping-labels\">3.1 Neopisne Dobavne Etikete<\/h3>\n\n<p>Na\u0161e etikete za po\u0161iljanje so oblikovane tako, da so \u010dim bolj diskretne.\nVklju\u010dujejo le potrebne podatke o dostavi, po\u0161iljatelj pa je naveden kot &#8220;International Scalpers l.l.c.&#8221;\nNa njih ni naveden noben Husky Bear Poppers ali vrsti izdelkov v paketu.\nS tem je zagotovljeno, da je va\u0161a zasebnost za\u0161\u010ditena med celotnim postopkom po\u0161iljanja.   <\/p>\n\n<h3 class=\"wp-block-heading\" id=\"3-2-generic-return-address\">3.2 Splo\u0161ni Povratni Naslov<\/h3>\n\n<p>Da bi dodatno zagotovili va\u0161o zasebnost, na vseh paketih uporabljamo splo\u0161ni povratni naslov. Ta naslov ne navaja narave va\u0161ega nakupa, kar zagotavlja dodatno stopnjo diskretnosti. Ne glede na to, ali je paket dostavljen na va\u0161 dom, v pisarno ali na katero koli drugo lokacijo, ste lahko prepri\u010dani, da bo njegova vsebina ostala zaupna.  <\/p>\n\n<h2 class=\"wp-block-heading\" id=\"4-shipping-across-europe\">4. Po\u0161iljanje po Evropi<\/h2>\n\n<p>Ponujamo hiter in zanesljiv prevoz po vsej Evropi. Na\u0161i standardni dobavni roki so hitri, za tiste, ki potrebujejo naro\u010dila prej, pa ponujamo tudi mo\u017enosti hitre dostave. Ne glede na va\u0161o lokacijo v Evropi lahko pri\u010dakujete, da bo va\u0161 diskretni paket prispel hitro in varno. <strong>Ve\u010d informacij o tem, kam po\u0161iljamo, najdete na na\u0161i strani z <a href=\"https:\/\/huskybearpoppers.eu\/sl\/informacije-o-dostavi\/\">informacijami o dostavi.<\/a><\/strong>  <\/p>\n\n<h3 class=\"wp-block-heading\" id=\"4-1-fast-and-reliable-delivery\">4.1 Hitra in Zanesljiva Dostava<\/h3>\n\n<p>Razumemo, da \u017eelite svoje izdelke \u010dim prej. Zato ponujamo hitro in zanesljivo dostavo po vsej Evropi. Na\u0161i standardni dobavni roki so zasnovani tako, da va\u0161e naro\u010dilo hitro prispe do vas, ne da bi pri tem ogrozili zasebnost in varnost va\u0161ega diskretnega paketa.  <\/p>\n\n<h3 class=\"wp-block-heading\" id=\"4-2-expedited-shipping-options\">4.2 Mo\u017enosti Hitrega Po\u0161iljanja<\/h3>\n\n<p>Za tiste, ki potrebujejo naro\u010dila \u0161e hitreje, ponujamo mo\u017enosti hitre dostave. Te mo\u017enosti zagotavljajo, da va\u0161 diskretni paket prispe \u010dim hitreje, hkrati pa ohranjajo najvi\u0161jo raven zasebnosti in varnosti. Ne glede na to, ali izberete standardno ali pospe\u0161eno po\u0161iljanje, lahko zaupate, da bo va\u0161e naro\u010dilo obravnavano skrbno in diskretno.  <\/p>\n\n<h3 class=\"wp-block-heading\" id=\"4-3-wide-european-coverage\">4.3 \u0160iroka Evropska Pokritost<\/h3>\n\n<p>Ne glede na to, kje v Evropi se nahajate, Husky Bear Poppers lahko dostavimo va\u0161e naro\u010dilo.\nNa\u0161e storitve po\u0161iljanja pokrivajo \u0161tevilne lokacije po vsej celini in zagotavljajo, da va\u0161 diskretni paket prispe do vas hitro in varno.\nOd ve\u010djih mest do oddaljenih obmo\u010dij, vsem na\u0161im strankam zagotavljamo zanesljive storitve dostave.  <\/p>\n\n<h3 class=\"wp-block-heading\" id=\"4-4-shipping-partners\">4.4 Dostavni Partnerji<\/h3>\n\n<p>Sodelujemo z zaupanja vrednimi prevozniki, kot so DHL, GLS in DPD, da zagotovimo varno in pravo\u010dasno dostavo va\u0161ega diskretnega paketa. Ti prevozniki so znani po svoji zanesljivosti in strokovnosti, kar dodatno zagotavlja, da va\u0161e naro\u010dilo prispe v popolnem stanju. <\/p>\n\n<figure class=\"wp-block-image size-large\"><img loading=\"lazy\" decoding=\"async\" width=\"1024\" height=\"134\" src=\"https:\/\/huskybearpoppers.eu\/wp-content\/uploads\/2024\/07\/Shipping-Partners-1024x134.jpg\" alt=\"\" class=\"wp-image-1603\" srcset=\"https:\/\/huskybearpoppers.eu\/wp-content\/uploads\/2024\/07\/Shipping-Partners-1024x134.jpg 1024w, https:\/\/huskybearpoppers.eu\/wp-content\/uploads\/2024\/07\/Shipping-Partners-1000x131.jpg 1000w, https:\/\/huskybearpoppers.eu\/wp-content\/uploads\/2024\/07\/Shipping-Partners-300x39.jpg 300w, https:\/\/huskybearpoppers.eu\/wp-content\/uploads\/2024\/07\/Shipping-Partners-768x101.jpg 768w, https:\/\/huskybearpoppers.eu\/wp-content\/uploads\/2024\/07\/Shipping-Partners-1536x202.jpg 1536w, https:\/\/huskybearpoppers.eu\/wp-content\/uploads\/2024\/07\/Shipping-Partners.jpg 1920w\" sizes=\"auto, (max-width: 1024px) 100vw, 1024px\" \/><\/figure>\n\n<h2 class=\"wp-block-heading\" id=\"5-customer-privacy-assurance\">5. Zagotavljanje Zasebnosti Strank<\/h2>\n\n<p>Poleg pakiranja smo zavezani k varovanju va\u0161e zasebnosti med celotnim postopkom naro\u010danja. Na na\u0161em spletnem mestu uporabljamo varne na\u010dine pla\u010devanja in izvajamo stroge politike varstva podatkov. Z va\u0161imi osebnimi podatki vedno ravnamo zelo skrbno in zaupno.  <\/p>\n\n<h3 class=\"wp-block-heading\" id=\"5-1-secure-payment-methods\">5.1 Varni Na\u010dini Pla\u010dila<\/h3>\n\n<p>Na spletni strani Husky Bear Poppersrazumemo pomen varnih transakcij.\nPonujamo razli\u010dne varne na\u010dine pla\u010devanja, da zagotovimo za\u0161\u010dito va\u0161ih finan\u010dnih podatkov.\nNe glede na to, ali se odlo\u010dite za pla\u010dilo s kreditno kartico, po povzetju ali na drug na\u010din, nam lahko zaupate, da so va\u0161i pla\u010dilni podatki pri nas varni.  <\/p>\n\n<h3 class=\"wp-block-heading\" id=\"5-2-data-protection-policies\">5.2 Politike Varstva Podatkov<\/h3>\n\n<p>Za\u0161\u010dito podatkov jemljemo resno. Na\u0161e spletno mesto je opremljeno z naprednimi varnostnimi ukrepi za za\u0161\u010dito va\u0161ih osebnih podatkov. Upo\u0161tevamo stroga pravila o varstvu podatkov in zagotavljamo, da va\u0161ih podatkov nikoli ne posredujemo tretjim osebam brez va\u0161ega soglasja. Va\u0161a zasebnost je na\u0161a glavna prednostna naloga, tako med nakupom kot po njem.   <\/p>\n\n<h2 class=\"wp-block-heading\" id=\"6-packaging-standards\">6. Standardi Pakiranja<\/h2>\n\n<p>Pri pakiranju upo\u0161tevamo standarde Mednarodnega zdru\u017eenja za zra\u010dni promet (IATA). To zagotavlja, da va\u0161e naro\u010dilo ni le diskretno, temve\u010d tudi v skladu z mednarodnimi predpisi o prevozu. Z upo\u0161tevanjem teh standardov zagotavljamo, da bo z va\u0161im diskretnim paketom med prevozom ravnano varno in odgovorno.  <\/p>\n\n<figure class=\"wp-block-image size-full is-resized is-style-default\"><a href=\"https:\/\/www.iata.org\/en\/publications\/manuals-standards-regulations\/\" target=\"_blank\" rel=\"noreferrer noopener\"><img loading=\"lazy\" decoding=\"async\" width=\"378\" height=\"396\" src=\"https:\/\/huskybearpoppers.eu\/wp-content\/uploads\/2024\/07\/iata-certificat.jpg\" alt=\"\" class=\"wp-image-1604\" style=\"width:161px;height:auto\" srcset=\"https:\/\/huskybearpoppers.eu\/wp-content\/uploads\/2024\/07\/iata-certificat.jpg 378w, https:\/\/huskybearpoppers.eu\/wp-content\/uploads\/2024\/07\/iata-certificat-286x300.jpg 286w\" sizes=\"auto, (max-width: 378px) 100vw, 378px\" \/><\/a><\/figure>\n\n<h2 class=\"wp-block-heading\" id=\"7-conclusion\">7. Zaklju\u010dek<\/h2>\n\n<p>\u010ce povzamemo, je na\u0161 diskretni paket zasnovan tako, da vam zagotavlja najvi\u0161jo raven zasebnosti in varnosti.\nOd trenutka, ko oddate naro\u010dilo, do njegovega prihoda na va\u0161a vrata zagotavljamo, da va\u0161e osebne \u017eelje ostanejo zaupne.\nIzberite Husky Bear Poppers za zanesljivo in diskretno nakupovalno izku\u0161njo.  <\/p>\n\n<p>Z na\u0161o diskretno embala\u017eo lahko nakupujete z zaupanjem, saj veste, da je va\u0161a zasebnost za\u0161\u010ditena na vsakem koraku. Izkusite mir, ki ga prina\u0161a na\u0161a varna in diskretna embala\u017ea, ter u\u017eivajte v nakupu brez skrbi. <\/p>\n","protected":false},"excerpt":{"rendered":"<p>Va\u0161a Zasebnost je Na\u0161a Prednostna Naloga Na spletni strani Husky Bear Poppers zavedamo, da je pri nakupu poppers pomembna diskretnost. Vemo, da je zasebnost pomembna, zato smo oblikovali diskretno embala\u017eo, ki zagotavlja, da va\u0161e osebne \u017eelje ostanejo zaupne. Z na\u0161im diskretnim paketom lahko nakupujete z zaupanjem, saj veste, da bo va\u0161e naro\u010dilo prispelo varno in [&hellip;]<\/p>\n","protected":false},"author":1,"featured_media":25778,"parent":0,"menu_order":0,"comment_status":"closed","ping_status":"closed","template":"","meta":{"footnotes":""},"class_list":["post-3375","page","type-page","status-publish","has-post-thumbnail","hentry"],"blocksy_meta":[],"_links":{"self":[{"href":"https:\/\/huskybearpoppers.eu\/sl\/wp-json\/wp\/v2\/pages\/3375","targetHints":{"allow":["GET"]}}],"collection":[{"href":"https:\/\/huskybearpoppers.eu\/sl\/wp-json\/wp\/v2\/pages"}],"about":[{"href":"https:\/\/huskybearpoppers.eu\/sl\/wp-json\/wp\/v2\/types\/page"}],"author":[{"embeddable":true,"href":"https:\/\/huskybearpoppers.eu\/sl\/wp-json\/wp\/v2\/users\/1"}],"replies":[{"embeddable":true,"href":"https:\/\/huskybearpoppers.eu\/sl\/wp-json\/wp\/v2\/comments?post=3375"}],"version-history":[{"count":0,"href":"https:\/\/huskybearpoppers.eu\/sl\/wp-json\/wp\/v2\/pages\/3375\/revisions"}],"wp:featuredmedia":[{"embeddable":true,"href":"https:\/\/huskybearpoppers.eu\/sl\/wp-json\/wp\/v2\/media\/25778"}],"wp:attachment":[{"href":"https:\/\/huskybearpoppers.eu\/sl\/wp-json\/wp\/v2\/media?parent=3375"}],"curies":[{"name":"wp","href":"https:\/\/api.w.org\/{rel}","templated":true}]}}