{"id":28474,"date":"2026-03-22T16:04:31","date_gmt":"2026-03-22T14:04:31","guid":{"rendered":"https:\/\/huskybearpoppers.eu\/kviz-za-priporocilo-poppersa-najdi-svojo-popolno-izbiro\/"},"modified":"2026-04-28T08:11:59","modified_gmt":"2026-04-28T06:11:59","slug":"kviz-za-priporocilo-poppersa-najdi-svojo-popolno-izbiro","status":"publish","type":"page","link":"https:\/\/huskybearpoppers.eu\/sl\/kviz-za-priporocilo-poppersa-najdi-svojo-popolno-izbiro\/","title":{"rendered":"Kviz za Priporo\u010dilo Poppersa \u2013 Najdi Svojo Popolno Izbiro"},"content":{"rendered":"\n<div class=\"wp-block-group is-layout-constrained wp-block-group-is-layout-constrained\" style=\"margin-top:var(--wp--preset--spacing--30);margin-bottom:var(--wp--preset--spacing--30)\">\n<h1 class=\"wp-block-heading has-text-align-center\">Kviz za Priporo\u010dilo Poppersa \u2013 <mark style=\"background-color:rgba(0, 0, 0, 0)\" class=\"has-inline-color has-palette-color-2-color\">Najdi Svojo Popolno Izbiro<\/mark><\/h1>\n\n\n\n<p class=\"has-text-align-center\">Vsi poppersi niso enaki &#8211; in izbira napa\u010dnega lahko uni\u010di izku\u0161njo.<\/p>\n\n\n\n<p class=\"has-text-align-center\">Zato smo ustvarili ta hitri kviz.<\/p>\n\n\n\n<p class=\"has-text-align-center\">V manj kot 60 sekundah bo\u0161 dobil personalizirano priporo\u010dilo na podlagi tvoje ravni izku\u0161enj, preferenc in kak\u0161en u\u010dinek dejansko i\u0161\u010de\u0161. \u010ce \u017eeli\u0161 nekaj mehkega in blagega ali mo\u010dnega in intenzivnega, ta kviz prere\u017ee hrup in ti pove to\u010dno, kje za\u010deti. <\/p>\n\n\n\n<p class=\"has-text-align-center\"><strong>Brez ugibanja. Brez zapravljenega denarja. Samo pravi produkt za tebe.  <\/strong><\/p>\n\n\n\n<div class=\"wp-block-buttons is-content-justification-center is-layout-flex wp-container-core-buttons-is-layout-241c0bc1 wp-block-buttons-is-layout-flex\">\n<div class=\"wp-block-button\"><a class=\"wp-block-button__link has-white-color has-palette-color-1-background-color has-text-color has-background has-link-color has-custom-font-size wp-element-button\" href=\"https:\/\/huskybearpoppers.eu\/sl\/kviz-za-priporocilo-poppersa-najdi-svojo-popolno-izbiro\/#quiz-p3HK2oJ\/\" style=\"border-radius:8px;padding-top:15px;padding-right:25px;padding-bottom:15px;padding-left:25px;font-size:clamp(14px, 0.875rem + ((1vw - 3.2px) * 0.313), 18px);font-style:normal;font-weight:600\"> Za\u010dni kviz zdaj \ud83d\udc49<\/a><\/div>\n<\/div>\n<\/div>\n\n<p><\/p>\n","protected":false},"excerpt":{"rendered":"<p>Kviz za Priporo\u010dilo Poppersa \u2013 Najdi Svojo Popolno Izbiro Vsi poppersi niso enaki &#8211; in izbira napa\u010dnega lahko uni\u010di izku\u0161njo. Zato smo ustvarili ta hitri kviz. V manj kot 60 sekundah bo\u0161 dobil personalizirano priporo\u010dilo na podlagi tvoje ravni izku\u0161enj, preferenc in kak\u0161en u\u010dinek dejansko i\u0161\u010de\u0161. \u010ce \u017eeli\u0161 nekaj mehkega in blagega ali mo\u010dnega in [&hellip;]<\/p>\n","protected":false},"author":1,"featured_media":25778,"parent":0,"menu_order":0,"comment_status":"closed","ping_status":"closed","template":"","meta":{"footnotes":""},"class_list":["post-28474","page","type-page","status-publish","has-post-thumbnail","hentry"],"blocksy_meta":{"content_style_source":"inherit","vertical_spacing_source":"custom","has_hero_section":"disabled","hero_alignment1":"center","styles_descriptor":{"styles":{"desktop":"","tablet":"","mobile":""},"google_fonts":[],"version":6},"pageExcerptColor":{"default":{"color":"var(--theme-palette-color-4)"}}},"_links":{"self":[{"href":"https:\/\/huskybearpoppers.eu\/sl\/wp-json\/wp\/v2\/pages\/28474","targetHints":{"allow":["GET"]}}],"collection":[{"href":"https:\/\/huskybearpoppers.eu\/sl\/wp-json\/wp\/v2\/pages"}],"about":[{"href":"https:\/\/huskybearpoppers.eu\/sl\/wp-json\/wp\/v2\/types\/page"}],"author":[{"embeddable":true,"href":"https:\/\/huskybearpoppers.eu\/sl\/wp-json\/wp\/v2\/users\/1"}],"replies":[{"embeddable":true,"href":"https:\/\/huskybearpoppers.eu\/sl\/wp-json\/wp\/v2\/comments?post=28474"}],"version-history":[{"count":1,"href":"https:\/\/huskybearpoppers.eu\/sl\/wp-json\/wp\/v2\/pages\/28474\/revisions"}],"predecessor-version":[{"id":28475,"href":"https:\/\/huskybearpoppers.eu\/sl\/wp-json\/wp\/v2\/pages\/28474\/revisions\/28475"}],"wp:featuredmedia":[{"embeddable":true,"href":"https:\/\/huskybearpoppers.eu\/sl\/wp-json\/wp\/v2\/media\/25778"}],"wp:attachment":[{"href":"https:\/\/huskybearpoppers.eu\/sl\/wp-json\/wp\/v2\/media?parent=28474"}],"curies":[{"name":"wp","href":"https:\/\/api.w.org\/{rel}","templated":true}]}}