{"id":29271,"date":"2024-05-27T12:03:48","date_gmt":"2024-05-27T10:03:48","guid":{"rendered":"https:\/\/huskybearpoppers.eu\/product\/sin-city-3x-mix-zestaw-poppers\/"},"modified":"2024-05-27T12:03:48","modified_gmt":"2024-05-27T10:03:48","slug":"sin-city-3x-mix-zestaw-poppers","status":"publish","type":"product","link":"https:\/\/huskybearpoppers.eu\/pl\/produkt\/sin-city-3x-mix-zestaw-poppers\/","title":{"rendered":"Sin City 3x-Mix Zestaw Poppers"},"content":{"rendered":"","protected":false},"excerpt":{"rendered":"<p><strong>Gor\u0105cy Sin City 3x-Mix Zestaw Poppers<\/strong> oferuje ci trzy premium produkty w lepszej cenie!<\/p>\n<p>Ta paczka zawiera:<\/p>\n<ul>\n<li><strong>1x <a href=\"https:\/\/huskybearpoppers.eu\/product\/poppers-highrise-extreme-formula-30ml\/\">Poppers Highrise Extreme Formula 30ml<\/a> &#8211; Pentyl Nitrite,<\/strong><\/li>\n<li><strong>1x <a href=\"https:\/\/huskybearpoppers.eu\/pl\/produkt\/poppers-highrise-wysoki-30ml\/\">Poppers Highrise Tall 30ml<\/a> &#8211; Pentyl Nitrite,<\/strong><\/li>\n<li><strong>1x <a href=\"https:\/\/huskybearpoppers.eu\/product\/poppers-highrise-city-hexyl-30ml\/\">Poppers Highrise City Hexyl 30ml<\/a> &#8211; Hexyl Nitrite.<\/strong><\/li>\n<\/ul>\n<p>Skorzystaj z okazji do oszcz\u0119dno\u015bci i ciesz si\u0119 mocnymi efektami tych popularnych poppers.<\/p>\n<p><span style=\"color: #ff0000;\">Zestaw mix liczy si\u0119 jako jeden produkt w rabacie ilo\u015bciowym!<\/span><\/p>\n","protected":false},"featured_media":22424,"comment_status":"open","ping_status":"closed","template":"","meta":[],"product_brand":[],"product_cat":[9863,1298,10137,10231,1287],"product_tag":[11084,11203,11207,2844,11204,11206,2982,11201,11208,11202,11205],"class_list":{"0":"post-29271","1":"product","2":"type-product","3":"status-publish","4":"has-post-thumbnail","6":"product_cat-3x-poppers-mix-zestawy","7":"product_cat-mieszane-zestawy-poppers","8":"product_cat-v300-a06s-k00v-g02p","9":"product_cat-we-951-169-0","10":"product_cat-pakiety-poppers","11":"product_tag-3x-zestaw-mix","12":"product_tag-aromaty-o-wysokiej-mocy","13":"product_tag-dostawa-do-europy","14":"product_tag-husky-bear-poppers-pl","15":"product_tag-mocna-formula","16":"product_tag-mocne-aromaty-do-pokoju-2","17":"product_tag-mocny-poppers","18":"product_tag-nowe-poppers","19":"product_tag-poppers-z-hiszpanii","20":"product_tag-sin-city-poppers","21":"product_tag-zestaw-poppers-z-rabatem-3","23":"first","24":"instock","25":"sale","26":"taxable","27":"shipping-taxable","28":"purchasable","29":"product-type-simple"},"_links":{"self":[{"href":"https:\/\/huskybearpoppers.eu\/pl\/wp-json\/wp\/v2\/product\/29271","targetHints":{"allow":["GET"]}}],"collection":[{"href":"https:\/\/huskybearpoppers.eu\/pl\/wp-json\/wp\/v2\/product"}],"about":[{"href":"https:\/\/huskybearpoppers.eu\/pl\/wp-json\/wp\/v2\/types\/product"}],"replies":[{"embeddable":true,"href":"https:\/\/huskybearpoppers.eu\/pl\/wp-json\/wp\/v2\/comments?post=29271"}],"version-history":[{"count":0,"href":"https:\/\/huskybearpoppers.eu\/pl\/wp-json\/wp\/v2\/product\/29271\/revisions"}],"wp:featuredmedia":[{"embeddable":true,"href":"https:\/\/huskybearpoppers.eu\/pl\/wp-json\/wp\/v2\/media\/22424"}],"wp:attachment":[{"href":"https:\/\/huskybearpoppers.eu\/pl\/wp-json\/wp\/v2\/media?parent=29271"}],"wp:term":[{"taxonomy":"product_brand","embeddable":true,"href":"https:\/\/huskybearpoppers.eu\/pl\/wp-json\/wp\/v2\/product_brand?post=29271"},{"taxonomy":"product_cat","embeddable":true,"href":"https:\/\/huskybearpoppers.eu\/pl\/wp-json\/wp\/v2\/product_cat?post=29271"},{"taxonomy":"product_tag","embeddable":true,"href":"https:\/\/huskybearpoppers.eu\/pl\/wp-json\/wp\/v2\/product_tag?post=29271"}],"curies":[{"name":"wp","href":"https:\/\/api.w.org\/{rel}","templated":true}]}}