{"id":29256,"date":"2024-05-27T12:03:48","date_gmt":"2024-05-27T10:03:48","guid":{"rendered":"https:\/\/huskybearpoppers.eu\/product\/steamy-orgy-nights-3x-mix-zestaw-poppers\/"},"modified":"2024-05-27T12:03:48","modified_gmt":"2024-05-27T10:03:48","slug":"steamy-orgy-nights-3x-mix-zestaw-poppers","status":"publish","type":"product","link":"https:\/\/huskybearpoppers.eu\/pl\/produkt\/steamy-orgy-nights-3x-mix-zestaw-poppers\/","title":{"rendered":"Steamy Orgy Nights 3x-Mix Zestaw Poppers"},"content":{"rendered":"","protected":false},"excerpt":{"rendered":"<p><strong>Steamy Orgy Nights 3x-Mix Zestaw Poppers<\/strong> oferuje ci trzy produkty premium w lepszej cenie!<\/p>\n<p>Ta paczka zawiera:<\/p>\n<ul>\n<li><strong>1x <a href=\"https:\/\/huskybearpoppers.eu\/pl\/produkt\/amyl-poppers-10ml\/\">Amyl Poppers 10ml<\/a> &#8211; Amyl Nitrite,<\/strong><\/li>\n<li><strong>1x <a href=\"https:\/\/huskybearpoppers.eu\/pl\/produkt\/super-rush-black-label-poppers-24ml-lub-25ml\/\">Super Rush Black Label Poppers 24ml<\/a> &#8211; Amyl Nitrite,<\/strong><\/li>\n<li><strong>1x <a href=\"https:\/\/huskybearpoppers.eu\/product\/bb-amyl-poppers-10ml\/\">BB Amyl Poppers 10ml<\/a> &#8211; Amyl Nitrite.<\/strong><\/li>\n<\/ul>\n<p>Skorzystaj z okazji do oszcz\u0119dno\u015bci i ciesz si\u0119 mocnymi efektami tych popularnych poppers.<\/p>\n<p><span style=\"color: #ff0000;\">Zestaw mix liczy si\u0119 jako jeden produkt w rabacie ilo\u015bciowym!<\/span><\/p>\n","protected":false},"featured_media":22425,"comment_status":"open","ping_status":"closed","template":"","meta":[],"product_brand":[],"product_cat":[9863,9816,1298,1287],"product_tag":[11084,11149,11148,11152,11146,11147,11145,11150,11151],"class_list":{"0":"post-29256","1":"product","2":"type-product","3":"status-publish","4":"has-post-thumbnail","6":"product_cat-3x-poppers-mix-zestawy","7":"product_cat-mg7t-f0q9-800v-n20t","8":"product_cat-mieszane-zestawy-poppers","9":"product_cat-pakiety-poppers","10":"product_tag-3x-zestaw-mix","11":"product_tag-mocne-aromaty-do-pokoju","12":"product_tag-poppers-hurtowo-europa","13":"product_tag-poppers-na-orgie","14":"product_tag-poppers-o-duzej-intensywnosci-na-impreze","15":"product_tag-steamy-orgy-3x","16":"product_tag-steamy-orgy-nights","17":"product_tag-ulubione-husky-bear","18":"product_tag-zestaw-potrojnej-mocy","20":"first","21":"instock","22":"sale","23":"taxable","24":"shipping-taxable","25":"purchasable","26":"product-type-simple"},"_links":{"self":[{"href":"https:\/\/huskybearpoppers.eu\/pl\/wp-json\/wp\/v2\/product\/29256","targetHints":{"allow":["GET"]}}],"collection":[{"href":"https:\/\/huskybearpoppers.eu\/pl\/wp-json\/wp\/v2\/product"}],"about":[{"href":"https:\/\/huskybearpoppers.eu\/pl\/wp-json\/wp\/v2\/types\/product"}],"replies":[{"embeddable":true,"href":"https:\/\/huskybearpoppers.eu\/pl\/wp-json\/wp\/v2\/comments?post=29256"}],"version-history":[{"count":0,"href":"https:\/\/huskybearpoppers.eu\/pl\/wp-json\/wp\/v2\/product\/29256\/revisions"}],"wp:featuredmedia":[{"embeddable":true,"href":"https:\/\/huskybearpoppers.eu\/pl\/wp-json\/wp\/v2\/media\/22425"}],"wp:attachment":[{"href":"https:\/\/huskybearpoppers.eu\/pl\/wp-json\/wp\/v2\/media?parent=29256"}],"wp:term":[{"taxonomy":"product_brand","embeddable":true,"href":"https:\/\/huskybearpoppers.eu\/pl\/wp-json\/wp\/v2\/product_brand?post=29256"},{"taxonomy":"product_cat","embeddable":true,"href":"https:\/\/huskybearpoppers.eu\/pl\/wp-json\/wp\/v2\/product_cat?post=29256"},{"taxonomy":"product_tag","embeddable":true,"href":"https:\/\/huskybearpoppers.eu\/pl\/wp-json\/wp\/v2\/product_tag?post=29256"}],"curies":[{"name":"wp","href":"https:\/\/api.w.org\/{rel}","templated":true}]}}