{"id":29222,"date":"2024-05-27T12:03:50","date_gmt":"2024-05-27T10:03:50","guid":{"rendered":"https:\/\/huskybearpoppers.eu\/product\/total-devotion-3x-mix-zestaw-poppers\/"},"modified":"2024-05-27T12:03:50","modified_gmt":"2024-05-27T10:03:50","slug":"total-devotion-3x-mix-zestaw-poppers","status":"publish","type":"product","link":"https:\/\/huskybearpoppers.eu\/pl\/produkt\/total-devotion-3x-mix-zestaw-poppers\/","title":{"rendered":"Total Devotion 3x-Mix Zestaw Poppers"},"content":{"rendered":"","protected":false},"excerpt":{"rendered":"<p><strong>Total Devotion 3x-Mix Zestaw Poppers<\/strong> oferuje ci trzy premium produkty w lepszej cenie!<\/p>\n<p>Ta paczka zawiera:<\/p>\n<ul>\n<li><strong>1x <a href=\"https:\/\/huskybearpoppers.eu\/product\/ecstasy-poppers-pop-13-ml\/\">Ecstasy Poppers Pop 13 ml<\/a> &#8211; Amyl Nitrite,<\/strong><\/li>\n<li><strong>1x <a href=\"https:\/\/huskybearpoppers.eu\/pl\/produkt\/top-twink-poppers-25-ml\/\">Top Twink Poppers 25 ml<\/a> &#8211; Amyl Nitrite,<\/strong><\/li>\n<li><strong>1x <a href=\"https:\/\/huskybearpoppers.eu\/pl\/produkt\/poppers-play-hard-10-ml\/\">Poppers Play Hard 10 ml<\/a> &#8211; Amyl Nitrite.<\/strong><\/li>\n<\/ul>\n<p>Skorzystaj z okazji do oszcz\u0119dno\u015bci i ciesz si\u0119 mocnymi efektami tych popularnych poppers.<\/p>\n<p><span style=\"color: #ff0000;\">Zestaw mix liczy si\u0119 jako jeden produkt w rabacie ilo\u015bciowym!<\/span><\/p>\n","protected":false},"featured_media":22429,"comment_status":"open","ping_status":"closed","template":"","meta":[],"product_brand":[],"product_cat":[9863,1298,9907,1287],"product_tag":[11084,11090,11087,11091,11086,11085,11092,11089,11083,11088],"class_list":{"0":"post-29222","1":"product","2":"type-product","3":"status-publish","4":"has-post-thumbnail","6":"product_cat-3x-poppers-mix-zestawy","7":"product_cat-mieszane-zestawy-poppers","8":"product_cat-qjyt-29pr-9003-8akx","9":"product_cat-pakiety-poppers","10":"product_tag-3x-zestaw-mix","11":"product_tag-ekskluzywne-produkty-husky-bear","12":"product_tag-europejski-sklep-z-poppers","13":"product_tag-mocne-poppers","14":"product_tag-najmocniejszy-zestaw-poppers","15":"product_tag-premium-nitraty","16":"product_tag-roznorodny-zestaw-aromatow-do-pokoju","17":"product_tag-total-devotion-3x","18":"product_tag-total-devotion-poppers","19":"product_tag-zestaw-poppers-z-rabatem-2","21":"first","22":"instock","23":"sale","24":"taxable","25":"shipping-taxable","26":"purchasable","27":"product-type-simple"},"_links":{"self":[{"href":"https:\/\/huskybearpoppers.eu\/pl\/wp-json\/wp\/v2\/product\/29222","targetHints":{"allow":["GET"]}}],"collection":[{"href":"https:\/\/huskybearpoppers.eu\/pl\/wp-json\/wp\/v2\/product"}],"about":[{"href":"https:\/\/huskybearpoppers.eu\/pl\/wp-json\/wp\/v2\/types\/product"}],"replies":[{"embeddable":true,"href":"https:\/\/huskybearpoppers.eu\/pl\/wp-json\/wp\/v2\/comments?post=29222"}],"version-history":[{"count":0,"href":"https:\/\/huskybearpoppers.eu\/pl\/wp-json\/wp\/v2\/product\/29222\/revisions"}],"wp:featuredmedia":[{"embeddable":true,"href":"https:\/\/huskybearpoppers.eu\/pl\/wp-json\/wp\/v2\/media\/22429"}],"wp:attachment":[{"href":"https:\/\/huskybearpoppers.eu\/pl\/wp-json\/wp\/v2\/media?parent=29222"}],"wp:term":[{"taxonomy":"product_brand","embeddable":true,"href":"https:\/\/huskybearpoppers.eu\/pl\/wp-json\/wp\/v2\/product_brand?post=29222"},{"taxonomy":"product_cat","embeddable":true,"href":"https:\/\/huskybearpoppers.eu\/pl\/wp-json\/wp\/v2\/product_cat?post=29222"},{"taxonomy":"product_tag","embeddable":true,"href":"https:\/\/huskybearpoppers.eu\/pl\/wp-json\/wp\/v2\/product_tag?post=29222"}],"curies":[{"name":"wp","href":"https:\/\/api.w.org\/{rel}","templated":true}]}}