{"id":29180,"date":"2024-05-27T12:03:54","date_gmt":"2024-05-27T10:03:54","guid":{"rendered":"https:\/\/huskybearpoppers.eu\/product\/unleashed-desire-3x-mix-zestaw-poppers\/"},"modified":"2026-05-07T14:12:53","modified_gmt":"2026-05-07T12:12:53","slug":"unleashed-desire-3x-mix-zestaw-poppers","status":"publish","type":"product","link":"https:\/\/huskybearpoppers.eu\/pl\/produkt\/unleashed-desire-3x-mix-zestaw-poppers\/","title":{"rendered":"Unleashed Desire 3x-Mix Zestaw Poppers"},"content":{"rendered":"","protected":false},"excerpt":{"rendered":"<p><strong>Unleashed Desire 3x-Mix Zestaw Poppers<\/strong> oferuje ci trzy premium produkty w lepszej cenie!<\/p>\n<p>Ten zestaw zawiera:<\/p>\n<ul>\n<li><strong>1x <a href=\"https:\/\/huskybearpoppers.eu\/pl\/produkt\/poppers-bad-boys-13-ml\/\">Poppers Bad Boys 13 ml<\/a> &#8211; Amyl Nitrite,<\/strong><\/li>\n<li><strong>1x <a href=\"https:\/\/huskybearpoppers.eu\/pl\/?attachment_id=12610\">Kraken Poppers 25ml<\/a> &#8211; Propyl Nitrite,<\/strong><\/li>\n<li><strong>1x <a href=\"https:\/\/huskybearpoppers.eu\/pl\/?attachment_id=22511\">Poppers Jungle Juice Supreme Steel 30ml<\/a> &#8211; Pentyl Nitrite.<\/strong><\/li>\n<\/ul>\n<p>Skorzystaj z okazji do oszcz\u0119dno\u015bci i ciesz si\u0119 mocnymi efektami tych popularnych poppers.<\/p>\n<p><span style=\"color: #ff0000;\">Zestaw mix liczy si\u0119 jako jeden produkt w rabacie ilo\u015bciowym!<\/span><\/p>\n","protected":false},"featured_media":26864,"comment_status":"open","ping_status":"closed","template":"","meta":[],"product_brand":[],"product_cat":[9863,9973,1298,9907,10231,1287],"product_tag":[],"class_list":{"0":"post-29180","1":"product","2":"type-product","3":"status-publish","4":"has-post-thumbnail","6":"product_cat-3x-poppers-mix-zestawy","7":"product_cat-h95d-qjdc-510e-g4w2","8":"product_cat-mieszane-zestawy-poppers","9":"product_cat-qjyt-29pr-9003-8akx","10":"product_cat-we-951-169-0","11":"product_cat-pakiety-poppers","13":"first","14":"instock","15":"sale","16":"taxable","17":"shipping-taxable","18":"purchasable","19":"product-type-simple"},"_links":{"self":[{"href":"https:\/\/huskybearpoppers.eu\/pl\/wp-json\/wp\/v2\/product\/29180","targetHints":{"allow":["GET"]}}],"collection":[{"href":"https:\/\/huskybearpoppers.eu\/pl\/wp-json\/wp\/v2\/product"}],"about":[{"href":"https:\/\/huskybearpoppers.eu\/pl\/wp-json\/wp\/v2\/types\/product"}],"replies":[{"embeddable":true,"href":"https:\/\/huskybearpoppers.eu\/pl\/wp-json\/wp\/v2\/comments?post=29180"}],"version-history":[{"count":0,"href":"https:\/\/huskybearpoppers.eu\/pl\/wp-json\/wp\/v2\/product\/29180\/revisions"}],"wp:featuredmedia":[{"embeddable":true,"href":"https:\/\/huskybearpoppers.eu\/pl\/wp-json\/wp\/v2\/media\/26864"}],"wp:attachment":[{"href":"https:\/\/huskybearpoppers.eu\/pl\/wp-json\/wp\/v2\/media?parent=29180"}],"wp:term":[{"taxonomy":"product_brand","embeddable":true,"href":"https:\/\/huskybearpoppers.eu\/pl\/wp-json\/wp\/v2\/product_brand?post=29180"},{"taxonomy":"product_cat","embeddable":true,"href":"https:\/\/huskybearpoppers.eu\/pl\/wp-json\/wp\/v2\/product_cat?post=29180"},{"taxonomy":"product_tag","embeddable":true,"href":"https:\/\/huskybearpoppers.eu\/pl\/wp-json\/wp\/v2\/product_tag?post=29180"}],"curies":[{"name":"wp","href":"https:\/\/api.w.org\/{rel}","templated":true}]}}