{"id":29161,"date":"2024-05-27T12:03:54","date_gmt":"2024-05-27T10:03:54","guid":{"rendered":"https:\/\/huskybearpoppers.eu\/product\/wild-playtime-3x-mix-zestaw-poppers\/"},"modified":"2024-05-27T12:03:54","modified_gmt":"2024-05-27T10:03:54","slug":"wild-playtime-3x-mix-zestaw-poppers","status":"publish","type":"product","link":"https:\/\/huskybearpoppers.eu\/pl\/produkt\/wild-playtime-3x-mix-zestaw-poppers\/","title":{"rendered":"Wild Playtime 3x-Mix Zestaw Poppers"},"content":{"rendered":"","protected":false},"excerpt":{"rendered":"<p><strong>Wild Playtime 3x-Mix Zestaw Poppers<\/strong> oferuje ci trzy premium produkty w lepszej cenie!<\/p>\n<p>Ten zestaw zawiera:<\/p>\n<ul>\n<li><strong>1x <a href=\"https:\/\/huskybearpoppers.eu\/pl\/produkt\/fing-prince-gold-label-poppers-30ml\/\">F**ing Prince Gold Label Poppers 30ml<\/a> &#8211; Pentyl Nitrite,<\/strong><\/li>\n<li><strong>1x <a href=\"https:\/\/huskybearpoppers.eu\/pl\/produkt\/poppers-jacked-30ml\/\">Poppers Jacked 30ml<\/a> &#8211; Hexyl Nitrite,<\/strong><\/li>\n<li><strong>1x <a href=\"https:\/\/huskybearpoppers.eu\/pl\/produkt\/fing-prince-poppers-30ml\/\">F**ing Prince Poppers 30ml<\/a> &#8211; Amyl Nitrite.<\/strong><\/li>\n<\/ul>\n<p>Skorzystaj z okazji do oszcz\u0119dno\u015bci i ciesz si\u0119 mocnymi efektami tych popularnych poppers.<\/p>\n<p><span style=\"color: #ff0000;\">Zestaw mix liczy si\u0119 jako jeden produkt w rabacie ilo\u015bciowym!<\/span><\/p>\n","protected":false},"featured_media":22433,"comment_status":"open","ping_status":"closed","template":"","meta":[],"product_brand":[],"product_cat":[9863,1298,9907,10123,10137,1287],"product_tag":[],"class_list":{"0":"post-29161","1":"product","2":"type-product","3":"status-publish","4":"has-post-thumbnail","6":"product_cat-3x-poppers-mix-zestawy","7":"product_cat-mieszane-zestawy-poppers","8":"product_cat-qjyt-29pr-9003-8akx","9":"product_cat-qndc-qapf-5107-awq7","10":"product_cat-v300-a06s-k00v-g02p","11":"product_cat-pakiety-poppers","13":"first","14":"instock","15":"sale","16":"taxable","17":"shipping-taxable","18":"purchasable","19":"product-type-simple"},"_links":{"self":[{"href":"https:\/\/huskybearpoppers.eu\/pl\/wp-json\/wp\/v2\/product\/29161","targetHints":{"allow":["GET"]}}],"collection":[{"href":"https:\/\/huskybearpoppers.eu\/pl\/wp-json\/wp\/v2\/product"}],"about":[{"href":"https:\/\/huskybearpoppers.eu\/pl\/wp-json\/wp\/v2\/types\/product"}],"replies":[{"embeddable":true,"href":"https:\/\/huskybearpoppers.eu\/pl\/wp-json\/wp\/v2\/comments?post=29161"}],"version-history":[{"count":0,"href":"https:\/\/huskybearpoppers.eu\/pl\/wp-json\/wp\/v2\/product\/29161\/revisions"}],"wp:featuredmedia":[{"embeddable":true,"href":"https:\/\/huskybearpoppers.eu\/pl\/wp-json\/wp\/v2\/media\/22433"}],"wp:attachment":[{"href":"https:\/\/huskybearpoppers.eu\/pl\/wp-json\/wp\/v2\/media?parent=29161"}],"wp:term":[{"taxonomy":"product_brand","embeddable":true,"href":"https:\/\/huskybearpoppers.eu\/pl\/wp-json\/wp\/v2\/product_brand?post=29161"},{"taxonomy":"product_cat","embeddable":true,"href":"https:\/\/huskybearpoppers.eu\/pl\/wp-json\/wp\/v2\/product_cat?post=29161"},{"taxonomy":"product_tag","embeddable":true,"href":"https:\/\/huskybearpoppers.eu\/pl\/wp-json\/wp\/v2\/product_tag?post=29161"}],"curies":[{"name":"wp","href":"https:\/\/api.w.org\/{rel}","templated":true}]}}