{"id":28708,"date":"2024-03-21T19:01:02","date_gmt":"2024-03-21T17:01:02","guid":{"rendered":"https:\/\/huskybearpoppers.eu\/product\/prezerwatywy-owocowe-pamitex-opakowanie-144-sztuki\/"},"modified":"2024-03-21T19:01:02","modified_gmt":"2024-03-21T17:01:02","slug":"prezerwatywy-owocowe-pamitex-opakowanie-144-sztuki","status":"publish","type":"product","link":"https:\/\/huskybearpoppers.eu\/pl\/produkt\/prezerwatywy-owocowe-pamitex-opakowanie-144-sztuki\/","title":{"rendered":"Prezerwatywy Owocowe Pamitex \u2013 Opakowanie 144 sztuki"},"content":{"rendered":"<h2>Prezerwatywy Owocowe Pamitex \u2013 Opakowanie 144 sztuki: Egzotyczne, Bezpieczne i Zabawne<\/h2>\n<p>Je\u015bli szukasz sposobu na dodanie odrobiny zabawy i smaku do swoich intymnych chwil, nie szukaj dalej ni\u017c <strong>Prezerwatywy Owocowe Pamitex \u2013 Opakowanie 144 sztuki.<\/strong> Te prezerwatywy oferuj\u0105 <strong>uwodzicielski smak tutti frutti<\/strong>, kt\u00f3ry rozpali twoje zmys\u0142y, czyni\u0105c ka\u017cd\u0105 wsp\u00f3ln\u0105 chwil\u0119 jeszcze bardziej ekscytuj\u0105c\u0105 i niezapomnian\u0105. Wykonane z wysokiej jako\u015bci lateksu, te prezerwatywy s\u0105 zaprojektowane tak, aby zapewni\u0107 wygodne i bezpieczne dopasowanie, pozwalaj\u0105c ci skupi\u0107 si\u0119 na przyjemno\u015bci bez \u017cadnych rozpraszaczy.  <\/p>\n<h3>Odkryj nieodparte korzy\u015bci Prezerwatyw Owocowych Pamitex:<\/h3>\n<ul>\n<li><strong>Smakowe do\u015bwiadczenie<\/strong>: Ciesz si\u0119 s\u0142odkim smakiem <strong>tutti frutti <\/strong>przy ka\u017cdym u\u017cyciu. Idealne dla tych, kt\u00f3rzy chc\u0105 doda\u0107 troch\u0119 ekscytacji do swoich intymnych chwil. <\/li>\n<li><strong>Materia\u0142 lateksowy premium<\/strong>: Wykonane z wysokiej jako\u015bci lateksu, te prezerwatywy zapewniaj\u0105 niezawodne i dopasowane dopasowanie, gwarantuj\u0105c bezpiecze\u0144stwo bez kompromis\u00f3w w komforcie.<\/li>\n<li><strong>G\u0142adka tekstura<\/strong>: G\u0142adka powierzchnia tych prezerwatyw zwi\u0119ksza doznania i przyjemno\u015b\u0107, sprawiaj\u0105c, \u017ce ka\u017cda chwila jest przyjemniejsza.<\/li>\n<li><strong>Standardowy \u015bredni rozmiar<\/strong>: Mierz\u0105c 200mm (8 cali) d\u0142ugo\u015bci i 53mm (2,1 cala) szeroko\u015bci, te prezerwatywy s\u0105 zaprojektowane tak, aby wygodnie pasowa\u0107 do wi\u0119kszo\u015bci os\u00f3b.<\/li>\n<li><strong>D\u0142uga trwa\u0142o\u015b\u0107<\/strong>: Z dat\u0105 wa\u017cno\u015bci od 3 do 4 lat, mo\u017cesz zrobi\u0107 zapasy i utrzyma\u0107 swoje intymne chwile bezpieczne i smakowe przez d\u0142ugi czas.<\/li>\n<li><strong>Certyfikat CE i FDA<\/strong>: Te prezerwatywy s\u0105 certyfikowane przez CE i FDA, zapewniaj\u0105c, \u017ce u\u017cywasz bezpiecznego, zaufanego produktu, kt\u00f3ry przeszed\u0142 rygorystyczne standardy bezpiecze\u0144stwa.<\/li>\n<li><strong>Dyskretna dostawa<\/strong>: Twoja paczka zostanie dostarczona w <strong>100% dyskretny<\/strong> spos\u00f3b, zapewniaj\u0105c prywatno\u015b\u0107 na ka\u017cdym kroku.<\/li>\n<\/ul>\n<h2><strong>Dlaczego wybra\u0107 Prezerwatywy Owocowe Pamitex?<\/strong><\/h2>\n<p><strong>Prezerwatywy Owocowe Pamitex \u2013 Opakowanie 144 sztuki<\/strong> s\u0105 zaprojektowane tak, aby twoje intymne do\u015bwiadczenia by\u0142y zar\u00f3wno zabawne, jak i bezpieczne. Niezale\u017cnie od tego, czy szukasz odrobiny dodatkowego smaku, czy niezawodnej prezerwatywy do codziennego u\u017cytku, te prezerwatywy oferuj\u0105 jedno i drugie. Z <strong>144 prezerwatywami w ka\u017cdym opakowaniu<\/strong> mo\u017cesz cieszy\u0107 si\u0119 spokojem ducha, wiedz\u0105c, \u017ce masz wystarczaj\u0105co du\u017co na do\u015b\u0107 d\u0142ugo. <strong>Smak tutti frutti <\/strong>dodaje zabawnego akcentu, kt\u00f3ry wzmacnia intimno\u015b\u0107, podczas gdy lateks zapewnia trwa\u0142o\u015b\u0107 i komfort. Co najlepsze, te <strong>prezerwatywy s\u0105 certyfikowane zar\u00f3wno przez CE, jak i FDA<\/strong>, wi\u0119c mo\u017cesz ufa\u0107, \u017ce otrzymujesz produkt wysokiej jako\u015bci.    <\/p>\n<h3><strong>Bezpiecze\u0144stwo i certyfikacja:<\/strong><\/h3>\n<p>Pamitex zapewnia, \u017ce wszystkie jego produkty spe\u0142niaj\u0105 rygorystyczne standardy bezpiecze\u0144stwa.<strong> Prezerwatywy Owocowe Pamitex \u2013 Opakowanie 144 sztuki<\/strong> s\u0105 certyfikowane CE 0120, gwarantuj\u0105c, \u017ce przesz\u0142y rygorystyczne testy, aby spe\u0142ni\u0107 europejskie przepisy dotycz\u0105ce zdrowia i bezpiecze\u0144stwa. Dodatkowo s\u0105 zatwierdzone przez FDA, daj\u0105c ci dodatkowy spok\u00f3j ducha, je\u015bli chodzi o twoje zdrowie i bezpiecze\u0144stwo. Zawsze wybieraj zaufane, certyfikowane produkty dla najlepszego do\u015bwiadczenia.   <\/p>\n<h3><strong>Podsumowuj\u0105c:<\/strong><\/h3>\n<p>Je\u015bli szukasz sposobu na uczynienie swoich intymnych chwil bardziej ekscytuj\u0105cymi, <strong>Prezerwatywy Owocowe Pamitex \u2013 Opakowanie 144 sztuki<\/strong> to idealny wyb\u00f3r. Z zabawnym smakiem tutti frutti, g\u0142adk\u0105 tekstur\u0105 i certyfikowanym bezpiecze\u0144stwem poczujesz si\u0119 pewnie i komfortowo, wiedz\u0105c, \u017ce u\u017cywasz produktu premium. Du\u017cy rozmiar opakowania zapewnia, \u017ce jeste\u015b zaopatrzony na wiele przyg\u00f3d, a dyskretne opakowanie gwarantuje twoj\u0105 prywatno\u015b\u0107.  <\/p>\n<p>Pami\u0119taj, jako\u015b\u0107 ma znaczenie, je\u015bli chodzi o prezerwatywy. Nie zadowalaj si\u0119 niczym mniej ni\u017c najlepszym! Wi\u0119c po co czeka\u0107? Spraw, aby twoje intymne do\u015bwiadczenia by\u0142y jeszcze s\u0142odsze z <strong>Prezerwatywami Owocowymi Pamitex \u2013 Opakowanie 144 sztuki.<\/strong>   <\/p>\n<p>Dla tych, kt\u00f3rzy kochaj\u0105 r\u00f3\u017cnorodno\u015b\u0107, rozwa\u017c po\u0142\u0105czenie <strong>Prezerwatyw Owocowych Pamitex<\/strong> z innymi ekscytuj\u0105cymi opcjami, takimi jak:<\/p>\n<ul>\n<li><strong><a href=\"https:\/\/huskybearpoppers.eu\/product\/pamitex-super-red-condoms-144-pack\/\">Prezerwatywy Super Red Pamitex \u2013 Opakowanie 144 sztuki<\/a><\/strong> &#8211; dla zupe\u0142nie nowego poziomu zabawy<\/li>\n<li><strong><a href=\"https:\/\/huskybearpoppers.eu\/pl\/produkt\/pamitex-prezerwatywy-o-smaku-bananowym-opakowanie-144-sztuki\/\">Prezerwatywy o Smaku Banana Pamitex \u2013 Opakowanie 144 sztuki<\/a><\/strong> &#8211; aby wprowadzi\u0107 owocowy nowy zwrot do twoich intymnych chwil, idealne dla tych, kt\u00f3rzy chc\u0105 \u201eoszale\u0107&#8221; ze smakiem!<\/li>\n<\/ul>\n","protected":false},"excerpt":{"rendered":"<p><strong>Prezerwatywy Owocowe Pamitex \u2013 Opakowanie 144 sztuki<\/strong> przynosz\u0105 d\u0142ugotrwa\u0142\u0105 zabaw\u0119 do intymno\u015bci z <strong>pysznym smakiem tutti frutti<\/strong> i<strong> g\u0142adkim, wygodnym lateksem<\/strong>. Idealne dla par <strong>szukaj\u0105cych przyprawienia<\/strong> rzeczy<strong> naturalnym dopasowaniem<\/strong> i <strong>smakowym do\u015bwiadczeniem<\/strong>. Ponadto maj\u0105 <strong>dat\u0119 wa\u017cno\u015bci do 4 lat<\/strong> i <strong>144 prezerwatywy w ka\u017cdym opakowaniu.<\/strong><\/p>\n","protected":false},"featured_media":12213,"comment_status":"open","ping_status":"closed","template":"","meta":[],"product_brand":[],"product_cat":[8588,9893],"product_tag":[7145,10800,10801,10795,10802,10798,10803,10799,10604,7022,9142,7008,7011,10792,9190,6378,6381,7146,10797,10793,10796,10794],"class_list":{"0":"post-28708","1":"product","2":"type-product","3":"status-publish","4":"has-post-thumbnail","6":"product_cat-lubrykant-prezerwatywy-i-wiecej","7":"product_cat-prezerwatywy","8":"product_tag-bezpieczne-prezerwatywy","9":"product_tag-dluga-trwalosc","10":"product_tag-dostawa-prezerwatyw","11":"product_tag-dyskretne-prezerwatywy","12":"product_tag-kup-prezerwatywy","13":"product_tag-najlepsze-prezerwatywy","14":"product_tag-najwyzej-oceniane-prezerwatywy","15":"product_tag-opakowanie-prezerwatyw-144","16":"product_tag-pamitex","17":"product_tag-prezerwatywy-certyfikowane-ce","18":"product_tag-prezerwatywy-dla-przyjemnosci","19":"product_tag-prezerwatywy-lateksowe","20":"product_tag-prezerwatywy-o-gladkiej-teksturze","21":"product_tag-prezerwatywy-owocowe-pamitex","22":"product_tag-prezerwatywy-owocowe-smakowe","23":"product_tag-prezerwatywy-pamitex","24":"product_tag-prezerwatywy-smakowe","25":"product_tag-prezerwatywy-z-naturalnego-lateksu","26":"product_tag-seksowne-prezerwatywy","27":"product_tag-tutti-frutti","28":"product_tag-zabawne-prezerwatywy","29":"product_tag-zatwierdzone-przez-fda","31":"first","32":"instock","33":"sale","34":"taxable","35":"shipping-taxable","36":"purchasable","37":"product-type-simple"},"_links":{"self":[{"href":"https:\/\/huskybearpoppers.eu\/pl\/wp-json\/wp\/v2\/product\/28708","targetHints":{"allow":["GET"]}}],"collection":[{"href":"https:\/\/huskybearpoppers.eu\/pl\/wp-json\/wp\/v2\/product"}],"about":[{"href":"https:\/\/huskybearpoppers.eu\/pl\/wp-json\/wp\/v2\/types\/product"}],"replies":[{"embeddable":true,"href":"https:\/\/huskybearpoppers.eu\/pl\/wp-json\/wp\/v2\/comments?post=28708"}],"version-history":[{"count":0,"href":"https:\/\/huskybearpoppers.eu\/pl\/wp-json\/wp\/v2\/product\/28708\/revisions"}],"wp:featuredmedia":[{"embeddable":true,"href":"https:\/\/huskybearpoppers.eu\/pl\/wp-json\/wp\/v2\/media\/12213"}],"wp:attachment":[{"href":"https:\/\/huskybearpoppers.eu\/pl\/wp-json\/wp\/v2\/media?parent=28708"}],"wp:term":[{"taxonomy":"product_brand","embeddable":true,"href":"https:\/\/huskybearpoppers.eu\/pl\/wp-json\/wp\/v2\/product_brand?post=28708"},{"taxonomy":"product_cat","embeddable":true,"href":"https:\/\/huskybearpoppers.eu\/pl\/wp-json\/wp\/v2\/product_cat?post=28708"},{"taxonomy":"product_tag","embeddable":true,"href":"https:\/\/huskybearpoppers.eu\/pl\/wp-json\/wp\/v2\/product_tag?post=28708"}],"curies":[{"name":"wp","href":"https:\/\/api.w.org\/{rel}","templated":true}]}}