{"id":26991,"date":"2025-08-08T12:46:32","date_gmt":"2025-08-08T10:46:32","guid":{"rendered":"https:\/\/huskybearpoppers.eu\/product\/play-hard-popprs-25-ml\/"},"modified":"2026-03-31T21:52:21","modified_gmt":"2026-03-31T19:52:21","slug":"play-hard-popprs-25-ml","status":"publish","type":"product","link":"https:\/\/huskybearpoppers.eu\/pl\/produkt\/play-hard-popprs-25-ml\/","title":{"rendered":"Play Hard Popprs 25 ml"},"content":{"rendered":"","protected":false},"excerpt":{"rendered":"<p>25ml dla graczy, kt\u00f3rzy nigdy si\u0119 nie poddaj\u0105. Ten \u015brodek do czyszczenia sk\u00f3ry na zabawki erotyczne jest dla tych, co id\u0105 na ca\u0142o\u015b\u0107. Po wyczyszczeniu swoich zabawek, przygotuj si\u0119 na sesje, gdzie granice s\u0105 testowane, bariery przesuwane, a twarda gra staje si\u0119 twoj\u0105 rzecz\u0105.  <\/p>\n","protected":false},"featured_media":16746,"comment_status":"open","ping_status":"closed","template":"","meta":[],"product_brand":[],"product_cat":[1397,1430,1495,10070,10046,10019,1245,10072,9907],"product_tag":[5973,3244,5942,5925,5228,5225,5226,10286,5926,5927],"class_list":{"0":"post-26991","1":"product","2":"type-product","3":"status-publish","4":"has-post-thumbnail","6":"product_cat-5-5-wyjatkowo-mocny-poppers","7":"product_cat-amyl-nitrit-poppers-pl","8":"product_cat-duze-poppers","9":"product_cat-edge-and-hypno-poppers","10":"product_cat-glebokie-i-mocne-poppersy","11":"product_cat-leather-pride-poppers","12":"product_cat-poppers-funline-pl","13":"product_cat-poppersy-na-impreze-klub","14":"product_cat-qjyt-29pr-9003-8akx","15":"product_tag-5-na-5-sily","16":"product_tag-amyl-poppers-pl","17":"product_tag-aromat-do-pomieszczenia","18":"product_tag-butelka-25-ml","19":"product_tag-czyscik-do-skory","20":"product_tag-francuskie-poppers","21":"product_tag-intensywne-poppers","22":"product_tag-marka-play-hard","23":"product_tag-poppers-srednia-butelka","24":"product_tag-przedluzone-sesje","26":"first","27":"instock","28":"taxable","29":"shipping-taxable","30":"purchasable","31":"product-type-simple"},"_links":{"self":[{"href":"https:\/\/huskybearpoppers.eu\/pl\/wp-json\/wp\/v2\/product\/26991","targetHints":{"allow":["GET"]}}],"collection":[{"href":"https:\/\/huskybearpoppers.eu\/pl\/wp-json\/wp\/v2\/product"}],"about":[{"href":"https:\/\/huskybearpoppers.eu\/pl\/wp-json\/wp\/v2\/types\/product"}],"replies":[{"embeddable":true,"href":"https:\/\/huskybearpoppers.eu\/pl\/wp-json\/wp\/v2\/comments?post=26991"}],"version-history":[{"count":1,"href":"https:\/\/huskybearpoppers.eu\/pl\/wp-json\/wp\/v2\/product\/26991\/revisions"}],"predecessor-version":[{"id":26996,"href":"https:\/\/huskybearpoppers.eu\/pl\/wp-json\/wp\/v2\/product\/26991\/revisions\/26996"}],"wp:featuredmedia":[{"embeddable":true,"href":"https:\/\/huskybearpoppers.eu\/pl\/wp-json\/wp\/v2\/media\/16746"}],"wp:attachment":[{"href":"https:\/\/huskybearpoppers.eu\/pl\/wp-json\/wp\/v2\/media?parent=26991"}],"wp:term":[{"taxonomy":"product_brand","embeddable":true,"href":"https:\/\/huskybearpoppers.eu\/pl\/wp-json\/wp\/v2\/product_brand?post=26991"},{"taxonomy":"product_cat","embeddable":true,"href":"https:\/\/huskybearpoppers.eu\/pl\/wp-json\/wp\/v2\/product_cat?post=26991"},{"taxonomy":"product_tag","embeddable":true,"href":"https:\/\/huskybearpoppers.eu\/pl\/wp-json\/wp\/v2\/product_tag?post=26991"}],"curies":[{"name":"wp","href":"https:\/\/api.w.org\/{rel}","templated":true}]}}