{"id":26978,"date":"2025-08-08T12:46:32","date_gmt":"2025-08-08T10:46:32","guid":{"rendered":"https:\/\/huskybearpoppers.eu\/product\/poppers-play-hard-10-ml\/"},"modified":"2025-08-08T12:46:32","modified_gmt":"2025-08-08T10:46:32","slug":"poppers-play-hard-10-ml","status":"publish","type":"product","link":"https:\/\/huskybearpoppers.eu\/pl\/produkt\/poppers-play-hard-10-ml\/","title":{"rendered":"Poppers Play Hard 10 ml"},"content":{"rendered":"","protected":false},"excerpt":{"rendered":"<p>Graj ostro albo w og\u00f3le &#8211; 10ml czystej intensywno\u015bci. Ten \u015brodek do czyszczenia sk\u00f3ry na zabawki erotyczne pasuje do twojej energii. Ultra-mocny azotan amylu oznacza, \u017ce tw\u00f3j wyczyszczony sprz\u0119t pomaga ci jecha\u0107 na full &#8211; mocniejsze pchni\u0119cia, brutalniejsza zabawa, bezlitosne sesje, kt\u00f3re zostawiaj\u0105 ci\u0119 bez tchu.  <\/p>\n","protected":false},"featured_media":16547,"comment_status":"open","ping_status":"closed","template":"","meta":[],"product_brand":[],"product_cat":[1397,1430,10070,10046,10019,1506,1245,10072,9907],"product_tag":[5973,3244,5942,5939,5228,5225,5226,10286,5940,5941],"class_list":{"0":"post-26978","1":"product","2":"type-product","3":"status-publish","4":"has-post-thumbnail","6":"product_cat-5-5-wyjatkowo-mocny-poppers","7":"product_cat-amyl-nitrit-poppers-pl","8":"product_cat-edge-and-hypno-poppers","9":"product_cat-glebokie-i-mocne-poppersy","10":"product_cat-leather-pride-poppers","11":"product_cat-male-poppers-pl","12":"product_cat-poppers-funline-pl","13":"product_cat-poppersy-na-impreze-klub","14":"product_cat-qjyt-29pr-9003-8akx","15":"product_tag-5-na-5-sily","16":"product_tag-amyl-poppers-pl","17":"product_tag-aromat-do-pomieszczenia","18":"product_tag-butelka-10-ml","19":"product_tag-czyscik-do-skory","20":"product_tag-francuskie-poppers","21":"product_tag-intensywne-poppers","22":"product_tag-marka-play-hard","23":"product_tag-poppers-kieszonkowego-rozmiaru","24":"product_tag-przyjazny-w-podrozy","26":"first","27":"instock","28":"taxable","29":"shipping-taxable","30":"purchasable","31":"product-type-simple"},"_links":{"self":[{"href":"https:\/\/huskybearpoppers.eu\/pl\/wp-json\/wp\/v2\/product\/26978","targetHints":{"allow":["GET"]}}],"collection":[{"href":"https:\/\/huskybearpoppers.eu\/pl\/wp-json\/wp\/v2\/product"}],"about":[{"href":"https:\/\/huskybearpoppers.eu\/pl\/wp-json\/wp\/v2\/types\/product"}],"replies":[{"embeddable":true,"href":"https:\/\/huskybearpoppers.eu\/pl\/wp-json\/wp\/v2\/comments?post=26978"}],"version-history":[{"count":0,"href":"https:\/\/huskybearpoppers.eu\/pl\/wp-json\/wp\/v2\/product\/26978\/revisions"}],"wp:featuredmedia":[{"embeddable":true,"href":"https:\/\/huskybearpoppers.eu\/pl\/wp-json\/wp\/v2\/media\/16547"}],"wp:attachment":[{"href":"https:\/\/huskybearpoppers.eu\/pl\/wp-json\/wp\/v2\/media?parent=26978"}],"wp:term":[{"taxonomy":"product_brand","embeddable":true,"href":"https:\/\/huskybearpoppers.eu\/pl\/wp-json\/wp\/v2\/product_brand?post=26978"},{"taxonomy":"product_cat","embeddable":true,"href":"https:\/\/huskybearpoppers.eu\/pl\/wp-json\/wp\/v2\/product_cat?post=26978"},{"taxonomy":"product_tag","embeddable":true,"href":"https:\/\/huskybearpoppers.eu\/pl\/wp-json\/wp\/v2\/product_tag?post=26978"}],"curies":[{"name":"wp","href":"https:\/\/api.w.org\/{rel}","templated":true}]}}