{"id":26972,"date":"2025-08-08T12:46:33","date_gmt":"2025-08-08T10:46:33","guid":{"rendered":"https:\/\/huskybearpoppers.eu\/product\/poppers-top-twink-10-ml\/"},"modified":"2025-08-08T12:46:33","modified_gmt":"2025-08-08T10:46:33","slug":"poppers-top-twink-10-ml","status":"publish","type":"product","link":"https:\/\/huskybearpoppers.eu\/pl\/produkt\/poppers-top-twink-10-ml\/","title":{"rendered":"Poppers Top Twink 10 ml"},"content":{"rendered":"","protected":false},"excerpt":{"rendered":"<p>Twinki na g\u00f3rze zmieniaj\u0105 gr\u0119 z 10ml mocy azotanu amylu. Ten \u015brodek czyszcz\u0105cy do sk\u00f3ry i zabawek seksualnych pomaga szczup\u0142ym ch\u0142opakom dominowa\u0107. Ultra-mocna formu\u0142a oznacza, \u017ce twoje wyczyszczone zabawki pomagaj\u0105 ci rz\u0105dzi\u0107 jak szef &#8211; g\u0142\u0119bokie pchni\u0119cia, totalna kontrola i wytrzyma\u0142o\u015b\u0107, kt\u00f3ra wszystkich zaskakuje.  <\/p>\n","protected":false},"featured_media":16467,"comment_status":"open","ping_status":"closed","template":"","meta":[],"product_brand":[],"product_cat":[1397,1430,1506,1245,10071,10026,9907,10069,10065],"product_tag":[5973,3244,5942,5939,5228,5225,5226,5940,5941,9682],"class_list":{"0":"post-26972","1":"product","2":"type-product","3":"status-publish","4":"has-post-thumbnail","6":"product_cat-5-5-wyjatkowo-mocny-poppers","7":"product_cat-amyl-nitrit-poppers-pl","8":"product_cat-male-poppers-pl","9":"product_cat-poppers-funline-pl","10":"product_cat-poppersy-dla-poczatkujacych","11":"product_cat-pup-play-poppers","12":"product_cat-qjyt-29pr-9003-8akx","13":"product_cat-poppersy-na-wieczor-we-dwoje","14":"product_cat-szybkie-i-bezposrednie-poppersy","15":"product_tag-5-na-5-sily","16":"product_tag-amyl-poppers-pl","17":"product_tag-aromat-do-pomieszczenia","18":"product_tag-butelka-10-ml","19":"product_tag-czyscik-do-skory","20":"product_tag-francuskie-poppers","21":"product_tag-intensywne-poppers","22":"product_tag-poppers-kieszonkowego-rozmiaru","23":"product_tag-przyjazny-w-podrozy","24":"product_tag-top-twink-marka","26":"first","27":"instock","28":"taxable","29":"shipping-taxable","30":"purchasable","31":"product-type-simple"},"_links":{"self":[{"href":"https:\/\/huskybearpoppers.eu\/pl\/wp-json\/wp\/v2\/product\/26972","targetHints":{"allow":["GET"]}}],"collection":[{"href":"https:\/\/huskybearpoppers.eu\/pl\/wp-json\/wp\/v2\/product"}],"about":[{"href":"https:\/\/huskybearpoppers.eu\/pl\/wp-json\/wp\/v2\/types\/product"}],"replies":[{"embeddable":true,"href":"https:\/\/huskybearpoppers.eu\/pl\/wp-json\/wp\/v2\/comments?post=26972"}],"version-history":[{"count":0,"href":"https:\/\/huskybearpoppers.eu\/pl\/wp-json\/wp\/v2\/product\/26972\/revisions"}],"wp:featuredmedia":[{"embeddable":true,"href":"https:\/\/huskybearpoppers.eu\/pl\/wp-json\/wp\/v2\/media\/16467"}],"wp:attachment":[{"href":"https:\/\/huskybearpoppers.eu\/pl\/wp-json\/wp\/v2\/media?parent=26972"}],"wp:term":[{"taxonomy":"product_brand","embeddable":true,"href":"https:\/\/huskybearpoppers.eu\/pl\/wp-json\/wp\/v2\/product_brand?post=26972"},{"taxonomy":"product_cat","embeddable":true,"href":"https:\/\/huskybearpoppers.eu\/pl\/wp-json\/wp\/v2\/product_cat?post=26972"},{"taxonomy":"product_tag","embeddable":true,"href":"https:\/\/huskybearpoppers.eu\/pl\/wp-json\/wp\/v2\/product_tag?post=26972"}],"curies":[{"name":"wp","href":"https:\/\/api.w.org\/{rel}","templated":true}]}}