{"id":23529,"date":"2025-08-08T12:51:22","date_gmt":"2025-08-08T10:51:22","guid":{"rendered":"https:\/\/huskybearpoppers.eu\/?post_type=product&#038;p=23529"},"modified":"2026-01-09T13:15:53","modified_gmt":"2026-01-09T11:15:53","slug":"rush-butanol-poppers-24ml-copy","status":"publish","type":"product","link":"https:\/\/huskybearpoppers.eu\/pl\/produkt\/rush-butanol-poppers-24ml-copy\/","title":{"rendered":"Rush Butanol Poppers 25ml"},"content":{"rendered":"","protected":false},"excerpt":{"rendered":"<p><strong>Rush Butanol Poppers 25ml marki Funline\u00ae<\/strong>, kt\u00f3ry dzia\u0142a inaczej ni\u017c zwyk\u0142e preparaty.<\/p>\n<p>Ten \u015brodek do czyszczenia sk\u00f3ry do zabawek erotycznych przygotowuje sprz\u0119t do dzikich sesji. Po wyczyszczeniu i przewietrzeniu Twoje zabawki poczuj\u0105 si\u0119 niesamowicie &#8211; ta du\u017ca wtyczka nagle wydaje si\u0119 \u0142atwa, to grube dildo pasuje idealnie, a Ty otwierasz si\u0119 bardziej ni\u017c kiedykolwiek. <\/p>\n<p>Szukasz odmiany tego produktu? W takim razie sprawd\u017a <a href=\"https:\/\/huskybearpoppers.eu\/pl\/produkt\/rush-butanol-poppers-24ml\/\"><strong>Rush Butanol Poppers 24ml marki PWD\u00ae Never Fake It<\/strong><\/a> <\/p>\n","protected":false},"featured_media":23137,"comment_status":"open","ping_status":"closed","template":"","meta":[],"product_brand":[9779],"product_cat":[10065,1397,1495,1462,1245,10071,10026,10069],"product_tag":[10212,5551,2982,10213,10214,8057],"class_list":{"0":"post-23529","1":"product","2":"type-product","3":"status-publish","4":"has-post-thumbnail","6":"product_brand-rush-poppers","7":"product_cat-szybkie-i-bezposrednie-poppersy","8":"product_cat-5-5-wyjatkowo-mocny-poppers","9":"product_cat-duze-poppers","10":"product_cat-pentyl-nitryt-poppers","11":"product_cat-poppers-funline-pl","12":"product_cat-poppersy-dla-poczatkujacych","13":"product_cat-pup-play-poppers","14":"product_cat-poppersy-na-wieczor-we-dwoje","15":"product_tag-butanol-poppers","16":"product_tag-duze-poppers","17":"product_tag-mocny-poppers","18":"product_tag-pieprz","19":"product_tag-poppers-aromatyczny","20":"product_tag-rush-poppers-pl","22":"first","23":"instock","24":"taxable","25":"shipping-taxable","26":"purchasable","27":"product-type-simple"},"_links":{"self":[{"href":"https:\/\/huskybearpoppers.eu\/pl\/wp-json\/wp\/v2\/product\/23529","targetHints":{"allow":["GET"]}}],"collection":[{"href":"https:\/\/huskybearpoppers.eu\/pl\/wp-json\/wp\/v2\/product"}],"about":[{"href":"https:\/\/huskybearpoppers.eu\/pl\/wp-json\/wp\/v2\/types\/product"}],"replies":[{"embeddable":true,"href":"https:\/\/huskybearpoppers.eu\/pl\/wp-json\/wp\/v2\/comments?post=23529"}],"version-history":[{"count":0,"href":"https:\/\/huskybearpoppers.eu\/pl\/wp-json\/wp\/v2\/product\/23529\/revisions"}],"wp:featuredmedia":[{"embeddable":true,"href":"https:\/\/huskybearpoppers.eu\/pl\/wp-json\/wp\/v2\/media\/23137"}],"wp:attachment":[{"href":"https:\/\/huskybearpoppers.eu\/pl\/wp-json\/wp\/v2\/media?parent=23529"}],"wp:term":[{"taxonomy":"product_brand","embeddable":true,"href":"https:\/\/huskybearpoppers.eu\/pl\/wp-json\/wp\/v2\/product_brand?post=23529"},{"taxonomy":"product_cat","embeddable":true,"href":"https:\/\/huskybearpoppers.eu\/pl\/wp-json\/wp\/v2\/product_cat?post=23529"},{"taxonomy":"product_tag","embeddable":true,"href":"https:\/\/huskybearpoppers.eu\/pl\/wp-json\/wp\/v2\/product_tag?post=23529"}],"curies":[{"name":"wp","href":"https:\/\/api.w.org\/{rel}","templated":true}]}}