{"id":21062,"date":"2025-08-08T12:46:34","date_gmt":"2025-08-08T10:46:34","guid":{"rendered":"https:\/\/huskybearpoppers.eu\/product\/top-twink-poppers-25-ml\/"},"modified":"2025-12-02T10:22:21","modified_gmt":"2025-12-02T08:22:21","slug":"top-twink-poppers-25-ml","status":"publish","type":"product","link":"https:\/\/huskybearpoppers.eu\/pl\/produkt\/top-twink-poppers-25-ml\/","title":{"rendered":"Top Twink Poppers 25 ml"},"content":{"rendered":"","protected":false},"excerpt":{"rendered":"<p>25 ml mocy twinka, kt\u00f3ra \u0142amie wszystkie zasady. Ten produkt do czyszczenia sk\u00f3rzanych zabawek erotycznych daje przewag\u0119 mniejszym facetom. Ultra mocny amyl nitryt oznacza, \u017ce po wyczyszczeniu swojego sprz\u0119tu jeste\u015b got\u00f3w, by dominowa\u0107 nad ka\u017cdym \u2013 nied\u017awiedziami, tatusiami, wszyscy ucz\u0105 si\u0119, \u017ce twinki te\u017c potrafi\u0105 da\u0107 rad\u0119.  <\/p>\n","protected":false},"featured_media":16757,"comment_status":"open","ping_status":"closed","template":"","meta":[],"product_brand":[],"product_cat":[1397,1430,1495,1245,10071,10026,9907,10069,10065],"product_tag":[5973,3244,5942,5925,5228,5225,5226,5926,5927,9682],"class_list":{"0":"post-21062","1":"product","2":"type-product","3":"status-publish","4":"has-post-thumbnail","6":"product_cat-5-5-wyjatkowo-mocny-poppers","7":"product_cat-amyl-nitrit-poppers-pl","8":"product_cat-duze-poppers","9":"product_cat-poppers-funline-pl","10":"product_cat-poppersy-dla-poczatkujacych","11":"product_cat-pup-play-poppers","12":"product_cat-qjyt-29pr-9003-8akx","13":"product_cat-poppersy-na-wieczor-we-dwoje","14":"product_cat-szybkie-i-bezposrednie-poppersy","15":"product_tag-5-na-5-sily","16":"product_tag-amyl-poppers-pl","17":"product_tag-aromat-do-pomieszczenia","18":"product_tag-butelka-25-ml","19":"product_tag-czyscik-do-skory","20":"product_tag-francuskie-poppers","21":"product_tag-intensywne-poppers","22":"product_tag-poppers-srednia-butelka","23":"product_tag-przedluzone-sesje","24":"product_tag-top-twink-marka","26":"first","27":"instock","28":"taxable","29":"shipping-taxable","30":"purchasable","31":"product-type-simple"},"_links":{"self":[{"href":"https:\/\/huskybearpoppers.eu\/pl\/wp-json\/wp\/v2\/product\/21062","targetHints":{"allow":["GET"]}}],"collection":[{"href":"https:\/\/huskybearpoppers.eu\/pl\/wp-json\/wp\/v2\/product"}],"about":[{"href":"https:\/\/huskybearpoppers.eu\/pl\/wp-json\/wp\/v2\/types\/product"}],"replies":[{"embeddable":true,"href":"https:\/\/huskybearpoppers.eu\/pl\/wp-json\/wp\/v2\/comments?post=21062"}],"version-history":[{"count":0,"href":"https:\/\/huskybearpoppers.eu\/pl\/wp-json\/wp\/v2\/product\/21062\/revisions"}],"wp:featuredmedia":[{"embeddable":true,"href":"https:\/\/huskybearpoppers.eu\/pl\/wp-json\/wp\/v2\/media\/16757"}],"wp:attachment":[{"href":"https:\/\/huskybearpoppers.eu\/pl\/wp-json\/wp\/v2\/media?parent=21062"}],"wp:term":[{"taxonomy":"product_brand","embeddable":true,"href":"https:\/\/huskybearpoppers.eu\/pl\/wp-json\/wp\/v2\/product_brand?post=21062"},{"taxonomy":"product_cat","embeddable":true,"href":"https:\/\/huskybearpoppers.eu\/pl\/wp-json\/wp\/v2\/product_cat?post=21062"},{"taxonomy":"product_tag","embeddable":true,"href":"https:\/\/huskybearpoppers.eu\/pl\/wp-json\/wp\/v2\/product_tag?post=21062"}],"curies":[{"name":"wp","href":"https:\/\/api.w.org\/{rel}","templated":true}]}}