{"id":18578,"date":"2024-03-21T19:01:02","date_gmt":"2024-03-21T17:01:02","guid":{"rendered":"https:\/\/huskybearpoppers.eu\/product\/pamitex-prezerwatywy-o-smaku-bananowym-opakowanie-144-sztuki\/"},"modified":"2024-03-21T19:01:02","modified_gmt":"2024-03-21T17:01:02","slug":"pamitex-prezerwatywy-o-smaku-bananowym-opakowanie-144-sztuki","status":"publish","type":"product","link":"https:\/\/huskybearpoppers.eu\/pl\/produkt\/pamitex-prezerwatywy-o-smaku-bananowym-opakowanie-144-sztuki\/","title":{"rendered":"Pamitex Prezerwatywy o Smaku Bananowym &#8211; Opakowanie 144 Sztuki"},"content":{"rendered":"<h2>Pamitex Prezerwatywy o Smaku Bananowym &#8211; Opakowanie 144 Sztuki<\/h2>\n<p>Nie przegap naszego najgor\u0119tszego produktu Pamitex Prezerwatywy o Smaku Bananowym, zaprojektowanych, aby doda\u0107 owocowy akcent Twoim intymnym chwilom. To opakowanie 144 prezerwatyw zapewnia, \u017ce jeste\u015b gotowy na niezliczone przyjemne spotkania, ciesz\u0105c si\u0119 jednocze\u015bnie egzotyczn\u0105 esencj\u0105 banana. <\/p>\n<h3>Dlaczego Wybra\u0107 Pamitex Prezerwatywy o Smaku Bananowym?<\/h3>\n<p>Je\u015bli chodzi o intymno\u015b\u0107, bezpiecze\u0144stwo i przyjemno\u015b\u0107 id\u0105 w parze. Pamitex Prezerwatywy o Smaku Bananowym oferuj\u0105 jedno i drugie: <\/p>\n<ul>\n<li><strong>Dodaj\u0105 Smak do Twojej Przyjemno\u015bci:<\/strong> Smak banana dodaje zabawny i smakowity zwrot Twoim intymnym chwilom.<\/li>\n<li><strong>Niezawodna Ochrona:<\/strong> Wykonane z wysokiej jako\u015bci naturalnego lateksu, te prezerwatywy zapewniaj\u0105 skuteczn\u0105 ochron\u0119 przed chorobami przenoszonymi drog\u0105 p\u0142ciow\u0105 (STI) i niechcian\u0105 ci\u0105\u017c\u0105.<\/li>\n<li><strong>Wygodne Dopasowanie:<\/strong> Z \u015brednim rozmiarem, d\u0142ugo\u015bci\u0105 200 mm i szeroko\u015bci\u0105 53 mm, zosta\u0142y zaprojektowane tak, aby wygodnie si\u0119 dopasowywa\u0142y, pozwalaj\u0105c na naturalne ruchy.<\/li>\n<li><strong>D\u0142ugi okres trwa\u0142o\u015bci:<\/strong> Dzi\u0119ki okresowi <strong>przydatno\u015bci do spo\u017cycia wynosz\u0105cemu do 4 lat<\/strong>, mo\u017cesz by\u0107 pewien ich trwa\u0142o\u015bci i gotowo\u015bci do u\u017cycia w ka\u017cdej chwili.<\/li>\n<li><strong>Certyfikowana jako\u015b\u0107:<\/strong> Prezerwatywy te posiadaj\u0105 <strong>certyfikaty CE 0120 i FDA<\/strong>, dzi\u0119ki czemu spe\u0142niaj\u0105 wysokie standardy bezpiecze\u0144stwa i jako\u015bci.<\/li>\n<\/ul>\n<h2><strong data-start=\"116\" data-end=\"152\">Dlaczego Wybra\u0107 Nasze Opakowanie 144 Prezerwatyw?<\/strong><\/h2>\n<ul>\n<li data-start=\"527\" data-end=\"554\"><strong data-start=\"527\" data-end=\"552\">Ta Sama Jako\u015b\u0107 co Durex:<\/strong> Otrzymujesz te same wysokiej jako\u015bci prezerwatywy z naszym produktem, tylko w znacznie lepszej cenie.<\/li>\n<\/ul>\n<ul>\n<li data-start=\"649\" data-end=\"666\"><strong data-start=\"649\" data-end=\"664\">Wygoda: <\/strong>Nie musisz kupowa\u0107 co miesi\u0105c \u2013 roczny zapas w jednym opakowaniu!<\/li>\n<\/ul>\n<p class=\"\" data-start=\"731\" data-end=\"780\"><strong data-start=\"731\" data-end=\"780\">Oszcz\u0119dzaj Pieni\u0105dze, Ciesz si\u0119 Jako\u015bci\u0105 i Nigdy nie Zabraknie Ci Ich!<\/strong><\/p>\n<h3>Dyskretne i Bezpieczne Opakowanie<\/h3>\n<p>Twoja prywatno\u015b\u0107 jest naszym priorytetem. Kiedy zamawiasz Pamitex Prezerwatywy o Smaku Bananowym, przychodz\u0105 w 100% dyskretnym opakowaniu, wi\u0119c mo\u017cesz czu\u0107 si\u0119 pewnie i bezpiecznie przy swoim zakupie. <\/p>\n<h3>Uwa\u017caj na Podrabiane Produkty Pamitex Prezerwatywy o Smaku Bananowym<\/h3>\n<p>Wa\u017cne jest, aby by\u0107 ostro\u017cnym przy kupowaniu prezerwatyw, poniewa\u017c na rynku s\u0105 podrabiane produkty. Z Pamitex mo\u017cesz ufa\u0107, \u017ce otrzymujesz prawdziwy produkt, zapewniaj\u0105c swoje bezpiecze\u0144stwo i satysfakcj\u0119. <\/p>\n<h3>Nieograniczone Mo\u017cliwo\u015bci z Prezerwatywami o Smaku Bananowym<\/h3>\n<p>Je\u015bli banan nie jest Twoim preferowanym smakiem lub chcesz wprowadzi\u0107 urozmaicenie, rozwa\u017c wypr\u00f3bowanie <a href=\"https:\/\/huskybearpoppers.eu\/pl\/produkt\/prezerwatywy-truskawkowe-silhouette-opakowanie-144-sztuki\/\">Silhouette Prezerwatywy Truskawkowe &#8211; Opakowanie 144 Sztuki<\/a>. Ten zuchwa\u0142y smak truskawkowy zawsze chce by\u0107 gwiazd\u0105 show, oferuj\u0105c inne, ale r\u00f3wnie przyjemne do\u015bwiadczenie. <\/p>\n","protected":false},"excerpt":{"rendered":"<p>Podnie\u015b swoje intymne chwile z <strong>Pamitex Prezerwatywami o Smaku Bananowym.<\/strong><\/p>\n<p>Wykonane <strong>z najwy\u017cszej jako\u015bci lateksu<\/strong>, te g\u0142adkie, przezroczyste prezerwatywy oferuj\u0105 rozkoszny <strong>bananowy smak<\/strong>, dodaj\u0105c zabawny akcent do twoich dozna\u0144.<\/p>\n<p>Ka\u017cda prezerwatywa ma <strong>200 mm d\u0142ugo\u015bci i 53 mm szeroko\u015bci<\/strong>, zapewniaj\u0105c wygodne dopasowanie.<\/p>\n<p>Z hojnym opakowaniem <strong>144 sztuk,<\/strong> zawsze jeste\u015b przygotowany na spontaniczn\u0105 zabaw\u0119. Dodatkowo, nasze dyskretne opakowanie zapewnia Twoj\u0105 prywatno\u015b\u0107. <\/p>\n<p><strong>Wybierz Pamitex dla s\u0142odkiego i satysfakcjonuj\u0105cego do\u015bwiadczenia.<\/strong><\/p>\n","protected":false},"featured_media":12187,"comment_status":"open","ping_status":"closed","template":"","meta":[],"product_brand":[],"product_cat":[8588,9893],"product_tag":[7145,7159,7150,6376,7149,7022,7153,7008,7154,7157,7147,6378,7160,7152,6381,7144,7155,7146,7148,7151,7156,7143,7158],"class_list":{"0":"post-18578","1":"product","2":"type-product","3":"status-publish","4":"has-post-thumbnail","6":"product_cat-lubrykant-prezerwatywy-i-wiecej","7":"product_cat-prezerwatywy","8":"product_tag-bezpieczne-prezerwatywy","9":"product_tag-egzotyczne-prezerwatywy","10":"product_tag-gladkie-prezerwatywy","11":"product_tag-prezerwatywy-144-sztuki","12":"product_tag-prezerwatywy-bananowe","13":"product_tag-prezerwatywy-certyfikowane-ce","14":"product_tag-prezerwatywy-hurtowo","15":"product_tag-prezerwatywy-lateksowe","16":"product_tag-prezerwatywy-o-dlugim-okresie-przydatnosci","17":"product_tag-prezerwatywy-o-dlugim-okresie-przydatnosci-pl","18":"product_tag-prezerwatywy-o-smaku-bananowym","19":"product_tag-prezerwatywy-pamitex","20":"product_tag-prezerwatywy-prawdziwe-uczucie","21":"product_tag-prezerwatywy-premium","22":"product_tag-prezerwatywy-smakowe","23":"product_tag-prezerwatywy-sredniego-rozmiaru","24":"product_tag-prezerwatywy-w-dyskretnym-opakowaniu","25":"product_tag-prezerwatywy-z-naturalnego-lateksu","26":"product_tag-prezerwatywy-zatwierdzone-przez-fda","27":"product_tag-produkty-bezpiecznego-seksu","28":"product_tag-produkty-wellness-seksualny","29":"product_tag-przezroczyste-prezerwatywy","30":"product_tag-zestaw-roznych-prezerwatyw","32":"first","33":"instock","34":"taxable","35":"shipping-taxable","36":"purchasable","37":"product-type-simple"},"_links":{"self":[{"href":"https:\/\/huskybearpoppers.eu\/pl\/wp-json\/wp\/v2\/product\/18578","targetHints":{"allow":["GET"]}}],"collection":[{"href":"https:\/\/huskybearpoppers.eu\/pl\/wp-json\/wp\/v2\/product"}],"about":[{"href":"https:\/\/huskybearpoppers.eu\/pl\/wp-json\/wp\/v2\/types\/product"}],"replies":[{"embeddable":true,"href":"https:\/\/huskybearpoppers.eu\/pl\/wp-json\/wp\/v2\/comments?post=18578"}],"version-history":[{"count":0,"href":"https:\/\/huskybearpoppers.eu\/pl\/wp-json\/wp\/v2\/product\/18578\/revisions"}],"wp:featuredmedia":[{"embeddable":true,"href":"https:\/\/huskybearpoppers.eu\/pl\/wp-json\/wp\/v2\/media\/12187"}],"wp:attachment":[{"href":"https:\/\/huskybearpoppers.eu\/pl\/wp-json\/wp\/v2\/media?parent=18578"}],"wp:term":[{"taxonomy":"product_brand","embeddable":true,"href":"https:\/\/huskybearpoppers.eu\/pl\/wp-json\/wp\/v2\/product_brand?post=18578"},{"taxonomy":"product_cat","embeddable":true,"href":"https:\/\/huskybearpoppers.eu\/pl\/wp-json\/wp\/v2\/product_cat?post=18578"},{"taxonomy":"product_tag","embeddable":true,"href":"https:\/\/huskybearpoppers.eu\/pl\/wp-json\/wp\/v2\/product_tag?post=18578"}],"curies":[{"name":"wp","href":"https:\/\/api.w.org\/{rel}","templated":true}]}}