{"id":17612,"date":"2023-08-08T12:46:40","date_gmt":"2023-08-08T10:46:40","guid":{"rendered":"https:\/\/huskybearpoppers.eu\/product\/poppers-black-tiger-10-ml\/"},"modified":"2025-12-02T10:22:26","modified_gmt":"2025-12-02T08:22:26","slug":"poppers-black-tiger-10-ml","status":"publish","type":"product","link":"https:\/\/huskybearpoppers.eu\/pl\/produkt\/poppers-black-tiger-10-ml\/","title":{"rendered":"Poppers Black Tiger 10 ml"},"content":{"rendered":"","protected":false},"excerpt":{"rendered":"<p>Uwolnij si\u0119 z 10ml mocy propylu azotanu Black Tiger. Push produkuje ten mocny \u015brodek czyszcz\u0105cy do sk\u00f3ry dla zabawek erotycznych dla tych, kt\u00f3rzy poluj\u0105 na przyjemno\u015b\u0107. Wyczy\u015b\u0107 sw\u00f3j sprz\u0119t, pozostaw do wyschni\u0119cia, a nast\u0119pnie rzu\u0107 si\u0119 &#8211; twoje zabawki staj\u0105 si\u0119 cz\u0119\u015bci\u0105 twojej zwierz\u0119cej strony, pomagaj\u0105c ci z\u0142apa\u0107 satysfakcj\u0119, kt\u00f3rej szukasz.  <\/p>\n","protected":false},"featured_media":16677,"comment_status":"open","ping_status":"closed","template":"","meta":[],"product_brand":[],"product_cat":[1375,10067,1506,1276,10071,1473,10026,10069,10185],"product_tag":[5224,5939,6006,5225,6007,5940,5938,5941,6008,5943],"class_list":{"0":"post-17612","1":"product","2":"type-product","3":"status-publish","4":"has-post-thumbnail","6":"product_cat-3-5-mocny-poppers","7":"product_cat-lagodne-i-latwe-poppersy","8":"product_cat-male-poppers-pl","9":"product_cat-poppers-push-pl","10":"product_cat-poppersy-dla-poczatkujacych","11":"product_cat-propyl-nitryt-poppers","12":"product_cat-pup-play-poppers","13":"product_cat-poppersy-na-wieczor-we-dwoje","14":"product_cat-ufi-azotyn-propylu","15":"product_tag-black-label-poppers-pl","16":"product_tag-butelka-10-ml","17":"product_tag-extra-mocne-poppers","18":"product_tag-francuskie-poppers","19":"product_tag-marka-black-tiger","20":"product_tag-poppers-kieszonkowego-rozmiaru","21":"product_tag-poppers-z-azotanem-propylu","22":"product_tag-przyjazny-w-podrozy","23":"product_tag-push-poppers-pl","24":"product_tag-sila-3-z-5","26":"first","27":"outofstock","28":"taxable","29":"shipping-taxable","30":"purchasable","31":"product-type-simple"},"_links":{"self":[{"href":"https:\/\/huskybearpoppers.eu\/pl\/wp-json\/wp\/v2\/product\/17612","targetHints":{"allow":["GET"]}}],"collection":[{"href":"https:\/\/huskybearpoppers.eu\/pl\/wp-json\/wp\/v2\/product"}],"about":[{"href":"https:\/\/huskybearpoppers.eu\/pl\/wp-json\/wp\/v2\/types\/product"}],"replies":[{"embeddable":true,"href":"https:\/\/huskybearpoppers.eu\/pl\/wp-json\/wp\/v2\/comments?post=17612"}],"version-history":[{"count":0,"href":"https:\/\/huskybearpoppers.eu\/pl\/wp-json\/wp\/v2\/product\/17612\/revisions"}],"wp:featuredmedia":[{"embeddable":true,"href":"https:\/\/huskybearpoppers.eu\/pl\/wp-json\/wp\/v2\/media\/16677"}],"wp:attachment":[{"href":"https:\/\/huskybearpoppers.eu\/pl\/wp-json\/wp\/v2\/media?parent=17612"}],"wp:term":[{"taxonomy":"product_brand","embeddable":true,"href":"https:\/\/huskybearpoppers.eu\/pl\/wp-json\/wp\/v2\/product_brand?post=17612"},{"taxonomy":"product_cat","embeddable":true,"href":"https:\/\/huskybearpoppers.eu\/pl\/wp-json\/wp\/v2\/product_cat?post=17612"},{"taxonomy":"product_tag","embeddable":true,"href":"https:\/\/huskybearpoppers.eu\/pl\/wp-json\/wp\/v2\/product_tag?post=17612"}],"curies":[{"name":"wp","href":"https:\/\/api.w.org\/{rel}","templated":true}]}}