{"id":17597,"date":"2025-08-08T12:46:36","date_gmt":"2025-08-08T10:46:36","guid":{"rendered":"https:\/\/huskybearpoppers.eu\/product\/poppers-rise-up-formula-extreme-10-ml\/"},"modified":"2025-12-02T10:22:23","modified_gmt":"2025-12-02T08:22:23","slug":"poppers-rise-up-formula-extreme-10-ml","status":"publish","type":"product","link":"https:\/\/huskybearpoppers.eu\/pl\/produkt\/poppers-rise-up-formula-extreme-10-ml\/","title":{"rendered":"Poppers Rise Up Formula Extreme 10 ml"},"content":{"rendered":"","protected":false},"excerpt":{"rendered":"<p>Ekstremalna moc w kieszonkowej buteleczce 10ml. Ten \u015brodek do czyszczenia sk\u00f3ry do zabawek erotycznych zawiera najsilniejsz\u0105 receptur\u0119 Rise Up. Nitrytu amylu, kt\u00f3ry zamienia twoje wyczyszczone akcesoria w narz\u0119dzia ekstremalnej przyjemno\u015bci. Ma\u0142a buteleczka dla dyskrecji, ogromny wp\u0142yw na twoj\u0105 zabaw\u0119.   <\/p>\n","protected":false},"featured_media":16530,"comment_status":"open","ping_status":"closed","template":"","meta":[],"product_brand":[],"product_cat":[1397,1430,10012,10070,10046,10068,10032,10019,1506,1245,10072,9907],"product_tag":[5973,3244,5939,5225,5226,5974,5975,5940,5941,5240],"class_list":{"0":"post-17597","1":"product","2":"type-product","3":"status-publish","4":"has-post-thumbnail","6":"product_cat-5-5-wyjatkowo-mocny-poppers","7":"product_cat-amyl-nitrit-poppers-pl","8":"product_cat-bear-brotherhood-poppers","9":"product_cat-edge-and-hypno-poppers","10":"product_cat-glebokie-i-mocne-poppersy","11":"product_cat-kupuj-wedlug-okazji","12":"product_cat-kupuj-wedlug-spolecznosci","13":"product_cat-leather-pride-poppers","14":"product_cat-male-poppers-pl","15":"product_cat-poppers-funline-pl","16":"product_cat-poppersy-na-impreze-klub","17":"product_cat-qjyt-29pr-9003-8akx","18":"product_tag-5-na-5-sily","19":"product_tag-amyl-poppers-pl","20":"product_tag-butelka-10-ml","21":"product_tag-francuskie-poppers","22":"product_tag-intensywne-poppers","23":"product_tag-maksymalna-sila","24":"product_tag-marka-rise-up","25":"product_tag-poppers-kieszonkowego-rozmiaru","26":"product_tag-przyjazny-w-podrozy","27":"product_tag-wyjatkowo-mocne-poppers","29":"first","30":"instock","31":"taxable","32":"shipping-taxable","33":"purchasable","34":"product-type-simple"},"_links":{"self":[{"href":"https:\/\/huskybearpoppers.eu\/pl\/wp-json\/wp\/v2\/product\/17597","targetHints":{"allow":["GET"]}}],"collection":[{"href":"https:\/\/huskybearpoppers.eu\/pl\/wp-json\/wp\/v2\/product"}],"about":[{"href":"https:\/\/huskybearpoppers.eu\/pl\/wp-json\/wp\/v2\/types\/product"}],"replies":[{"embeddable":true,"href":"https:\/\/huskybearpoppers.eu\/pl\/wp-json\/wp\/v2\/comments?post=17597"}],"version-history":[{"count":0,"href":"https:\/\/huskybearpoppers.eu\/pl\/wp-json\/wp\/v2\/product\/17597\/revisions"}],"wp:featuredmedia":[{"embeddable":true,"href":"https:\/\/huskybearpoppers.eu\/pl\/wp-json\/wp\/v2\/media\/16530"}],"wp:attachment":[{"href":"https:\/\/huskybearpoppers.eu\/pl\/wp-json\/wp\/v2\/media?parent=17597"}],"wp:term":[{"taxonomy":"product_brand","embeddable":true,"href":"https:\/\/huskybearpoppers.eu\/pl\/wp-json\/wp\/v2\/product_brand?post=17597"},{"taxonomy":"product_cat","embeddable":true,"href":"https:\/\/huskybearpoppers.eu\/pl\/wp-json\/wp\/v2\/product_cat?post=17597"},{"taxonomy":"product_tag","embeddable":true,"href":"https:\/\/huskybearpoppers.eu\/pl\/wp-json\/wp\/v2\/product_tag?post=17597"}],"curies":[{"name":"wp","href":"https:\/\/api.w.org\/{rel}","templated":true}]}}