{"id":17573,"date":"2025-08-08T12:46:39","date_gmt":"2025-08-08T10:46:39","guid":{"rendered":"https:\/\/huskybearpoppers.eu\/product\/blue-boy-poppers-25-ml\/"},"modified":"2025-12-02T10:22:24","modified_gmt":"2025-12-02T08:22:24","slug":"blue-boy-poppers-25-ml","status":"publish","type":"product","link":"https:\/\/huskybearpoppers.eu\/pl\/produkt\/blue-boy-poppers-25-ml\/","title":{"rendered":"Blue Boy Poppers 25 ml"},"content":{"rendered":"","protected":false},"excerpt":{"rendered":"<p>Kanadyjski Blue Boy dostarcza 25ml extra mocnego uderzenia pentylu azotanu. \u015arodek do czyszczenia sk\u00f3ry Lockerroom dla zabawek erotycznych wnosi t\u0119 p\u00f3\u0142nocnoameryka\u0144sk\u0105 \u015bmia\u0142o\u015b\u0107. Po wyczyszczeniu i wysuszeniu, twoje zabawki pomagaj\u0105 ci szale\u0107 &#8211; g\u0142\u0119biej, mocniej, d\u0142u\u017cej ni\u017c podczas zwyk\u0142ej zabawy w \u015brodku tygodnia.  <\/p>\n","protected":false},"featured_media":16670,"comment_status":"open","ping_status":"closed","template":"","meta":[],"product_brand":[],"product_cat":[1386,10012,10066,1495,1462,1255,10071,10072,10069,10231],"product_tag":[5925,5931,5930,5928,5923,3182,5924,5926,5927,5929],"class_list":{"0":"post-17573","1":"product","2":"type-product","3":"status-publish","4":"has-post-thumbnail","6":"product_cat-4-5-bardzo-mocny-poppers","7":"product_cat-bear-brotherhood-poppers","8":"product_cat-dlugie-i-stabilne-poppersy","9":"product_cat-duze-poppers","10":"product_cat-pentyl-nitryt-poppers","11":"product_cat-poppers-lockerroom-pl","12":"product_cat-poppersy-dla-poczatkujacych","13":"product_cat-poppersy-na-impreze-klub","14":"product_cat-poppersy-na-wieczor-we-dwoje","15":"product_cat-we-951-169-0","16":"product_tag-butelka-25-ml","17":"product_tag-jakosc-premium","18":"product_tag-kanadyjskie-poppers","19":"product_tag-marka-blue-boy","20":"product_tag-niebieskie-poppers","21":"product_tag-pentyl-poppers-pl","22":"product_tag-poppers-lockerroom-pl","23":"product_tag-poppers-srednia-butelka","24":"product_tag-przedluzone-sesje","25":"product_tag-sila-4-z-5-pl","27":"first","28":"instock","29":"sale","30":"taxable","31":"shipping-taxable","32":"purchasable","33":"product-type-simple"},"_links":{"self":[{"href":"https:\/\/huskybearpoppers.eu\/pl\/wp-json\/wp\/v2\/product\/17573","targetHints":{"allow":["GET"]}}],"collection":[{"href":"https:\/\/huskybearpoppers.eu\/pl\/wp-json\/wp\/v2\/product"}],"about":[{"href":"https:\/\/huskybearpoppers.eu\/pl\/wp-json\/wp\/v2\/types\/product"}],"replies":[{"embeddable":true,"href":"https:\/\/huskybearpoppers.eu\/pl\/wp-json\/wp\/v2\/comments?post=17573"}],"version-history":[{"count":0,"href":"https:\/\/huskybearpoppers.eu\/pl\/wp-json\/wp\/v2\/product\/17573\/revisions"}],"wp:featuredmedia":[{"embeddable":true,"href":"https:\/\/huskybearpoppers.eu\/pl\/wp-json\/wp\/v2\/media\/16670"}],"wp:attachment":[{"href":"https:\/\/huskybearpoppers.eu\/pl\/wp-json\/wp\/v2\/media?parent=17573"}],"wp:term":[{"taxonomy":"product_brand","embeddable":true,"href":"https:\/\/huskybearpoppers.eu\/pl\/wp-json\/wp\/v2\/product_brand?post=17573"},{"taxonomy":"product_cat","embeddable":true,"href":"https:\/\/huskybearpoppers.eu\/pl\/wp-json\/wp\/v2\/product_cat?post=17573"},{"taxonomy":"product_tag","embeddable":true,"href":"https:\/\/huskybearpoppers.eu\/pl\/wp-json\/wp\/v2\/product_tag?post=17573"}],"curies":[{"name":"wp","href":"https:\/\/api.w.org\/{rel}","templated":true}]}}