{"id":17514,"date":"2025-01-28T19:15:05","date_gmt":"2025-01-28T17:15:05","guid":{"rendered":"https:\/\/huskybearpoppers.eu\/product\/everest-hard-fist-poppers-24ml\/"},"modified":"2025-12-02T10:21:56","modified_gmt":"2025-12-02T08:21:56","slug":"everest-hard-fist-poppers-24ml","status":"publish","type":"product","link":"https:\/\/huskybearpoppers.eu\/pl\/produkt\/everest-hard-fist-poppers-24ml\/","title":{"rendered":"Everest Hard Fist Poppers 24ml"},"content":{"rendered":"<h2>Everest Hard Fist Poppers 24ml \u2013 Najlepszy \u015brodek do czyszczenia sk\u00f3ry na intensywne sesje<\/h2>\n<p>Je\u015bli chodzi o utrzymanie ulubionych <strong>sk\u00f3rzanych zabawek erotycznych<\/strong> w szczytowej formie, tylko najlepsi mog\u0105 to zrobi\u0107. <strong>Everest Hard Fist Poppers 24ml<\/strong> to <strong>silny \u015brodek do czyszczenia sk\u00f3ry<\/strong> wykonany z <strong>czystego azotynu amylu<\/strong>, zapewniaj\u0105cy wyj\u0105tkow\u0105 skuteczno\u015b\u0107 czyszczenia. Stworzona we <strong>Francji<\/strong>, ta pot\u0119\u017cna formu\u0142a ma <strong>moc 5\/5<\/strong>, dzi\u0119ki czemu sk\u00f3ra pozostaje w doskona\u0142ej formie, gotowa na najbardziej nami\u0119tne chwile. <\/p>\n<h3>Dlaczego wybra\u0107 Everest Hard Fist Poppers 24ml?<\/h3>\n<ul>\n<li><strong>Czysta formu\u0142a azotanu amylu <\/strong>\u2013 Zapewnia g\u0142\u0119bokie i skuteczne czyszczenie.<\/li>\n<li><strong>Maksymalna si\u0142a (5\/5) <\/strong>\u2013 Jedna z najbardziej intensywnych formu\u0142 dost\u0119pnych.<\/li>\n<li><strong>D\u0142ugotrwa\u0142a butelka 24ml <\/strong>\u2013 Idealna do d\u0142ugotrwa\u0142ego u\u017cytkowania.<\/li>\n<li><strong>Wyprodukowano we Francji <\/strong>\u2013 Premium europejska jako\u015b\u0107<\/li>\n<li><strong>Zaufana marka Everest <\/strong>\u2013 Nazwa rozpoznawalna za <strong>wysokowydajne \u015brodki do czyszczenia sk\u00f3ry.<\/strong><\/li>\n<\/ul>\n<h3>Jak u\u017cywa\u0107 Everest Hard Fist Poppers do czyszczenia sk\u00f3ry<\/h3>\n<p>Aby osi\u0105gn\u0105\u0107 najlepsze rezultaty, post\u0119puj zgodnie z tymi krokami:<\/p>\n<ol>\n<li>Otw\u00f3rz butelk\u0119 w dobrze wentylowanym miejscu.<\/li>\n<li>Nanie\u015b ma\u0142\u0105 ilo\u015b\u0107 Everest Hard Fist Poppers na czyst\u0105 \u015bciereczk\u0119.<\/li>\n<li>Delikatnie przetrzyj powierzchni\u0119 sk\u00f3ry, aby usun\u0105\u0107 brud i zanieczyszczenia.<\/li>\n<li>Pozw\u00f3l ca\u0142kowicie wyschn\u0105\u0107 przed u\u017cyciem.<\/li>\n<li>Gdy Twoja sk\u00f3rzana zabawka jest czysta i \u015bwie\u017ca, Ty i Tw\u00f3j partner mo\u017cecie pu\u015bci\u0107 wodze fantazji i odkrywa\u0107 g\u0142\u0119bok\u0105 przyjemno\u015b\u0107 jak nigdy wcze\u015bniej.<\/li>\n<\/ol>\n<h3>Uwolnij swoje najdziksze fantazje<\/h3>\n<p>Po upewnieniu si\u0119, \u017ce Twoja sk\u00f3rzana zabawka jest nieskazitelnie czysta, nadszed\u0142 czas, aby cieszy\u0107 si\u0119 nieskr\u0119powan\u0105 noc\u0105 z partnerem. Pozw\u00f3l swoim zmys\u0142om przej\u0105\u0107 kontrol\u0119, zanurz si\u0119 g\u0142\u0119boko w przyjemno\u015bci i do\u015bwiadcz nowych poziom\u00f3w intymno\u015bci. Niezale\u017cnie od tego, czy jeste\u015b do\u015bwiadczonym odkrywc\u0105, czy nowicjuszem, <strong>Everest Hard Fist Poppers 24ml<\/strong> to idealny towarzysz dla tych, kt\u00f3rzy wymagaj\u0105 najwi\u0119cej ze swoich do\u015bwiadcze\u0144.  <\/p>\n<h3>Podobne produkty, kt\u00f3re mog\u0105 Ci si\u0119 spodoba\u0107<\/h3>\n<p>Szukasz innego wysokiej mocy <strong>\u015brodka do czyszczenia sk\u00f3ry?<\/strong> Wypr\u00f3buj <a href=\"https:\/\/huskybearpoppers.eu\/product\/poppers-fist-fuck-amyl-24ml\/\"><strong>Poppers Fist Fuck Amyl 24ml<\/strong><\/a> \u2013 kolejn\u0105 <strong>pot\u0119\u017cn\u0105 formu\u0142\u0119 na bazie amylu<\/strong> zaprojektowan\u0105 do g\u0142\u0119bokiego i skutecznego czyszczenia. <\/p>\n","protected":false},"excerpt":{"rendered":"<p>Przenie\u015b swoj\u0105 przyjemno\u015b\u0107 na nowe wy\u017cyny dzi\u0119ki <strong>Everest Hard Fist Poppers 24ml<\/strong>. Ten <strong>najwy\u017cszej jako\u015bci \u015brodek do czyszczenia sk\u00f3ry<\/strong> zawiera <strong>czysty azotyn amylu<\/strong>, zapewniaj\u0105c maksymaln\u0105 si\u0142\u0119 g\u0142\u0119bokiego i skutecznego czyszczenia. Wyprodukowany przez <strong>Indigo Diffusion<\/strong> we <strong>Francji<\/strong>, Everest gwarantuje najwy\u017csz\u0105 jako\u015b\u0107. Jego <strong>silna formu\u0142a 5\/5<\/strong> jest przeznaczona dla tych, kt\u00f3rzy wymagaj\u0105 intensywno\u015bci. Po dok\u0142adnym wyczyszczeniu i przewietrzeniu sk\u00f3rzanej zabawki erotycznej, pozw\u00f3l swoim <strong>pragnieniom przej<\/strong> \u0105\u0107 kontrol\u0119 i odkryj nowe poziomy podniecenia ze swoim partnerem. <strong>Butelka o pojemno\u015bci 24 ml<\/strong> zapewnia d\u0142ugotrwa\u0142e doznania, gotowe w ka\u017cdej chwili.     <\/p>\n","protected":false},"featured_media":12701,"comment_status":"open","ping_status":"closed","template":"","meta":[],"product_brand":[],"product_cat":[1430,1397,10012,1495,10070,10046,10039,10068,10032,1364,8579,1408,1484,1234,10026,10171,9851],"product_tag":[3244,5551,5549,5550,2982,3181,2978],"class_list":{"0":"post-17514","1":"product","2":"type-product","3":"status-publish","4":"has-post-thumbnail","6":"product_cat-amyl-nitrit-poppers-pl","7":"product_cat-5-5-wyjatkowo-mocny-poppers","8":"product_cat-bear-brotherhood-poppers","9":"product_cat-duze-poppers","10":"product_cat-edge-and-hypno-poppers","11":"product_cat-glebokie-i-mocne-poppersy","12":"product_cat-kupuj-wedlug-doswiadczenia","13":"product_cat-kupuj-wedlug-okazji","14":"product_cat-kupuj-wedlug-spolecznosci","15":"product_cat-miara-sily-poppers","16":"product_cat-poppers-shop-pl","17":"product_cat-poppers-wedlug-formuly","18":"product_cat-poppers-wedlug-rozmiaru","19":"product_cat-producenci-poppers","20":"product_cat-pup-play-poppers","21":"product_cat-ufi-azotyn-amylu","22":"product_cat-ufi-srodek-do-czyszczenia-skory","23":"product_tag-amyl-poppers-pl","24":"product_tag-duze-poppers","25":"product_tag-everest-hard-fist-pl","26":"product_tag-hard-fist-poppers-pl","27":"product_tag-mocny-poppers","28":"product_tag-popper-pl","29":"product_tag-poppers-pl","31":"first","32":"instock","33":"sale","34":"taxable","35":"shipping-taxable","36":"purchasable","37":"product-type-simple"},"_links":{"self":[{"href":"https:\/\/huskybearpoppers.eu\/pl\/wp-json\/wp\/v2\/product\/17514","targetHints":{"allow":["GET"]}}],"collection":[{"href":"https:\/\/huskybearpoppers.eu\/pl\/wp-json\/wp\/v2\/product"}],"about":[{"href":"https:\/\/huskybearpoppers.eu\/pl\/wp-json\/wp\/v2\/types\/product"}],"replies":[{"embeddable":true,"href":"https:\/\/huskybearpoppers.eu\/pl\/wp-json\/wp\/v2\/comments?post=17514"}],"version-history":[{"count":0,"href":"https:\/\/huskybearpoppers.eu\/pl\/wp-json\/wp\/v2\/product\/17514\/revisions"}],"wp:featuredmedia":[{"embeddable":true,"href":"https:\/\/huskybearpoppers.eu\/pl\/wp-json\/wp\/v2\/media\/12701"}],"wp:attachment":[{"href":"https:\/\/huskybearpoppers.eu\/pl\/wp-json\/wp\/v2\/media?parent=17514"}],"wp:term":[{"taxonomy":"product_brand","embeddable":true,"href":"https:\/\/huskybearpoppers.eu\/pl\/wp-json\/wp\/v2\/product_brand?post=17514"},{"taxonomy":"product_cat","embeddable":true,"href":"https:\/\/huskybearpoppers.eu\/pl\/wp-json\/wp\/v2\/product_cat?post=17514"},{"taxonomy":"product_tag","embeddable":true,"href":"https:\/\/huskybearpoppers.eu\/pl\/wp-json\/wp\/v2\/product_tag?post=17514"}],"curies":[{"name":"wp","href":"https:\/\/api.w.org\/{rel}","templated":true}]}}