{"id":16927,"date":"2024-03-21T19:01:02","date_gmt":"2024-03-21T17:01:02","guid":{"rendered":"https:\/\/huskybearpoppers.eu\/product\/lubrykant-na-bazie-wody-pamitex-100-ml\/"},"modified":"2024-03-21T19:01:02","modified_gmt":"2024-03-21T17:01:02","slug":"lubrykant-na-bazie-wody-pamitex-100-ml","status":"publish","type":"product","link":"https:\/\/huskybearpoppers.eu\/pl\/produkt\/lubrykant-na-bazie-wody-pamitex-100-ml\/","title":{"rendered":"Lubrykant na bazie wody Pamitex 100 ml"},"content":{"rendered":"<h2><strong>Lubrykant na bazie wody Pamitex 100 ml &#8211; 100% komfortu i przyjemno\u015bci<\/strong><\/h2>\n<p>Kiedy nami\u0119tno\u015b\u0107 bierze g\u00f3r\u0119, zas\u0142ugujesz na lubrykant, kt\u00f3ry wzmocni Twoje doznania bez rozpraszania uwagi. <strong>Lubrykant na bazie wody Pamitex<\/strong> zosta\u0142 zaprojektowany z my\u015bl\u0105 o <strong>jedwabi\u015bcie g\u0142adkim po \u015blizgu <\/strong>zapewniaj\u0105cym naturaln\u0105 przyjemno\u015b\u0107 i komfort bez wysi\u0142ku. Niezale\u017cnie od tego, czy oddajesz si\u0119 zabawie solo, czy dzielisz intymne chwile z partnerem, ten lubrykant zapewnia dobre samopoczucie przy ka\u017cdym dotyku, ka\u017cdym ruchu i ka\u017cdej sekundzie. To najlepszy towarzysz najbardziej nami\u0119tnych chwil.  <\/p>\n<h3><strong>Dlaczego<\/strong> <strong>warto u\u017cywa\u0107 Smar na bazie wody Pamite<\/strong><strong>x?<\/strong><\/h3>\n<p><strong>Lubrykanty zmieniaj\u0105 zasady gry, poprawiaj\u0105c jako\u015b\u0107 intymnych chwil.<\/strong> <strong>Zmniejszaj\u0105 tarcie, co zwi\u0119ksza przyjemno\u015b\u0107 seksualn\u0105 i komfort. <\/strong>Je\u015bli kiedykolwiek mia\u0142e\u015b niefortunne do\u015bwiadczenie tarcia przerywaj\u0105cego tw\u00f3j przep\u0142yw, wiesz, jak bardzo mo\u017ce to wp\u0142yn\u0105\u0107 na twoj\u0105 przyjemno\u015b\u0107. Lubrykant na bazie wody Pamitex jest tutaj, aby wyeliminowa\u0107 ten problem i zapewni\u0107 p\u0142ynn\u0105, nieprzerwan\u0105 przyjemno\u015b\u0107. Zmniejsza r\u00f3wnie\u017c ryzyko infekcji przenoszonych drog\u0105 p\u0142ciow\u0105, zapewniaj\u0105c najlepsze dzia\u0142anie prezerwatywy, a tak\u017ce poprawia jej skuteczno\u015b\u0107, zapobiegaj\u0105c rozdarciom.    <\/p>\n<p><strong>A co najlepsze?<\/strong> Lubrykant ten <strong>mo\u017ce by\u0107 r\u00f3wnie\u017c bezpiecznie stosowany<\/strong> z wibratorami i innymi zabawkami erotycznymi,<strong> daj\u0105c niesko\u0144czone mo\u017cliwo\u015bci odkrywania nowych wy\u017cyn przyjemno\u015bci.<\/strong><\/p>\n<h2><strong>Dlaczego warto wybra\u0107 smar na bazie wody?<\/strong><\/h2>\n<p><strong>Je\u015bli chodzi o smarowanie, c<\/strong>z\u0119sto preferowanym wyborem jest to na bazie wody. Dlaczego? Poniewa\u017c nie klei si\u0119 i \u0142atwo<strong> si\u0119 zmywa, nie pozostawiaj\u0105c<\/strong> \u015blad\u00f3w. Jest r\u00f3wnie\u017c bezpieczny dla cia\u0142a i ma zr\u00f3wnowa\u017cone pH, dzi\u0119ki czemu jest delikatny dla sk\u00f3ry i szanuje r\u00f3wnowag\u0119 intymn\u0105. <strong>Dzi\u0119ki wszechstronnemu zastosowaniu jest idealny<\/strong> do zabaw waginalnych, oralnych i analnych. <strong>Bez wzgl\u0119du na to, czy zabierasz si\u0119 do rzeczy, czy przyprawiasz rzeczy,<\/strong> lubrykant na bazie wody <strong>Pamitex ma Twoje plecy.<\/strong>    <\/p>\n<p>Nie tylko zapewnia <strong>d\u0142ugotrwa\u0142e nawil\u017cenie<\/strong>, kt\u00f3re pomaga zmniejszy\u0107 sucho\u015b\u0107 i zwi\u0119ksza komfort, ale jest r\u00f3wnie\u017c <strong>bezzapachowy i bezsmakowy,<\/strong> dzi\u0119ki czemu mo\u017cesz cieszy\u0107 si\u0119 doznaniami bez rozpraszania uwagi, kt\u00f3re koncentruj\u0105 si\u0119 wy\u0142\u0105cznie na przyjemno\u015bci. Lekka \u017celowa konsystencja lubrykantu zapewnia \u0142atw\u0105 aplikacj\u0119 i naturaln\u0105 g\u0142adko\u015b\u0107, dzi\u0119ki czemu nie musisz si\u0119 martwi\u0107 o nieprzyjemn\u0105 lepko\u015b\u0107 lub nadmiar pozosta\u0142o\u015bci. Jeste\u015b tylko ty i tw\u00f3j partner, z idealnym po\u015blizgiem, aby utrzyma\u0107 rosn\u0105c\u0105 temperatur\u0119.  <\/p>\n<h3><strong>Przyjemno\u015b\u0107 bez wysi\u0142ku w ka\u017cdej chwili<\/strong><\/h3>\n<p>Niezale\u017cnie od tego, czy sp\u0119dzasz chwile solo, czy te\u017c eksplorujesz z partnerem, lubrykant na bazie wody Pamitex zapewnia idealny po\u015blizg dla wi\u0119kszej przyjemno\u015bci.<\/p>\n<p>Jest g\u0142adki, jedwabisty i sprawia, \u017ce wszystko jest jak bezwysi\u0142kowa podr\u00f3\u017c do przyjemno\u015bci. \u0141atwa aplikacja sprawia, \u017ce mo\u017cesz ca\u0142kowicie skupi\u0107 si\u0119 na chwili bez \u017cadnych zak\u0142\u00f3ce\u0144. Wystarczy kilka kropel i jeste\u015b gotowa do dzia\u0142ania &#8211; niezale\u017cnie od tego, czy eksperymentujesz z nowymi zabawkami, odkrywasz r\u00f3\u017cne pozycje, czy po prostu rozkoszujesz si\u0119 dodatkowym komfortem. Pamitex gwarantuje, \u017ce poczujesz si\u0119 jak na zupe\u0142nie nowym poziomie intymno\u015bci.   <\/p>\n<h3><strong>Smar na bazie wody Pamitex zapewnia bezpiecze\u0144stwo i kompatybilno\u015b\u0107<\/strong><\/h3>\n<p>Je\u015bli chodzi o intymne igraszki, bezpiecze\u0144stwo nie podlega negocjacjom. <strong>Lubrykant na bazie wody Pamitex jest przyjazny<\/strong> dla prezerwatyw i zabawek, doskonale wsp\u00f3\u0142pracuj\u0105c z prezerwatywami lateksowymi i wszystkimi rodzajami zabawek erotycznych. Oznacza to, \u017ce nie musisz martwi\u0107 si\u0119 o kompatybilno\u015b\u0107 &#8211; po prostu we\u017a swoje ulubione zabawki lub prezerwatywy i gotowe. <strong>Ponadto jest niezwykle \u0142atwy w czyszczeniu.<\/strong> Rozpuszczalna w wodzie formu\u0142a \u0142atwo si\u0119 sp\u0142ukuje, nie pozostawiaj\u0105c lepkich pozosta\u0142o\u015bci, dzi\u0119ki czemu mo\u017cesz si\u0119 zrelaksowa\u0107 i cieszy\u0107 si\u0119 sob\u0105 bez chwili zastanowienia.  <\/p>\n<p>Co wi\u0119cej, lubrykant na bazie wody Pamitex jest wolny od ostrych dodatk\u00f3w, takich jak parabeny, gliceryna i sztuczne substancje zapachowe, zapewniaj\u0105c, \u017ce nic poza czyst\u0105 przyjemno\u015bci\u0105 nie dotknie Twojej sk\u00f3ry. Oznacza to, \u017ce niezale\u017cnie od tego, czy anga\u017cujesz si\u0119 w d\u0142ugie sesje, czy tylko kilka szybkich chwil intymno\u015bci, zawsze mo\u017cesz zaufa\u0107 Pamitex, aby zapewni\u0107 idealny, bezpieczny po\u015blizg. <\/p>\n<p>Intymno\u015b\u0107 zawsze powinna by\u0107 przyjemnym i beztroskim do\u015bwiadczeniem, a lubrykanty na bazie wody s\u0105 doskona\u0142ym wyborem, aby to zapewni\u0107. W przeciwie\u0144stwie do produkt\u00f3w na bazie silikonu lub oleju, lubrykanty na bazie wody zapewniaj\u0105 g\u0142adkie i naturalne doznania, kt\u00f3re nie pozostawiaj\u0105 uczucia lepko\u015bci. Nie tylko sprawiaj\u0105, \u017ce czas sp\u0119dzony w \u0142\u00f3\u017cku jest przyjemniejszy, ale dzi\u0119ki ich dodatkowym w\u0142a\u015bciwo\u015bciom nawil\u017caj\u0105cym, Twoja sk\u00f3ra r\u00f3wnie\u017c Ci podzi\u0119kuje!  <\/p>\n<p>Nast\u0119pnym razem, gdy zechcesz zbli\u017cy\u0107 si\u0119 do swojego partnera, rozwa\u017c wyb\u00f3r lubrykantu na bazie wody Pamitex &#8211; z pewno\u015bci\u0105 wzmocni on doznania. <strong>Aby uzyska\u0107 jeszcze lepsze doznania, zalecamy wypr\u00f3bowanie naszego lubrykantu ze specjalnymi prezerwatywami dla dodatkowej przyjemno\u015bci i ochrony:<\/strong> <\/p>\n<ul>\n<li><a href=\"https:\/\/huskybearpoppers.eu\/product\/pamitex-super-red-condoms-144-pack\/\" target=\"_blank\" rel=\"noopener\">Prezerwatywy Pamitex Super Red &#8211; opakowanie 144 szt.<\/a><\/li>\n<li><a href=\"https:\/\/huskybearpoppers.eu\/pl\/produkt\/prezerwatywy-owocowe-pamitex-opakowanie-144-sztuki\/\" target=\"_blank\" rel=\"noopener\">Prezerwatywy Pamitex o smaku owocowym &#8211; opakowanie 144 szt.<\/a><\/li>\n<li><a href=\"https:\/\/huskybearpoppers.eu\/pl\/produkt\/pamitex-prezerwatywy-o-smaku-bananowym-opakowanie-144-sztuki\/\" target=\"_blank\" rel=\"noopener\">Prezerwatywy Pamitex o smaku bananowym &#8211; opakowanie 144 szt.<\/a><\/li>\n<\/ul>\n","protected":false},"excerpt":{"rendered":"<p data-pm-slice=\"1 1 []\">Uwolnij swoje naj\u015bmielsze marzenia <strong>dzi\u0119ki lubrykantowi na bazie wody Pamitex.<\/strong><\/p>\n<p data-pm-slice=\"1 1 []\"><strong>Ten nieklej\u0105cy, bezzapachowy i bezsmakowy lubrykant zwi\u0119ksza przyjemno\u015b\u0107, zapewniaj\u0105c jednocze\u015bnie maksymalny komfort.<\/strong><\/p>\n<p data-pm-slice=\"1 1 []\"><strong>Idealny do zabaw waginalnych, <\/strong>oralnych i analnych, zapewnia p\u0142ynno\u015b\u0107 i zmys\u0142owo\u015b\u0107 ka\u017cdej intymnej chwili.<\/p>\n","protected":false},"featured_media":15778,"comment_status":"open","ping_status":"closed","template":"","meta":[],"product_brand":[],"product_cat":[9894,8588],"product_tag":[4709,4714,4717,4712,4711,4720,4716,4704,4715,4703,4705,4706,4708,4719,4702,4718,4713,4710,4707],"class_list":{"0":"post-16927","1":"product","2":"type-product","3":"status-publish","4":"has-post-thumbnail","6":"product_cat-lubryfikanty","7":"product_cat-lubrykant-prezerwatywy-i-wiecej","8":"product_tag-bezpieczny-smar","9":"product_tag-bezzapachowy","10":"product_tag-easy-wash-pl","11":"product_tag-gra-dla-par","12":"product_tag-jedwabiste-uczucie","13":"product_tag-klasyczny-smar","14":"product_tag-lagodzenie-suchosci-pochwy","15":"product_tag-lubrykant-osobisty","16":"product_tag-nieprzylepny","17":"product_tag-pamitex-smar","18":"product_tag-pielegnacja-intymna","19":"product_tag-plynna-gra","20":"product_tag-przyjazny-dla-zabawek","21":"product_tag-smar","22":"product_tag-smar-na-bazie-wody","23":"product_tag-smar-na-bazie-wody-pamitex","24":"product_tag-solo-pleasure-pl","25":"product_tag-wygodna-intymnosc","26":"product_tag-zrownowazone-ph","28":"first","29":"instock","30":"sale","31":"taxable","32":"shipping-taxable","33":"purchasable","34":"product-type-simple"},"_links":{"self":[{"href":"https:\/\/huskybearpoppers.eu\/pl\/wp-json\/wp\/v2\/product\/16927","targetHints":{"allow":["GET"]}}],"collection":[{"href":"https:\/\/huskybearpoppers.eu\/pl\/wp-json\/wp\/v2\/product"}],"about":[{"href":"https:\/\/huskybearpoppers.eu\/pl\/wp-json\/wp\/v2\/types\/product"}],"replies":[{"embeddable":true,"href":"https:\/\/huskybearpoppers.eu\/pl\/wp-json\/wp\/v2\/comments?post=16927"}],"version-history":[{"count":0,"href":"https:\/\/huskybearpoppers.eu\/pl\/wp-json\/wp\/v2\/product\/16927\/revisions"}],"wp:featuredmedia":[{"embeddable":true,"href":"https:\/\/huskybearpoppers.eu\/pl\/wp-json\/wp\/v2\/media\/15778"}],"wp:attachment":[{"href":"https:\/\/huskybearpoppers.eu\/pl\/wp-json\/wp\/v2\/media?parent=16927"}],"wp:term":[{"taxonomy":"product_brand","embeddable":true,"href":"https:\/\/huskybearpoppers.eu\/pl\/wp-json\/wp\/v2\/product_brand?post=16927"},{"taxonomy":"product_cat","embeddable":true,"href":"https:\/\/huskybearpoppers.eu\/pl\/wp-json\/wp\/v2\/product_cat?post=16927"},{"taxonomy":"product_tag","embeddable":true,"href":"https:\/\/huskybearpoppers.eu\/pl\/wp-json\/wp\/v2\/product_tag?post=16927"}],"curies":[{"name":"wp","href":"https:\/\/api.w.org\/{rel}","templated":true}]}}