{"id":12100,"date":"2025-01-28T19:15:05","date_gmt":"2025-01-28T17:15:05","guid":{"rendered":"https:\/\/huskybearpoppers.eu\/product\/iron-fist-starlight-poppers-24ml\/"},"modified":"2025-12-02T10:22:00","modified_gmt":"2025-12-02T08:22:00","slug":"iron-fist-starlight-poppers-24ml","status":"publish","type":"product","link":"https:\/\/huskybearpoppers.eu\/pl\/produkt\/iron-fist-starlight-poppers-24ml\/","title":{"rendered":"Iron Fist Starlight Poppers 24ml"},"content":{"rendered":"<h2>Iron Fist Starlight Poppers 24ml \u2013 G\u0142\u0119bokie Czyszczenie dla Maksymalnej Przyjemno\u015bci<\/h2>\n<p>Je\u015bli chodzi o konserwacj\u0119 sk\u00f3rzanych zabawek erotycznych, wystarczy najwy\u017cszej jako\u015bci \u015brodek do czyszczenia sk\u00f3ry. <strong>Iron Fist Starlight Poppers<\/strong> zosta\u0142 zaprojektowany dla tych, kt\u00f3rzy szukaj\u0105 mocy i wydajno\u015bci w ka\u017cdym aspekcie swojej przyjemno\u015bci. Zaprojektowany z <strong>formu\u0142\u0105 Si\u0142a 5\/5<\/strong> i wykonany z <strong>wysoce oczyszczonego azotynu amylu<\/strong>, ten silny \u015brodek czyszcz\u0105cy jest idealnym rozwi\u0105zaniem do utrzymania sk\u00f3rzanych akcesori\u00f3w w nieskazitelnym stanie. <\/p>\n<h3>Dlaczego Warto Wybra\u0107 Iron Fist Starlight Poppers?<\/h3>\n<p>Nie wszystkie \u015brodki do czyszczenia sk\u00f3ry s\u0105 sobie r\u00f3wne. Niekt\u00f3re s\u0105 s\u0142abe i nieefektywne. <strong>Iron Fist Starlight Poppers 24ml<\/strong> zapewnia <strong>silne, g\u0142\u0119bokie dzia\u0142anie czyszcz\u0105ce<\/strong>, kt\u00f3re gwarantuje, \u017ce sk\u00f3rzane zabawki erotyczne pozostan\u0105 \u015bwie\u017ce, mi\u0119kkie i gotowe na kolejn\u0105 przygod\u0119. <\/p>\n<ul>\n<li><strong>Wyj\u0105tkowo mocna formu\u0142a <\/strong> \u2013 Oceniono na <strong>5\/5 pod wzgl\u0119dem Si\u0142y<\/strong>, czyni\u0105c go jednym z najbardziej intensywnych \u015brodk\u00f3w czyszcz\u0105cych dost\u0119pnych.<\/li>\n<li><strong>Premium amyl nitryt baza<\/strong> \u2013 Szybko dzia\u0142aj\u0105ca i skuteczna do g\u0142\u0119bokiego oczyszczania.<\/li>\n<li><strong>Wysokiej jako\u015bci rzemios\u0142o<\/strong> \u2013 Wyprodukowane przez <strong>PWD\u00ae Never Fake It<\/strong>, zapewniaj\u0105ce czysto\u015b\u0107 i skuteczno\u015b\u0107.<\/li>\n<li><strong>Wyprodukowano w Luksemburgu<\/strong> \u2013 Zgodnie z rygorystycznymi standardami jako\u015bci zapewniaj\u0105cymi doskona\u0142e rezultaty.<\/li>\n<li><strong>Du\u017ca butelka 24ml<\/strong> \u2013 Wi\u0119cej produktu, wi\u0119cej przyjemno\u015bci i wi\u0119ksza trwa\u0142o\u015b\u0107.<\/li>\n<\/ul>\n<h2>Jak U\u017cywa\u0107 Iron Fist Starlight Poppers do Piel\u0119gnacji Sk\u00f3ry<\/h2>\n<p>Utrzymanie sk\u00f3rzanych zabawek erotycznych w czysto\u015bci jest niezb\u0119dne do zachowania ich tekstury i zapewnienia satysfakcjonuj\u0105cych wra\u017ce\u0144. Post\u0119puj zgodnie z poni\u017cszymi krokami, aby uzyska\u0107 najlepsze rezultaty: <\/p>\n<ol>\n<li><strong>Na\u0142\u00f3\u017c niewielk\u0105 ilo\u015b\u0107<\/strong> <strong>Iron Fist Starlight Poppers<\/strong> na mi\u0119kk\u0105, niestrz\u0119pi\u0105c\u0105 si\u0119 \u015bciereczk\u0119.<\/li>\n<li><strong>Delikatnie wetrzyj<\/strong> \u015brodek czyszcz\u0105cy w sk\u00f3rzan\u0105 powierzchni\u0119, aby usun\u0105\u0107 wszelkie zabrudzenia i pozosta\u0142o\u015bci.<\/li>\n<li><strong>Przed u\u017cyciem pozostaw zabawk\u0119 do ca\u0142kowitego wyschni\u0119cia<\/strong> w dobrze wentylowanym pomieszczeniu.<\/li>\n<li><strong>Przechowywa\u0107 w ch\u0142odnym i suchym miejscu<\/strong>, aby zachowa\u0107 jako\u015b\u0107 i trwa\u0142o\u015b\u0107.<\/li>\n<\/ol>\n<p>Gdy sk\u00f3ra jest ju\u017c \u015bwie\u017ca i przewietrzona, jeste\u015b gotowy, aby uwolni\u0107 si\u0119 i odkry\u0107 now\u0105 g\u0142\u0119bi\u0119 przyjemno\u015bci ze swoim partnerem. Po\u0142\u0105czenie czystej, elastycznej sk\u00f3ry i nieskr\u0119powanej nami\u0119tno\u015bci spot\u0119guje doznania, sprawiaj\u0105c, \u017ce ka\u017cdy dotyk i ruch b\u0119dzie jeszcze bardziej intensywny. <\/p>\n<h3>Niezr\u00f3wnane Do\u015bwiadczenie<\/h3>\n<p>Kluczem do pe\u0142nego korzystania ze sk\u00f3rzanych zabawek erotycznych jest odpowiednia piel\u0119gnacja i konserwacja. U\u017cywaj\u0105c <strong>Iron Fist Starlight Poppers 24ml<\/strong>, inwestujesz w <strong>d\u0142ugowieczno\u015b\u0107, higien\u0119 i najwy\u017csz\u0105 satysfakcj\u0119<\/strong>. Niezale\u017cnie od tego, czy przygotowujesz si\u0119 do nocy g\u0142\u0119bokiej przyjemno\u015bci, czy te\u017c ulepszasz swoj\u0105 kolekcj\u0119, ten \u015brodek do czyszczenia sk\u00f3ry zapewnia, \u017ce Twoje zabawki pozostan\u0105 w doskona\u0142ym stanie, gotowe na ka\u017cde pragnienie.  <\/p>\n<p><strong>Aby uzyska\u0107 jeszcze silniejsze i bardziej ekscytuj\u0105ce doznania, sprawd\u017a <a href=\"https:\/\/huskybearpoppers.eu\/pl\/produkt\/poppers-fist-fuck-n-pentyle-24ml\/\">Poppers Fist Fuck N-Pentyle 24ml<\/a> &#8211; kolejny niezb\u0119dnik dla prawdziwych poszukiwaczy przyjemno\u015bci.<\/strong><\/p>\n","protected":false},"excerpt":{"rendered":"<p><strong>Poznaj pot\u0119\u017cny Iron Fist Starlight Poppers 24ml<\/strong>, wyj\u0105tkowo mocny \u015brodek do czyszczenia sk\u00f3ry przeznaczony do g\u0142\u0119bokiego i skutecznego czyszczenia. Ten wysokiej jako\u015bci \u015brodek czyszcz\u0105cy o silnej <strong>formule azotynu amylu<\/strong> gwarantuje, \u017ce sk\u00f3rzane zabawki erotyczne pozostan\u0105 w doskona\u0142ym stanie. Jego szybkie dzia\u0142anie pozwala na \u0142atw\u0105 konserwacj\u0119, zachowuj\u0105c jako\u015b\u0107 i d\u0142ugowieczno\u015b\u0107 ulubionych element\u00f3w sk\u00f3rzanych.  <\/p>\n<p>Po wyczyszczeniu pozw\u00f3l swojej wyobra\u017ani przej\u0105\u0107 kontrol\u0119, oddaj\u0105c si\u0119 ekscytuj\u0105cym chwilom z partnerem. Wyprodukowany przez <strong>PWD\u00ae Never Fake It<\/strong> i wyprodukowany w Luksemburgu, <strong>Iron Fist Starlight Poppers 24ml<\/strong> to najlepszy wyb\u00f3r dla tych, kt\u00f3rzy wymagaj\u0105 intensywnych i najwy\u017cszej jako\u015bci dozna\u0144. <\/p>\n","protected":false},"featured_media":7041,"comment_status":"open","ping_status":"closed","template":"","meta":[],"product_brand":[],"product_cat":[1266,1397,1430,10012,1495,10070,10046,10039,10068,10032,10019,9816,1364,8579,1408,1484,1234,10069,9851],"product_tag":[3244,3179,3035,3180,3243,3181,2978,3245,3246],"class_list":{"0":"post-12100","1":"product","2":"type-product","3":"status-publish","4":"has-post-thumbnail","6":"product_cat-poppers-pwd-pl","7":"product_cat-5-5-wyjatkowo-mocny-poppers","8":"product_cat-amyl-nitrit-poppers-pl","9":"product_cat-bear-brotherhood-poppers","10":"product_cat-duze-poppers","11":"product_cat-edge-and-hypno-poppers","12":"product_cat-glebokie-i-mocne-poppersy","13":"product_cat-kupuj-wedlug-doswiadczenia","14":"product_cat-kupuj-wedlug-okazji","15":"product_cat-kupuj-wedlug-spolecznosci","16":"product_cat-leather-pride-poppers","17":"product_cat-mg7t-f0q9-800v-n20t","18":"product_cat-miara-sily-poppers","19":"product_cat-poppers-shop-pl","20":"product_cat-poppers-wedlug-formuly","21":"product_cat-poppers-wedlug-rozmiaru","22":"product_cat-producenci-poppers","23":"product_cat-poppersy-na-wieczor-we-dwoje","24":"product_cat-ufi-srodek-do-czyszczenia-skory","25":"product_tag-amyl-poppers-pl","26":"product_tag-fist-poppers-pl","27":"product_tag-iron-fist-pl","28":"product_tag-iron-fist-poppers-pl","29":"product_tag-iron-fist-wyjatkowo-mocny","30":"product_tag-popper-pl","31":"product_tag-poppers-pl","32":"product_tag-rocket-poppers-pl","33":"product_tag-star-poppers-pl","35":"first","36":"instock","37":"taxable","38":"shipping-taxable","39":"purchasable","40":"product-type-simple"},"_links":{"self":[{"href":"https:\/\/huskybearpoppers.eu\/pl\/wp-json\/wp\/v2\/product\/12100","targetHints":{"allow":["GET"]}}],"collection":[{"href":"https:\/\/huskybearpoppers.eu\/pl\/wp-json\/wp\/v2\/product"}],"about":[{"href":"https:\/\/huskybearpoppers.eu\/pl\/wp-json\/wp\/v2\/types\/product"}],"replies":[{"embeddable":true,"href":"https:\/\/huskybearpoppers.eu\/pl\/wp-json\/wp\/v2\/comments?post=12100"}],"version-history":[{"count":0,"href":"https:\/\/huskybearpoppers.eu\/pl\/wp-json\/wp\/v2\/product\/12100\/revisions"}],"wp:featuredmedia":[{"embeddable":true,"href":"https:\/\/huskybearpoppers.eu\/pl\/wp-json\/wp\/v2\/media\/7041"}],"wp:attachment":[{"href":"https:\/\/huskybearpoppers.eu\/pl\/wp-json\/wp\/v2\/media?parent=12100"}],"wp:term":[{"taxonomy":"product_brand","embeddable":true,"href":"https:\/\/huskybearpoppers.eu\/pl\/wp-json\/wp\/v2\/product_brand?post=12100"},{"taxonomy":"product_cat","embeddable":true,"href":"https:\/\/huskybearpoppers.eu\/pl\/wp-json\/wp\/v2\/product_cat?post=12100"},{"taxonomy":"product_tag","embeddable":true,"href":"https:\/\/huskybearpoppers.eu\/pl\/wp-json\/wp\/v2\/product_tag?post=12100"}],"curies":[{"name":"wp","href":"https:\/\/api.w.org\/{rel}","templated":true}]}}