{"id":12073,"date":"2025-01-28T19:15:05","date_gmt":"2025-01-28T17:15:05","guid":{"rendered":"https:\/\/huskybearpoppers.eu\/product\/iron-fist-no-limit-butanol-poppers-24ml\/"},"modified":"2025-12-02T10:21:59","modified_gmt":"2025-12-02T08:21:59","slug":"iron-fist-no-limit-butanol-poppers-24ml","status":"publish","type":"product","link":"https:\/\/huskybearpoppers.eu\/pl\/produkt\/iron-fist-no-limit-butanol-poppers-24ml\/","title":{"rendered":"Iron Fist No Limit Butanol Poppers 24ml"},"content":{"rendered":"<h2>Iron Fist No Limit Butanol Poppers 24ml \u2013 \u015arodek Do Czyszczenia Sk\u00f3ry O Ekstremalnej Sile<\/h2>\n<h3>Wydajne, Bezkompromisowe Czyszczenie dla Tych, Kt\u00f3rzy Wymagaj\u0105 Wi\u0119cej<\/h3>\n<p>Je\u015bli chodzi o utrzymanie \u015bwie\u017co\u015bci i czysto\u015bci, tylko najsilniejsi mog\u0105 to zrobi\u0107. <strong>Iron Fist No Limit Butanol Poppers 24ml<\/strong> to <strong>wyj\u0105tkowo silny \u015brodek do czyszczenia sk\u00f3ry stworzony dla tych<\/strong>, kt\u00f3rzy nie wierz\u0105 w ograniczenia. Dzi\u0119ki <strong>wysokoefektywna formu\u0142a z Butanolem i Pentyl Azotynem<\/strong>, ten wysokiej jako\u015bci \u015brodek czyszcz\u0105cy usuwa plamy i utrzymuje sk\u00f3r\u0119 <strong>g\u0142adk\u0105, nieskaziteln\u0105 i gotow\u0105 do dzia\u0142ania<\/strong>. Bez rozpraszania uwagi. \u017badnych kompromis\u00f3w. Tylko czyste, skuteczne czyszczenie.    <\/p>\n<p>Wyprodukowana w <strong>Luksemburgu<\/strong> zgodnie z rygorystycznymi standardami jako\u015bci, formu\u0142a ta zosta\u0142a stworzona dla tych, kt\u00f3rzy oczekuj\u0105 tylko tego, co najlepsze. Niezale\u017cnie od tego, czy dbasz o swoj\u0105 kolekcj\u0119, czy przygotowujesz si\u0119 na niezapomnian\u0105 noc, jest to \u015brodek do czyszczenia sk\u00f3ry, kt\u00f3ry wykonuje swoj\u0105 prac\u0119. <\/p>\n<h3>Co Sprawia, \u017ce Iron Fist No Limit Butanol Poppers 24ml Jest Najlepszy?<\/h3>\n<ul>\n<li><strong>Ekstremalna Moc Czyszczenia<\/strong> \u2013 Formu\u0142a z Butanolem i Azotynem Pentylu zapewnia g\u0142\u0119bokie, czyszczenie o wysokiej intensywno\u015bci.<\/li>\n<li><strong>Wyj\u0105tkowo Mocna Formu\u0142a<\/strong> \u2013 4\/5 si\u0142y dzia\u0142ania, zapewnia doskona\u0142\u0105 moc dla tych, kt\u00f3rzy potrzebuj\u0105 powa\u017cnych rezultat\u00f3w.<\/li>\n<li><strong>Hojna 24ml Butelka<\/strong> \u2013 Przeznaczona do wielokrotnego u\u017cytku, dzi\u0119ki czemu zawsze masz zapas i jeste\u015b gotowy.<\/li>\n<li><strong>Bezpieczna Szczelna Czapka<\/strong> \u2013 Zapobiega wyciekom i utrzymuje integralno\u015b\u0107 produktu.<\/li>\n<li><strong>Najwy\u017csza Europejska Jako\u015b\u0107<\/strong> \u2013 Wyprodukowana w Luksemburgu, zapewniaj\u0105ca wysok\u0105 wydajno\u015b\u0107 i niezawodno\u015b\u0107.<\/li>\n<\/ul>\n<h3>Jak Stosowa\u0107 Iron Fist No Limit Butanol Poppers 24ml<\/h3>\n<ol>\n<li>Upewnij si\u0119, \u017ce znajdujesz si\u0119 w dobrze wentylowanym miejscu.<\/li>\n<li>Przed u\u017cyciem dobrze wstrz\u0105sn\u0105\u0107 butelk\u0105.<\/li>\n<li>Nanie\u015b\u0107 niewielk\u0105 ilo\u015b\u0107 na czyst\u0105, mi\u0119kk\u0105 \u015bciereczk\u0119.<\/li>\n<li>Delikatnie wciera\u0107 w powierzchni\u0119 sk\u00f3ry, pokrywaj\u0105c wszystkie obszary.<\/li>\n<li>Odczeka\u0107 kilka chwil, a\u017c \u015brodek czyszcz\u0105cy usunie pozosta\u0142o\u015bci.<\/li>\n<li>Wytrzyj nadmiar i pozostaw sk\u00f3r\u0119 do ca\u0142kowitego wyschni\u0119cia.<\/li>\n<\/ol>\n<h3>Przekraczajcie Swoje Granice \u2013 Podno\u015bcie Ka\u017cde Do\u015bwiadczenie<\/h3>\n<p>Dobrze utrzymana sk\u00f3rzana zabawka erotyczna to nie tylko estetyka &#8211; chodzi o wzmocnienie ka\u017cdego doznania. Dzi\u0119ki <strong>Iron Fist No Limit Butanol Poppers 24ml<\/strong> Twoje sk\u00f3rzane zabawki erotyczne pozostan\u0105 nieskazitelne, g\u0142adkie i zawsze gotowe na wszystko, co przyniesie noc. \u017badnych nier\u00f3wno\u015bci. \u017badnych zak\u0142\u00f3ce\u0144. Tylko czysta, nieprzerwana przyjemno\u015b\u0107.    <\/p>\n<p>Szukasz innego \u015brodek czyszcz\u0105cy wysokiej si\u0142y? Sprawd\u017a <a href=\"https:\/\/huskybearpoppers.eu\/product\/gape-boy-color-super-mix-poppers-30ml\/\"><strong>Gape Boy Color Super Mix Poppers 30ml<\/strong><\/a> jako alternatyw\u0119 klasy premium. <\/p>\n","protected":false},"excerpt":{"rendered":"<p><strong>Iron Fist No Limit Butanol Poppers 24ml<\/strong>, wysokiej jako\u015bci \u015brodek do czyszczenia sk\u00f3ry do zabawek erotycznych, zapewnia dok\u0142adny i skuteczny proces czyszczenia. Stworzona przez <strong>PWD\u00ae Never Fake It<\/strong>, ta pot\u0119\u017cna formu\u0142a \u0142\u0105czy <strong>Butanol<\/strong> i <strong>Azotyn Pentylu<\/strong>, aby zachowa\u0107 integralno\u015b\u0107 sk\u00f3rzanych przedmiot\u00f3w. Dzi\u0119ki sile <strong>4\/5<\/strong> skutecznie usuwa pozosta\u0142o\u015bci i przygotowuje zabawki do nast\u0119pnej przygody. Po wyczyszczeniu i przewietrzeniu zabawek erotycznych <strong>zanurz si\u0119 w g\u0142\u0119bokiej przyjemno\u015bci z partnerem lub solo<\/strong>. Wyprodukowana w <strong>Luksemburgu<\/strong> butelka o pojemno\u015bci 24 ml jest idealnym dodatkiem do rutynowej konserwacji.    <\/p>\n","protected":false},"featured_media":7054,"comment_status":"open","ping_status":"closed","template":"","meta":[],"product_brand":[9792],"product_cat":[1266,1386,9809,10012,10066,1495,10070,1462,10069],"product_tag":[3184,3183,3179,3180,2982,3182,3181,2978],"class_list":{"0":"post-12073","1":"product","2":"type-product","3":"status-publish","4":"has-post-thumbnail","6":"product_brand-iron-fist-poppers","7":"product_cat-poppers-pwd-pl","8":"product_cat-4-5-bardzo-mocny-poppers","9":"product_cat-aq1e-jftn-v001-xca2","10":"product_cat-bear-brotherhood-poppers","11":"product_cat-dlugie-i-stabilne-poppersy","12":"product_cat-duze-poppers","13":"product_cat-edge-and-hypno-poppers","14":"product_cat-pentyl-nitryt-poppers","15":"product_cat-poppersy-na-wieczor-we-dwoje","16":"product_tag-24ml-poppers-pl","17":"product_tag-fioletowy-iron-fist-poppers","18":"product_tag-fist-poppers-pl","19":"product_tag-iron-fist-poppers-pl","20":"product_tag-mocny-poppers","21":"product_tag-pentyl-poppers-pl","22":"product_tag-popper-pl","23":"product_tag-poppers-pl","25":"first","26":"instock","27":"taxable","28":"shipping-taxable","29":"purchasable","30":"product-type-simple"},"_links":{"self":[{"href":"https:\/\/huskybearpoppers.eu\/pl\/wp-json\/wp\/v2\/product\/12073","targetHints":{"allow":["GET"]}}],"collection":[{"href":"https:\/\/huskybearpoppers.eu\/pl\/wp-json\/wp\/v2\/product"}],"about":[{"href":"https:\/\/huskybearpoppers.eu\/pl\/wp-json\/wp\/v2\/types\/product"}],"replies":[{"embeddable":true,"href":"https:\/\/huskybearpoppers.eu\/pl\/wp-json\/wp\/v2\/comments?post=12073"}],"version-history":[{"count":0,"href":"https:\/\/huskybearpoppers.eu\/pl\/wp-json\/wp\/v2\/product\/12073\/revisions"}],"wp:featuredmedia":[{"embeddable":true,"href":"https:\/\/huskybearpoppers.eu\/pl\/wp-json\/wp\/v2\/media\/7054"}],"wp:attachment":[{"href":"https:\/\/huskybearpoppers.eu\/pl\/wp-json\/wp\/v2\/media?parent=12073"}],"wp:term":[{"taxonomy":"product_brand","embeddable":true,"href":"https:\/\/huskybearpoppers.eu\/pl\/wp-json\/wp\/v2\/product_brand?post=12073"},{"taxonomy":"product_cat","embeddable":true,"href":"https:\/\/huskybearpoppers.eu\/pl\/wp-json\/wp\/v2\/product_cat?post=12073"},{"taxonomy":"product_tag","embeddable":true,"href":"https:\/\/huskybearpoppers.eu\/pl\/wp-json\/wp\/v2\/product_tag?post=12073"}],"curies":[{"name":"wp","href":"https:\/\/api.w.org\/{rel}","templated":true}]}}