{"id":5169,"date":"2024-07-25T14:16:34","date_gmt":"2024-07-25T12:16:34","guid":{"rendered":"https:\/\/huskybearpoppers.eu\/dyskretny-pakiet\/"},"modified":"2026-04-03T11:44:28","modified_gmt":"2026-04-03T09:44:28","slug":"dyskretny-pakiet","status":"publish","type":"page","link":"https:\/\/huskybearpoppers.eu\/pl\/dyskretny-pakiet\/","title":{"rendered":"Dyskretny Pakiet"},"content":{"rendered":"\n<p><strong>Prywatno\u015b\u0107 U\u017cytkownik\u00f3w Jest Naszym Priorytetem<\/strong><\/p>\n\n<p>W Husky Bear Poppers rozumiemy znaczenie dyskrecji przy zakupie poppers. Wiemy, \u017ce prywatno\u015b\u0107 ma znaczenie, dlatego zaprojektowali\u015bmy dyskretne opakowanie, kt\u00f3re zapewnia poufno\u015b\u0107 osobistych preferencji. Dzi\u0119ki naszemu dyskretnemu opakowaniu mo\u017cesz robi\u0107 zakupy bez obaw, wiedz\u0105c, \u017ce Twoje zam\u00f3wienie dotrze bezpiecznie i bez ujawniania jego zawarto\u015bci.  <\/p>\n\n<div class=\"wp-block-rank-math-toc-block\" id=\"rank-math-toc\"><h2>Table of Contents<\/h2><nav><ul><li><a href=\"#1-why-choose-our-discrete-package\">1. Dlaczego Wybra\u0107 Nasz Dyskretny Pakiet?<\/a><\/li><li><a href=\"#2-detailed-packaging-process\">2. Szczeg\u00f3\u0142owy Proces Pakowania<\/a><ul><li><a href=\"#2-1-unmarked-brown-boxes\">2.1 Niezaznaczone Br\u0105zowe Pude\u0142ka<\/a><\/li><li><a href=\"#2-2-secure-and-tamper-evident-sealing\">2.2 Bezpieczne i Odpornie Zapiecz\u0119towane<\/a><\/li><\/ul><\/li><li><a href=\"#3-labeling-and-privacy\">3. Etykietowanie i Prywatno\u015b\u0107<\/a><ul><li><a href=\"#3-1-non-descriptive-shipping-labels\">3.1 Niedekstrykcyjne Etykiety Wysy\u0142kowe<\/a><\/li><li><a href=\"#3-2-generic-return-address\">3.2 Og\u00f3lny Adres Zwrotny<\/a><\/li><\/ul><\/li><li><a href=\"#4-shipping-across-europe\">4. Wysy\u0142ka na Ca\u0142\u0105 Europ\u0119<\/a><ul><li><a href=\"#4-1-fast-and-reliable-delivery\">4.1 Szybka i Niezawodna Dostawa<\/a><\/li><li><a href=\"#4-2-expedited-shipping-options\">4.2 Opcje Przyspieszonej Wysy\u0142ki<\/a><\/li><li><a href=\"#4-3-wide-european-coverage\">4.3 Szerokie Pokrycie Europejskie<\/a><\/li><li><a href=\"#4-4-shipping-partners\">4.4 Partnerzy Wysy\u0142kowi<\/a><\/li><\/ul><\/li><li><a href=\"#5-customer-privacy-assurance\">5. Gwarancja Prywatno\u015bci Klienta<\/a><ul><li><a href=\"#5-1-secure-payment-methods\">5.1 Bezpieczne Metody P\u0142atno\u015bci<\/a><\/li><li><a href=\"#5-2-data-protection-policies\">5.2 Polityki Ochrony Danych<\/a><\/li><\/ul><\/li><li><a href=\"#6-packaging-standards\">6. Standardy Pakowania<\/a><\/li><li><a href=\"#7-conclusion\">7. Zako\u0144czenie<\/a><\/li><\/ul><\/nav><\/div>\n\n<h2 class=\"wp-block-heading\" id=\"1-why-choose-our-discrete-package\">1. Dlaczego Wybra\u0107 Nasz Dyskretny Pakiet?<\/h2>\n\n<p>Wybieraj\u0105c Husky Bear Poppers, wybierasz prywatno\u015b\u0107, bezpiecze\u0144stwo i spok\u00f3j ducha. Nasz dyskretny pakiet oferuje kilka korzy\u015bci zapewniaj\u0105cych satysfakcj\u0119: <\/p>\n\n<ol class=\"wp-block-list\">\n<li><strong>Nieoznakowane Opakowanie:<\/strong>\n<ul class=\"wp-block-list\">\n<li><strong>Zwyk\u0142e Br\u0105zowe Pude\u0142ka: <\/strong>Wszystkie zam\u00f3wienia s\u0105 wysy\u0142ane w zwyk\u0142ych, nieoznakowanych br\u0105zowych pude\u0142kach. Na zewn\u0105trz nie ma logo, nazwy firmy ani szczeg\u00f3\u0142\u00f3w produktu. <\/li>\n\n\n\n<li><strong>Nieopisowe Etykiety:<\/strong> Adres zwrotny na paczce brzmi &#8222;International Scalpers l.l.c.&#8221;, co zapewnia poufno\u015b\u0107 zawarto\u015bci.<\/li>\n<\/ul>\n<\/li>\n\n\n\n<li><strong>Brak Wskazania Zawarto\u015bci:<\/strong>\n<ul class=\"wp-block-list\">\n<li><strong>Brak Opis\u00f3w Produkt\u00f3w:<\/strong> Wewn\u0105trz nie ma opis\u00f3w ani nazw produkt\u00f3w, co zapewnia ca\u0142kowit\u0105 prywatno\u015b\u0107.<\/li>\n\n\n\n<li><strong>Og\u00f3lny Adres Zwrotny:<\/strong> Nasz adres zwrotny jest og\u00f3lny i nie wskazuje charakteru zakupu.<\/li>\n<\/ul>\n<\/li>\n\n\n\n<li><strong>Bezpieczne Uszczelnienie:<\/strong>\n<ul class=\"wp-block-list\">\n<li><strong>Zabezpieczenie Przed Manipulacj\u0105:<\/strong> U\u017cywamy wysokiej jako\u015bci metod plombowania, aby zapewni\u0107, \u017ce paczka dotrze nienaruszona i nieotwarta.<\/li>\n\n\n\n<li><strong>Zapobieganie Uszkodzeniom:<\/strong> Ka\u017cda butelka jest starannie zapakowana i wy\u015bcie\u0142ana, aby zapobiec p\u0119kni\u0119ciu lub wyciekom podczas transportu.<\/li>\n<\/ul>\n<\/li>\n<\/ol>\n\n<figure class=\"wp-block-gallery has-nested-images columns-3 is-cropped wp-block-gallery-1 is-layout-flex wp-block-gallery-is-layout-flex\">\n<figure class=\"wp-block-image size-large\"><img loading=\"lazy\" decoding=\"async\" width=\"576\" height=\"1024\" data-id=\"1607\" src=\"https:\/\/huskybearpoppers.eu\/wp-content\/uploads\/2024\/07\/Discreet-package-example-1-576x1024.jpg\" alt=\"\" class=\"wp-image-1607\" srcset=\"https:\/\/huskybearpoppers.eu\/wp-content\/uploads\/2024\/07\/Discreet-package-example-1-576x1024.jpg 576w, https:\/\/huskybearpoppers.eu\/wp-content\/uploads\/2024\/07\/Discreet-package-example-1-800x1422.jpg 800w, https:\/\/huskybearpoppers.eu\/wp-content\/uploads\/2024\/07\/Discreet-package-example-1-169x300.jpg 169w, https:\/\/huskybearpoppers.eu\/wp-content\/uploads\/2024\/07\/Discreet-package-example-1-768x1365.jpg 768w, https:\/\/huskybearpoppers.eu\/wp-content\/uploads\/2024\/07\/Discreet-package-example-1-864x1536.jpg 864w, https:\/\/huskybearpoppers.eu\/wp-content\/uploads\/2024\/07\/Discreet-package-example-1.jpg 900w\" sizes=\"auto, (max-width: 576px) 100vw, 576px\" \/><\/figure>\n\n\n\n<figure class=\"wp-block-image size-large\"><img loading=\"lazy\" decoding=\"async\" width=\"576\" height=\"1024\" data-id=\"1606\" src=\"https:\/\/huskybearpoppers.eu\/wp-content\/uploads\/2024\/07\/Discreet-package-example-2-576x1024.jpg\" alt=\"\" class=\"wp-image-1606\" srcset=\"https:\/\/huskybearpoppers.eu\/wp-content\/uploads\/2024\/07\/Discreet-package-example-2-576x1024.jpg 576w, https:\/\/huskybearpoppers.eu\/wp-content\/uploads\/2024\/07\/Discreet-package-example-2-800x1422.jpg 800w, https:\/\/huskybearpoppers.eu\/wp-content\/uploads\/2024\/07\/Discreet-package-example-2-169x300.jpg 169w, https:\/\/huskybearpoppers.eu\/wp-content\/uploads\/2024\/07\/Discreet-package-example-2-768x1365.jpg 768w, https:\/\/huskybearpoppers.eu\/wp-content\/uploads\/2024\/07\/Discreet-package-example-2-864x1536.jpg 864w, https:\/\/huskybearpoppers.eu\/wp-content\/uploads\/2024\/07\/Discreet-package-example-2.jpg 900w\" sizes=\"auto, (max-width: 576px) 100vw, 576px\" \/><\/figure>\n\n\n\n<figure class=\"wp-block-image size-large\"><img loading=\"lazy\" decoding=\"async\" width=\"576\" height=\"1024\" data-id=\"1605\" src=\"https:\/\/huskybearpoppers.eu\/wp-content\/uploads\/2024\/07\/Discreet-package-example-3-576x1024.jpg\" alt=\"\" class=\"wp-image-1605\" srcset=\"https:\/\/huskybearpoppers.eu\/wp-content\/uploads\/2024\/07\/Discreet-package-example-3-576x1024.jpg 576w, https:\/\/huskybearpoppers.eu\/wp-content\/uploads\/2024\/07\/Discreet-package-example-3-800x1422.jpg 800w, https:\/\/huskybearpoppers.eu\/wp-content\/uploads\/2024\/07\/Discreet-package-example-3-169x300.jpg 169w, https:\/\/huskybearpoppers.eu\/wp-content\/uploads\/2024\/07\/Discreet-package-example-3-768x1365.jpg 768w, https:\/\/huskybearpoppers.eu\/wp-content\/uploads\/2024\/07\/Discreet-package-example-3-864x1536.jpg 864w, https:\/\/huskybearpoppers.eu\/wp-content\/uploads\/2024\/07\/Discreet-package-example-3.jpg 900w\" sizes=\"auto, (max-width: 576px) 100vw, 576px\" \/><\/figure>\n<\/figure>\n\n<h2 class=\"wp-block-heading\" id=\"2-detailed-packaging-process\">2. Szczeg\u00f3\u0142owy Proces Pakowania<\/h2>\n\n<p>Nasz szczeg\u00f3\u0142owy proces pakowania zapewnia bezpiecze\u0144stwo i prywatno\u015b\u0107 zam\u00f3wienia. Ka\u017cde zam\u00f3wienie jest starannie pakowane w wytrzyma\u0142e, br\u0105zowe pude\u0142ka. U\u017cywamy wysokiej jako\u015bci materia\u0142\u00f3w opakowaniowych, aby zabezpieczy\u0107 przedmioty i zapobiec uszkodzeniom podczas transportu. Opakowanie zosta\u0142o zaprojektowane w taki spos\u00f3b, aby nie mo\u017cna by\u0142o przy nim manipulowa\u0107, co oznacza, \u017ce ka\u017cda pr\u00f3ba otwarcia paczki b\u0119dzie zauwa\u017calna, zapewniaj\u0105c, \u017ce zam\u00f3wienie pozostanie nienaruszone i poufne.   <\/p>\n\n<h3 class=\"wp-block-heading\" id=\"2-1-unmarked-brown-boxes\">2.1 Niezaznaczone Br\u0105zowe Pude\u0142ka<\/h3>\n\n<p>Rozumiemy znaczenie dyskrecji, dlatego do wszystkich naszych przesy\u0142ek u\u017cywamy zwyk\u0142ych, nieoznakowanych br\u0105zowych pude\u0142ek. Pude\u0142ka te nie maj\u0105 \u017cadnych logo, nazw firm ani szczeg\u00f3\u0142\u00f3w produktu na zewn\u0105trz. Gwarantuje to zachowanie prywatno\u015bci od momentu, gdy zam\u00f3wienie opu\u015bci nasz zak\u0142ad, a\u017c do momentu, gdy dotrze do Twoich drzwi.  <\/p>\n\n<h3 class=\"wp-block-heading\" id=\"2-2-secure-and-tamper-evident-sealing\">2.2 Bezpieczne i Odpornie Zapiecz\u0119towane<\/h3>\n\n<p>Aby jeszcze bardziej zapewni\u0107 prywatno\u015b\u0107 i integralno\u015b\u0107 zam\u00f3wienia, stosujemy metody plombowania z zabezpieczeniem antysabota\u017cowym. Nasze paczki s\u0105 bezpiecznie zapiecz\u0119towane, a ka\u017cda pr\u00f3ba ich otwarcia b\u0119dzie widoczna. Daje to pewno\u015b\u0107, \u017ce zam\u00f3wienie nie zosta\u0142o naruszone podczas wysy\u0142ki.  <\/p>\n\n<h2 class=\"wp-block-heading\" id=\"3-labeling-and-privacy\">3. Etykietowanie i Prywatno\u015b\u0107<\/h2>\n\n<p>Podejmujemy dodatkowe kroki w celu zapewnienia prywatno\u015bci. Etykieta wysy\u0142kowa jest nieopisowa i zawiera tylko niezb\u0119dne informacje o dostawie. Nazwa nadawcy jest wymieniona jako &#8222;International Scalpers l.l.c.&#8221;, bez \u017cadnych odniesie\u0144 do Husky Bear Poppers lub produkt\u00f3w znajduj\u0105cych si\u0119 w \u015brodku. W ten spos\u00f3b Twoja prywatno\u015b\u0107 jest zachowana od momentu, gdy Twoje zam\u00f3wienie opuszcza nasz zak\u0142ad, a\u017c do momentu, gdy dotrze do Twoich drzwi.   <\/p>\n\n<figure class=\"wp-block-image size-full\"><img loading=\"lazy\" decoding=\"async\" width=\"582\" height=\"693\" src=\"https:\/\/huskybearpoppers.eu\/wp-content\/uploads\/2024\/08\/dhl-shipping-lable.png\" alt=\"\" class=\"wp-image-2990\" srcset=\"https:\/\/huskybearpoppers.eu\/wp-content\/uploads\/2024\/08\/dhl-shipping-lable.png 582w, https:\/\/huskybearpoppers.eu\/wp-content\/uploads\/2024\/08\/dhl-shipping-lable-252x300.png 252w\" sizes=\"auto, (max-width: 582px) 100vw, 582px\" \/><\/figure>\n\n<h3 class=\"wp-block-heading\" id=\"3-1-non-descriptive-shipping-labels\">3.1 Niedekstrykcyjne Etykiety Wysy\u0142kowe<\/h3>\n\n<p>Our shipping labels are designed to be as discreet as possible. They only Nasze etykiety wysy\u0142kowe s\u0105 zaprojektowane tak, aby by\u0142y jak najbardziej dyskretne. Zawieraj\u0105 tylko niezb\u0119dne informacje o dostawie, a nadawca jest wymieniony jako &#8222;International Scalpers l.l.c.&#8221;. Nie ma wzmianki o Husky Bear Poppers ani o naturze produkt\u00f3w znajduj\u0105cych si\u0119 w paczce. Zapewnia to ochron\u0119 prywatno\u015bci u\u017cytkownika podczas ca\u0142ego procesu wysy\u0142ki.ss.   <\/p>\n\n<h3 class=\"wp-block-heading\" id=\"3-2-generic-return-address\">3.2 Og\u00f3lny Adres Zwrotny<\/h3>\n\n<p>Aby jeszcze bardziej zapewni\u0107 prywatno\u015b\u0107, u\u017cywamy og\u00f3lnego adresu zwrotnego na wszystkich naszych paczkach. Adres ten nie wskazuje charakteru zakupu, zapewniaj\u0105c dodatkow\u0105 warstw\u0119 dyskrecji. Niezale\u017cnie od tego, czy paczka zostanie dostarczona do domu, biura czy innej lokalizacji, mo\u017cesz mie\u0107 pewno\u015b\u0107, \u017ce jej zawarto\u015b\u0107 pozostanie poufna.  <\/p>\n\n<h2 class=\"wp-block-heading\" id=\"4-shipping-across-europe\">4. Wysy\u0142ka na Ca\u0142\u0105 Europ\u0119<\/h2>\n\n<p>Oferujemy szybk\u0105 i niezawodn\u0105 wysy\u0142k\u0119 na terenie ca\u0142ej Europy. Nasze standardowe czasy dostawy s\u0105 kr\u00f3tkie, a dla tych, kt\u00f3rzy potrzebuj\u0105 swoich zam\u00f3wie\u0144 szybciej, oferujemy r\u00f3wnie\u017c opcje wysy\u0142ki przyspieszonej. Niezale\u017cnie od lokalizacji w Europie, mo\u017cesz oczekiwa\u0107, \u017ce Twoja dyskretna paczka dotrze szybko i bezpiecznie. W<strong>i\u0119cej informacji o tym, gdzie wysy\u0142amy przesy\u0142ki, mo\u017cna znale\u017a\u0107 na stronie <a href=\"https:\/\/huskybearpoppers.eu\/pl\/informacje-o-wysylce\/\">Informacje O Wysy\u0142ce.<\/a><\/strong>  <\/p>\n\n<h3 class=\"wp-block-heading\" id=\"4-1-fast-and-reliable-delivery\">4.1 Szybka i Niezawodna Dostawa<\/h3>\n\n<p>Rozumiemy, \u017ce chcesz otrzyma\u0107 swoje produkty tak szybko, jak to mo\u017cliwe. Dlatego oferujemy szybk\u0105 i niezawodn\u0105 wysy\u0142k\u0119 na terenie ca\u0142ej Europy. Nasz standardowy czas dostawy ma na celu szybkie dostarczenie zam\u00f3wienia, bez uszczerbku dla prywatno\u015bci i bezpiecze\u0144stwa dyskretnej paczki.  <\/p>\n\n<h3 class=\"wp-block-heading\" id=\"4-2-expedited-shipping-options\">4.2 Opcje Przyspieszonej Wysy\u0142ki<\/h3>\n\n<p>Dla tych, kt\u00f3rzy potrzebuj\u0105 swoich zam\u00f3wie\u0144 jeszcze szybciej, oferujemy przyspieszone opcje wysy\u0142ki. Opcje te zapewniaj\u0105, \u017ce dyskretna paczka dotrze tak szybko, jak to mo\u017cliwe, przy jednoczesnym zachowaniu najwy\u017cszego poziomu prywatno\u015bci i bezpiecze\u0144stwa. Niezale\u017cnie od tego, czy wybierzesz wysy\u0142k\u0119 standardow\u0105, czy przyspieszon\u0105, mo\u017cesz mie\u0107 pewno\u015b\u0107, \u017ce Twoje zam\u00f3wienie zostanie obs\u0142u\u017cone z nale\u017cyt\u0105 staranno\u015bci\u0105 i dyskrecj\u0105.  <\/p>\n\n<h3 class=\"wp-block-heading\" id=\"4-3-wide-european-coverage\">4.3 Szerokie Pokrycie Europejskie<\/h3>\n\n<p>Bez wzgl\u0119du na to, gdzie jeste\u015b w Europie, Husky Bear Poppers mo\u017ce dostarczy\u0107 Twoje zam\u00f3wienie. Nasze us\u0142ugi wysy\u0142kowe obejmuj\u0105 szeroki zakres lokalizacji na ca\u0142ym kontynencie, zapewniaj\u0105c, \u017ce Twoja dyskretna paczka dotrze do Ciebie szybko i bezpiecznie. Od du\u017cych miast po odleg\u0142e obszary, jeste\u015bmy zobowi\u0105zani do zapewnienia niezawodnych us\u0142ug dostawy dla wszystkich naszych klient\u00f3w.  <\/p>\n\n<h3 class=\"wp-block-heading\" id=\"4-4-shipping-partners\">4.4 Partnerzy Wysy\u0142kowi<\/h3>\n\n<p>Wsp\u00f3\u0142pracujemy z zaufanymi przewo\u017anikami, takimi jak DHL, GLS i DPD, aby zapewni\u0107, \u017ce Twoja dyskretna paczka zostanie dostarczona bezpiecznie i na czas. Przewo\u017anicy ci s\u0105 znani ze swojej niezawodno\u015bci i profesjonalizmu, co dodatkowo gwarantuje, \u017ce zam\u00f3wienie dotrze w idealnym stanie. <\/p>\n\n<figure class=\"wp-block-image size-large\"><img loading=\"lazy\" decoding=\"async\" width=\"1024\" height=\"134\" src=\"https:\/\/huskybearpoppers.eu\/wp-content\/uploads\/2024\/07\/Shipping-Partners-1024x134.jpg\" alt=\"\" class=\"wp-image-1603\" srcset=\"https:\/\/huskybearpoppers.eu\/wp-content\/uploads\/2024\/07\/Shipping-Partners-1024x134.jpg 1024w, https:\/\/huskybearpoppers.eu\/wp-content\/uploads\/2024\/07\/Shipping-Partners-1000x131.jpg 1000w, https:\/\/huskybearpoppers.eu\/wp-content\/uploads\/2024\/07\/Shipping-Partners-300x39.jpg 300w, https:\/\/huskybearpoppers.eu\/wp-content\/uploads\/2024\/07\/Shipping-Partners-768x101.jpg 768w, https:\/\/huskybearpoppers.eu\/wp-content\/uploads\/2024\/07\/Shipping-Partners-1536x202.jpg 1536w, https:\/\/huskybearpoppers.eu\/wp-content\/uploads\/2024\/07\/Shipping-Partners.jpg 1920w\" sizes=\"auto, (max-width: 1024px) 100vw, 1024px\" \/><\/figure>\n\n<h2 class=\"wp-block-heading\" id=\"5-customer-privacy-assurance\">5.Gwarancja Prywatno\u015bci Klienta<\/h2>\n\n<p>Poza pakowaniem, jeste\u015bmy zobowi\u0105zani do ochrony prywatno\u015bci u\u017cytkownika podczas ca\u0142ego procesu sk\u0142adania zam\u00f3wienia. Nasza witryna korzysta z bezpiecznych metod p\u0142atno\u015bci i stosujemy rygorystyczne zasady ochrony danych. Twoje dane osobowe s\u0105 zawsze traktowane z najwy\u017csz\u0105 staranno\u015bci\u0105 i poufno\u015bci\u0105.  <\/p>\n\n<h3 class=\"wp-block-heading\" id=\"5-1-secure-payment-methods\">5.1 Bezpieczne Metody P\u0142atno\u015bci<\/h3>\n\n<p>W Husky Bear Poppers rozumiemy znaczenie bezpiecznych transakcji. Oferujemy r\u00f3\u017cne bezpieczne metody p\u0142atno\u015bci, aby zapewni\u0107 ochron\u0119 informacji finansowych. Niezale\u017cnie od tego, czy zdecydujesz si\u0119 zap\u0142aci\u0107 kart\u0105 kredytow\u0105, za pobraniem czy inn\u0105 metod\u0105, mo\u017cesz mie\u0107 pewno\u015b\u0107, \u017ce Twoje dane dotycz\u0105ce p\u0142atno\u015bci s\u0105 u nas bezpieczne.  <\/p>\n\n<h3 class=\"wp-block-heading\" id=\"5-2-data-protection-policies\">5.2 Polityki Ochrony Danych<\/h3>\n\n<p>Powa\u017cnie traktujemy ochron\u0119 danych. Nasza strona internetowa jest wyposa\u017cona w zaawansowane \u015brodki bezpiecze\u0144stwa w celu ochrony danych osobowych u\u017cytkownik\u00f3w. Przestrzegamy surowych zasad ochrony danych, zapewniaj\u0105c, \u017ce Twoje informacje nigdy nie s\u0105 udost\u0119pniane stronom trzecim bez Twojej zgody. Prywatno\u015b\u0107 u\u017cytkownik\u00f3w jest naszym najwy\u017cszym priorytetem, zar\u00f3wno w trakcie, jak i po dokonaniu zakupu.   <\/p>\n\n<h2 class=\"wp-block-heading\" id=\"6-packaging-standards\">6. Standardy Pakowania<\/h2>\n\n<p>Przestrzegamy standard\u00f3w pakowania International Air Transport Association (IATA). Gwarantuje to, \u017ce zam\u00f3wienie jest nie tylko dyskretne, ale tak\u017ce zgodne z mi\u0119dzynarodowymi przepisami dotycz\u0105cymi wysy\u0142ki. Przestrzeganie przez nas tych standard\u00f3w gwarantuje, \u017ce Twoja dyskretna przesy\u0142ka b\u0119dzie obs\u0142ugiwana w spos\u00f3b bezpieczny i odpowiedzialny podczas transportu.  <\/p>\n\n<figure class=\"wp-block-image size-full is-resized is-style-default\"><a href=\"https:\/\/www.iata.org\/en\/publications\/manuals-standards-regulations\/\" target=\"_blank\" rel=\"noreferrer noopener\"><img loading=\"lazy\" decoding=\"async\" width=\"378\" height=\"396\" src=\"https:\/\/huskybearpoppers.eu\/wp-content\/uploads\/2024\/07\/iata-certificat.jpg\" alt=\"\" class=\"wp-image-1604\" style=\"width:161px;height:auto\" srcset=\"https:\/\/huskybearpoppers.eu\/wp-content\/uploads\/2024\/07\/iata-certificat.jpg 378w, https:\/\/huskybearpoppers.eu\/wp-content\/uploads\/2024\/07\/iata-certificat-286x300.jpg 286w\" sizes=\"auto, (max-width: 378px) 100vw, 378px\" \/><\/a><\/figure>\n\n<h2 class=\"wp-block-heading\" id=\"7-conclusion\">7. Zako\u0144czenie<\/h2>\n\n<p>Podsumowuj\u0105c, nasz dyskretny pakiet ma na celu zapewnienie najwy\u017cszego poziomu prywatno\u015bci i bezpiecze\u0144stwa. Od momentu z\u0142o\u017cenia zam\u00f3wienia do jego dostarczenia do drzwi, zapewniamy, \u017ce Twoje osobiste preferencje pozostan\u0105 poufne. Wybierz Husky Bear Poppers, aby cieszy\u0107 si\u0119 niezawodnymi i dyskretnymi zakupami.  <\/p>\n\n<p>Dzi\u0119ki naszemu dyskretnemu opakowaniu mo\u017cesz robi\u0107 zakupy bez obaw, wiedz\u0105c, \u017ce Twoja prywatno\u015b\u0107 jest chroniona na ka\u017cdym kroku. Do\u015bwiadcz spokoju ducha, kt\u00f3ry zapewnia nasze bezpieczne i dyskretne opakowanie, i ciesz si\u0119 zakupami bez \u017cadnych zmartwie\u0144. <\/p>\n","protected":false},"excerpt":{"rendered":"<p>Prywatno\u015b\u0107 U\u017cytkownik\u00f3w Jest Naszym Priorytetem W Husky Bear Poppers rozumiemy znaczenie dyskrecji przy zakupie poppers. Wiemy, \u017ce prywatno\u015b\u0107 ma znaczenie, dlatego zaprojektowali\u015bmy dyskretne opakowanie, kt\u00f3re zapewnia poufno\u015b\u0107 osobistych preferencji. Dzi\u0119ki naszemu dyskretnemu opakowaniu mo\u017cesz robi\u0107 zakupy bez obaw, wiedz\u0105c, \u017ce Twoje zam\u00f3wienie dotrze bezpiecznie i bez ujawniania jego zawarto\u015bci. 1. Dlaczego Wybra\u0107 Nasz Dyskretny Pakiet? [&hellip;]<\/p>\n","protected":false},"author":1,"featured_media":25776,"parent":0,"menu_order":0,"comment_status":"closed","ping_status":"closed","template":"","meta":{"footnotes":""},"class_list":["post-5169","page","type-page","status-publish","has-post-thumbnail","hentry"],"blocksy_meta":[],"_links":{"self":[{"href":"https:\/\/huskybearpoppers.eu\/pl\/wp-json\/wp\/v2\/pages\/5169","targetHints":{"allow":["GET"]}}],"collection":[{"href":"https:\/\/huskybearpoppers.eu\/pl\/wp-json\/wp\/v2\/pages"}],"about":[{"href":"https:\/\/huskybearpoppers.eu\/pl\/wp-json\/wp\/v2\/types\/page"}],"author":[{"embeddable":true,"href":"https:\/\/huskybearpoppers.eu\/pl\/wp-json\/wp\/v2\/users\/1"}],"replies":[{"embeddable":true,"href":"https:\/\/huskybearpoppers.eu\/pl\/wp-json\/wp\/v2\/comments?post=5169"}],"version-history":[{"count":0,"href":"https:\/\/huskybearpoppers.eu\/pl\/wp-json\/wp\/v2\/pages\/5169\/revisions"}],"wp:featuredmedia":[{"embeddable":true,"href":"https:\/\/huskybearpoppers.eu\/pl\/wp-json\/wp\/v2\/media\/25776"}],"wp:attachment":[{"href":"https:\/\/huskybearpoppers.eu\/pl\/wp-json\/wp\/v2\/media?parent=5169"}],"curies":[{"name":"wp","href":"https:\/\/api.w.org\/{rel}","templated":true}]}}