{"id":28472,"date":"2026-03-22T16:04:31","date_gmt":"2026-03-22T14:04:31","guid":{"rendered":"https:\/\/huskybearpoppers.eu\/quiz-rekomendacji-poppers-znajdz-swoj-idealny-wybor\/"},"modified":"2026-04-28T08:08:53","modified_gmt":"2026-04-28T06:08:53","slug":"quiz-rekomendacji-poppers-znajdz-swoj-idealny-wybor","status":"publish","type":"page","link":"https:\/\/huskybearpoppers.eu\/pl\/quiz-rekomendacji-poppers-znajdz-swoj-idealny-wybor\/","title":{"rendered":"Quiz rekomendacji Poppers \u2013 Znajd\u017a sw\u00f3j idealny wyb\u00f3r"},"content":{"rendered":"\n<div class=\"wp-block-group is-layout-constrained wp-block-group-is-layout-constrained\" style=\"margin-top:var(--wp--preset--spacing--30);margin-bottom:var(--wp--preset--spacing--30)\">\n<h1 class=\"wp-block-heading has-text-align-center\">Quiz rekomendacji Poppers \u2013 <mark style=\"background-color:rgba(0, 0, 0, 0)\" class=\"has-inline-color has-palette-color-2-color\">Znajd\u017a sw\u00f3j idealny wyb\u00f3r<\/mark><\/h1>\n\n\n\n<p class=\"has-text-align-center\">Nie wszystkie poppers s\u0105 sobie r\u00f3wne &#8211; a wybranie tego z\u0142ego mo\u017ce zepsu\u0107 do\u015bwiadczenie.<\/p>\n\n\n\n<p class=\"has-text-align-center\">Dlatego stworzyli\u015bmy ten szybki quiz.<\/p>\n\n\n\n<p class=\"has-text-align-center\">W mniej ni\u017c 60 sekund otrzymasz spersonalizowan\u0105 rekomendacj\u0119 opart\u0105 na twoim poziomie do\u015bwiadczenia, preferencjach i rodzaju efektu, kt\u00f3rego faktycznie szukasz. Czy chcesz czego\u015b g\u0142adkiego i \u0142agodnego, czy mocnego i intensywnego, ten quiz przecina szum i m\u00f3wi ci dok\u0142adnie, od czego zacz\u0105\u0107. <\/p>\n\n\n\n<p class=\"has-text-align-center\"><strong>\u017badnych zgadywa\u0144. \u017badnych zmarnowanych pieni\u0119dzy. Po prostu odpowiedni produkt dla ciebie.  <\/strong><\/p>\n\n\n\n<div class=\"wp-block-buttons is-content-justification-center is-layout-flex wp-container-core-buttons-is-layout-241c0bc1 wp-block-buttons-is-layout-flex\">\n<div class=\"wp-block-button\"><a class=\"wp-block-button__link has-white-color has-palette-color-1-background-color has-text-color has-background has-link-color has-custom-font-size wp-element-button\" href=\"https:\/\/huskybearpoppers.eu\/pl\/quiz-rekomendacji-poppers-znajdz-swoj-idealny-wybor\/#quiz-p3HK2oJ\/\" style=\"border-radius:8px;padding-top:15px;padding-right:25px;padding-bottom:15px;padding-left:25px;font-size:clamp(14px, 0.875rem + ((1vw - 3.2px) * 0.313), 18px);font-style:normal;font-weight:600\"> Rozpocznij quiz teraz \ud83d\udc49<\/a><\/div>\n<\/div>\n<\/div>\n\n<p><\/p>\n","protected":false},"excerpt":{"rendered":"<p>Quiz rekomendacji Poppers \u2013 Znajd\u017a sw\u00f3j idealny wyb\u00f3r Nie wszystkie poppers s\u0105 sobie r\u00f3wne &#8211; a wybranie tego z\u0142ego mo\u017ce zepsu\u0107 do\u015bwiadczenie. Dlatego stworzyli\u015bmy ten szybki quiz. W mniej ni\u017c 60 sekund otrzymasz spersonalizowan\u0105 rekomendacj\u0119 opart\u0105 na twoim poziomie do\u015bwiadczenia, preferencjach i rodzaju efektu, kt\u00f3rego faktycznie szukasz. Czy chcesz czego\u015b g\u0142adkiego i \u0142agodnego, czy mocnego [&hellip;]<\/p>\n","protected":false},"author":1,"featured_media":25776,"parent":0,"menu_order":0,"comment_status":"closed","ping_status":"closed","template":"","meta":{"footnotes":""},"class_list":["post-28472","page","type-page","status-publish","has-post-thumbnail","hentry"],"blocksy_meta":{"content_style_source":"inherit","vertical_spacing_source":"custom","has_hero_section":"disabled","hero_alignment1":"center","styles_descriptor":{"styles":{"desktop":"","tablet":"","mobile":""},"google_fonts":[],"version":6},"pageExcerptColor":{"default":{"color":"var(--theme-palette-color-4)"}}},"_links":{"self":[{"href":"https:\/\/huskybearpoppers.eu\/pl\/wp-json\/wp\/v2\/pages\/28472","targetHints":{"allow":["GET"]}}],"collection":[{"href":"https:\/\/huskybearpoppers.eu\/pl\/wp-json\/wp\/v2\/pages"}],"about":[{"href":"https:\/\/huskybearpoppers.eu\/pl\/wp-json\/wp\/v2\/types\/page"}],"author":[{"embeddable":true,"href":"https:\/\/huskybearpoppers.eu\/pl\/wp-json\/wp\/v2\/users\/1"}],"replies":[{"embeddable":true,"href":"https:\/\/huskybearpoppers.eu\/pl\/wp-json\/wp\/v2\/comments?post=28472"}],"version-history":[{"count":1,"href":"https:\/\/huskybearpoppers.eu\/pl\/wp-json\/wp\/v2\/pages\/28472\/revisions"}],"predecessor-version":[{"id":28473,"href":"https:\/\/huskybearpoppers.eu\/pl\/wp-json\/wp\/v2\/pages\/28472\/revisions\/28473"}],"wp:featuredmedia":[{"embeddable":true,"href":"https:\/\/huskybearpoppers.eu\/pl\/wp-json\/wp\/v2\/media\/25776"}],"wp:attachment":[{"href":"https:\/\/huskybearpoppers.eu\/pl\/wp-json\/wp\/v2\/media?parent=28472"}],"curies":[{"name":"wp","href":"https:\/\/api.w.org\/{rel}","templated":true}]}}