{"id":28280,"date":"2026-04-18T13:21:07","date_gmt":"2026-04-18T11:21:07","guid":{"rendered":"https:\/\/huskybearpoppers.eu\/our-sponsors-and-partners\/"},"modified":"2026-04-25T16:25:38","modified_gmt":"2026-04-25T14:25:38","slug":"nasi-sponsorzy-i-partnerzy","status":"publish","type":"page","link":"https:\/\/huskybearpoppers.eu\/pl\/nasi-sponsorzy-i-partnerzy\/","title":{"rendered":"Nasi Sponsorzy i Partnerzy"},"content":{"rendered":"\n<style>\n.pt-wrap *, .pt-wrap *::before, .pt-wrap *::after { box-sizing: border-box; margin: 0; padding: 0; }\n.pt-wrap { max-width: 1200px; margin: 0 auto; padding: 40px 16px 80px; font-family: -apple-system, BlinkMacSystemFont, 'Segoe UI', sans-serif; color: #1a1a1a; }\n\n.pt-hero { text-align: center; margin-bottom: 56px; }\n.pt-hero-eyebrow { display: inline-block; font-size: 0.72rem; font-weight: 700; letter-spacing: 0.14em; text-transform: uppercase; color: #7600CA; background: #f3e8ff; padding: 5px 14px; border-radius: 20px; margin-bottom: 16px; }\n.pt-hero-title { font-size: 2.4rem; font-weight: 800; color: #1a1a1a; line-height: 1.15; margin-bottom: 14px; }\n.pt-hero-title span { background: linear-gradient(135deg, #7600CA, #feca57); -webkit-background-clip: text; -webkit-text-fill-color: transparent; background-clip: text; }\n.pt-hero-sub { font-size: 1rem; color: #666; max-width: 540px; margin: 0 auto; line-height: 1.65; }\n\n.pt-section-label { font-size: 0.72rem; font-weight: 700; letter-spacing: 0.14em; text-transform: uppercase; color: #7600CA; margin-bottom: 8px; }\n.pt-section-title { font-size: 1.7rem; font-weight: 800; color: #1a1a1a; margin-bottom: 6px; }\n.pt-section-sub { font-size: 0.9rem; color: #777; margin-bottom: 28px; }\n\n\/* \u2500\u2500 PARTNER CARDS \u2500\u2500 *\/\n.pt-grid { display: grid; grid-template-columns: 1fr; gap: 24px; margin-bottom: 72px; }\n.pt-card { background: #fff; border: 1.5px solid #ebebeb; border-radius: 18px; overflow: hidden; display: flex; flex-direction: column; }\n.pt-card-img-wrap { width: 100%; aspect-ratio: 16\/9; background: #f8f8f8; display: flex; align-items: center; justify-content: center; overflow: hidden; border-bottom: 1.5px solid #ebebeb; }\n.pt-card-img-wrap img { width: 100%; height: 100%; object-fit: cover; }\n.pt-card-body { padding: 20px 20px 24px; display: flex; flex-direction: column; flex: 1; }\n.pt-card-meta { display: flex; align-items: center; gap: 8px; margin-bottom: 10px; }\n.pt-card-location { font-size: 0.72rem; color: #999; font-weight: 600; letter-spacing: 0.06em; text-transform: uppercase; display: flex; align-items: center; gap: 4px; }\n.pt-card-location::before { content: ''; display: inline-block; width: 6px; height: 6px; border-radius: 50%; background: #7600CA; flex-shrink: 0; }\n.pt-card-category { font-size: 0.68rem; font-weight: 700; color: #7600CA; background: #f3e8ff; padding: 2px 8px; border-radius: 10px; text-transform: uppercase; letter-spacing: 0.05em; }\n.pt-card-title { font-size: 1.2rem; font-weight: 800; color: #1a1a1a; margin-bottom: 8px; line-height: 1.2; }\n.pt-card-desc { font-size: 0.875rem; color: #666; line-height: 1.6; margin-bottom: 18px; flex: 1; }\n.pt-code-box { border: 1.5px dashed #c084fc; border-radius: 10px; padding: 12px 14px; margin-bottom: 14px; background: #fdf8ff; display: flex; align-items: center; justify-content: space-between; gap: 10px; }\n.pt-code-label { font-size: 0.7rem; font-weight: 700; color: #9333ea; text-transform: uppercase; letter-spacing: 0.07em; margin-bottom: 3px; }\n.pt-code-value { font-size: 1rem; font-weight: 800; color: #4c1d95; letter-spacing: 0.1em; }\n.pt-code-copy { background: none; border: 1.5px solid #c084fc; border-radius: 7px; padding: 5px 10px; font-size: 0.72rem; font-weight: 700; color: #7600CA; cursor: pointer; white-space: nowrap; }\n.pt-card-btn { display: block; text-align: center; background: linear-gradient(135deg, #7600CA, #feca57); color: #fff !important; font-size: 0.9rem; font-weight: 700; padding: 12px 20px; border-radius: 10px; text-decoration: none; }\n.pt-card-btn:visited { color: #fff !important; }\n\n\/* \u2500\u2500 B2B PARTNER PROGRAMME SECTION \u2500\u2500 *\/\n.pt-b2b { background: #fff; border: 2px solid #7600CA; border-radius: 20px; padding: 36px 28px; margin-bottom: 72px; }\n.pt-b2b-eyebrow { display: inline-block; font-size: 0.7rem; font-weight: 700; letter-spacing: 0.14em; text-transform: uppercase; color: #7600CA; background: #f3e8ff; padding: 4px 12px; border-radius: 20px; margin-bottom: 14px; }\n.pt-b2b-title { font-size: 1.6rem; font-weight: 800; color: #1a1a1a; margin-bottom: 10px; line-height: 1.2; }\n.pt-b2b-sub { font-size: 0.92rem; color: #666; line-height: 1.7; margin-bottom: 24px; max-width: 700px; }\n\n.pt-b2b-perks { display: grid; grid-template-columns: 1fr; gap: 12px; margin-bottom: 28px; }\n.pt-b2b-perk { background: #f9f9f9; border: 1.5px solid #ebebeb; border-radius: 12px; padding: 16px 18px; display: flex; align-items: flex-start; gap: 12px; }\n.pt-b2b-perk-icon { width: 36px; height: 36px; border-radius: 9px; background: #f3e8ff; display: flex; align-items: center; justify-content: center; font-size: 1rem; flex-shrink: 0; }\n.pt-b2b-perk-title { font-size: 0.9rem; font-weight: 700; color: #1a1a1a; margin-bottom: 2px; }\n.pt-b2b-perk-text { font-size: 0.82rem; color: #666; line-height: 1.5; }\n\n\/* \u2500\u2500 MILESTONE TABLE \u2500\u2500 *\/\n.pt-milestone-wrap { margin-bottom: 24px; }\n.pt-milestone-title { font-size: 1rem; font-weight: 700; color: #1a1a1a; margin-bottom: 14px; }\n.pt-milestone-table { width: 100%; border-collapse: collapse; }\n.pt-milestone-table th { background: #1a1a1a; color: #feca57; font-size: 0.75rem; font-weight: 700; text-transform: uppercase; letter-spacing: 0.07em; padding: 10px 14px; text-align: left; }\n.pt-milestone-table th:last-child { text-align: right; }\n.pt-milestone-table td { padding: 10px 14px; font-size: 0.88rem; border-bottom: 1px solid #f0f0f0; }\n.pt-milestone-table tr:last-child td { border-bottom: none; }\n.pt-milestone-table tr:nth-child(even) td { background: #f9f9f9; }\n.pt-milestone-sales { font-weight: 700; color: #1a1a1a; }\n.pt-milestone-bonus { font-weight: 800; color: #7600CA; text-align: right; }\n.pt-milestone-bar-wrap { flex: 1; background: #f0f0f0; border-radius: 4px; height: 6px; margin: 0 12px; overflow: hidden; }\n.pt-milestone-bar { height: 6px; background: linear-gradient(90deg, #7600CA, #feca57); border-radius: 4px; }\n\n.pt-b2b-cta { text-align: center; }\n.pt-b2b-cta-text { font-size: 0.88rem; color: #777; margin-bottom: 14px; }\n.pt-b2b-btn { display: inline-block; background: linear-gradient(135deg, #7600CA, #feca57); color: #fff !important; font-size: 0.95rem; font-weight: 700; padding: 13px 30px; border-radius: 50px; text-decoration: none; }\n.pt-b2b-btn:visited { color: #fff !important; }\n\n\/* \u2500\u2500 SPONSORSHIP CARDS \u2500\u2500 *\/\n.pt-divider { height: 1px; background: #ebebeb; margin: 0 0 56px; }\n.pt-sp-grid { display: grid; grid-template-columns: 1fr; gap: 24px; margin-bottom: 72px; }\n.pt-sp-card { background: #fff; border: 1.5px solid #ebebeb; border-radius: 18px; overflow: hidden; display: flex; flex-direction: column; }\n.pt-sp-img-wrap { width: 100%; aspect-ratio: 16\/9; background: #f8f8f8; display: flex; align-items: center; justify-content: center; overflow: hidden; border-bottom: 1.5px solid #ebebeb; position: relative; }\n.pt-sp-img-wrap img { width: 100%; height: 100%; object-fit: cover; }\n.pt-sp-badge { position: absolute; top: 12px; left: 12px; background: #1a1a1a; color: #feca57; font-size: 0.65rem; font-weight: 800; letter-spacing: 0.1em; text-transform: uppercase; padding: 4px 10px; border-radius: 20px; }\n.pt-sp-body { padding: 20px 20px 24px; display: flex; flex-direction: column; flex: 1; }\n.pt-sp-meta { display: flex; align-items: center; gap: 8px; margin-bottom: 10px; }\n.pt-sp-location { font-size: 0.72rem; color: #999; font-weight: 600; letter-spacing: 0.06em; text-transform: uppercase; display: flex; align-items: center; gap: 4px; }\n.pt-sp-location::before { content: ''; display: inline-block; width: 6px; height: 6px; border-radius: 50%; background: #feca57; flex-shrink: 0; }\n.pt-sp-type { font-size: 0.68rem; font-weight: 700; color: #92400e; background: #fffbeb; padding: 2px 8px; border-radius: 10px; text-transform: uppercase; letter-spacing: 0.05em; }\n.pt-sp-title { font-size: 1.2rem; font-weight: 800; color: #1a1a1a; margin-bottom: 8px; line-height: 1.2; }\n.pt-sp-desc { font-size: 0.875rem; color: #666; line-height: 1.6; margin-bottom: 18px; flex: 1; }\n.pt-sp-socials { display: flex; flex-wrap: wrap; gap: 8px; margin-bottom: 16px; }\n.pt-sp-social { display: inline-flex; align-items: center; gap: 6px; font-size: 0.78rem; font-weight: 700; color: #555; background: #f5f5f5; border: 1.5px solid #e5e5e5; border-radius: 8px; padding: 6px 12px; text-decoration: none; }\n.pt-sp-social:visited { color: #555; }\n.pt-sp-btn { display: block; text-align: center; background: #1a1a1a; color: #fff !important; font-size: 0.9rem; font-weight: 700; padding: 12px 20px; border-radius: 10px; text-decoration: none; }\n.pt-sp-btn:visited { color: #fff !important; }\n\n\/* \u2500\u2500 SEO \u2500\u2500 *\/\n.pt-seo { border-top: 1.5px solid #ebebeb; padding-top: 56px; margin-bottom: 56px; }\n.pt-seo-title { font-size: 1.5rem; font-weight: 800; color: #1a1a1a; margin-bottom: 16px; }\n.pt-seo-text { font-size: 0.9rem; color: #666; line-height: 1.8; max-width: 860px; }\n.pt-seo-text p { margin-bottom: 14px; }\n.pt-seo-text p:last-child { margin-bottom: 0; }\n\n\/* \u2500\u2500 JOIN \u2500\u2500 *\/\n.pt-join { background: linear-gradient(135deg, #1a1a1a 0%, #2d1052 100%); border-radius: 20px; padding: 40px 28px; text-align: center; color: #fff; }\n.pt-join-eyebrow { display: inline-block; font-size: 0.7rem; font-weight: 700; letter-spacing: 0.14em; text-transform: uppercase; color: #feca57; margin-bottom: 14px; }\n.pt-join-title { font-size: 1.7rem; font-weight: 800; color: #fff; margin-bottom: 12px; line-height: 1.2; }\n.pt-join-text { font-size: 0.9rem; color: rgba(255,255,255,0.7); line-height: 1.7; max-width: 560px; margin: 0 auto 28px; }\n.pt-join-btns { display: flex; flex-direction: column; gap: 12px; align-items: center; }\n.pt-join-btn { display: inline-flex; align-items: center; gap: 9px; padding: 13px 26px; border-radius: 50px; font-size: 0.95rem; font-weight: 700; text-decoration: none; min-width: 220px; justify-content: center; }\n.pt-join-btn.whatsapp { background: #25D366; color: #fff !important; }\n.pt-join-btn.email { background: rgba(255,255,255,0.12); color: #fff !important; border: 1.5px solid rgba(255,255,255,0.25); }\n.pt-join-btn:visited { color: #fff !important; }\n.pt-join-note { font-size: 0.75rem; color: rgba(255,255,255,0.4); margin-top: 18px; }\n\n@media (min-width: 600px) {\n  .pt-grid { grid-template-columns: repeat(2, 1fr); }\n  .pt-sp-grid { grid-template-columns: repeat(2, 1fr); }\n  .pt-b2b-perks { grid-template-columns: repeat(2, 1fr); }\n  .pt-join-btns { flex-direction: row; justify-content: center; }\n}\n@media (min-width: 1024px) {\n  .pt-grid { grid-template-columns: repeat(3, 1fr); }\n  .pt-sp-grid { grid-template-columns: repeat(3, 1fr); }\n  .pt-b2b-perks { grid-template-columns: repeat(3, 1fr); }\n  .pt-hero-title { font-size: 3rem; }\n  .pt-join { padding: 60px 40px; }\n  .pt-join-title { font-size: 2.2rem; }\n}\n<\/style>\n\n<div class=\"pt-wrap\">\n\n  <!-- HERO -->\n  <div class=\"pt-hero\">\n    <div class=\"pt-hero-eyebrow\">Nasi sponsorzy i partnerzy<\/div>\n    <h1 class=\"pt-hero-title\">Marki, kt\u00f3rym <span>ufamy i kt\u00f3re wspieramy<\/span><\/h1>\n    <p class=\"pt-hero-sub\">Od ekskluzywnych kod\u00f3w rabatowych z naszymi partnerami handlowymi po wydarzenia spo\u0142eczno\u015bciowe i organizacje, kt\u00f3re z dum\u0105 sponsorujemy \u2014 oto wszyscy, za kt\u00f3rymi stoimy.<\/p>\n  <\/div>\n\n  <!-- \u2500\u2500 PARTNERZY HANDLOWI \u2500\u2500 -->\n  <div class=\"pt-section-label\">Partnerzy handlowi<\/div>\n  <div class=\"pt-section-title\">Nasi partnerzy<\/div>\n  <p class=\"pt-section-sub\">Skorzystaj z poni\u017cszych ekskluzywnych kod\u00f3w i oszcz\u0119d\u017a na nast\u0119pnym zam\u00f3wieniu u naszych zaufanych partner\u00f3w.<\/p>\n\n  <div class=\"pt-grid\">\n    <div class=\"pt-card\">\n      <div class=\"pt-card-img-wrap\">\n        <img decoding=\"async\" src=\"https:\/\/huskybearpoppers.eu\/wp-content\/uploads\/2026\/04\/Logo-Three-Judgement-Sisters.jpg\" alt=\"Three Judgement Sisters\">\n      <\/div>\n      <div class=\"pt-card-body\">\n        <div class=\"pt-card-meta\">\n          <span class=\"pt-card-location\">Praga, CZ<\/span>\n          <span class=\"pt-card-category\">Styl \u017cycia<\/span>\n        <\/div>\n        <div class=\"pt-card-title\">Three Judgement Sisters<\/div>\n        <p class=\"pt-card-desc\">Three Judgement Sisters specjalizuje si\u0119 w odwa\u017cnej odzie\u017cy ulicznej i produktach lifestyle dla spo\u0142eczno\u015bci LGBTQ+, oferuj\u0105c wszystko \u2014 od prowokacyjnych ubra\u0144 z subkultur Bear i Puppy po r\u0119kodzielnicze myd\u0142a i akcesoria. Wyr\u00f3\u017cniaj\u0105 si\u0119 autentycznymi, przekornymi projektami, zaanga\u017cowaniem w to\u017csamo\u015b\u0107 spo\u0142eczno\u015bci oraz kolekcj\u0105 &#8222;Oops Collection&#8221; dla \u015bwiadomych ekologicznie zakup\u00f3w.<\/p>\n        <a href=\"https:\/\/www.tsjudgement.com\/\" target=\"_blank\" rel=\"noopener\" class=\"pt-card-btn\">Odwied\u017a sklep \u2192<\/a>\n      <\/div>\n    <\/div>\n  <\/div>\n\n  <div class=\"pt-divider\"><\/div>\n\n  <!-- \u2500\u2500 SPONSORZY \u2500\u2500 -->\n  <div class=\"pt-section-label\">Sponsorowanie<\/div>\n  <div class=\"pt-section-title\">Kogo sponsorujemy<\/div>\n  <p class=\"pt-section-sub\">Z dum\u0105 wspieramy spo\u0142eczno\u015bci, wydarzenia i organizacje, kt\u00f3re podzielaj\u0105 nasze warto\u015bci w ca\u0142ej Europie.<\/p>\n\n  <div class=\"pt-sp-grid\">\n    <div class=\"pt-sp-card\">\n      <div class=\"pt-sp-img-wrap\">\n        <img decoding=\"async\" src=\"https:\/\/huskybearpoppers.eu\/wp-content\/uploads\/2026\/04\/MrBear-Czechia-Logo.jpg\" alt=\"Mr Bear Czechia Logo\">\n        <span class=\"pt-sp-badge\">Oficjalny sponsor<\/span>\n      <\/div>\n      <div class=\"pt-sp-body\">\n        <div class=\"pt-sp-meta\">\n          <span class=\"pt-sp-location\">Czechy<\/span>\n          <span class=\"pt-sp-type\">Wydarzenie spo\u0142eczno\u015bciowe<\/span>\n        <\/div>\n        <div class=\"pt-sp-title\">Mr Bear Czechia<\/div>\n        <p class=\"pt-sp-desc\">Mr Bear Czechia to jedno z najbardziej lubianych wydarze\u0144 spo\u0142eczno\u015bci bear w Czechach, celebruj\u0105ce pozytywno\u015b\u0107 cia\u0142a, przyja\u017a\u0144 i dum\u0119 bear. Z dum\u0105 jeste\u015bmy ich oficjalnym sponsorem, wspieraj\u0105c wydarzenie i spo\u0142eczno\u015b\u0107, kt\u00f3r\u0105 jednoczy rok po roku.<\/p>\n        <div class=\"pt-sp-socials\">\n          <a href=\"https:\/\/mrbear.cz\/\" target=\"_blank\" rel=\"noopener\" class=\"pt-sp-social\">\ud83c\udf10 Strona internetowa<\/a>\n          <a href=\"https:\/\/www.facebook.com\/Mr.Bear.Czechia\/\" target=\"_blank\" rel=\"noopener\" class=\"pt-sp-social\">Facebook<\/a>\n          <a href=\"https:\/\/www.instagram.com\/mrbearczechiaofficial\" target=\"_blank\" rel=\"noopener\" class=\"pt-sp-social\">Instagram<\/a>\n        <\/div>\n        <a href=\"https:\/\/mrbear.cz\/\" target=\"_blank\" rel=\"noopener\" class=\"pt-sp-btn\">Dowiedz si\u0119 wi\u0119cej o nich \u2192<\/a>\n      <\/div>\n    <\/div>\n  <\/div>\n\n  <!-- TEKST SEO -->\n  <div class=\"pt-seo\">\n    <h2 class=\"pt-seo-title\">O naszych partnerach i sponsoringach<\/h2>\n    <div class=\"pt-seo-text\">\n      <p>W Husky Bear partnerstwa i sponsoring to nie \u0107wiczenie marketingowe \u2014 to odzwierciedlenie tego, kim jeste\u015bmy i jak\u0105 spo\u0142eczno\u015b\u0107 chcemy wspiera\u0107. Ka\u017cda marka i organizacja prezentowana na tej stronie zosta\u0142a osobi\u015bcie wybrana przez nasz zesp\u00f3\u0142, poniewa\u017c wierzymy w to, co robi\u0105, i popieramy warto\u015b\u0107, jak\u0105 wnosz\u0105 do naszej spo\u0142eczno\u015bci.<\/p>\n      <p>Nasi partnerzy handlowi oferuj\u0105 produkty i us\u0142ugi uzupe\u0142niaj\u0105ce naszym klientom. Wsp\u00f3\u0142pracujemy z markami z ca\u0142ej Europy, kt\u00f3re podzielaj\u0105 nasze zaanga\u017cowanie w jako\u015b\u0107, inkluzywno\u015b\u0107 i zaufanie. Partnerzy biznesowi, kt\u00f3rzy do\u0142\u0105czaj\u0105 do naszego programu B2B, korzystaj\u0105 z pe\u0142nej konfiguracji afiliacyjnej obejmuj\u0105cej prowizje, kody rabatowe, widoczno\u015b\u0107 na stronie internetowej oraz premie za osi\u0105gni\u0119te cele sprzeda\u017cowe.<\/p>\n      <p>Nasze sponsorowania wykraczaj\u0105 poza biznes. Aktywnie wspieramy wydarzenia LGBTQ+, spotkania spo\u0142eczno\u015bci bear oraz organizacje, kt\u00f3re robi\u0105 r\u00f3\u017cnic\u0119 dla ludzi, kt\u00f3rzy s\u0105 dla nas najwa\u017cniejsi. Mr Bear Czechia jest przyk\u0142adem inicjatyw stawiaj\u0105cych spo\u0142eczno\u015b\u0107 na pierwszym miejscu, za kt\u00f3rymi z dum\u0105 stoimy.<\/p>\n      <p>Na bie\u017c\u0105co przegl\u0105damy nasze partnerstwa i sponsorowania i zawsze jeste\u015bmy otwarci na nowe wsp\u00f3\u0142prace, kt\u00f3re s\u0105 autentycznie zgodne z warto\u015bciami naszej marki.<\/p>\n    <\/div>\n  <\/div>\n\n  <!-- \u2500\u2500 PROGRAM PARTNERSKI B2B \u2500\u2500 -->\n  <div class=\"pt-b2b\">\n    <div class=\"pt-b2b-eyebrow\">Program partnerstwa biznesowego<\/div>\n    <h2 class=\"pt-b2b-title\">Prowadzisz firm\u0119? Rozwijajmy si\u0119 razem.<\/h2>\n    <p class=\"pt-b2b-sub\">Oferujemy dedykowany program B2B dla sklep\u00f3w, dystrybutor\u00f3w i firm, kt\u00f3re chc\u0105 promowa\u0107 Husky Bear w\u015br\u00f3d swojej publiczno\u015bci. Zarabiaj 10% prowizji od ka\u017cdej poleconej sprzeda\u017cy, daj swoim klientom kod rabatowy na 10% i odblokowuj premie za kolejne cele sprzeda\u017cowe.<\/p>\n\n    <div class=\"pt-b2b-perks\">\n      <div class=\"pt-b2b-perk\">\n        <div class=\"pt-b2b-perk-icon\">\ud83d\udcb8<\/div>\n        <div>\n          <div class=\"pt-b2b-perk-title\">10% prowizji<\/div>\n          <div class=\"pt-b2b-perk-text\">Zarabiaj 10% od ka\u017cdej sprzeda\u017cy wygenerowanej przez Tw\u00f3j osobisty link polecaj\u0105cy.<\/div>\n        <\/div>\n      <\/div>\n      <div class=\"pt-b2b-perk\">\n        <div class=\"pt-b2b-perk-icon\">\ud83c\udff7\ufe0f<\/div>\n        <div>\n          <div class=\"pt-b2b-perk-title\">Kod rabatowy 10%<\/div>\n          <div class=\"pt-b2b-perk-text\">Udost\u0119pnij sw\u00f3j osobisty kod \u2014 Twoi klienci oszcz\u0119dzaj\u0105 10%, a Ty zarabiasz 10%.<\/div>\n        <\/div>\n      <\/div>\n      <div class=\"pt-b2b-perk\">\n        <div class=\"pt-b2b-perk-icon\">\ud83c\udf10<\/div>\n        <div>\n          <div class=\"pt-b2b-perk-title\">Widoczno\u015b\u0107 na naszej stronie<\/div>\n          <div class=\"pt-b2b-perk-text\">Twoja marka na naszej stronie g\u0142\u00f3wnej, stronie partner\u00f3w, stronie z podzi\u0119kowaniami i w stopce.<\/div>\n        <\/div>\n      <\/div>\n      <div class=\"pt-b2b-perk\">\n        <div class=\"pt-b2b-perk-icon\">\ud83d\udce7<\/div>\n        <div>\n          <div class=\"pt-b2b-perk-title\">Miesi\u0119czna wzmianka w e-mailu<\/div>\n          <div class=\"pt-b2b-perk-text\">Promujemy Twoj\u0105 mark\u0119 w\u015br\u00f3d naszej aktywnej bazy klient\u00f3w raz w miesi\u0105cu.<\/div>\n        <\/div>\n      <\/div>\n      <div class=\"pt-b2b-perk\">\n        <div class=\"pt-b2b-perk-icon\">\ud83c\udfc6<\/div>\n        <div>\n          <div class=\"pt-b2b-perk-title\">Premie za cele sprzeda\u017cowe<\/div>\n          <div class=\"pt-b2b-perk-text\">Osi\u0105gaj skumulowane cele sprzeda\u017cowe i otrzymuj jednorazowe premie pieni\u0119\u017cne ponad standardowe prowizje.<\/div>\n        <\/div>\n      <\/div>\n      <div class=\"pt-b2b-perk\">\n        <div class=\"pt-b2b-perk-icon\">\ud83d\udd17<\/div>\n        <div>\n          <div class=\"pt-b2b-perk-title\">Wzajemne linki afiliacyjne<\/div>\n          <div class=\"pt-b2b-perk-text\">Do\u0142\u0105czamy r\u00f3wnie\u017c do Twojego programu afiliacyjnego \u2014 promuj\u0105c Ci\u0119 w\u015br\u00f3d naszej publiczno\u015bci w zamian.<\/div>\n        <\/div>\n      <\/div>\n    <\/div>\n\n    <div class=\"pt-milestone-wrap\">\n      <div class=\"pt-milestone-title\">\ud83d\udc8e Struktura premii za cele sprzeda\u017cowe<\/div>\n      <table class=\"pt-milestone-table\">\n        <thead>\n          <tr>\n            <th>Skumulowana sprzeda\u017c polecona<\/th>\n            <th style=\"text-align:right;\">Jednorazowa premia<\/th>\n          <\/tr>\n        <\/thead>\n        <tbody>\n          <tr>\n            <td><span class=\"pt-milestone-sales\">5 000 \u20ac<\/span><\/td>\n            <td class=\"pt-milestone-bonus\">100 \u20ac<\/td>\n          <\/tr>\n          <tr>\n            <td><span class=\"pt-milestone-sales\">10 000 \u20ac<\/span><\/td>\n            <td class=\"pt-milestone-bonus\">300 \u20ac<\/td>\n          <\/tr>\n          <tr>\n            <td><span class=\"pt-milestone-sales\">20 000 \u20ac<\/span><\/td>\n            <td class=\"pt-milestone-bonus\">800 \u20ac<\/td>\n          <\/tr>\n          <tr>\n            <td><span class=\"pt-milestone-sales\">30 000 \u20ac<\/span><\/td>\n            <td class=\"pt-milestone-bonus\">1 500 \u20ac<\/td>\n          <\/tr>\n          <tr>\n            <td><span class=\"pt-milestone-sales\">50 000 \u20ac<\/span><\/td>\n            <td class=\"pt-milestone-bonus\">3 000 \u20ac<\/td>\n          <\/tr>\n          <tr>\n            <td><span class=\"pt-milestone-sales\">75 000 \u20ac<\/span><\/td>\n            <td class=\"pt-milestone-bonus\">5 000 \u20ac<\/td>\n          <\/tr>\n          <tr>\n            <td><span class=\"pt-milestone-sales\">100 000 \u20ac<\/span><\/td>\n            <td class=\"pt-milestone-bonus\">8 000 \u20ac<\/td>\n          <\/tr>\n        <\/tbody>\n      <\/table>\n    <\/div>\n\n    <div class=\"pt-b2b-cta\">\n      <p class=\"pt-b2b-cta-text\">Gotowy, aby zosta\u0107 partnerem biznesowym Husky Bear? Zapoznaj si\u0119 ze wszystkimi szczeg\u00f3\u0142ami naszego programu i zacznij ju\u017c dzi\u015b.<\/p>\n      <a href=\"https:\/\/huskybearpoppers.eu\/pl\/husky-bear-program-partnerski\/\" target=\"_blank\" rel=\"noopener\" class=\"pt-b2b-btn\">Zobacz pe\u0142ny program partnerski \u2192<\/a>\n    <\/div>\n  <\/div>\n\n  <!-- DO\u0141\u0104CZ -->\n  <div class=\"pt-join\">\n    <div class=\"pt-join-eyebrow\">Wsp\u00f3\u0142pracuj z nami<\/div>\n    <h2 class=\"pt-join-title\">Chcesz pojawi\u0107 si\u0119 tutaj?<\/h2>\n    <p class=\"pt-join-text\">Niezale\u017cnie od tego, czy jeste\u015b mark\u0105 szukaj\u0105c\u0105 partnerstwa handlowego, czy wydarzeniem, spo\u0142eczno\u015bci\u0105 lub organizacj\u0105 szukaj\u0105c\u0105 sponsoringu \u2014 ch\u0119tnie o Tobie us\u0142yszymy. Skontaktuj si\u0119 z nami i powiedz nam o sobie.<\/p>\n    <div class=\"pt-join-btns\">\n      <a href=\"https:\/\/wa.me\/38668660990\" target=\"_blank\" rel=\"noopener\" class=\"pt-join-btn whatsapp\">Napisz do nas na WhatsApp<\/a>\n      <a href=\"mailto:partners@huskybearpoppers.eu\" class=\"pt-join-btn email\">Wy\u015blij nam e-mail<\/a>\n    <\/div>\n    <p class=\"pt-join-note\">Tylko zapytania biznesowe. Odpowiadamy osobi\u015bcie w ci\u0105gu 24-48 godzin.<\/p>\n  <\/div>\n\n<\/div>\n<script>\nfunction copyCode(btn, code) {\n  navigator.clipboard.writeText(code).then(function() {\n    btn.textContent = 'Copied!';\n    setTimeout(function() { btn.textContent = 'Copy'; }, 2000);\n  });\n}\n<\/script>\n","protected":false},"excerpt":{"rendered":"<p>Nasi sponsorzy i partnerzy Marki, kt\u00f3rym ufamy i kt\u00f3re wspieramy Od ekskluzywnych kod\u00f3w rabatowych z naszymi partnerami handlowymi po wydarzenia spo\u0142eczno\u015bciowe i organizacje, kt\u00f3re z dum\u0105 sponsorujemy \u2014 oto wszyscy, za kt\u00f3rymi stoimy. Partnerzy handlowi Nasi partnerzy Skorzystaj z poni\u017cszych ekskluzywnych kod\u00f3w i oszcz\u0119d\u017a na nast\u0119pnym zam\u00f3wieniu u naszych zaufanych partner\u00f3w. Praga, CZ Styl \u017cycia [&hellip;]<\/p>\n","protected":false},"author":1,"featured_media":25776,"parent":0,"menu_order":0,"comment_status":"closed","ping_status":"closed","template":"","meta":{"footnotes":""},"class_list":["post-28280","page","type-page","status-publish","has-post-thumbnail","hentry"],"blocksy_meta":{"has_hero_section":"disabled","styles_descriptor":{"styles":{"desktop":"","tablet":"","mobile":""},"google_fonts":[],"version":6}},"_links":{"self":[{"href":"https:\/\/huskybearpoppers.eu\/pl\/wp-json\/wp\/v2\/pages\/28280","targetHints":{"allow":["GET"]}}],"collection":[{"href":"https:\/\/huskybearpoppers.eu\/pl\/wp-json\/wp\/v2\/pages"}],"about":[{"href":"https:\/\/huskybearpoppers.eu\/pl\/wp-json\/wp\/v2\/types\/page"}],"author":[{"embeddable":true,"href":"https:\/\/huskybearpoppers.eu\/pl\/wp-json\/wp\/v2\/users\/1"}],"replies":[{"embeddable":true,"href":"https:\/\/huskybearpoppers.eu\/pl\/wp-json\/wp\/v2\/comments?post=28280"}],"version-history":[{"count":2,"href":"https:\/\/huskybearpoppers.eu\/pl\/wp-json\/wp\/v2\/pages\/28280\/revisions"}],"predecessor-version":[{"id":28285,"href":"https:\/\/huskybearpoppers.eu\/pl\/wp-json\/wp\/v2\/pages\/28280\/revisions\/28285"}],"wp:featuredmedia":[{"embeddable":true,"href":"https:\/\/huskybearpoppers.eu\/pl\/wp-json\/wp\/v2\/media\/25776"}],"wp:attachment":[{"href":"https:\/\/huskybearpoppers.eu\/pl\/wp-json\/wp\/v2\/media?parent=28280"}],"curies":[{"name":"wp","href":"https:\/\/api.w.org\/{rel}","templated":true}]}}