{"id":15816,"date":"2024-07-22T18:56:49","date_gmt":"2024-07-22T16:56:49","guid":{"rendered":"https:\/\/huskybearpoppers.eu\/zamawianie-i-zwroty\/"},"modified":"2026-04-03T11:44:35","modified_gmt":"2026-04-03T09:44:35","slug":"zamawianie-i-zwroty","status":"publish","type":"page","link":"https:\/\/huskybearpoppers.eu\/pl\/zamawianie-i-zwroty\/","title":{"rendered":"Zamawianie i Zwroty"},"content":{"rendered":"\n<h2 class=\"wp-block-heading\"><strong>Jak z\u0142o\u017cy\u0107 zam\u00f3wienie w Husky Bear Poppers<\/strong><\/h2>\n\n<p><strong>1. Zam\u00f3wienia na stronie internetowej (<a href=\"https:\/\/huskybearpoppers.eu\/pl\/\">huskybearpoppers.eu<\/a>):<\/strong><\/p>\n\n<ul class=\"wp-block-list\">\n<li><strong>Przegl\u0105daj i Wybieraj:<\/strong> Przejrzyj nasz\u0105 ofert\u0119 produkt\u00f3w i dodaj wybrane produkty do koszyka, klikaj\u0105c &#8222;Dodaj do koszyka&#8221;.<\/li>\n\n\n\n<li><strong>Podgl\u0105d Koszyka:<\/strong> Dostosuj ilo\u015bci, usu\u0144 produkty lub zastosuj kody rabatowe w koszyku.<\/li>\n\n\n\n<li><strong>Przejd\u017a do Kasy: <\/strong>Kliknij &#8222;Przejd\u017a do kasy&#8221;, aby kontynuowa\u0107 zam\u00f3wienie.<\/li>\n\n\n\n<li><strong>Wprowad\u017a Swoje Dane:<\/strong> Wype\u0142nij dane kontaktowe i adres dostawy. Je\u015bli adres rozliczeniowy jest inny, zaznacz odpowiednie pole. <\/li>\n\n\n\n<li><strong>Wybierz Metod\u0119 Dostawy: <\/strong>Nasza preferowana us\u0142uga dostawy jest wybierana automatycznie, a op\u0142ata za dostaw\u0119 zostanie obliczona na podstawie kraju podczas finalizacji zam\u00f3wienia.<\/li>\n\n\n\n<li><strong>Potwierd\u017a Zam\u00f3wienie:<\/strong> Sprawd\u017a dok\u0142adnie szczeg\u00f3\u0142y zam\u00f3wienia i kliknij &#8222;Potwierd\u017a zam\u00f3wienie&#8221;. Otrzymasz e-mail z potwierdzeniem. Opcjonalnie mo\u017cesz zapisa\u0107 si\u0119 do naszego newslettera, aby otrzymywa\u0107 ekskluzywne oferty.  <\/li>\n\n\n\n<li><strong>Zgoda:<\/strong> Sk\u0142adaj\u0105c zam\u00f3wienie, zgadzasz si\u0119 z naszymi <a href=\"https:\/\/huskybearpoppers.eu\/pl\/regulamin\/\"><strong>Warunkami.<\/strong><\/a><\/li>\n<\/ul>\n\n<p>Szczeg\u00f3\u0142owe informacje o kosztach dostawy i progach darmowej wysy\u0142ki znajdziesz na stronie <a href=\"https:\/\/huskybearpoppers.eu\/pl\/informacje-o-wysylce\/\"><strong>Informacje o Dostawie.<\/strong><\/a><\/p>\n\n<p><strong>2. Zamawianie przez e-mail, media spo\u0142eczno\u015bciowe lub telefon:<\/strong><\/p>\n\n<ul class=\"wp-block-list\">\n<li><strong>Wy\u015blij Swoje Dane:<\/strong> Podaj swoje imi\u0119 i nazwisko, adres dostawy, numer telefonu oraz produkty, kt\u00f3re chcesz kupi\u0107 na adres <a>info@huskybearpoppers.eu<\/a> lub skontaktuj si\u0119 z nami przez Facebook, WhatsApp lub Instagram.<\/li>\n\n\n\n<li><strong>Uzyskaj Pomoc<\/strong>: Nasz zesp\u00f3\u0142 obs\u0142ugi klienta pomo\u017ce Ci podczas ca\u0142ego procesu zakupu.<\/li>\n<\/ul>\n\n<h3 class=\"wp-block-heading\"><strong>Twoje Prawo do Odst\u0105pienia od Umowy<\/strong><\/h3>\n\n<ul class=\"wp-block-list\">\n<li><strong>14-dniowe Odst\u0105pienie:<\/strong> Mo\u017cesz anulowa\u0107 zam\u00f3wienie w ci\u0105gu 14 dni od otrzymania produktu bez podawania przyczyny. Je\u015bli nie jeste\u015b zadowolony, mo\u017cesz poprosi\u0107 o zwrot pieni\u0119dzy lub wymian\u0119. Nale\u017cy to zrobi\u0107 w ustawowym terminie 14 dni, licz\u0105c od dnia, w kt\u00f3rym Ty lub wskazana osoba (inna ni\u017c przewo\u017anik) wesz\u0142a w posiadanie towaru.  <\/li>\n\n\n\n<li><strong>Warunki Zwrot\u00f3w: <\/strong>Zwracane produkty musz\u0105 by\u0107 nieuszkodzone, w oryginalnym opakowaniu, ze wszystkimi akcesoriami. Je\u015bli produkt lub opakowanie jest uszkodzone lub nadmiernie u\u017cywane, mo\u017cemy \u017c\u0105da\u0107 odszkodowania za obni\u017con\u0105 warto\u015b\u0107. Po podj\u0119ciu decyzji o anulowaniu, powstrzymaj si\u0119 od dalszego u\u017cywania produktu.  <\/li>\n\n\n\n<li><strong>Jak Nas Powiadomi\u0107:<\/strong> W ci\u0105gu 14 dni od otrzymania produktu wy\u015blij e-mail na adres <a>info@huskybearpoppers.eu<\/a> podaj\u0105c numer zam\u00f3wienia. Do\u0142\u0105cz swoje imi\u0119 i nazwisko oraz nazw\u0119 produktu. Po powiadomieniu nas, zwr\u00f3\u0107 paczk\u0119 na nasz adres w ci\u0105gu 14 dni, za\u0142\u0105czaj\u0105c Europejski Standardowy Formularz Odst\u0105pienia od Umowy, kt\u00f3ry nale\u017cy wydrukowa\u0107, wype\u0142ni\u0107, podpisa\u0107 i wys\u0142a\u0107 wraz z produktem. Zalecamy korzystanie z us\u0142ugi przesy\u0142ki \u015bledzonej. Koszty wysy\u0142ki zwrotnej ponosi klient, nie przyjmujemy przesy\u0142ek za pobraniem.    <\/li>\n\n\n\n<li><strong>Zwroty Pieni\u0119dzy:<\/strong> Po otrzymaniu i sprawdzeniu zwrotu przez nasz dzia\u0142 reklamacji, wy\u015blemy Ci zamiennik lub zwr\u00f3cimy pieni\u0105dze w ci\u0105gu 14 dni. Zwroty b\u0119d\u0105 przetwarzane na pierwotn\u0105 metod\u0119 p\u0142atno\u015bci, w\u0142\u0105cznie z kosztami wysy\u0142ki. <\/li>\n<\/ul>\n\n<p><strong>Wa\u017cne: <\/strong>Upewnij si\u0119, \u017ce produkt zosta\u0142 zakupiony w naszym sklepie i kwalifikuje si\u0119 do zwrotu. Nie ponosimy odpowiedzialno\u015bci za zwroty produkt\u00f3w niekupionych u nas lub produkt\u00f3w niepodlegaj\u0105cych zwrotowi. <\/p>\n\n<h3 class=\"wp-block-heading\"><strong>Wyj\u0105tki od Polityki Zwrot\u00f3w<\/strong><\/h3>\n\n<ul class=\"wp-block-list\">\n<li><strong>Produkty Higieniczne:<\/strong> Otwarte butelki \u015brodk\u00f3w do czyszczenia sk\u00f3ry i inne podobne produkty sprzedawane w szczelnie zamkni\u0119tych opakowaniach mog\u0105 by\u0107 zwr\u00f3cone tylko wtedy, gdy s\u0105 nieotwarte i w oryginalnym, nieuszkodzonym opakowaniu.<\/li>\n\n\n\n<li><strong>Produkty Mieszane:<\/strong> Przedmioty, kt\u00f3re zosta\u0142y zmieszane z innymi przedmiotami (np. zestawy), nie mog\u0105 by\u0107 zwr\u00f3cone.<\/li>\n<\/ul>\n\n<h3 class=\"wp-block-heading\"><strong>Rozpatrywanie Reklamacji<\/strong><\/h3>\n\n<p><strong>Problemy z Dostaw\u0105:<\/strong><\/p>\n\n<ul class=\"wp-block-list\">\n<li><strong>Uszkodzone lub Nieprawid\u0142owe Produkty: <\/strong>Je\u015bli produkt dotrze uszkodzony lub otrzymasz niew\u0142a\u015bciwy produkt, wy\u015blij e-mail na adres <a>info@huskybearpoppers.eu<\/a> w ci\u0105gu 48 godzin od dostawy. Do\u0142\u0105cz zdj\u0119cia paczki i produktu(-\u00f3w), aby przyspieszy\u0107 rozwi\u0105zanie problemu. <\/li>\n<\/ul>\n\n<p><strong>Problemy z Produktami:<\/strong><\/p>\n\n<ul class=\"wp-block-list\">\n<li><strong>Wadliwe Produkty:<\/strong> Je\u015bli produkt nie dzia\u0142a prawid\u0142owo, skontaktuj si\u0119 z nami pod adresem <a>info@huskybearpoppers.eu<\/a> przesy\u0142aj\u0105c film pokazuj\u0105cy problem. Je\u015bli problem nie jest jasny, mo\u017cemy poprosi\u0107 o zwrot produktu do kontroli. Koszty wysy\u0142ki zwrotnej ponosi klient.  <\/li>\n<\/ul>\n\n<h3 class=\"wp-block-heading\"><strong>Rozstrzyganie Spor\u00f3w<\/strong><\/h3>\n\n<p>Je\u015bli nie jeste\u015b zadowolony z naszego rozwi\u0105zania i nie mo\u017cesz doj\u015b\u0107 do porozumienia, z\u0142\u00f3\u017c skarg\u0119 do Komisji Spor\u00f3w za po\u015brednictwem <strong>Europejskiej Platformy Rozstrzygania Spor\u00f3w<\/strong> <a href=\"http:\/\/ec.europa.eu\/consumers\/odr\/\" target=\"_blank\" rel=\"noopener\"><strong>tutaj<\/strong>.<\/a><\/p>\n\n<p>Tylko roszczenia spe\u0142niaj\u0105ce wszystkie warunki zostan\u0105 rozpatrzone pozytywnie.<\/p>\n\n<p>Wi\u0119cej szczeg\u00f3\u0142\u00f3w na temat naszych warunk\u00f3w, zasad i innych polityk znajdziesz w linkach na dole strony.<\/p>\n","protected":false},"excerpt":{"rendered":"<p>Jak z\u0142o\u017cy\u0107 zam\u00f3wienie w Husky Bear Poppers 1. Zam\u00f3wienia na stronie internetowej (huskybearpoppers.eu): Szczeg\u00f3\u0142owe informacje o kosztach dostawy i progach darmowej wysy\u0142ki znajdziesz na stronie Informacje o Dostawie. 2. Zamawianie przez e-mail, media spo\u0142eczno\u015bciowe lub telefon: Twoje Prawo do Odst\u0105pienia od Umowy Wa\u017cne: Upewnij si\u0119, \u017ce produkt zosta\u0142 zakupiony w naszym sklepie i kwalifikuje si\u0119 [&hellip;]<\/p>\n","protected":false},"author":1,"featured_media":25776,"parent":0,"menu_order":0,"comment_status":"closed","ping_status":"closed","template":"","meta":{"footnotes":""},"class_list":["post-15816","page","type-page","status-publish","has-post-thumbnail","hentry"],"blocksy_meta":[],"_links":{"self":[{"href":"https:\/\/huskybearpoppers.eu\/pl\/wp-json\/wp\/v2\/pages\/15816","targetHints":{"allow":["GET"]}}],"collection":[{"href":"https:\/\/huskybearpoppers.eu\/pl\/wp-json\/wp\/v2\/pages"}],"about":[{"href":"https:\/\/huskybearpoppers.eu\/pl\/wp-json\/wp\/v2\/types\/page"}],"author":[{"embeddable":true,"href":"https:\/\/huskybearpoppers.eu\/pl\/wp-json\/wp\/v2\/users\/1"}],"replies":[{"embeddable":true,"href":"https:\/\/huskybearpoppers.eu\/pl\/wp-json\/wp\/v2\/comments?post=15816"}],"version-history":[{"count":0,"href":"https:\/\/huskybearpoppers.eu\/pl\/wp-json\/wp\/v2\/pages\/15816\/revisions"}],"wp:featuredmedia":[{"embeddable":true,"href":"https:\/\/huskybearpoppers.eu\/pl\/wp-json\/wp\/v2\/media\/25776"}],"wp:attachment":[{"href":"https:\/\/huskybearpoppers.eu\/pl\/wp-json\/wp\/v2\/media?parent=15816"}],"curies":[{"name":"wp","href":"https:\/\/api.w.org\/{rel}","templated":true}]}}