{"id":6463,"date":"2024-08-24T13:29:51","date_gmt":"2024-08-24T11:29:51","guid":{"rendered":"https:\/\/huskybearpoppers.eu\/product\/piccolo-misterioso-poppers\/"},"modified":"2025-08-25T17:47:50","modified_gmt":"2025-08-25T15:47:50","slug":"piccolo-misterioso-poppers","status":"publish","type":"product","link":"https:\/\/huskybearpoppers.eu\/it\/prodotto\/piccolo-misterioso-poppers\/","title":{"rendered":"Piccolo Misterioso Poppers"},"content":{"rendered":"<h2 class=\"whitespace-pre-wrap break-words\">Sorprese Tascabili con Piccolo Misterioso Poppers<\/h2>\n<p class=\"whitespace-pre-wrap break-words\">Sei pronto ad aggiungere un pizzico di emozione alla tua routine di cura della pelle in una confezione compatta? Ti presentiamo Piccolo Misterioso Poppers, l&#8217;innovativo detergente per la pelle che trasforma la manutenzione in un&#8217;avventura emozionante, il tutto in un comodo flacone! Ogni acquisto \u00e8 un passo verso l&#8217;ignoto, che offre un&#8217;esperienza imprevedibile ed esaltante per i tuoi preziosi articoli in pelle.  <\/p>\n<h2 class=\"whitespace-pre-wrap break-words\">Cosa Rende Unico Piccolo Misterioso Poppers?<\/h2>\n<p class=\"whitespace-pre-wrap break-words\">Il fascino di Piccolo Misterioso Poppers risiede nel suo perfetto mix di sorpresa e portabilit\u00e0. Ogni ordine viene scelto in modo casuale dalla nostra gamma curata di detergenti per pelle premium. La suspense cresce mentre aspetti di scoprire quale variante arriver\u00e0 a casa tua. \u00c8 come una caccia al tesoro in miniatura per adulti, che aggiunge una scintilla di eccitazione in pi\u00f9 al tuo rituale di pulizia.   <\/p>\n<h3 class=\"whitespace-pre-wrap break-words\">La Nostra Selezione Di Misteri Compatti Pu\u00f2 Includere:<\/h3>\n<ul class=\"-mt-1 list-disc space-y-2 pl-8\">\n<li class=\"whitespace-normal break-words\">\n<p class=\"woocommerce-loop-category__title\"><a class=\"woocommerce-loop-product__link\" href=\"https:\/\/huskybearpoppers.eu\/it\/categoria-prodotto\/marchi-di-poppers-popolari\/rush-poppers-marchio\/\">Rush Poppers<\/a><\/p>\n<\/li>\n<li>\n<p class=\"woocommerce-loop-category__title\"><a class=\"woocommerce-loop-product__link\" href=\"https:\/\/huskybearpoppers.eu\/it\/categoria-prodotto\/marchi-di-poppers-popolari\/amsterdam-poppers-marchio\/\">Amsterdam Poppers<\/a><\/p>\n<\/li>\n<li>\n<p class=\"woocommerce-loop-category__title\"><a class=\"woocommerce-loop-product__link\" href=\"https:\/\/huskybearpoppers.eu\/it\/categoria-prodotto\/marchi-di-poppers-popolari\/iron-fist-poppers-marca\/\">Iron Fist Poppers<\/a><\/p>\n<\/li>\n<li>\n<p class=\"woocommerce-loop-category__title\"><a class=\"woocommerce-loop-product__link\" href=\"https:\/\/huskybearpoppers.eu\/it\/categoria-prodotto\/marchi-di-poppers-popolari\/marca-100-poppers\/\">100% Poppers<\/a><\/p>\n<\/li>\n<li>\n<p class=\"woocommerce-loop-category__title\"><a class=\"woocommerce-loop-product__link\" href=\"https:\/\/huskybearpoppers.eu\/it\/categoria-prodotto\/marchi-di-poppers-popolari\/marchio-amyl-poppers\/\">Amyl Poppers<\/a><\/p>\n<\/li>\n<li>\n<p class=\"woocommerce-loop-category__title\"><a class=\"woocommerce-loop-product__link\" href=\"https:\/\/huskybearpoppers.eu\/it\/categoria-prodotto\/marchi-di-poppers-popolari\/bb-poppers-marchio\/\">BB Poppers<\/a><\/p>\n<\/li>\n<li>\n<p class=\"woocommerce-loop-category__title\"><a class=\"woocommerce-loop-product__link\" href=\"https:\/\/huskybearpoppers.eu\/it\/categoria-prodotto\/marchi-di-poppers-popolari\/fist-poppers-marchio\/\">Fist Poppers<\/a><\/p>\n<\/li>\n<li>\n<p class=\"woocommerce-loop-category__title\"><a class=\"woocommerce-loop-product__link\" href=\"https:\/\/huskybearpoppers.eu\/it\/categoria-prodotto\/marchi-di-poppers-popolari\/jungle-juice-poppers-marchio\/\">Jungle Juice Poppers<\/a><\/p>\n<\/li>\n<li>\n<p class=\"woocommerce-loop-category__title\"><a class=\"woocommerce-loop-product__link\" href=\"https:\/\/huskybearpoppers.eu\/it\/categoria-prodotto\/marchi-di-poppers-popolari\/juicd-poppers-marchio\/\">Juic&#8217;d Poppers<\/a><\/p>\n<\/li>\n<li>\n<p class=\"woocommerce-loop-category__title\"><a class=\"woocommerce-loop-product__link\" href=\"https:\/\/huskybearpoppers.eu\/it\/categoria-prodotto\/marchi-di-poppers-popolari\/original-poppers-marca\/\">Original Poppers<\/a><\/p>\n<\/li>\n<\/ul>\n<p class=\"whitespace-pre-wrap break-words\">Ogni flacone contiene 10 o 15 ml di detergente per pelle di alta qualit\u00e0, ideale per la cura in movimento o per essere conservato con discrezione.<\/p>\n<h2 class=\"whitespace-pre-wrap break-words\">Perch\u00e9 Scegliere Piccolo Misterioso Poppers?<\/h2>\n<p class=\"whitespace-pre-wrap break-words\">Piccolo Misterioso Poppers non si limita a curare la pelle in modo efficiente, ma \u00e8 un&#8217;avventura tascabile che aspetta di essere vissuta. Ideale per migliorare le sessioni di pulizia rapida, introduce un elemento di mistero ed eccitazione che i normali detergenti per pelle non possono eguagliare. Che tu ti stia preparando per una serata improvvisata o che tu stia vivendo una serata spontanea, Piccolo Misterioso Poppers trasforma la manutenzione di routine in un momento indimenticabile.  <\/p>\n<p class=\"whitespace-pre-wrap break-words\">Migliora la tua routine di cura della pelle con Piccolo Misterioso Poppers: ogni flacone compatto contiene una sorpresa e ogni utilizzo diventa una mini-avventura memorabile. Ordina ora e lascia che il mistero della tua prossima migliore esperienza di pulizia stia proprio nella tua tasca! <\/p>\n<h3 class=\"whitespace-pre-wrap break-words\">Istruzioni Per L&#8217;Uso:<\/h3>\n<ol class=\"-mt-1 list-decimal space-y-2 pl-8\">\n<li class=\"whitespace-normal break-words\">Agita leggermente il flacone prima dell&#8217;uso.<\/li>\n<li class=\"whitespace-normal break-words\">Rimuovi con attenzione il tappo.<\/li>\n<li class=\"whitespace-normal break-words\">Apri il flacone e inizia la tua sessione di pulizia della pelle compatta.<\/li>\n<\/ol>\n<h3 class=\"whitespace-pre-wrap break-words\">Precauzioni:<\/h3>\n<ul class=\"-mt-1 list-disc space-y-2 pl-8\">\n<li class=\"whitespace-normal break-words\">Questo piccolo pulitore \u00e8 progettato solo per gli articoli in pelle.<\/li>\n<li class=\"whitespace-normal break-words\">Conservalo in un luogo fresco e asciutto, lontano dalla luce diretta del sole.<\/li>\n<li class=\"whitespace-normal break-words\">Tieni fuori dalla portata dei bambini e degli animali domestici.<\/li>\n<li class=\"whitespace-normal break-words\">Non ingerire e non permettere il contatto diretto con la pelle.<\/li>\n<li class=\"whitespace-normal break-words\">Usa in modo responsabile e segui le istruzioni riportate sul flacone.<\/li>\n<\/ul>\n<p><strong>Cerchi un mistero pi\u00f9 grande?<\/strong><\/p>\n<p>Guarda <a href=\"https:\/\/huskybearpoppers.eu\/it\/prodotto\/grande-misterioso-poppers\/\"><strong>Grande Misterioso Poppers<\/strong><\/a> per un&#8217;esperienza pi\u00f9 grande e pi\u00f9 forte.<\/p>\n","protected":false},"excerpt":{"rendered":"<p><strong>Scopri L&#8217;Emozione Compatta con Piccolo Misterioso Poppers!<\/strong><\/p>\n<p class=\"whitespace-pre-wrap break-words\">Immergiti nel brivido del mistero con il nostro pulitore per pelle tascabile, Piccolo Misterioso Poppers. Ogni ordine consegna direttamente a casa tua un detergente di alta qualit\u00e0 selezionato in modo casuale, assicurandoti che ogni esperienza sia una sorpresa unica e portatile. <\/p>\n<p><span style=\"font-weight: 400;\"><strong>Disponibile in vari formati (10ml\/13ml\/15ml)<\/strong>, la nostra selezione di misteri \u00e8 in grado di soddisfare tutte le tue esigenze di cura della pelle.<\/span><\/p>\n<p><span style=\"font-weight: 400;\">Riceverai il forte Rush Poppers 10ml, l&#8217;eccitante Iron Fist Poppers 10ml, o forse l&#8217;esotico Amsterdam Chill Poppers 10ml? L&#8217;attesa fa parte del divertimento! <\/span><\/p>\n<p><strong>NOTA: L&#8217;immagine \u00e8 solo simbolica!<\/strong><\/p>\n","protected":false},"featured_media":6464,"comment_status":"open","ping_status":"closed","template":"","meta":[],"product_brand":[],"product_cat":[10018,1505,10025],"product_tag":[2257,2262,2254,2263,2258,2261,2253,2255,2260,2256,2259],"class_list":{"0":"post-6463","1":"product","2":"type-product","3":"status-publish","4":"has-post-thumbnail","6":"product_cat-leather-pride-poppers","7":"product_cat-piccoli-poppers","8":"product_cat-pup-play-poppers","9":"product_tag-esperienza-con-la-bottiglia-misteriosa","10":"product_tag-piccolo-misterioso-poppers","11":"product_tag-premium-it","12":"product_tag-prodotto-misterioso-per-adulti-di-taglia-piccola","13":"product_tag-prodotto-per-adulti-a-sorpresa","14":"product_tag-s-poppers-it","15":"product_tag-selezione-casuale-di-poppers","16":"product_tag-sorpresa","17":"product_tag-sorpresa-poppers","18":"product_tag-unesclusiva-festa-che-esalta-la-festa","19":"product_tag-unidea-regalo-insolita","21":"first","22":"instock","23":"taxable","24":"shipping-taxable","25":"purchasable","26":"product-type-simple"},"_links":{"self":[{"href":"https:\/\/huskybearpoppers.eu\/it\/wp-json\/wp\/v2\/product\/6463","targetHints":{"allow":["GET"]}}],"collection":[{"href":"https:\/\/huskybearpoppers.eu\/it\/wp-json\/wp\/v2\/product"}],"about":[{"href":"https:\/\/huskybearpoppers.eu\/it\/wp-json\/wp\/v2\/types\/product"}],"replies":[{"embeddable":true,"href":"https:\/\/huskybearpoppers.eu\/it\/wp-json\/wp\/v2\/comments?post=6463"}],"version-history":[{"count":0,"href":"https:\/\/huskybearpoppers.eu\/it\/wp-json\/wp\/v2\/product\/6463\/revisions"}],"wp:featuredmedia":[{"embeddable":true,"href":"https:\/\/huskybearpoppers.eu\/it\/wp-json\/wp\/v2\/media\/6464"}],"wp:attachment":[{"href":"https:\/\/huskybearpoppers.eu\/it\/wp-json\/wp\/v2\/media?parent=6463"}],"wp:term":[{"taxonomy":"product_brand","embeddable":true,"href":"https:\/\/huskybearpoppers.eu\/it\/wp-json\/wp\/v2\/product_brand?post=6463"},{"taxonomy":"product_cat","embeddable":true,"href":"https:\/\/huskybearpoppers.eu\/it\/wp-json\/wp\/v2\/product_cat?post=6463"},{"taxonomy":"product_tag","embeddable":true,"href":"https:\/\/huskybearpoppers.eu\/it\/wp-json\/wp\/v2\/product_tag?post=6463"}],"curies":[{"name":"wp","href":"https:\/\/api.w.org\/{rel}","templated":true}]}}