{"id":26980,"date":"2025-08-08T12:46:32","date_gmt":"2025-08-08T10:46:32","guid":{"rendered":"https:\/\/huskybearpoppers.eu\/product\/poppers-play-hard-10-ml\/"},"modified":"2026-03-31T21:19:19","modified_gmt":"2026-03-31T19:19:19","slug":"poppers-play-hard-10-ml","status":"publish","type":"product","link":"https:\/\/huskybearpoppers.eu\/it\/prodotto\/poppers-play-hard-10-ml\/","title":{"rendered":"Poppers Play Hard 10 ml"},"content":{"rendered":"","protected":false},"excerpt":{"rendered":"<p>Gioca duro o non giocare affatto &#8211; 10ml di intensit\u00e0 pura. Questo pulitore per cuoio per sex toys \u00e8 al tuo livello. Nitrito d&#8217;amile ultra-forte significa che la tua attrezzatura pulita ti aiuta ad andare a tutta &#8211; spinte pi\u00f9 forti, gioco pi\u00f9 violento, sessioni senza piet\u00e0 che ti lasciano senza fiato.  <\/p>\n","protected":false},"featured_media":16547,"comment_status":"open","ping_status":"closed","template":"","meta":[],"product_brand":[],"product_cat":[1396,1429,10093,10018,1505,1244,10095,10045,9906],"product_tag":[5952,5948,3240,5949,5946,5213,5031,10288,5947,5211],"class_list":{"0":"post-26980","1":"product","2":"type-product","3":"status-publish","4":"has-post-thumbnail","6":"product_cat-5-5-eccezionalmente-forte-poppers","7":"product_cat-amile-nitrito-poppers","8":"product_cat-edge-and-hypno-poppers","9":"product_cat-leather-pride-poppers","10":"product_cat-piccoli-poppers","11":"product_cat-poppers-funline-it","12":"product_cat-poppers-party-club","13":"product_cat-poppers-profondi-e-potenti","14":"product_cat-qjyt-29pr-9003-8akx","15":"product_tag-5-su-5-di-potenza","16":"product_tag-adatto-ai-viaggi","17":"product_tag-amile-poppers","18":"product_tag-aroma-per-ambienti","19":"product_tag-bottiglia-da-10-ml","20":"product_tag-detergente-per-pelle","21":"product_tag-funline-poppers-it","22":"product_tag-marchio-play-hard","23":"product_tag-poppers-formato-tascabile","24":"product_tag-poppers-francesi","26":"first","27":"instock","28":"taxable","29":"shipping-taxable","30":"purchasable","31":"product-type-simple"},"_links":{"self":[{"href":"https:\/\/huskybearpoppers.eu\/it\/wp-json\/wp\/v2\/product\/26980","targetHints":{"allow":["GET"]}}],"collection":[{"href":"https:\/\/huskybearpoppers.eu\/it\/wp-json\/wp\/v2\/product"}],"about":[{"href":"https:\/\/huskybearpoppers.eu\/it\/wp-json\/wp\/v2\/types\/product"}],"replies":[{"embeddable":true,"href":"https:\/\/huskybearpoppers.eu\/it\/wp-json\/wp\/v2\/comments?post=26980"}],"version-history":[{"count":1,"href":"https:\/\/huskybearpoppers.eu\/it\/wp-json\/wp\/v2\/product\/26980\/revisions"}],"predecessor-version":[{"id":26983,"href":"https:\/\/huskybearpoppers.eu\/it\/wp-json\/wp\/v2\/product\/26980\/revisions\/26983"}],"wp:featuredmedia":[{"embeddable":true,"href":"https:\/\/huskybearpoppers.eu\/it\/wp-json\/wp\/v2\/media\/16547"}],"wp:attachment":[{"href":"https:\/\/huskybearpoppers.eu\/it\/wp-json\/wp\/v2\/media?parent=26980"}],"wp:term":[{"taxonomy":"product_brand","embeddable":true,"href":"https:\/\/huskybearpoppers.eu\/it\/wp-json\/wp\/v2\/product_brand?post=26980"},{"taxonomy":"product_cat","embeddable":true,"href":"https:\/\/huskybearpoppers.eu\/it\/wp-json\/wp\/v2\/product_cat?post=26980"},{"taxonomy":"product_tag","embeddable":true,"href":"https:\/\/huskybearpoppers.eu\/it\/wp-json\/wp\/v2\/product_tag?post=26980"}],"curies":[{"name":"wp","href":"https:\/\/api.w.org\/{rel}","templated":true}]}}