{"id":18577,"date":"2024-03-21T19:01:02","date_gmt":"2024-03-21T17:01:02","guid":{"rendered":"https:\/\/huskybearpoppers.eu\/product\/preservativi-gusto-banana-pamitex-confezione-da-144\/"},"modified":"2024-03-21T19:01:02","modified_gmt":"2024-03-21T17:01:02","slug":"preservativi-gusto-banana-pamitex-confezione-da-144","status":"publish","type":"product","link":"https:\/\/huskybearpoppers.eu\/it\/prodotto\/preservativi-gusto-banana-pamitex-confezione-da-144\/","title":{"rendered":"Preservativi Gusto Banana Pamitex &#8211; Confezione da 144"},"content":{"rendered":"<h2>Preservativi Gusto Banana Pamitex &#8211; Confezione da 144<\/h2>\n<p>Non perdere il nostro prodotto pi\u00f9 richiesto: i Preservativi Gusto Banana Pamitex, progettati per aggiungere un tocco fruttato ai tuoi momenti intimi. Questa confezione da 144 preservativi ti assicura di essere sempre pronto per innumerevoli incontri piacevoli, godendo dell&#8217;essenza esotica della banana. <\/p>\n<h3>Perch\u00e9 Scegliere i Preservativi Gusto Banana Pamitex?<\/h3>\n<p>Quando si tratta di intimit\u00e0, sicurezza e piacere vanno di pari passo. I Preservativi Gusto Banana Pamitex offrono entrambi: <\/p>\n<ul>\n<li><strong>Aggiunge Sapore al tuo Piacere: <\/strong>Il gusto banana aggiunge un tocco divertente e gustoso ai tuoi momenti intimi.<\/li>\n<li><strong>Protezione affidabile:<\/strong> Realizzati in lattice naturale di alta qualit\u00e0, questi preservativi offrono una protezione efficace contro le infezioni sessualmente trasmissibili (IST) e le gravidanze indesiderate.<\/li>\n<li><strong>Vestibilit\u00e0 Confortevole<\/strong>: Con una taglia media, lunghezza di 200 mm e larghezza di 53 mm, sono progettati per adattarsi comodamente, permettendo movimenti naturali.<\/li>\n<li><strong>Lunga durata di conservazione:<\/strong> Con una <strong>durata di conservazione fino a 4 anni<\/strong>, puoi essere certo della loro durata e della loro prontezza quando \u00e8 il momento.<\/li>\n<li><strong>Qualit\u00e0 certificata:<\/strong> Questi preservativi sono <strong>approvati dalla CE 0120 e dalla FDA<\/strong>, il che garantisce il rispetto di elevati standard di sicurezza e qualit\u00e0.<\/li>\n<\/ul>\n<h2><strong data-start=\"116\" data-end=\"152\">Perch\u00e9 Scegliere la Nostra Confezione da 144 Preservativi?<\/strong><\/h2>\n<ul>\n<li data-start=\"527\" data-end=\"554\"><strong data-start=\"527\" data-end=\"552\">Stessa Qualit\u00e0 di Durex: <\/strong>Ottieni preservativi della stessa alta qualit\u00e0 del nostro prodotto, solo a un prezzo molto migliore.<\/li>\n<\/ul>\n<ul>\n<li data-start=\"649\" data-end=\"666\"><strong data-start=\"649\" data-end=\"664\">Convenienza: <\/strong>Non \u00e8 necessario acquistare mensilmente \u2013 la scorta di un anno tutto in un pacchetto!<\/li>\n<\/ul>\n<p class=\"\" data-start=\"731\" data-end=\"780\"><strong data-start=\"731\" data-end=\"780\">Risparmia Denaro, Godi della Qualit\u00e0 e Non Rimanere Mai Senza!<\/strong><\/p>\n<h3>Imballaggio Discreto e Sicuro<\/h3>\n<p>La tua privacy \u00e8 la nostra priorit\u00e0. Quando ordini i Preservativi Gusto Banana Pamitex, arrivano in un imballaggio 100% discreto, cos\u00ec puoi sentirti sicuro e tranquillo nel tuo acquisto. <\/p>\n<h3>Attenzione ai Prodotti Contraffatti dei Preservativi Gusto Banana Pamitex<\/h3>\n<p>\u00c8 importante essere cauti quando si acquistano preservativi, poich\u00e9 ci sono prodotti contraffatti sul mercato. Con Pamitex, puoi fidarti di ottenere il prodotto originale, garantendo la tua sicurezza e soddisfazione. <\/p>\n<h3>Opzioni Illimitate con i Preservativi Gusto Banana<\/h3>\n<p>Se la banana non \u00e8 il tuo gusto preferito o stai cercando di variare, considera di provare i <a href=\"https:\/\/huskybearpoppers.eu\/it\/prodotto\/preservativi-alla-fragola-silhouette-confezione-da-144\/\">Preservativi Silhouette Fragola &#8211; Confezione da 144<\/a>. Questo sfacciato gusto fragola vuole sempre essere la star dello spettacolo, offrendo un&#8217;esperienza diversa ma altrettanto piacevole. <\/p>\n","protected":false},"excerpt":{"rendered":"<p>Eleva i tuoi momenti intimi con i <strong>Preservativi Gusto Banana Pamitex.<\/strong><\/p>\n<p><strong>Realizzati con lattice premium<\/strong>, questi preservativi lisci e trasparenti offrono un delizioso <strong>gusto banana,<\/strong> aggiungendo un tocco giocoso alla tua esperienza.<\/p>\n<p>Ogni preservativo misura <strong>200 mm di lunghezza e 53 mm di larghezza<\/strong>, garantendo una vestibilit\u00e0 confortevole.<\/p>\n<p>Con una generosa <strong>confezione da 144<\/strong>, sei sempre preparato per il divertimento spontaneo. Inoltre, il nostro imballaggio discreto garantisce la tua privacy. <\/p>\n<p><strong>Scegli Pamitex per un&#8217;esperienza dolce e soddisfacente.<\/strong><\/p>\n","protected":false},"featured_media":12186,"comment_status":"open","ping_status":"closed","template":"","meta":[],"product_brand":[],"product_cat":[8587,9889],"product_tag":[7140,7135,7130,6359,7131,7001,6354,7141,7129,7137,6987,7128,7132,7136,6356,7134,7142,7127,7126,7125,7138,7133,7139],"class_list":{"0":"post-18577","1":"product","2":"type-product","3":"status-publish","4":"has-post-thumbnail","6":"product_cat-lubrificante-preservativi-e-altro","7":"product_cat-preservativi","8":"product_tag-confezione-varieta-preservativi","9":"product_tag-preservativi-allingrosso","10":"product_tag-preservativi-approvati-fda","11":"product_tag-preservativi-aromatizzati","12":"product_tag-preservativi-banana","13":"product_tag-preservativi-certificati-ce","14":"product_tag-preservativi-confezione-144-pezzi","15":"product_tag-preservativi-esotici","16":"product_tag-preservativi-gusto-banana","17":"product_tag-preservativi-imballaggio-discreto","18":"product_tag-preservativi-in-lattice","19":"product_tag-preservativi-lattice-naturale","20":"product_tag-preservativi-lisci","21":"product_tag-preservativi-lunga-durata-it","22":"product_tag-preservativi-pamitex","23":"product_tag-preservativi-premium","24":"product_tag-preservativi-sensazione-reale","25":"product_tag-preservativi-sicuri","26":"product_tag-preservativi-taglia-media","27":"product_tag-preservativi-trasparenti","28":"product_tag-prodotti-benessere-sessuale","29":"product_tag-prodotti-sesso-sicuro","30":"product_tag-protezione-aromatizzata","32":"first","33":"instock","34":"taxable","35":"shipping-taxable","36":"purchasable","37":"product-type-simple"},"_links":{"self":[{"href":"https:\/\/huskybearpoppers.eu\/it\/wp-json\/wp\/v2\/product\/18577","targetHints":{"allow":["GET"]}}],"collection":[{"href":"https:\/\/huskybearpoppers.eu\/it\/wp-json\/wp\/v2\/product"}],"about":[{"href":"https:\/\/huskybearpoppers.eu\/it\/wp-json\/wp\/v2\/types\/product"}],"replies":[{"embeddable":true,"href":"https:\/\/huskybearpoppers.eu\/it\/wp-json\/wp\/v2\/comments?post=18577"}],"version-history":[{"count":0,"href":"https:\/\/huskybearpoppers.eu\/it\/wp-json\/wp\/v2\/product\/18577\/revisions"}],"wp:featuredmedia":[{"embeddable":true,"href":"https:\/\/huskybearpoppers.eu\/it\/wp-json\/wp\/v2\/media\/12186"}],"wp:attachment":[{"href":"https:\/\/huskybearpoppers.eu\/it\/wp-json\/wp\/v2\/media?parent=18577"}],"wp:term":[{"taxonomy":"product_brand","embeddable":true,"href":"https:\/\/huskybearpoppers.eu\/it\/wp-json\/wp\/v2\/product_brand?post=18577"},{"taxonomy":"product_cat","embeddable":true,"href":"https:\/\/huskybearpoppers.eu\/it\/wp-json\/wp\/v2\/product_cat?post=18577"},{"taxonomy":"product_tag","embeddable":true,"href":"https:\/\/huskybearpoppers.eu\/it\/wp-json\/wp\/v2\/product_tag?post=18577"}],"curies":[{"name":"wp","href":"https:\/\/api.w.org\/{rel}","templated":true}]}}