{"id":16926,"date":"2024-03-21T19:01:02","date_gmt":"2024-03-21T17:01:02","guid":{"rendered":"https:\/\/huskybearpoppers.eu\/product\/pamitex-lubrificante-a-base-dacqua-100-ml\/"},"modified":"2024-03-21T19:01:02","modified_gmt":"2024-03-21T17:01:02","slug":"pamitex-lubrificante-a-base-dacqua-100-ml","status":"publish","type":"product","link":"https:\/\/huskybearpoppers.eu\/it\/prodotto\/pamitex-lubrificante-a-base-dacqua-100-ml\/","title":{"rendered":"Pamitex Lubrificante a base d&#8217;acqua 100 ml"},"content":{"rendered":"<h2><strong>Pamitex Lubrificante a base d&#8217;acqua 100 ml &#8211; Comfort e Piacere Definitivi<\/strong><\/h2>\n<p><strong>Quando la passione prende il sopravvento, ti meriti un lubrificante che esalti la tua esperienza senza distrarti.<\/strong> Il lubrificante a base d&#8217;acqua Pamitex \u00e8<strong> stato progettato per garantire una scorrevolezza morbida come la seta<\/strong>, per un piacere naturale e un comfort senza sforzo. Che tu stia giocando da solo o condividendo momenti di intimit\u00e0 con il tuo partner, questo lubrificante ti assicura di sentirti bene ad ogni tocco, ad ogni movimento, ad ogni secondo. \u00c8 il miglior compagno per i tuoi momenti pi\u00f9 passionali.  <\/p>\n<h3><strong>Perch\u00e9<\/strong><strong> usare Lubrificante a base d&#8217;acqua Pamitex<\/strong><strong>?<\/strong><\/h3>\n<p><strong>I lubrificanti cambiano le carte in tavola per migliorare i tuoi momenti di intimit\u00e0. <\/strong><strong>Riducono l&#8217;attrito, aumentando il piacere e il comfort sessuale.<\/strong> Se hai mai avuto la spiacevole esperienza di un attrito che interrompe il tuo flusso, sai bene quanto possa influire sul tuo piacere. Il lubrificante a base acquosa Pamitex \u00e8 qui per eliminare questo problema e offrire un piacere fluido e ininterrotto. Inoltre, riduce il rischio di MST assicurando che il preservativo funzioni al meglio e ne migliora l&#8217;efficacia prevenendo le lacerazioni.    <\/p>\n<p><strong>La parte migliore?<\/strong> <strong>Questo lubrificante pu\u00f2 essere utilizzato in modo sicuro anche con vibratori e altri sex toys,<\/strong> <strong>offrendoti infinite possibilit\u00e0 di esplorare nuove vette di piacere.<\/strong><\/p>\n<h2><strong>Perch\u00e9 scegliere un lubrificante a base d&#8217;acqua?<\/strong><\/h2>\n<p><strong>Quando si parla di lubrificazione, quella a base d&#8217;acqua \u00e8 spesso la scelta preferita. <\/strong>Perch\u00e9?<strong> Perch\u00e9 non appiccica e si lava via facilmente<\/strong>, senza lasciare residui. Inoltre, \u00e8 sicuro per il <strong>corpo e ha un pH bilanciato<\/strong>, il che lo rende delicato sulla pelle e rispetta il tuo equilibrio intimo. Grazie alla sua versatilit\u00e0, \u00e8 perfetto per il gioco vaginale, orale e anale. <strong>Sia che tu voglia metterti all&#8217;opera<\/strong>, sia che tu voglia rendere le cose pi\u00f9 piccanti, <strong>il lubrificante a base d&#8217;acqua Pamitex \u00e8 la soluzione che fa per te.<\/strong>    <\/p>\n<p>Non solo fornisce un&#8217;idratazione di <strong>lunga durata<\/strong> che aiuta a ridurre la secchezza e a migliorare il comfort, ma \u00e8 anche inodore e non aromatizzato, in modo che tu possa godere di un&#8217;esperienza priva di distrazioni e concentrata <strong>esclusivamente sul piacere.<\/strong> La leggera consistenza in gel del lubrificante garantisce una facile applicazione e una sensazione di naturale morbidezza, per cui non dovrai preoccuparti di fastidiosi residui o appiccicosit\u00e0. Sarete solo tu e il tuo partner, con una scivolata perfetta per far salire il calore.  <\/p>\n<h3><strong>Piacere senza sforzo in qualsiasi momento<\/strong><\/h3>\n<p>Sia che tu stia godendo di momenti in solitaria o che tu stia esplorando con un partner, il lubrificante a base d&#8217;acqua Pamitex ti offre la perfetta scorrevolezza per un piacere ancora pi\u00f9 intenso.<\/p>\n<p>\u00c8 liscia, setosa e fa sentire tutto come un viaggio senza sforzo verso il piacere. La facilit\u00e0 di applicazione ti permette di concentrarti completamente sul momento senza distrazioni. Bastano poche gocce e sei pronto a partire, sia che tu stia sperimentando nuovi giochi, esplorando diverse posizioni o semplicemente concedendoti un po&#8217; di comfort in pi\u00f9. Pamitex ti fa sentire come se stessi scivolando in un nuovo livello di intimit\u00e0.   <\/p>\n<h3><strong>Il lubrificante a base d&#8217;acqua Pamitex ti garantir\u00e0 sicurezza e compatibilit\u00e0<\/strong><\/h3>\n<p>Quando si tratta di giochi intimi, la sicurezza non \u00e8 negoziabile.<strong> Il lubrificante a base acquosa Pamitex \u00e8 compatibile con i preservativi e i giocattoli e funziona perfettamente con i preservativi in lattice e con tutti i tipi di sex toys<\/strong>. Questo significa che non devi preoccuparti della compatibilit\u00e0: basta prendere i tuoi giocattoli o preservativi preferiti e il gioco \u00e8 fatto.<strong> Inoltre, \u00e8 incredibilmente facile da pulire. <\/strong>La formula idrosolubile si sciacqua facilmente e non lascia residui appiccicosi, cos\u00ec puoi rilassarti e divertirti senza pensarci due volte.  <\/p>\n<p>Ancora meglio, il lubrificante a base d&#8217;acqua Pamitex \u00e8 privo di additivi aggressivi come parabeni, glicerina e fragranze artificiali, per garantire che solo il piacere puro tocchi la tua pelle. Questo significa che, sia che si tratti di lunghe sessioni o di rapidi momenti di intimit\u00e0, puoi sempre fidarti di Pamitex per avere una scivolata perfetta e sicura. <\/p>\n<p>L&#8217;intimit\u00e0 dovrebbe sempre essere un&#8217;esperienza piacevole e priva di preoccupazioni e i lubrificanti a base d&#8217;acqua sono la scelta perfetta per garantirla. A differenza dei prodotti a base di silicone o di olio, i lubrificanti a base d&#8217;acqua offrono una sensazione morbida e naturale che non ti lascer\u00e0 una sensazione di appiccicosit\u00e0. Non solo rendono pi\u00f9 piacevole il tempo a letto, ma grazie ai loro benefici idratanti, anche la tua pelle ti ringrazier\u00e0!  <\/p>\n<p>Quindi, la prossima volta che vorrai entrare in intimit\u00e0 con il tuo partner, prendi in considerazione l&#8217;idea di scegliere il lubrificante a base acquosa Pamitex: sicuramente migliorer\u00e0 l&#8217;esperienza. <strong>E per un&#8217;esperienza ancora migliore, ti consigliamo di provare il nostro lubrificante con dei preservativi speciali per un piacere e una protezione ancora maggiori:<\/strong> <\/p>\n<ul>\n<li><a href=\"https:\/\/huskybearpoppers.eu\/product\/pamitex-super-red-condoms-144-pack\/\" target=\"_blank\" rel=\"noopener\">Preservativi Pamitex Super Red &#8211; 144 confezioni<\/a><\/li>\n<li><a href=\"https:\/\/huskybearpoppers.eu\/it\/prodotto\/preservativi-al-gusto-di-frutta-pamitex-confezione-da-144\/\" target=\"_blank\" rel=\"noopener\">Preservativi Pamitex al gusto di frutta &#8211; 144 confezioni<\/a><\/li>\n<li><a href=\"https:\/\/huskybearpoppers.eu\/it\/prodotto\/preservativi-gusto-banana-pamitex-confezione-da-144\/\" target=\"_blank\" rel=\"noopener\">Preservativi Pamitex al gusto di banana &#8211; 144 confezioni<\/a><\/li>\n<\/ul>\n","protected":false},"excerpt":{"rendered":"<p data-pm-slice=\"1 1 []\">Libera i tuoi sogni pi\u00f9 sfrenati con <strong>il lubrificante a base d&#8217;acqua Pamitex.<\/strong><\/p>\n<p data-pm-slice=\"1 1 []\">Questo<strong> lubrificante non appiccicoso, inodore e non aromatizzato <\/strong>aumenta il piacere e garantisce il massimo comfort.<\/p>\n<p data-pm-slice=\"1 1 []\"><strong>Perfetto per i giochi vaginali, orali e anali, <\/strong>mantiene ogni momento di intimit\u00e0 morbido e sensuale.<\/p>\n","protected":false},"featured_media":15777,"comment_status":"open","ping_status":"closed","template":"","meta":[],"product_brand":[],"product_cat":[8587,9890],"product_tag":[4686,4683,4690,4684,4688,4695,4697,4680,4696,4698,4682,4687,4693,4681,4685,4691,4689,4692,4694],"class_list":{"0":"post-16926","1":"product","2":"type-product","3":"status-publish","4":"has-post-thumbnail","6":"product_cat-lubrificante-preservativi-e-altro","7":"product_cat-lubrificanti","8":"product_tag-amico-dei-giocattoli","9":"product_tag-cura-intima","10":"product_tag-gioco-di-coppia","11":"product_tag-gioco-facile","12":"product_tag-intimita-confortevole","13":"product_tag-lavaggio-facile","14":"product_tag-lubrificante","15":"product_tag-lubrificante-a-base-dacqua","16":"product_tag-lubrificante-a-base-dacqua-pamitex","17":"product_tag-lubrificante-classico","18":"product_tag-lubrificante-personale","19":"product_tag-lubrificante-sicuro","20":"product_tag-non-appiccicoso","21":"product_tag-pamitex-lube-it","22":"product_tag-ph-bilanciato","23":"product_tag-piacere-in-solitaria","24":"product_tag-sensazione-setosa","25":"product_tag-senza-profumo","26":"product_tag-sollievo-dalla-secchezza-vaginale","28":"first","29":"instock","30":"sale","31":"taxable","32":"shipping-taxable","33":"purchasable","34":"product-type-simple"},"_links":{"self":[{"href":"https:\/\/huskybearpoppers.eu\/it\/wp-json\/wp\/v2\/product\/16926","targetHints":{"allow":["GET"]}}],"collection":[{"href":"https:\/\/huskybearpoppers.eu\/it\/wp-json\/wp\/v2\/product"}],"about":[{"href":"https:\/\/huskybearpoppers.eu\/it\/wp-json\/wp\/v2\/types\/product"}],"replies":[{"embeddable":true,"href":"https:\/\/huskybearpoppers.eu\/it\/wp-json\/wp\/v2\/comments?post=16926"}],"version-history":[{"count":0,"href":"https:\/\/huskybearpoppers.eu\/it\/wp-json\/wp\/v2\/product\/16926\/revisions"}],"wp:featuredmedia":[{"embeddable":true,"href":"https:\/\/huskybearpoppers.eu\/it\/wp-json\/wp\/v2\/media\/15777"}],"wp:attachment":[{"href":"https:\/\/huskybearpoppers.eu\/it\/wp-json\/wp\/v2\/media?parent=16926"}],"wp:term":[{"taxonomy":"product_brand","embeddable":true,"href":"https:\/\/huskybearpoppers.eu\/it\/wp-json\/wp\/v2\/product_brand?post=16926"},{"taxonomy":"product_cat","embeddable":true,"href":"https:\/\/huskybearpoppers.eu\/it\/wp-json\/wp\/v2\/product_cat?post=16926"},{"taxonomy":"product_tag","embeddable":true,"href":"https:\/\/huskybearpoppers.eu\/it\/wp-json\/wp\/v2\/product_tag?post=16926"}],"curies":[{"name":"wp","href":"https:\/\/api.w.org\/{rel}","templated":true}]}}