{"id":16014,"date":"2024-07-23T12:32:53","date_gmt":"2024-07-23T10:32:53","guid":{"rendered":"https:\/\/huskybearpoppers.eu\/informativa-sulla-privacy-e-sui-cookie\/"},"modified":"2026-01-23T12:24:10","modified_gmt":"2026-01-23T10:24:10","slug":"informativa-sulla-privacy-e-sui-cookie","status":"publish","type":"page","link":"https:\/\/huskybearpoppers.eu\/it\/informativa-sulla-privacy-e-sui-cookie\/","title":{"rendered":"Informativa sulla Privacy e sui Cookie"},"content":{"rendered":"\n<h2 class=\"wp-block-heading\">Informativa sulla Privacy e sui Cookie &#8211; Husky Bear Poppers<\/h2>\n\n<p>In Husky Bear Poppers, gestito da International Scalpers d.o.o., diamo priorit\u00e0 alla privacy dei nostri utenti e trattiamo i loro dati personali con la massima cura. In conformit\u00e0 con le leggi applicabili sulla protezione dei dati, ci impegniamo a garantire la protezione di tutti i dati personali a noi affidati. <\/p>\n\n<h2 class=\"wp-block-heading\">Dati che Raccogliamo<\/h2>\n\n<p>Per fornire i nostri servizi, raccogliamo e trattiamo i seguenti dati degli utenti:<\/p>\n\n<ul class=\"wp-block-list\">\n<li>Nome completo<\/li>\n\n\n\n<li>Indirizzo di consegna<\/li>\n\n\n\n<li>Nome dell&#8217;azienda (se applicabile)<\/li>\n\n\n\n<li>Partita IVA (se applicabile)<\/li>\n\n\n\n<li>Indirizzo email (utilizzato come nome utente)<\/li>\n\n\n\n<li>Numero di telefono<\/li>\n\n\n\n<li>Paese di residenza<\/li>\n\n\n\n<li>Informazioni aggiuntive inserite volontariamente nei moduli<\/li>\n<\/ul>\n\n<p>Si prega di notare che non siamo responsabili dell&#8217;accuratezza o validit\u00e0 dei dati forniti.<\/p>\n\n<h2 class=\"wp-block-heading\">Uso dei Cookie<\/h2>\n\n<p>Utilizziamo i cookie per migliorare la tua esperienza di acquisto. Questo include: <\/p>\n\n<ul class=\"wp-block-list\">\n<li>Cookie di sessione per gestire il tuo carrello<\/li>\n\n\n\n<li>Cookie persistenti per ricordare le tue impostazioni<\/li>\n\n\n\n<li>Cookie di Google Analytics per analizzare il traffico del sito web<\/li>\n<\/ul>\n\n<h2 class=\"wp-block-heading\">Archiviazione e Utilizzo dei Dati<\/h2>\n\n<p>I dati degli utenti, ad eccezione dei cookie, sono archiviati in modo sicuro sui nostri server. I cookie di sessione sono temporanei e vengono eliminati dopo un periodo di inattivit\u00e0, mentre i cookie persistenti rimangono sul tuo dispositivo. Potremmo utilizzare dati anonimizzati per analisi statistiche per migliorare i nostri servizi.  <\/p>\n\n<h2 class=\"wp-block-heading\">Condivisione delle Informazioni<\/h2>\n\n<p>I tuoi dati personali non saranno mai condivisi con persone non autorizzate. Divulghiamo solo i dati essenziali alle societ\u00e0 di consegna per garantire la consegna senza problemi dei tuoi ordini. <\/p>\n\n<h2 class=\"wp-block-heading\">Comunicazione<\/h2>\n\n<p>Ti contatteremo solo se hai scelto di ricevere i nostri messaggi.<\/p>\n\n<h2 class=\"wp-block-heading\">I Tuoi Diritti<\/h2>\n\n<p>Hai il diritto di accedere, correggere ed eliminare i tuoi dati personali. Puoi anche opporti al trattamento dei tuoi dati e revocare il tuo consenso in qualsiasi momento. <\/p>\n\n<p>Utilizzando il nostro sito web, accetti la raccolta e l&#8217;uso dei tuoi dati come descritto in questa informativa. Se hai domande o dubbi, contattaci all&#8217;indirizzo <a href=\"mailto:info@huskybearpoppers.eu\">info@huskybearpoppers.eu<\/a> . <\/p>\n\n<h2 class=\"wp-block-heading\">Dichiarazione sulla protezione e raccolta dei dati personali<\/h2>\n\n<p>Ci impegniamo a fornire protezione per i dati personali dei clienti, in modo tale da raccogliere solo informazioni necessarie e di base sui clienti\/utenti che sono necessarie per l&#8217;adempimento dei nostri obblighi; Informiamo i clienti su come vengono utilizzati i dati raccolti, diamo regolarmente ai clienti l&#8217;opportunit\u00e0 di scegliere riguardo all&#8217;uso dei loro dati, compresa la possibilit\u00e0 di decidere se vogliono o meno che il loro nome sia rimosso dagli elenchi utilizzati per campagne di marketing.<\/p>\n\n<p>Tutti i dati degli utenti sono rigorosamente conservati e sono disponibili solo ai dipendenti che necessitano di queste informazioni per svolgere il loro lavoro. Tutti i nostri dipendenti e partner commerciali sono responsabili del rispetto dei principi di protezione della privacy. <\/p>\n\n<h2 class=\"wp-block-heading\">Protezione dei Minori<\/h2>\n\n<p>Il benessere dei bambini \u00e8 la nostra massima priorit\u00e0, pertanto aderiamo ai seguenti principi:<\/p>\n\n<ul class=\"wp-block-list\">\n<li>Visualizzazione chiara e separata delle pubblicit\u00e0 dai giochi e dai concorsi, tenendo conto dell&#8217;et\u00e0 del bambino.<\/li>\n\n\n\n<li>Comunicazione adeguata all&#8217;et\u00e0 che non sfrutta la fiducia, l&#8217;inesperienza o il senso di lealt\u00e0 del bambino.<\/li>\n\n\n\n<li>\u00c8 richiesto il consenso dei genitori o del tutore per accettare ordini o raccogliere dati personali sui minori.<\/li>\n\n\n\n<li>Le informazioni ottenute dai bambini non vengono divulgate a terzi, eccetto ai loro genitori o tutori.<\/li>\n\n\n\n<li>Non consentiamo ai bambini l&#8217;accesso illimitato a prodotti o servizi che potrebbero danneggiarli.<\/li>\n<\/ul>\n\n<p>Ci impegniamo a fornire un ambiente online sicuro e protetto per tutti gli utenti, specialmente per i bambini.<\/p>\n\n<h2 class=\"wp-block-heading\">Divulgazione dei Dati Personali<\/h2>\n\n<p>Le informazioni raccolte e trattate da Husky Bear Poppers rimarranno riservate e non saranno condivise con terze parti, tranne nelle seguenti circostanze limitate:<\/p>\n\n<ul class=\"wp-block-list\">\n<li>Quando siamo legalmente obbligati a farlo, ad esempio, nel caso di un ordine del tribunale o altro obbligo legale.<\/li>\n\n\n\n<li>Quando necessario per proteggere i diritti, la propriet\u00e0 o la sicurezza di Husky Bear Poppers, dei suoi utenti o di altri. Ci\u00f2 include, ma non \u00e8 limitato a, indagare su frodi, rispondere a rivendicazioni legali o proteggere da potenziali danni. <\/li>\n<\/ul>\n\n<p>Ci impegniamo alla trasparenza e ti avviseremo se i tuoi dati personali devono essere divulgati in queste circostanze eccezionali, a meno che non sia vietato dalla legge o da un ordine del tribunale.<\/p>\n\n<h2 class=\"wp-block-heading\">Il Tuo Diritto all&#8217;Informazione e alla Gestione<\/h2>\n\n<p>Come nostro stimato cliente, hai il pieno diritto di accedere, modificare o rimuovere i tuoi dati personali che deteniamo. Se hai domande o richieste riguardanti i tuoi dati, faccelo sapere all&#8217;indirizzo <a href=\"mailto:info@huskybearpoppers.eu\">info@huskybearpoppers.eu<\/a>. <\/p>\n\n<h2 class=\"wp-block-heading\">Notifiche sugli Ordini<\/h2>\n\n<p>Per tua comodit\u00e0, potremmo utilizzare il numero di telefono che hai fornito per informarti sullo stato di spedizione e consegna del tuo ordine.<\/p>\n\n<h2 class=\"wp-block-heading\">Immagini dei Prodotti<\/h2>\n\n<p>Si prega di notare che le immagini dei prodotti presentate sul nostro sito web sono solo a scopo illustrativo e potrebbero non includere tutte le caratteristiche specifiche del prodotto.<\/p>\n\n<h2 class=\"wp-block-heading\">Email Promozionali<\/h2>\n\n<p>Fornendo il tuo indirizzo email, ci dai il permesso di inviare email promozionali da Husky Bear Poppers. Se desideri smettere di ricevere questi messaggi, puoi farlo cliccando sul link &#8220;Cancella iscrizione&#8221; in fondo alle email o contattandoci all&#8217;indirizzo <a href=\"mailto:info@huskybearpoppers.eu\">info@huskybearpoppers.eu<\/a>. <\/p>\n\n<h2 class=\"wp-block-heading\">I Tuoi Diritti ai Sensi del Regolamento Generale sulla Protezione dei Dati (GDPR)<\/h2>\n\n<p>Il GDPR ti conferisce i seguenti diritti:<\/p>\n\n<ul class=\"wp-block-list\">\n<li>Diritto di accedere ai tuoi dati personali e ricevere informazioni complete sul loro trattamento.<\/li>\n\n\n\n<li>Diritto di rettificare i dati personali inesatti.<\/li>\n\n\n\n<li>Diritto di limitare il trattamento dei tuoi dati personali.<\/li>\n\n\n\n<li>Diritto alla cancellazione (&#8220;diritto all&#8217;oblio&#8221;), se sono soddisfatte condizioni specifiche.<\/li>\n\n\n\n<li>Diritto alla portabilit\u00e0 dei dati, che ti consente di ricevere i tuoi dati in un formato strutturato e leggibile da dispositivo automatico.<\/li>\n\n\n\n<li>Diritto di opporti al trattamento dei tuoi dati personali per scopi di marketing diretto.<\/li>\n\n\n\n<li>Diritto di non essere soggetto a decisioni automatizzate, inclusa la profilazione, a meno che non si applichino determinate condizioni.<\/li>\n\n\n\n<li>Diritto di presentare un reclamo a un&#8217;autorit\u00e0 di controllo se ritieni che i tuoi diritti di protezione dei dati siano stati violati.<\/li>\n<\/ul>\n\n<p>Se desideri esercitare uno di questi diritti o ottenere ulteriori informazioni, contattaci all&#8217;indirizzo <a href=\"mailto:info@huskybearpoppers.eu\">info@huskybearpoppers.eu<\/a>.<\/p>\n\n<p>Note Importanti:<\/p>\n\n<ul class=\"wp-block-list\">\n<li>Potremmo richiedere un pagamento ragionevole per copie aggiuntive dei tuoi dati personali.<\/li>\n\n\n\n<li>Potremmo dover verificare la tua identit\u00e0 prima di soddisfare la tua richiesta.<\/li>\n\n\n\n<li>Ci impegniamo a rispondere alla tua richiesta entro i tempi previsti dalla legge.<\/li>\n<\/ul>\n\n<h2 class=\"wp-block-heading\">Procedura per l&#8217;Esercizio dei Tuoi Diritti<\/h2>\n\n<p>Confermo di poter presentare tutte le richieste relative all&#8217;esercizio dei miei diritti riguardanti i dati personali per iscritto al titolare del trattamento via email all&#8217;indirizzo <a href=\"mailto:info@huskybearpoppers.eu\">info@huskybearpoppers.eu<\/a>.<\/p>\n\n<p>Comprendo che il titolare del trattamento potrebbe richiedere ulteriori informazioni da me allo scopo di verificare la mia identit\u00e0 quando esercito i miei diritti di protezione dei dati. Il titolare del trattamento pu\u00f2 rifiutarsi di agire sulla mia richiesta solo se dimostra di non potermi identificare in modo affidabile. <\/p>\n\n<p>Sono consapevole che il titolare del trattamento \u00e8 obbligato a rispondere alla mia richiesta, con cui esercito i miei diritti riguardo ai dati personali sopra menzionati, immediatamente e non oltre un mese dalla data di ricezione della mia richiesta.<\/p>\n\n<h2 class=\"wp-block-heading\">Comprendere i Cookie e la Loro Importanza<\/h2>\n\n<p>I cookie sono piccoli file di testo che un sito web invia al tuo browser web quando lo visiti. Questi file consentono al sito web di riconoscerti, ricordare i dettagli della tua sessione di navigazione e, in definitiva, migliorare la tua esperienza online. Utilizzando i cookie, possiamo personalizzare i contenuti che vedi sul nostro sito web, mantenere le tue impostazioni e monitorare le tue visite al nostro negozio online.  <\/p>\n\n<p>L&#8217;abilitazione dei cookie nelle impostazioni del tuo browser consente un&#8217;esperienza di navigazione pi\u00f9 comoda, efficiente e semplificata nel nostro negozio online. La decisione di consentire la memorizzazione dei cookie sul tuo dispositivo \u00e8 interamente tua e hai la possibilit\u00e0 di modificare le impostazioni dei cookie nel tuo browser web. <\/p>\n\n<p>Per istruzioni sulla regolazione delle impostazioni dei cookie, consulta la documentazione del tuo browser web:<\/p>\n\n<ul class=\"wp-block-list\">\n<li>Chrome<\/li>\n\n\n\n<li>Firefox<\/li>\n\n\n\n<li>Opera<\/li>\n\n\n\n<li>Internet Explorer 9<\/li>\n\n\n\n<li>Internet Explorer 7 and 8<\/li>\n\n\n\n<li>Microsoft Edge<\/li>\n\n\n\n<li>Safari<\/li>\n<\/ul>\n\n<p>Si prega di notare che se modifichi o elimini i cookie nel tuo browser, o se aggiorni o sostituisci il tuo browser o dispositivo, potresti dover disabilitare nuovamente i cookie. Il processo di gestione ed eliminazione dei cookie varia a seconda del browser utilizzato. Se hai bisogno di aiuto, cerca le istruzioni nella sezione di supporto utente del tuo browser.  <\/p>\n\n<p>Inoltre, hai la possibilit\u00e0 di disattivare il monitoraggio di <a href=\"https:\/\/chromewebstore.google.com\/detail\/google-analytics-opt-out\/fllaojicojecljbmefodhfapmkghcbnh?hl=en\" target=\"_blank\" rel=\"noopener\">Google Analytics cliccando su questo link.<\/a><\/p>\n\n<p>Un elenco dettagliato dei cookie utilizzati su questo sito web \u00e8 fornito di seguito. <\/p>\n\n<p>Utilizzando il nostro sito web, accetti questa informativa sulla privacy e sui cookie.<\/p>\n\n<figure class=\"wp-block-table\"><table><tbody><tr><td><strong>Nome del Cookie<\/strong><\/td><td><strong>Azienda<\/strong><\/td><td><strong>Scopo<\/strong><\/td><\/tr><tr><td>_ga<\/td><td>Google Analytics<\/td><td>Utilizzato per distinguere gli utenti e monitorare il traffico del sito web.<\/td><\/tr><tr><td>_gid<\/td><td>Google Analytics<\/td><td>Utilizzato per distinguere gli utenti e monitorare il traffico del sito web.<\/td><\/tr><tr><td>_gat<\/td><td>Google Analytics<\/td><td>Utilizzato per limitare il numero di richieste.<\/td><\/tr><tr><td>PHPSESSID<\/td><td>Internal<\/td><td>Mantiene lo stato della sessione utente tra le richieste di pagina.<\/td><\/tr><tr><td>woocommerce_cart_hash<\/td><td>WooCommerce<\/td><td>Memorizza informazioni sull&#8217;intero carrello.<\/td><\/tr><tr><td>woocommerce_items_in_cart<\/td><td>WooCommerce<\/td><td>Memorizza informazioni sull&#8217;intero carrello.<\/td><\/tr><tr><td>wp_woocommerce_session_*<\/td><td>WooCommerce<\/td><td>Contiene un codice univoco per ogni cliente per trovare i dati del carrello nel database.<\/td><\/tr><tr><td>cookie_notice_accepted<\/td><td>Internal<\/td><td>Ricorda se l&#8217;avviso sui cookie \u00e8 stato accettato.<\/td><\/tr><\/tbody><\/table><figcaption class=\"wp-element-caption\">Elenco dei Cookie<\/figcaption><\/figure>\n","protected":false},"excerpt":{"rendered":"<p>Informativa sulla Privacy e sui Cookie &#8211; Husky Bear Poppers In Husky Bear Poppers, gestito da International Scalpers d.o.o., diamo priorit\u00e0 alla privacy dei nostri utenti e trattiamo i loro dati personali con la massima cura. In conformit\u00e0 con le leggi applicabili sulla protezione dei dati, ci impegniamo a garantire la protezione di tutti i [&hellip;]<\/p>\n","protected":false},"author":1,"featured_media":0,"parent":0,"menu_order":0,"comment_status":"closed","ping_status":"closed","template":"","meta":{"footnotes":""},"class_list":["post-16014","page","type-page","status-publish","hentry"],"blocksy_meta":[],"_links":{"self":[{"href":"https:\/\/huskybearpoppers.eu\/it\/wp-json\/wp\/v2\/pages\/16014","targetHints":{"allow":["GET"]}}],"collection":[{"href":"https:\/\/huskybearpoppers.eu\/it\/wp-json\/wp\/v2\/pages"}],"about":[{"href":"https:\/\/huskybearpoppers.eu\/it\/wp-json\/wp\/v2\/types\/page"}],"author":[{"embeddable":true,"href":"https:\/\/huskybearpoppers.eu\/it\/wp-json\/wp\/v2\/users\/1"}],"replies":[{"embeddable":true,"href":"https:\/\/huskybearpoppers.eu\/it\/wp-json\/wp\/v2\/comments?post=16014"}],"version-history":[{"count":0,"href":"https:\/\/huskybearpoppers.eu\/it\/wp-json\/wp\/v2\/pages\/16014\/revisions"}],"wp:attachment":[{"href":"https:\/\/huskybearpoppers.eu\/it\/wp-json\/wp\/v2\/media?parent=16014"}],"curies":[{"name":"wp","href":"https:\/\/api.w.org\/{rel}","templated":true}]}}