{"id":6686,"date":"2023-05-30T11:30:43","date_gmt":"2023-05-30T09:30:43","guid":{"rendered":"https:\/\/huskybearpoppers.eu\/product\/twisted-beast-gold-poppers-24ml-2\/"},"modified":"2025-12-02T10:21:43","modified_gmt":"2025-12-02T08:21:43","slug":"twisted-beast-gold-poppers-24ml-2","status":"publish","type":"product","link":"https:\/\/huskybearpoppers.eu\/fr\/produit\/twisted-beast-gold-poppers-24ml-2\/","title":{"rendered":"Twisted Beast Gold Poppers 24ml"},"content":{"rendered":"<h2><strong>Le Pouvoir de Twisted Beast Gold Poppers 24ml avec une Formule Exceptionnellement Forte de Nitrite d&rsquo;Amyle<\/strong><\/h2>\n<p>Lorsqu&rsquo;il s&rsquo;agit de l&rsquo;entretien du cuir, en particulier pour vos articles sp\u00e9cialis\u00e9s, vous avez besoin d&rsquo;un produit qui va au-del\u00e0 de l&rsquo;entretien de base. Le <em>Twisted Beast Gold Poppers 24ml<\/em> est une solution puissante con\u00e7ue pour faire face aux t\u00e2ches les plus difficiles, donnant \u00e0 vos accessoires en cuir la brillance et la long\u00e9vit\u00e9 qu&rsquo;ils m\u00e9ritent. <\/p>\n<p>Ce nettoyant est plus que puissant, <strong>il est ultra-puissant<\/strong>. Class\u00e9 5 sur 5 en termes de puissance, ce produit est fabriqu\u00e9 au Luxembourg avec une formule de nitrite d&rsquo;amyle de premi\u00e8re qualit\u00e9. Connu pour \u00eatre l&rsquo;un des nettoyants pour cuir les plus puissants disponibles, <em>Twisted Beast Gold Poppers<\/em> fait partie de la marque Twisted Beast, qui s&rsquo;est forg\u00e9 une solide r\u00e9putation en cr\u00e9ant des produits de haute qualit\u00e9. Le flacon de 24 ml vous permet d&rsquo;en avoir plus qu&rsquo;il n&rsquo;en faut pour plusieurs s\u00e9ances de nettoyage.   <\/p>\n<p>Les produits en cuir peuvent varier consid\u00e9rablement dans leur r\u00e9action aux solutions de nettoyage. Il est donc essentiel de trouver une formule qui donne des r\u00e9sultats constants \u00e0 chaque fois. C&rsquo;est exactement ce que fait le <em>Twisted Beast Gold Poppers 24ml<\/em>. Que vous soyez novice en mati\u00e8re d&rsquo;entretien du cuir ou un utilisateur exp\u00e9riment\u00e9, ce nettoyant offre un haut niveau de fiabilit\u00e9. Son grand format (24 ml) se situe parfaitement dans la gamme des produits de qualit\u00e9 professionnelle, ce qui vous permet de disposer d&rsquo;une quantit\u00e9 suffisante de nettoyant pour un usage r\u00e9p\u00e9t\u00e9.   <\/p>\n<h2><strong>Pourquoi Choisir Twisted Beast Gold Poppers?<\/strong><\/h2>\n<ol>\n<li><strong>Formule Exceptionnellement Forte (5\/5)<\/strong>: Le <em>Twisted Beast Gold Poppers 24ml<\/em> n&rsquo;est pas seulement fort, il est exceptionnellement fort. Sa formule \u00e0 base de nitrite d&rsquo;amyle produit un effet nettoyant puissant qui agit rapidement, garantissant que vos articles en cuir sont nettoy\u00e9s en profondeur en un rien de temps. <\/li>\n<li><strong>Fabriqu\u00e9 au Luxembourg<\/strong>: Fabriqu\u00e9 au Luxembourg, pays connu pour sa pr\u00e9cision et ses normes de production \u00e9lev\u00e9es, ce produit se distingue par sa qualit\u00e9. La qualit\u00e9 de fabrication constante de PWD\u00ae vous garantit un nettoyeur sur lequel vous pouvez compter \u00e0 chaque fois. <\/li>\n<li><strong>Bouteille Grande De 24 ml<\/strong>: La bouteille de 24 ml fait partie de la cat\u00e9gorie bouteille grande, offrant une grande quantit\u00e9 de nettoyant pour ceux qui ont plusieurs articles en cuir \u00e0 entretenir. Vous aurez plus qu&rsquo;il n&rsquo;en faut pour garder votre cuir en parfait \u00e9tat. <\/li>\n<li><strong>Fait partie de la marque Twisted Beast<\/strong>: La marque Twisted Beast est synonyme de fiabilit\u00e9 et de haute performance. Lorsque vous choisissez <em>Twisted Beast Gold Poppers<\/em>, vous choisissez une marque qui fournit des r\u00e9sultats constants. <\/li>\n<li><strong>Formule de Nitrite d&rsquo;Amyle<\/strong>: Ce nettoyant est bas\u00e9 sur une formule de Nitrite d&rsquo;Amyle, connue pour son efficacit\u00e9. Que vous connaissiez ce type de nettoyant ou que vous l&rsquo;essayiez pour la premi\u00e8re fois, les r\u00e9sultats parlent d&rsquo;eux-m\u00eames. <\/li>\n<\/ol>\n<h3><strong>Trouver la Force qui Convient \u00e0 Vos Besoins<\/strong><\/h3>\n<p>Les nettoyants pour cuir peuvent varier consid\u00e9rablement selon le fabricant et la formule. <em>Le Twisted Beast Gold Poppers<\/em> est con\u00e7u avec un niveau de puissance ultra-fort, mais comme avec tous les produits, la fa\u00e7on dont vous ressentez sa force peut varier. La seule fa\u00e7on de vraiment comprendre s&rsquo;il s&rsquo;agit du bon nettoyant pour vous est de l&rsquo;essayer vous-m\u00eame.  <\/p>\n<p>Les effets que vous ressentirez peuvent diff\u00e9rer selon vos besoins sp\u00e9cifiques et l&rsquo;\u00e9tat de vos articles en cuir. Pour certains utilisateurs, la formule ultra-forte sera exactement ce qui est n\u00e9cessaire, tandis que d&rsquo;autres pourraient avoir besoin d&rsquo;un nettoyant plus doux. PWD\u00ae a con\u00e7u ce produit dans le but d&rsquo;\u00e9quilibrer puissance et efficacit\u00e9, garantissant qu&rsquo;il r\u00e9pond aux besoins d&rsquo;une large gamme d&rsquo;utilisateurs.  <\/p>\n<h2><strong>Comment Utiliser Twisted Beast Gold Poppers<\/strong><\/h2>\n<ol>\n<li><strong>Agiter Avant L&rsquo;Emploi<\/strong> \u2013 Secouez doucement le flacon pour m\u00e9langer le contenu.<\/li>\n<li><strong>Retirer Le Bouchon<\/strong> \u2013 D\u00e9vissez ou retirez avec pr\u00e9caution le bouchon.<\/li>\n<li><strong>Application<\/strong> \u2013 Ouvrez le flacon et utilisez-le pour nettoyer vos articles en cuir si n\u00e9cessaire.<\/li>\n<\/ol>\n<p><strong>Lignes Directrices En Mati\u00e8re De S\u00e9curit\u00e9 :<\/strong><\/p>\n<ul>\n<li><strong>Utilisation Sp\u00e9cifique<\/strong> \u2013 Con\u00e7u sp\u00e9cifiquement pour le nettoyage et l&rsquo;entretien des articles en cuir.<\/li>\n<li><strong>Conseils De Conservation<\/strong> \u2013 Conservez le produit dans un endroit frais et sec, \u00e0 l&rsquo;abri de la lumi\u00e8re du soleil, pour en pr\u00e9server la qualit\u00e9.<\/li>\n<li><strong>Pr\u00e9cautions De S\u00e9curit\u00e9<\/strong>: Tenir hors de port\u00e9e des enfants et des animaux domestiques.<br \/>\nNe pas ing\u00e9rer ou permettre un contact direct avec la peau.<br \/>\nUtiliser dans un endroit bien ventil\u00e9.  <\/li>\n<\/ul>\n<p>Si vous souhaitez quelque chose de plus petit, vous pouvez consulter le site suivant <a href=\"https:\/\/huskybearpoppers.eu\/fr\/produit\/iron-fist-10ml-poppers\/\"><strong>Iron Fist 10ml Poppers<\/strong><\/a> pour une exp\u00e9rience \u00e0 la fois petite et forte.<\/p>\n","protected":false},"excerpt":{"rendered":"<p><strong>Twisted Beast Gold Poppers 24ml<\/strong> est un nettoyant pour cuir <strong>ultra-fort <\/strong>avec une classification de <strong>puissance de 5\/5.<\/strong> Fabriqu\u00e9 au Luxembourg et comportant une formule au<strong> Nitrite d&rsquo;Amyle<\/strong>, ce nettoyant est id\u00e9al pour entretenir vos articles en cuir sp\u00e9cialis\u00e9s. <\/p>\n<p>La grande bouteille de 24ml garantit que vous en avez suffisamment pour plusieurs s\u00e9ances, ce qui en fait un choix fiable pour les <strong>utilisateurs exp\u00e9riment\u00e9s et nouveaux.<\/strong><\/p>\n<p>La marque Twisted Beast est connue pour ses <strong>hautes performances,<\/strong> garantissant que votre cuir <strong>para\u00eet \u00e0 son meilleur \u00e0 chaque utilisation.<\/strong><\/p>\n","protected":false},"featured_media":6687,"comment_status":"open","ping_status":"closed","template":"","meta":[],"product_brand":[9794],"product_cat":[1393,1426,10009,1491,10016,9813,1262],"product_tag":[6175,3154,6174,5181,3151,5500,5499],"class_list":{"0":"post-6686","1":"product","2":"type-product","3":"status-publish","4":"has-post-thumbnail","6":"product_brand-twisted-beast-poppers","7":"product_cat-5-5-exceptionnellement-fort-poppers","8":"product_cat-amyle-nitrite-poppers","9":"product_cat-bear-brotherhood-poppers","10":"product_cat-grands-poppers","11":"product_cat-leather-pride-poppers","12":"product_cat-mg7t-f0q9-800v-n20t","13":"product_cat-poppers-pwd-fr","14":"product_tag-24ml-taille","15":"product_tag-fort-poppers","16":"product_tag-gold-poppers-fr","17":"product_tag-nitrite-damyle","18":"product_tag-poppers-fr","19":"product_tag-twisted-beast-fr","20":"product_tag-twisted-beast-poppers-fr","22":"first","23":"outofstock","24":"taxable","25":"shipping-taxable","26":"purchasable","27":"product-type-simple"},"_links":{"self":[{"href":"https:\/\/huskybearpoppers.eu\/fr\/wp-json\/wp\/v2\/product\/6686","targetHints":{"allow":["GET"]}}],"collection":[{"href":"https:\/\/huskybearpoppers.eu\/fr\/wp-json\/wp\/v2\/product"}],"about":[{"href":"https:\/\/huskybearpoppers.eu\/fr\/wp-json\/wp\/v2\/types\/product"}],"replies":[{"embeddable":true,"href":"https:\/\/huskybearpoppers.eu\/fr\/wp-json\/wp\/v2\/comments?post=6686"}],"version-history":[{"count":0,"href":"https:\/\/huskybearpoppers.eu\/fr\/wp-json\/wp\/v2\/product\/6686\/revisions"}],"wp:featuredmedia":[{"embeddable":true,"href":"https:\/\/huskybearpoppers.eu\/fr\/wp-json\/wp\/v2\/media\/6687"}],"wp:attachment":[{"href":"https:\/\/huskybearpoppers.eu\/fr\/wp-json\/wp\/v2\/media?parent=6686"}],"wp:term":[{"taxonomy":"product_brand","embeddable":true,"href":"https:\/\/huskybearpoppers.eu\/fr\/wp-json\/wp\/v2\/product_brand?post=6686"},{"taxonomy":"product_cat","embeddable":true,"href":"https:\/\/huskybearpoppers.eu\/fr\/wp-json\/wp\/v2\/product_cat?post=6686"},{"taxonomy":"product_tag","embeddable":true,"href":"https:\/\/huskybearpoppers.eu\/fr\/wp-json\/wp\/v2\/product_tag?post=6686"}],"curies":[{"name":"wp","href":"https:\/\/api.w.org\/{rel}","templated":true}]}}